{"id":96,"date":"2020-04-29T11:38:36","date_gmt":"2020-04-29T14:38:36","guid":{"rendered":"http:\/\/vittalitat.com.br\/vittalitat\/?post_type=product&#038;p=96"},"modified":"2026-02-09T14:45:06","modified_gmt":"2026-02-09T17:45:06","slug":"levedo-90","status":"publish","type":"product","link":"https:\/\/vittalitat.com.br\/vittalitat\/loja\/levedo-90\/","title":{"rendered":"Levedo &#8211; 90 C\u00e1psulas Anew"},"content":{"rendered":"<p>Levedo Anew em c\u00e1psulas: produto vegano, sem gl\u00faten e com no m\u00ednimo 50% de prote\u00ednas.<\/p>\n<p>O Levedo Anew \u00e9 a levedura seca Saccharomyces cerevisiae proveniente da fermenta\u00e7\u00e3o prim\u00e1ria da cana, obtida de cultura pura e n\u00e3o \u00e9 um subproduto da ind\u00fastria sucroalcooleira.<\/p>\n<p>A mat\u00e9ria-prima utilizada \u00e9 uma cepa de levedura que foi desenvolvida especificamente para fornecer grande quantidade de nutrientes, como prote\u00ednas (no m\u00ednimo 50%), vitaminas do complexo B, minerais e fibras.<\/p>\n<p>O alto n\u00edvel de controle durante todo o processo de reprodu\u00e7\u00e3o das leveduras nos permite garantir todos os nutrientes (prote\u00ednas e vitaminas) a cada lote produzido. Confira todos nutrientes do Levedo Anew abaixo.<\/p>\n<p>O Levedo contribui no metabolismo de a\u00e7\u00facares, fornece energia, ajuda na sa\u00fade do sistema nervoso e na microbiota intestinal.<\/p>\n<div class=\"et_pb_module et_pb_text et_pb_text_3 et_pb_text_align_left et_pb_bg_layout_light\">\n<div class=\"et_pb_text_inner\">\n<p><strong>Recomenda\u00e7\u00e3o de consumo:\u00a0<\/strong>6 c\u00e1psulas por dia, antes das refei\u00e7\u00f5es.<\/p>\n<\/div>\n<\/div>\n<div class=\"et_pb_module et_pb_text et_pb_text_4 et_pb_text_align_left et_pb_bg_layout_light\">\n<div class=\"et_pb_text_inner\">\n<table style=\"height: 439px\" width=\"539\">\n<tbody>\n<tr>\n<td colspan=\"3\"><strong>Informa\u00e7\u00e3o Nutricional<\/strong><br \/>\nPor\u00e7\u00e3o de 6 c\u00e1psulas de 360 mg (2,16 g)<\/td>\n<\/tr>\n<tr>\n<td colspan=\"2\">Quantidade por por\u00e7\u00e3o<\/td>\n<td>% VD (*)<\/td>\n<\/tr>\n<tr>\n<td>Valor energ\u00e9tico<\/td>\n<td>8,4 kcal = 35 kJ<\/td>\n<td>0%<\/td>\n<\/tr>\n<tr>\n<td>Carboidratos<\/td>\n<td>0,7 g<\/td>\n<td>0%<\/td>\n<\/tr>\n<tr>\n<td>Prote\u00ednas<\/td>\n<td>1,1 g<\/td>\n<td>2%<\/td>\n<\/tr>\n<tr>\n<td>Vitamina B1<\/td>\n<td>0,25 mg<\/td>\n<td>21%<\/td>\n<\/tr>\n<tr>\n<td colspan=\"3\">N\u00e3o cont\u00e9m quantidades significativas de gorduras totais, gorduras saturadas, gorduras trans, fibras alimentares e s\u00f3dio.<\/td>\n<\/tr>\n<tr>\n<td colspan=\"3\">* % Valores di\u00e1rios com base em uma dieta de 2000 kcal ou 8400 kJ. Seus valores di\u00e1rios podem ser maiores ou menores dependendo de suas necessidades energ\u00e9ticas.<\/td>\n<\/tr>\n<\/tbody>\n<\/table>\n<\/div>\n<\/div>\n<div class=\"et_pb_module et_pb_text et_pb_text_5 et_pb_text_align_left et_pb_bg_layout_light\">\n<div class=\"et_pb_text_inner\">\n<h3><strong>Vitaminas do Levedo Anew<\/strong><\/h3>\n<p>B1 \u2013 tiamina (115 mg\/kg)<br \/>\nB2 \u2013 riboflavina (27\u00a0mg\/kg)<br \/>\nB3 \u2013 niacina (129 mg\/kg)<br \/>\nB5 \u2013 \u00e1cido pantot\u00eanico (18 mg\/kg)<br \/>\nB6 \u2013 piridoxina (19\u00a0mg\/kg)<br \/>\nB7 \u2013 colina (&lt;50mg\/kg)<br \/>\nB8 \u2013 biotina (1,8\u00a0mg\/kg)<br \/>\nB9 \u2013 \u00e1cido f\u00f3lico (7,2\u00a0mg\/kg)<br \/>\nB12 \u2013 cobalamina (0,006\u00a0mg\/kg)<\/p>\n<\/div>\n<\/div>\n<div class=\"et_pb_module et_pb_text et_pb_text_6 et_pb_text_align_left et_pb_bg_layout_light\">\n<div class=\"et_pb_text_inner\">\n<h3><strong>Minerais do Levedo Anew<\/strong><\/h3>\n<p>C\u00e1lcio (0,08%), f\u00f3sforo (1,44%), pot\u00e1ssio (1,97%), magn\u00e9sio (0,18%), cobre (9,18 mg\/kg), ferro (54,61 mg\/kg), mangan\u00eas (13,03 mg\/kg), zinco (97,74 mg\/kg), cobalto (3,14 mg\/kg),\u00a0molibd\u00eanio (4,28 mg\/kg), cromio (1,46 mg\/kg),\u00a0 b\u00e1rio (&lt;0,5 mg\/kg), sel\u00eanio (&lt;0,05 mg\/kg).<\/p>\n<\/div>\n<\/div>\n<div class=\"et_pb_module et_pb_text et_pb_text_7 et_pb_text_align_left et_pb_bg_layout_light\">\n<div class=\"et_pb_text_inner\">\n<h3><strong>Amino\u00e1cidos do Levedo Anew<\/strong><\/h3>\n<p>Alalina (1,49%),\u00a0Arginina (0,29%), \u00c1cido asp\u00e1rtico (0,04%),\u00a0Glicina (0,08%), Isoleucina (0,05%),\u00a0Leucina (0,06%), \u00c1cido glut\u00e2mico (2,05%),\u00a0Lisina (0,08%),\u00a0Cistina (0,05%),\u00a0Metionina (0,01%),\u00a0Fenilalanina (0,03%),\u00a0Tirosina (0,03%),\u00a0Treonina (0,12%),\u00a0Triptofano (0,02%), Prolina (0,3),\u00a0Valina (0,19%), Histidina (0,03%), Serina (0,33%)<\/p>\n<\/div>\n<\/div>\n","protected":false},"excerpt":{"rendered":"<p>Levedo Anew em c\u00e1psulas: produto vegano, sem gl\u00faten e com no m\u00ednimo 50% de prote\u00ednas.<\/p>\n<p>O Levedo Anew \u00e9 a levedura seca Saccharomyces cerevisiae proveniente da fermenta\u00e7\u00e3o prim\u00e1ria da cana, obtida de cultura pura e n\u00e3o \u00e9 um subproduto da ind\u00fastria sucroalcooleira.<\/p>\n<p>A mat\u00e9ria-prima utilizada \u00e9 uma cepa de levedura que foi desenvolvida especificamente para fornecer grande quantidade de nutrientes, como prote\u00ednas (no m\u00ednimo 50%), vitaminas do complexo B, minerais e fibras.<\/p>\n","protected":false},"featured_media":97,"comment_status":"open","ping_status":"closed","template":"","meta":{"_coblocks_attr":"","_coblocks_dimensions":"","_coblocks_responsive_height":"","_coblocks_accordion_ie_support":""},"product_brand":[],"product_cat":[27,21,29],"product_tag":[30,31],"class_list":{"0":"post-96","1":"product","2":"type-product","3":"status-publish","4":"has-post-thumbnail","6":"product_cat-anew","7":"product_cat-imunidade","8":"product_cat-levedo","9":"product_tag-levedura","10":"product_tag-saccharomyces-cerevisiae","12":"first","13":"instock","14":"shipping-taxable","15":"purchasable","16":"product-type-simple"},"yoast_head":"<!-- This site is optimized with the Yoast SEO plugin v21.9.1 - https:\/\/yoast.com\/wordpress\/plugins\/seo\/ -->\n<title>Levedo - 90 C\u00e1psulas Anew - Vittalitat<\/title>\n<meta name=\"description\" content=\"O Levedo Anew \u00e9 a levedura seca Saccharomyces cerevisiae proveniente da fermenta\u00e7\u00e3o prim\u00e1ria da cana, obtida de cultura pura e n\u00e3o \u00e9 um subproduto da ind\u00fastria sucroalcooleira.\" \/>\n<meta name=\"robots\" content=\"index, follow, max-snippet:-1, max-image-preview:large, max-video-preview:-1\" \/>\n<link rel=\"canonical\" href=\"https:\/\/vittalitat.com.br\/vittalitat\/loja\/levedo-90\/\" \/>\n<meta property=\"og:locale\" content=\"pt_BR\" \/>\n<meta property=\"og:type\" content=\"article\" \/>\n<meta property=\"og:title\" content=\"Levedo - 90 C\u00e1psulas Anew - Vittalitat\" \/>\n<meta property=\"og:description\" content=\"O Levedo Anew \u00e9 a levedura seca Saccharomyces cerevisiae proveniente da fermenta\u00e7\u00e3o prim\u00e1ria da cana, obtida de cultura pura e n\u00e3o \u00e9 um subproduto da ind\u00fastria sucroalcooleira.\" \/>\n<meta property=\"og:url\" content=\"https:\/\/vittalitat.com.br\/vittalitat\/loja\/levedo-90\/\" \/>\n<meta property=\"og:site_name\" content=\"Vittalitat\" \/>\n<meta property=\"article:publisher\" content=\"https:\/\/www.facebook.com\/vittalitat\" \/>\n<meta property=\"article:modified_time\" content=\"2026-02-09T17:45:06+00:00\" \/>\n<meta property=\"og:image\" content=\"https:\/\/vittalitat.com.br\/vittalitat\/wp-content\/uploads\/2020\/04\/anew-levedo-de-cana-vegano-90-capsulas.png\" \/>\n\t<meta property=\"og:image:width\" content=\"425\" \/>\n\t<meta property=\"og:image:height\" content=\"425\" \/>\n\t<meta property=\"og:image:type\" content=\"image\/png\" \/>\n<meta name=\"twitter:card\" content=\"summary_large_image\" \/>\n<meta name=\"twitter:label1\" content=\"Est. tempo de leitura\" \/>\n\t<meta name=\"twitter:data1\" content=\"2 minutos\" \/>\n<script type=\"application\/ld+json\" class=\"yoast-schema-graph\">{\"@context\":\"https:\/\/schema.org\",\"@graph\":[{\"@type\":\"WebPage\",\"@id\":\"https:\/\/vittalitat.com.br\/vittalitat\/loja\/levedo-90\/\",\"url\":\"https:\/\/vittalitat.com.br\/vittalitat\/loja\/levedo-90\/\",\"name\":\"Levedo - 90 C\u00e1psulas Anew - Vittalitat\",\"isPartOf\":{\"@id\":\"https:\/\/vittalitat.com.br\/vittalitat\/#website\"},\"datePublished\":\"2020-04-29T14:38:36+00:00\",\"dateModified\":\"2026-02-09T17:45:06+00:00\",\"description\":\"O Levedo Anew \u00e9 a levedura seca Saccharomyces cerevisiae proveniente da fermenta\u00e7\u00e3o prim\u00e1ria da cana, obtida de cultura pura e n\u00e3o \u00e9 um subproduto da ind\u00fastria sucroalcooleira.\",\"breadcrumb\":{\"@id\":\"https:\/\/vittalitat.com.br\/vittalitat\/loja\/levedo-90\/#breadcrumb\"},\"inLanguage\":\"pt-BR\",\"potentialAction\":[{\"@type\":\"ReadAction\",\"target\":[\"https:\/\/vittalitat.com.br\/vittalitat\/loja\/levedo-90\/\"]}]},{\"@type\":\"BreadcrumbList\",\"@id\":\"https:\/\/vittalitat.com.br\/vittalitat\/loja\/levedo-90\/#breadcrumb\",\"itemListElement\":[{\"@type\":\"ListItem\",\"position\":1,\"name\":\"In\u00edcio\",\"item\":\"https:\/\/vittalitat.com.br\/vittalitat\/\"},{\"@type\":\"ListItem\",\"position\":2,\"name\":\"Produtos\",\"item\":\"https:\/\/vittalitat.com.br\/vittalitat\/shop\/\"},{\"@type\":\"ListItem\",\"position\":3,\"name\":\"Levedo &#8211; 90 C\u00e1psulas Anew\"}]},{\"@type\":\"WebSite\",\"@id\":\"https:\/\/vittalitat.com.br\/vittalitat\/#website\",\"url\":\"https:\/\/vittalitat.com.br\/vittalitat\/\",\"name\":\"Vittalitat\",\"description\":\"Sa\u00fade, preven\u00e7\u00e3o e bem-estar\",\"publisher\":{\"@id\":\"https:\/\/vittalitat.com.br\/vittalitat\/#organization\"},\"potentialAction\":[{\"@type\":\"SearchAction\",\"target\":{\"@type\":\"EntryPoint\",\"urlTemplate\":\"https:\/\/vittalitat.com.br\/vittalitat\/?s={search_term_string}\"},\"query-input\":\"required name=search_term_string\"}],\"inLanguage\":\"pt-BR\"},{\"@type\":\"Organization\",\"@id\":\"https:\/\/vittalitat.com.br\/vittalitat\/#organization\",\"name\":\"Vittalitat\",\"url\":\"https:\/\/vittalitat.com.br\/vittalitat\/\",\"logo\":{\"@type\":\"ImageObject\",\"inLanguage\":\"pt-BR\",\"@id\":\"https:\/\/vittalitat.com.br\/vittalitat\/#\/schema\/logo\/image\/\",\"url\":\"https:\/\/vittalitat.com.br\/vittalitat\/wp-content\/uploads\/2020\/04\/logo-para-o-face.png\",\"contentUrl\":\"https:\/\/vittalitat.com.br\/vittalitat\/wp-content\/uploads\/2020\/04\/logo-para-o-face.png\",\"width\":700,\"height\":700,\"caption\":\"Vittalitat\"},\"image\":{\"@id\":\"https:\/\/vittalitat.com.br\/vittalitat\/#\/schema\/logo\/image\/\"},\"sameAs\":[\"https:\/\/www.facebook.com\/vittalitat\",\"https:\/\/www.instagram.com\/vittalitat\"]}]}<\/script>\n<!-- \/ Yoast SEO plugin. -->","yoast_head_json":{"title":"Levedo - 90 C\u00e1psulas Anew - Vittalitat","description":"O Levedo Anew \u00e9 a levedura seca Saccharomyces cerevisiae proveniente da fermenta\u00e7\u00e3o prim\u00e1ria da cana, obtida de cultura pura e n\u00e3o \u00e9 um subproduto da ind\u00fastria sucroalcooleira.","robots":{"index":"index","follow":"follow","max-snippet":"max-snippet:-1","max-image-preview":"max-image-preview:large","max-video-preview":"max-video-preview:-1"},"canonical":"https:\/\/vittalitat.com.br\/vittalitat\/loja\/levedo-90\/","og_locale":"pt_BR","og_type":"article","og_title":"Levedo - 90 C\u00e1psulas Anew - Vittalitat","og_description":"O Levedo Anew \u00e9 a levedura seca Saccharomyces cerevisiae proveniente da fermenta\u00e7\u00e3o prim\u00e1ria da cana, obtida de cultura pura e n\u00e3o \u00e9 um subproduto da ind\u00fastria sucroalcooleira.","og_url":"https:\/\/vittalitat.com.br\/vittalitat\/loja\/levedo-90\/","og_site_name":"Vittalitat","article_publisher":"https:\/\/www.facebook.com\/vittalitat","article_modified_time":"2026-02-09T17:45:06+00:00","og_image":[{"width":425,"height":425,"url":"https:\/\/vittalitat.com.br\/vittalitat\/wp-content\/uploads\/2020\/04\/anew-levedo-de-cana-vegano-90-capsulas.png","type":"image\/png"}],"twitter_card":"summary_large_image","twitter_misc":{"Est. tempo de leitura":"2 minutos"},"schema":{"@context":"https:\/\/schema.org","@graph":[{"@type":"WebPage","@id":"https:\/\/vittalitat.com.br\/vittalitat\/loja\/levedo-90\/","url":"https:\/\/vittalitat.com.br\/vittalitat\/loja\/levedo-90\/","name":"Levedo - 90 C\u00e1psulas Anew - Vittalitat","isPartOf":{"@id":"https:\/\/vittalitat.com.br\/vittalitat\/#website"},"datePublished":"2020-04-29T14:38:36+00:00","dateModified":"2026-02-09T17:45:06+00:00","description":"O Levedo Anew \u00e9 a levedura seca Saccharomyces cerevisiae proveniente da fermenta\u00e7\u00e3o prim\u00e1ria da cana, obtida de cultura pura e n\u00e3o \u00e9 um subproduto da ind\u00fastria sucroalcooleira.","breadcrumb":{"@id":"https:\/\/vittalitat.com.br\/vittalitat\/loja\/levedo-90\/#breadcrumb"},"inLanguage":"pt-BR","potentialAction":[{"@type":"ReadAction","target":["https:\/\/vittalitat.com.br\/vittalitat\/loja\/levedo-90\/"]}]},{"@type":"BreadcrumbList","@id":"https:\/\/vittalitat.com.br\/vittalitat\/loja\/levedo-90\/#breadcrumb","itemListElement":[{"@type":"ListItem","position":1,"name":"In\u00edcio","item":"https:\/\/vittalitat.com.br\/vittalitat\/"},{"@type":"ListItem","position":2,"name":"Produtos","item":"https:\/\/vittalitat.com.br\/vittalitat\/shop\/"},{"@type":"ListItem","position":3,"name":"Levedo &#8211; 90 C\u00e1psulas Anew"}]},{"@type":"WebSite","@id":"https:\/\/vittalitat.com.br\/vittalitat\/#website","url":"https:\/\/vittalitat.com.br\/vittalitat\/","name":"Vittalitat","description":"Sa\u00fade, preven\u00e7\u00e3o e bem-estar","publisher":{"@id":"https:\/\/vittalitat.com.br\/vittalitat\/#organization"},"potentialAction":[{"@type":"SearchAction","target":{"@type":"EntryPoint","urlTemplate":"https:\/\/vittalitat.com.br\/vittalitat\/?s={search_term_string}"},"query-input":"required name=search_term_string"}],"inLanguage":"pt-BR"},{"@type":"Organization","@id":"https:\/\/vittalitat.com.br\/vittalitat\/#organization","name":"Vittalitat","url":"https:\/\/vittalitat.com.br\/vittalitat\/","logo":{"@type":"ImageObject","inLanguage":"pt-BR","@id":"https:\/\/vittalitat.com.br\/vittalitat\/#\/schema\/logo\/image\/","url":"https:\/\/vittalitat.com.br\/vittalitat\/wp-content\/uploads\/2020\/04\/logo-para-o-face.png","contentUrl":"https:\/\/vittalitat.com.br\/vittalitat\/wp-content\/uploads\/2020\/04\/logo-para-o-face.png","width":700,"height":700,"caption":"Vittalitat"},"image":{"@id":"https:\/\/vittalitat.com.br\/vittalitat\/#\/schema\/logo\/image\/"},"sameAs":["https:\/\/www.facebook.com\/vittalitat","https:\/\/www.instagram.com\/vittalitat"]}]}},"_links":{"self":[{"href":"https:\/\/vittalitat.com.br\/vittalitat\/wp-json\/wp\/v2\/product\/96","targetHints":{"allow":["GET"]}}],"collection":[{"href":"https:\/\/vittalitat.com.br\/vittalitat\/wp-json\/wp\/v2\/product"}],"about":[{"href":"https:\/\/vittalitat.com.br\/vittalitat\/wp-json\/wp\/v2\/types\/product"}],"replies":[{"embeddable":true,"href":"https:\/\/vittalitat.com.br\/vittalitat\/wp-json\/wp\/v2\/comments?post=96"}],"wp:featuredmedia":[{"embeddable":true,"href":"https:\/\/vittalitat.com.br\/vittalitat\/wp-json\/wp\/v2\/media\/97"}],"wp:attachment":[{"href":"https:\/\/vittalitat.com.br\/vittalitat\/wp-json\/wp\/v2\/media?parent=96"}],"wp:term":[{"taxonomy":"product_brand","embeddable":true,"href":"https:\/\/vittalitat.com.br\/vittalitat\/wp-json\/wp\/v2\/product_brand?post=96"},{"taxonomy":"product_cat","embeddable":true,"href":"https:\/\/vittalitat.com.br\/vittalitat\/wp-json\/wp\/v2\/product_cat?post=96"},{"taxonomy":"product_tag","embeddable":true,"href":"https:\/\/vittalitat.com.br\/vittalitat\/wp-json\/wp\/v2\/product_tag?post=96"}],"curies":[{"name":"wp","href":"https:\/\/api.w.org\/{rel}","templated":true}]}}