{"id":81,"date":"2020-04-29T10:08:05","date_gmt":"2020-04-29T13:08:05","guid":{"rendered":"http:\/\/vittalitat.com.br\/vittalitat\/?post_type=product&#038;p=81"},"modified":"2026-01-07T17:54:51","modified_gmt":"2026-01-07T20:54:51","slug":"megaq10-60-capsulas","status":"publish","type":"product","link":"https:\/\/vittalitat.com.br\/vittalitat\/loja\/megaq10-60-capsulas\/","title":{"rendered":"MegaQ10 &#8211; 60 C\u00e1psulas"},"content":{"rendered":"<div class=\"et_pb_module et_pb_text et_pb_text_0 et_pb_text_align_left et_pb_bg_layout_light\">\n<div class=\"et_pb_text_inner\"><\/div>\n<\/div>\n<div class=\"et_pb_module et_pb_text et_pb_text_2 et_pb_text_align_left et_pb_bg_layout_light\">\n<div class=\"et_pb_text_inner\">\n<div class=\"et_pb_module et_pb_text et_pb_text_2 et_pb_text_align_left et_pb_bg_layout_light\">\n<div class=\"et_pb_text_inner\">\n<h1>Mega Q10<\/h1>\n<p>O Mega Q10 combina 100 mg de Coenzima Q10 por c\u00e1psulas, com as vitaminas E (DL-Alfa Tocoferol), (Fitomenadiona), e o TCM (Triglicer\u00eddeos de cadeia m\u00e9dia) , o que o torna um produto com alta capacidade de produzir energia nas c\u00e9lulas e combater radicais livres.<\/p>\n<p>A uni\u00e3o das vitaminas K1 e E promove uma sinergia para melhor absor\u00e7\u00e3o da Coenzima Q10. O TCM, triglicer\u00eddeos de cadeia m\u00e9dia consiste em gorduras de r\u00e1pida digest\u00e3o e absor\u00e7\u00e3o, s\u00e3o \u00e1cidos graxos curtos, facilitando sua absor\u00e7\u00e3o gastrointestinal.\u00a0 O TCM n\u00e3o \u00e9 depositado na forma de gorduras nas c\u00e9lulas, ao contr\u00e1rio dos triglicer\u00eddeos de cadeia longa que s\u00e3o dif\u00edceis de serem processados, gerando o seu armazenamento. Ap\u00f3s de metabolizado promove energia proporcionando uma melhor performance no organismo.<\/p>\n<\/div>\n<\/div>\n<div class=\"et_pb_module et_pb_image et_pb_image_2\">\n<table width=\"483\">\n<tbody>\n<tr>\n<td colspan=\"3\"><strong>Informa\u00e7\u00e3o Nutricional<\/strong><br \/>\nPor\u00e7\u00e3o de 2 c\u00e1psulas (1,0 g)<\/td>\n<\/tr>\n<tr>\n<td colspan=\"2\">Quantidade por por\u00e7\u00e3o<\/td>\n<td>% VD (*)<\/td>\n<\/tr>\n<tr>\n<td>Valor energ\u00e9tico<\/td>\n<td>6 kcal = 27 kJ<\/td>\n<td>0%<\/td>\n<\/tr>\n<tr>\n<td>Gorduras Totais das quais:<\/td>\n<td>0,7 g<\/td>\n<td>1%<\/td>\n<\/tr>\n<tr>\n<td>Gorduras Saturadas<\/td>\n<td>0,7 g<\/td>\n<td>3%<\/td>\n<\/tr>\n<tr>\n<td>Vitamina E<\/td>\n<td>7,5\u00a0 mg<\/td>\n<td>75%<\/td>\n<\/tr>\n<tr>\n<td>Vitamina K<\/td>\n<td>60 \u00b5g<\/td>\n<td>92%<\/td>\n<\/tr>\n<tr>\n<td>Coenzima Q10<\/td>\n<td>200 mg<\/td>\n<td>**<\/td>\n<\/tr>\n<tr>\n<td colspan=\"3\">N\u00e3o cont\u00e9m quantidades significativas de carboidratos, gorduras trans, colesterol, fibras alimentares e s\u00f3dio.<\/td>\n<\/tr>\n<tr>\n<td colspan=\"3\">% Valores Di\u00e1rios com base em uma dieta de 2.000 kcal ou 8400 kJ. Seus valores di\u00e1rios podem ser maiores ou menores dependendo de suas necessidades energ\u00e9ticas.<br \/>\n** Valores di\u00e1rios de refer\u00eancia n\u00e3o estabelecidos.<\/td>\n<\/tr>\n<\/tbody>\n<\/table>\n<\/div>\n<\/div>\n<\/div>\n<div class=\"et_pb_module et_pb_text et_pb_text_3 et_pb_text_align_left et_pb_bg_layout_light\">\n<div class=\"et_pb_text_inner\">\n<p><iframe title=\"Coenzima Q10 - o que \u00e9 e como atua na sa\u00fade\" width=\"980\" height=\"551\" src=\"https:\/\/www.youtube.com\/embed\/4cGPf7iv2-I?feature=oembed\" frameborder=\"0\" allow=\"accelerometer; autoplay; clipboard-write; encrypted-media; gyroscope; picture-in-picture\" allowfullscreen><\/iframe><\/p>\n<\/div>\n<\/div>\n","protected":false},"excerpt":{"rendered":"<p>Mega Q10 O Mega Q10 combina 100 mg de Coenzima Q10 por c\u00e1psulas, com as vitaminas E (DL-Alfa Tocoferol), (Fitomenadiona), e o TCM (Triglicer\u00eddeos de cadeia m\u00e9dia) , o que o torna um produto com alta capacidade de produzir energia nas c\u00e9lulas e combater radicais livres. A uni\u00e3o das vitaminas K1 e E promove uma [&hellip;]<\/p>\n","protected":false},"featured_media":283,"comment_status":"open","ping_status":"closed","template":"","meta":{"_coblocks_attr":"","_coblocks_dimensions":"","_coblocks_responsive_height":"","_coblocks_accordion_ie_support":""},"product_brand":[],"product_cat":[27,25],"product_tag":[26],"class_list":{"0":"post-81","1":"product","2":"type-product","3":"status-publish","4":"has-post-thumbnail","6":"product_cat-anew","7":"product_cat-coenzima-q10","8":"product_tag-coenzima-q10","10":"first","11":"instock","12":"featured","13":"shipping-taxable","14":"purchasable","15":"product-type-simple"},"yoast_head":"<!-- This site is optimized with the Yoast SEO plugin v21.9.1 - https:\/\/yoast.com\/wordpress\/plugins\/seo\/ -->\n<title>MegaQ10 - 60 C\u00e1psulas - Vittalitat<\/title>\n<meta name=\"description\" content=\"O Mega Q10 combina a Coenzima Q10 com as vitaminas E (DL-Alfa Tocoferol), A (betacaroteno), K (Fitomenadiona), D (Colecalciferol) e o \u00f3leo de semente de uva (vitis vin\u00edfera\" \/>\n<meta name=\"robots\" content=\"index, follow, max-snippet:-1, max-image-preview:large, max-video-preview:-1\" \/>\n<link rel=\"canonical\" href=\"https:\/\/vittalitat.com.br\/vittalitat\/loja\/megaq10-60-capsulas\/\" \/>\n<meta property=\"og:locale\" content=\"pt_BR\" \/>\n<meta property=\"og:type\" content=\"article\" \/>\n<meta property=\"og:title\" content=\"MegaQ10 - 60 C\u00e1psulas - Vittalitat\" \/>\n<meta property=\"og:description\" content=\"O Mega Q10 combina a Coenzima Q10 com as vitaminas E (DL-Alfa Tocoferol), A (betacaroteno), K (Fitomenadiona), D (Colecalciferol) e o \u00f3leo de semente de uva (vitis vin\u00edfera\" \/>\n<meta property=\"og:url\" content=\"https:\/\/vittalitat.com.br\/vittalitat\/loja\/megaq10-60-capsulas\/\" \/>\n<meta property=\"og:site_name\" content=\"Vittalitat\" \/>\n<meta property=\"article:publisher\" content=\"https:\/\/www.facebook.com\/vittalitat\" \/>\n<meta property=\"article:modified_time\" content=\"2026-01-07T20:54:51+00:00\" \/>\n<meta property=\"og:image\" content=\"https:\/\/vittalitat.com.br\/vittalitat\/wp-content\/uploads\/2020\/04\/Mega-Q10-60-Capsulas.png\" \/>\n\t<meta property=\"og:image:width\" content=\"1024\" \/>\n\t<meta property=\"og:image:height\" content=\"1024\" \/>\n\t<meta property=\"og:image:type\" content=\"image\/png\" \/>\n<meta name=\"twitter:card\" content=\"summary_large_image\" \/>\n<meta name=\"twitter:label1\" content=\"Est. tempo de leitura\" \/>\n\t<meta name=\"twitter:data1\" content=\"1 minuto\" \/>\n<script type=\"application\/ld+json\" class=\"yoast-schema-graph\">{\"@context\":\"https:\/\/schema.org\",\"@graph\":[{\"@type\":\"WebPage\",\"@id\":\"https:\/\/vittalitat.com.br\/vittalitat\/loja\/megaq10-60-capsulas\/\",\"url\":\"https:\/\/vittalitat.com.br\/vittalitat\/loja\/megaq10-60-capsulas\/\",\"name\":\"MegaQ10 - 60 C\u00e1psulas - Vittalitat\",\"isPartOf\":{\"@id\":\"https:\/\/vittalitat.com.br\/vittalitat\/#website\"},\"datePublished\":\"2020-04-29T13:08:05+00:00\",\"dateModified\":\"2026-01-07T20:54:51+00:00\",\"description\":\"O Mega Q10 combina a Coenzima Q10 com as vitaminas E (DL-Alfa Tocoferol), A (betacaroteno), K (Fitomenadiona), D (Colecalciferol) e o \u00f3leo de semente de uva (vitis vin\u00edfera\",\"breadcrumb\":{\"@id\":\"https:\/\/vittalitat.com.br\/vittalitat\/loja\/megaq10-60-capsulas\/#breadcrumb\"},\"inLanguage\":\"pt-BR\",\"potentialAction\":[{\"@type\":\"ReadAction\",\"target\":[\"https:\/\/vittalitat.com.br\/vittalitat\/loja\/megaq10-60-capsulas\/\"]}]},{\"@type\":\"BreadcrumbList\",\"@id\":\"https:\/\/vittalitat.com.br\/vittalitat\/loja\/megaq10-60-capsulas\/#breadcrumb\",\"itemListElement\":[{\"@type\":\"ListItem\",\"position\":1,\"name\":\"In\u00edcio\",\"item\":\"https:\/\/vittalitat.com.br\/vittalitat\/\"},{\"@type\":\"ListItem\",\"position\":2,\"name\":\"Produtos\",\"item\":\"https:\/\/vittalitat.com.br\/vittalitat\/shop\/\"},{\"@type\":\"ListItem\",\"position\":3,\"name\":\"MegaQ10 &#8211; 60 C\u00e1psulas\"}]},{\"@type\":\"WebSite\",\"@id\":\"https:\/\/vittalitat.com.br\/vittalitat\/#website\",\"url\":\"https:\/\/vittalitat.com.br\/vittalitat\/\",\"name\":\"Vittalitat\",\"description\":\"Sa\u00fade, preven\u00e7\u00e3o e bem-estar\",\"publisher\":{\"@id\":\"https:\/\/vittalitat.com.br\/vittalitat\/#organization\"},\"potentialAction\":[{\"@type\":\"SearchAction\",\"target\":{\"@type\":\"EntryPoint\",\"urlTemplate\":\"https:\/\/vittalitat.com.br\/vittalitat\/?s={search_term_string}\"},\"query-input\":\"required name=search_term_string\"}],\"inLanguage\":\"pt-BR\"},{\"@type\":\"Organization\",\"@id\":\"https:\/\/vittalitat.com.br\/vittalitat\/#organization\",\"name\":\"Vittalitat\",\"url\":\"https:\/\/vittalitat.com.br\/vittalitat\/\",\"logo\":{\"@type\":\"ImageObject\",\"inLanguage\":\"pt-BR\",\"@id\":\"https:\/\/vittalitat.com.br\/vittalitat\/#\/schema\/logo\/image\/\",\"url\":\"https:\/\/vittalitat.com.br\/vittalitat\/wp-content\/uploads\/2020\/04\/logo-para-o-face.png\",\"contentUrl\":\"https:\/\/vittalitat.com.br\/vittalitat\/wp-content\/uploads\/2020\/04\/logo-para-o-face.png\",\"width\":700,\"height\":700,\"caption\":\"Vittalitat\"},\"image\":{\"@id\":\"https:\/\/vittalitat.com.br\/vittalitat\/#\/schema\/logo\/image\/\"},\"sameAs\":[\"https:\/\/www.facebook.com\/vittalitat\",\"https:\/\/www.instagram.com\/vittalitat\"]}]}<\/script>\n<!-- \/ Yoast SEO plugin. -->","yoast_head_json":{"title":"MegaQ10 - 60 C\u00e1psulas - Vittalitat","description":"O Mega Q10 combina a Coenzima Q10 com as vitaminas E (DL-Alfa Tocoferol), A (betacaroteno), K (Fitomenadiona), D (Colecalciferol) e o \u00f3leo de semente de uva (vitis vin\u00edfera","robots":{"index":"index","follow":"follow","max-snippet":"max-snippet:-1","max-image-preview":"max-image-preview:large","max-video-preview":"max-video-preview:-1"},"canonical":"https:\/\/vittalitat.com.br\/vittalitat\/loja\/megaq10-60-capsulas\/","og_locale":"pt_BR","og_type":"article","og_title":"MegaQ10 - 60 C\u00e1psulas - Vittalitat","og_description":"O Mega Q10 combina a Coenzima Q10 com as vitaminas E (DL-Alfa Tocoferol), A (betacaroteno), K (Fitomenadiona), D (Colecalciferol) e o \u00f3leo de semente de uva (vitis vin\u00edfera","og_url":"https:\/\/vittalitat.com.br\/vittalitat\/loja\/megaq10-60-capsulas\/","og_site_name":"Vittalitat","article_publisher":"https:\/\/www.facebook.com\/vittalitat","article_modified_time":"2026-01-07T20:54:51+00:00","og_image":[{"width":1024,"height":1024,"url":"https:\/\/vittalitat.com.br\/vittalitat\/wp-content\/uploads\/2020\/04\/Mega-Q10-60-Capsulas.png","type":"image\/png"}],"twitter_card":"summary_large_image","twitter_misc":{"Est. tempo de leitura":"1 minuto"},"schema":{"@context":"https:\/\/schema.org","@graph":[{"@type":"WebPage","@id":"https:\/\/vittalitat.com.br\/vittalitat\/loja\/megaq10-60-capsulas\/","url":"https:\/\/vittalitat.com.br\/vittalitat\/loja\/megaq10-60-capsulas\/","name":"MegaQ10 - 60 C\u00e1psulas - Vittalitat","isPartOf":{"@id":"https:\/\/vittalitat.com.br\/vittalitat\/#website"},"datePublished":"2020-04-29T13:08:05+00:00","dateModified":"2026-01-07T20:54:51+00:00","description":"O Mega Q10 combina a Coenzima Q10 com as vitaminas E (DL-Alfa Tocoferol), A (betacaroteno), K (Fitomenadiona), D (Colecalciferol) e o \u00f3leo de semente de uva (vitis vin\u00edfera","breadcrumb":{"@id":"https:\/\/vittalitat.com.br\/vittalitat\/loja\/megaq10-60-capsulas\/#breadcrumb"},"inLanguage":"pt-BR","potentialAction":[{"@type":"ReadAction","target":["https:\/\/vittalitat.com.br\/vittalitat\/loja\/megaq10-60-capsulas\/"]}]},{"@type":"BreadcrumbList","@id":"https:\/\/vittalitat.com.br\/vittalitat\/loja\/megaq10-60-capsulas\/#breadcrumb","itemListElement":[{"@type":"ListItem","position":1,"name":"In\u00edcio","item":"https:\/\/vittalitat.com.br\/vittalitat\/"},{"@type":"ListItem","position":2,"name":"Produtos","item":"https:\/\/vittalitat.com.br\/vittalitat\/shop\/"},{"@type":"ListItem","position":3,"name":"MegaQ10 &#8211; 60 C\u00e1psulas"}]},{"@type":"WebSite","@id":"https:\/\/vittalitat.com.br\/vittalitat\/#website","url":"https:\/\/vittalitat.com.br\/vittalitat\/","name":"Vittalitat","description":"Sa\u00fade, preven\u00e7\u00e3o e bem-estar","publisher":{"@id":"https:\/\/vittalitat.com.br\/vittalitat\/#organization"},"potentialAction":[{"@type":"SearchAction","target":{"@type":"EntryPoint","urlTemplate":"https:\/\/vittalitat.com.br\/vittalitat\/?s={search_term_string}"},"query-input":"required name=search_term_string"}],"inLanguage":"pt-BR"},{"@type":"Organization","@id":"https:\/\/vittalitat.com.br\/vittalitat\/#organization","name":"Vittalitat","url":"https:\/\/vittalitat.com.br\/vittalitat\/","logo":{"@type":"ImageObject","inLanguage":"pt-BR","@id":"https:\/\/vittalitat.com.br\/vittalitat\/#\/schema\/logo\/image\/","url":"https:\/\/vittalitat.com.br\/vittalitat\/wp-content\/uploads\/2020\/04\/logo-para-o-face.png","contentUrl":"https:\/\/vittalitat.com.br\/vittalitat\/wp-content\/uploads\/2020\/04\/logo-para-o-face.png","width":700,"height":700,"caption":"Vittalitat"},"image":{"@id":"https:\/\/vittalitat.com.br\/vittalitat\/#\/schema\/logo\/image\/"},"sameAs":["https:\/\/www.facebook.com\/vittalitat","https:\/\/www.instagram.com\/vittalitat"]}]}},"_links":{"self":[{"href":"https:\/\/vittalitat.com.br\/vittalitat\/wp-json\/wp\/v2\/product\/81","targetHints":{"allow":["GET"]}}],"collection":[{"href":"https:\/\/vittalitat.com.br\/vittalitat\/wp-json\/wp\/v2\/product"}],"about":[{"href":"https:\/\/vittalitat.com.br\/vittalitat\/wp-json\/wp\/v2\/types\/product"}],"replies":[{"embeddable":true,"href":"https:\/\/vittalitat.com.br\/vittalitat\/wp-json\/wp\/v2\/comments?post=81"}],"wp:featuredmedia":[{"embeddable":true,"href":"https:\/\/vittalitat.com.br\/vittalitat\/wp-json\/wp\/v2\/media\/283"}],"wp:attachment":[{"href":"https:\/\/vittalitat.com.br\/vittalitat\/wp-json\/wp\/v2\/media?parent=81"}],"wp:term":[{"taxonomy":"product_brand","embeddable":true,"href":"https:\/\/vittalitat.com.br\/vittalitat\/wp-json\/wp\/v2\/product_brand?post=81"},{"taxonomy":"product_cat","embeddable":true,"href":"https:\/\/vittalitat.com.br\/vittalitat\/wp-json\/wp\/v2\/product_cat?post=81"},{"taxonomy":"product_tag","embeddable":true,"href":"https:\/\/vittalitat.com.br\/vittalitat\/wp-json\/wp\/v2\/product_tag?post=81"}],"curies":[{"name":"wp","href":"https:\/\/api.w.org\/{rel}","templated":true}]}}