{"id":77,"date":"2020-04-29T09:44:14","date_gmt":"2020-04-29T12:44:14","guid":{"rendered":"http:\/\/vittalitat.com.br\/vittalitat\/?post_type=product&#038;p=77"},"modified":"2026-02-04T16:11:39","modified_gmt":"2026-02-04T19:11:39","slug":"dha-ultra-60","status":"publish","type":"product","link":"https:\/\/vittalitat.com.br\/vittalitat\/loja\/dha-ultra-60\/","title":{"rendered":"Dha Ultra &#8211; 60 C\u00e1psulas"},"content":{"rendered":"<p>Cont\u00e9m\u00a0<b>700mg de Dha<\/b>\u00a0e 100mg de Epa\u00a0<b>por c\u00e1psula<\/b>! Uma das maiores concentra\u00e7\u00f5es do mercado de Dha por c\u00e1psula!<\/p>\n<p>O Dha Ultra \u00e9 um complemento alimentar de \u00e1cidos graxos poli-insaturados \u00f4mega-3 que concentra 70% de Dha (\u00e1cido docosahexaenoico) e 10% de Epa (eicosapentaenoico).\u00a0 In\u00fameras pesquisas t\u00eam demonstrado a import\u00e2ncia da suplementa\u00e7\u00e3o de \u00e1cidos graxos essenciais \u00d4mega-3, mas, especificamente o Dha \u00e9 considerado como sendo essencial para o c\u00e9rebro e a retina do globo ocular.<\/p>\n<p>Cerca de 65% do c\u00e9rebro s\u00e3o formados por gorduras; o \u00e1cido graxo Dha \u00e9 um dos principais constituintes, o que demonstra que realmente \u00e9 essencial que esse \u00f3rg\u00e3o seja frequentemente provido de Dha.<\/p>\n<p>Apresenta ser ben\u00e9fico no bom funcionamento do organismo feminino durante a gesta\u00e7\u00e3o (momento este em que o organismo da mulher est\u00e1 mais propenso a problemas circulat\u00f3rios e de press\u00e3o), pois o mesmo funciona como anti- inflamat\u00f3rio e antitromb\u00f3tico.<\/p>\n<p>Al\u00e9m disso, melhora a sensibilidade aos est\u00edmulos durante o desenvolvimento do feto e de crian\u00e7as, tanto cognitivo quanto sensorial, atuando na capacidade de raciocinar e resolver problemas, sendo tamb\u00e9m ben\u00e9fico para o sistema\u00a0 cardiovascular da m\u00e3e.<\/p>\n<p>&nbsp;<\/p>\n<p><b>Benef\u00edcios e Diferenciais<\/b><\/p>\n<p>&nbsp;<\/p>\n<ul>\n<li>&#8211; 700mg de Dha por c\u00e1psula!<\/li>\n<li>&#8211; Sem a\u00e7\u00facar;<\/li>\n<li>&#8211; Sem gl\u00faten\u00e7<\/li>\n<li>&#8211; A\u00e7\u00e3o anti-inflamat\u00f3ria;<\/li>\n<li>&#8211; A\u00e7\u00e3o\u00a0antitromb\u00f3tica;<\/li>\n<li>&#8211; Sem lactose;<\/li>\n<li>&#8211; Regula os n\u00edveis de press\u00e3o arterial<\/li>\n<li>&#8211; Ajuda no desenvolvimento cerebral do beb\u00ea<\/li>\n<li>&#8211; Ajuda a ativar as c\u00e9lulas nervosas do c\u00e9rebro aumentando a capacidade de aprendizado<\/li>\n<li>&#8211; Reduz risco de parto prematuro<\/li>\n<\/ul>\n<p>&nbsp;<\/p>\n<p>&nbsp;<\/p>\n<p><b>Informa\u00e7\u00f5es Complementares<\/b><\/p>\n<p>O consumo de\u00a0<b>\u00e1cidos graxos \u00f4mega 3 auxilia na manuten\u00e7\u00e3o de n\u00edveis saud\u00e1veis de triglicer\u00eddeos<\/b>, desde que associado a uma alimenta\u00e7\u00e3o equilibrada e h\u00e1bitos de vida saud\u00e1veis<\/p>\n<p><b>O Dha est\u00e1 presente no organismo humano<\/b>, principalmente na por\u00e7\u00e3o fosfolip\u00eddica do c\u00e9rebro &#8211; massa cinzenta e sinapse &#8211; e tamb\u00e9m nos diversos tecidos corporais. Em grande quantidade, por\u00e9m, s\u00f3 pode ser encontrado em peixes.<\/p>\n<p>A sua g\u00eanese se processa a partir do pl\u00e2ncton vegetal, que, ao ser ingerido pelos peixes, transforma-se em Dha, armazenado principalmente nos olhos, na \u00f3rbita da regi\u00e3o superior.<\/p>\n<p><b>Cerca de 65% do c\u00e9rebro \u00e9 formado por gorduras; o \u00e1cido graxo Dha \u00e9 um dos principais constituintes<\/b>, o que demonstra que realmente \u00e9 essencial que esse \u00f3rg\u00e3o seja frequentemente provido de Dha.<\/p>\n<p>O \u00e1cido docosaexaenoico (Dha), segundo in\u00fameras pesquisas,\u00a0<b>tem importante a\u00e7\u00e3o funcional para a integridade do Sistema Nervoso Central<\/b>, especialmente no desenvolvimento do c\u00e9rebro e da retina.<\/p>\n<p>A Universidade de Bristol, na Inglaterra, ap\u00f3s analisar a vis\u00e3o de mais de 400 crian\u00e7as com tr\u00eas anos, cujas m\u00e3es consumiram Dha regularmente durante o per\u00edodo da gesta\u00e7\u00e3o e da amamenta\u00e7\u00e3o, verificaram que as crian\u00e7as tiveram \u00f3timo desenvolvimento visual.<\/p>\n<p>Nas pesquisas sobre o Dha e sua rela\u00e7\u00e3o com o desenvolvimento infantil, destaca-se o fato de que crian\u00e7as amamentadas no seio materno apresentam melhor desenvolvimento comportamental e intelectual que outras que n\u00e3o foram amamentadas com o leite materno. O leite materno \u00e9 rico em Dha.<\/p>\n<p>&nbsp;<\/p>\n<p><b>Ingredientes<\/b><\/p>\n<p>\u00d3leo de peixe com concentra\u00e7\u00e3o de 70% de Dha (\u00e1cido docosahexaen\u00f3ico) e 10% de Epa (\u00e1cido eicosapentaen\u00f3ico)<\/p>\n<p><b>Modo de Uso<\/b><\/p>\n<p>Recomenda\u00e7\u00e3o de consumo: Ingerir uma c\u00e1psula, duas vezes ao dia, preferencialmente antes das principais refei\u00e7\u00f5es.<\/p>\n","protected":false},"excerpt":{"rendered":"<p>Cont\u00e9m\u00a0<b>700mg de Dha<\/b>\u00a0e 100mg de Epa\u00a0<b>por c\u00e1psula<\/b>! Uma das maiores concentra\u00e7\u00f5es do mercado de Dha por c\u00e1psula!<\/p>\n","protected":false},"featured_media":1339,"comment_status":"open","ping_status":"closed","template":"","meta":{"_coblocks_attr":"","_coblocks_dimensions":"","_coblocks_responsive_height":"","_coblocks_accordion_ie_support":""},"product_brand":[],"product_cat":[27,50],"product_tag":[23,22],"class_list":{"0":"post-77","1":"product","2":"type-product","3":"status-publish","4":"has-post-thumbnail","6":"product_cat-anew","7":"product_cat-dha","8":"product_tag-dha","9":"product_tag-omega-3","11":"first","12":"instock","13":"shipping-taxable","14":"purchasable","15":"product-type-simple"},"yoast_head":"<!-- This site is optimized with the Yoast SEO plugin v21.9.1 - https:\/\/yoast.com\/wordpress\/plugins\/seo\/ -->\n<title>Dha Ultra - 60 C\u00e1psulas - Vittalitat<\/title>\n<meta name=\"description\" content=\"O DHA Ultra \u00e9 um complemento alimentar de \u00e1cidos graxos poli-insaturados \u00f4mega-3 que concentra 70% de DHA (\u00e1cido docosahexaenoico) e 10% de EPA (eicosapentaenoico).\" \/>\n<meta name=\"robots\" content=\"index, follow, max-snippet:-1, max-image-preview:large, max-video-preview:-1\" \/>\n<link rel=\"canonical\" href=\"https:\/\/vittalitat.com.br\/vittalitat\/loja\/dha-ultra-60\/\" \/>\n<meta property=\"og:locale\" content=\"pt_BR\" \/>\n<meta property=\"og:type\" content=\"article\" \/>\n<meta property=\"og:title\" content=\"Dha Ultra - 60 C\u00e1psulas - Vittalitat\" \/>\n<meta property=\"og:description\" content=\"O DHA Ultra \u00e9 um complemento alimentar de \u00e1cidos graxos poli-insaturados \u00f4mega-3 que concentra 70% de DHA (\u00e1cido docosahexaenoico) e 10% de EPA (eicosapentaenoico).\" \/>\n<meta property=\"og:url\" content=\"https:\/\/vittalitat.com.br\/vittalitat\/loja\/dha-ultra-60\/\" \/>\n<meta property=\"og:site_name\" content=\"Vittalitat\" \/>\n<meta property=\"article:publisher\" content=\"https:\/\/www.facebook.com\/vittalitat\" \/>\n<meta property=\"article:modified_time\" content=\"2026-02-04T19:11:39+00:00\" \/>\n<meta property=\"og:image\" content=\"https:\/\/vittalitat.com.br\/vittalitat\/wp-content\/uploads\/2020\/04\/DHA-Ultra-60b.png\" \/>\n\t<meta property=\"og:image:width\" content=\"1000\" \/>\n\t<meta property=\"og:image:height\" content=\"1000\" \/>\n\t<meta property=\"og:image:type\" content=\"image\/png\" \/>\n<meta name=\"twitter:card\" content=\"summary_large_image\" \/>\n<meta name=\"twitter:label1\" content=\"Est. tempo de leitura\" \/>\n\t<meta name=\"twitter:data1\" content=\"3 minutos\" \/>\n<script type=\"application\/ld+json\" class=\"yoast-schema-graph\">{\"@context\":\"https:\/\/schema.org\",\"@graph\":[{\"@type\":\"WebPage\",\"@id\":\"https:\/\/vittalitat.com.br\/vittalitat\/loja\/dha-ultra-60\/\",\"url\":\"https:\/\/vittalitat.com.br\/vittalitat\/loja\/dha-ultra-60\/\",\"name\":\"Dha Ultra - 60 C\u00e1psulas - Vittalitat\",\"isPartOf\":{\"@id\":\"https:\/\/vittalitat.com.br\/vittalitat\/#website\"},\"datePublished\":\"2020-04-29T12:44:14+00:00\",\"dateModified\":\"2026-02-04T19:11:39+00:00\",\"description\":\"O DHA Ultra \u00e9 um complemento alimentar de \u00e1cidos graxos poli-insaturados \u00f4mega-3 que concentra 70% de DHA (\u00e1cido docosahexaenoico) e 10% de EPA (eicosapentaenoico).\",\"breadcrumb\":{\"@id\":\"https:\/\/vittalitat.com.br\/vittalitat\/loja\/dha-ultra-60\/#breadcrumb\"},\"inLanguage\":\"pt-BR\",\"potentialAction\":[{\"@type\":\"ReadAction\",\"target\":[\"https:\/\/vittalitat.com.br\/vittalitat\/loja\/dha-ultra-60\/\"]}]},{\"@type\":\"BreadcrumbList\",\"@id\":\"https:\/\/vittalitat.com.br\/vittalitat\/loja\/dha-ultra-60\/#breadcrumb\",\"itemListElement\":[{\"@type\":\"ListItem\",\"position\":1,\"name\":\"In\u00edcio\",\"item\":\"https:\/\/vittalitat.com.br\/vittalitat\/\"},{\"@type\":\"ListItem\",\"position\":2,\"name\":\"Produtos\",\"item\":\"https:\/\/vittalitat.com.br\/vittalitat\/shop\/\"},{\"@type\":\"ListItem\",\"position\":3,\"name\":\"Dha Ultra &#8211; 60 C\u00e1psulas\"}]},{\"@type\":\"WebSite\",\"@id\":\"https:\/\/vittalitat.com.br\/vittalitat\/#website\",\"url\":\"https:\/\/vittalitat.com.br\/vittalitat\/\",\"name\":\"Vittalitat\",\"description\":\"Sa\u00fade, preven\u00e7\u00e3o e bem-estar\",\"publisher\":{\"@id\":\"https:\/\/vittalitat.com.br\/vittalitat\/#organization\"},\"potentialAction\":[{\"@type\":\"SearchAction\",\"target\":{\"@type\":\"EntryPoint\",\"urlTemplate\":\"https:\/\/vittalitat.com.br\/vittalitat\/?s={search_term_string}\"},\"query-input\":\"required name=search_term_string\"}],\"inLanguage\":\"pt-BR\"},{\"@type\":\"Organization\",\"@id\":\"https:\/\/vittalitat.com.br\/vittalitat\/#organization\",\"name\":\"Vittalitat\",\"url\":\"https:\/\/vittalitat.com.br\/vittalitat\/\",\"logo\":{\"@type\":\"ImageObject\",\"inLanguage\":\"pt-BR\",\"@id\":\"https:\/\/vittalitat.com.br\/vittalitat\/#\/schema\/logo\/image\/\",\"url\":\"https:\/\/vittalitat.com.br\/vittalitat\/wp-content\/uploads\/2020\/04\/logo-para-o-face.png\",\"contentUrl\":\"https:\/\/vittalitat.com.br\/vittalitat\/wp-content\/uploads\/2020\/04\/logo-para-o-face.png\",\"width\":700,\"height\":700,\"caption\":\"Vittalitat\"},\"image\":{\"@id\":\"https:\/\/vittalitat.com.br\/vittalitat\/#\/schema\/logo\/image\/\"},\"sameAs\":[\"https:\/\/www.facebook.com\/vittalitat\",\"https:\/\/www.instagram.com\/vittalitat\"]}]}<\/script>\n<!-- \/ Yoast SEO plugin. -->","yoast_head_json":{"title":"Dha Ultra - 60 C\u00e1psulas - Vittalitat","description":"O DHA Ultra \u00e9 um complemento alimentar de \u00e1cidos graxos poli-insaturados \u00f4mega-3 que concentra 70% de DHA (\u00e1cido docosahexaenoico) e 10% de EPA (eicosapentaenoico).","robots":{"index":"index","follow":"follow","max-snippet":"max-snippet:-1","max-image-preview":"max-image-preview:large","max-video-preview":"max-video-preview:-1"},"canonical":"https:\/\/vittalitat.com.br\/vittalitat\/loja\/dha-ultra-60\/","og_locale":"pt_BR","og_type":"article","og_title":"Dha Ultra - 60 C\u00e1psulas - Vittalitat","og_description":"O DHA Ultra \u00e9 um complemento alimentar de \u00e1cidos graxos poli-insaturados \u00f4mega-3 que concentra 70% de DHA (\u00e1cido docosahexaenoico) e 10% de EPA (eicosapentaenoico).","og_url":"https:\/\/vittalitat.com.br\/vittalitat\/loja\/dha-ultra-60\/","og_site_name":"Vittalitat","article_publisher":"https:\/\/www.facebook.com\/vittalitat","article_modified_time":"2026-02-04T19:11:39+00:00","og_image":[{"width":1000,"height":1000,"url":"https:\/\/vittalitat.com.br\/vittalitat\/wp-content\/uploads\/2020\/04\/DHA-Ultra-60b.png","type":"image\/png"}],"twitter_card":"summary_large_image","twitter_misc":{"Est. tempo de leitura":"3 minutos"},"schema":{"@context":"https:\/\/schema.org","@graph":[{"@type":"WebPage","@id":"https:\/\/vittalitat.com.br\/vittalitat\/loja\/dha-ultra-60\/","url":"https:\/\/vittalitat.com.br\/vittalitat\/loja\/dha-ultra-60\/","name":"Dha Ultra - 60 C\u00e1psulas - Vittalitat","isPartOf":{"@id":"https:\/\/vittalitat.com.br\/vittalitat\/#website"},"datePublished":"2020-04-29T12:44:14+00:00","dateModified":"2026-02-04T19:11:39+00:00","description":"O DHA Ultra \u00e9 um complemento alimentar de \u00e1cidos graxos poli-insaturados \u00f4mega-3 que concentra 70% de DHA (\u00e1cido docosahexaenoico) e 10% de EPA (eicosapentaenoico).","breadcrumb":{"@id":"https:\/\/vittalitat.com.br\/vittalitat\/loja\/dha-ultra-60\/#breadcrumb"},"inLanguage":"pt-BR","potentialAction":[{"@type":"ReadAction","target":["https:\/\/vittalitat.com.br\/vittalitat\/loja\/dha-ultra-60\/"]}]},{"@type":"BreadcrumbList","@id":"https:\/\/vittalitat.com.br\/vittalitat\/loja\/dha-ultra-60\/#breadcrumb","itemListElement":[{"@type":"ListItem","position":1,"name":"In\u00edcio","item":"https:\/\/vittalitat.com.br\/vittalitat\/"},{"@type":"ListItem","position":2,"name":"Produtos","item":"https:\/\/vittalitat.com.br\/vittalitat\/shop\/"},{"@type":"ListItem","position":3,"name":"Dha Ultra &#8211; 60 C\u00e1psulas"}]},{"@type":"WebSite","@id":"https:\/\/vittalitat.com.br\/vittalitat\/#website","url":"https:\/\/vittalitat.com.br\/vittalitat\/","name":"Vittalitat","description":"Sa\u00fade, preven\u00e7\u00e3o e bem-estar","publisher":{"@id":"https:\/\/vittalitat.com.br\/vittalitat\/#organization"},"potentialAction":[{"@type":"SearchAction","target":{"@type":"EntryPoint","urlTemplate":"https:\/\/vittalitat.com.br\/vittalitat\/?s={search_term_string}"},"query-input":"required name=search_term_string"}],"inLanguage":"pt-BR"},{"@type":"Organization","@id":"https:\/\/vittalitat.com.br\/vittalitat\/#organization","name":"Vittalitat","url":"https:\/\/vittalitat.com.br\/vittalitat\/","logo":{"@type":"ImageObject","inLanguage":"pt-BR","@id":"https:\/\/vittalitat.com.br\/vittalitat\/#\/schema\/logo\/image\/","url":"https:\/\/vittalitat.com.br\/vittalitat\/wp-content\/uploads\/2020\/04\/logo-para-o-face.png","contentUrl":"https:\/\/vittalitat.com.br\/vittalitat\/wp-content\/uploads\/2020\/04\/logo-para-o-face.png","width":700,"height":700,"caption":"Vittalitat"},"image":{"@id":"https:\/\/vittalitat.com.br\/vittalitat\/#\/schema\/logo\/image\/"},"sameAs":["https:\/\/www.facebook.com\/vittalitat","https:\/\/www.instagram.com\/vittalitat"]}]}},"_links":{"self":[{"href":"https:\/\/vittalitat.com.br\/vittalitat\/wp-json\/wp\/v2\/product\/77","targetHints":{"allow":["GET"]}}],"collection":[{"href":"https:\/\/vittalitat.com.br\/vittalitat\/wp-json\/wp\/v2\/product"}],"about":[{"href":"https:\/\/vittalitat.com.br\/vittalitat\/wp-json\/wp\/v2\/types\/product"}],"replies":[{"embeddable":true,"href":"https:\/\/vittalitat.com.br\/vittalitat\/wp-json\/wp\/v2\/comments?post=77"}],"wp:featuredmedia":[{"embeddable":true,"href":"https:\/\/vittalitat.com.br\/vittalitat\/wp-json\/wp\/v2\/media\/1339"}],"wp:attachment":[{"href":"https:\/\/vittalitat.com.br\/vittalitat\/wp-json\/wp\/v2\/media?parent=77"}],"wp:term":[{"taxonomy":"product_brand","embeddable":true,"href":"https:\/\/vittalitat.com.br\/vittalitat\/wp-json\/wp\/v2\/product_brand?post=77"},{"taxonomy":"product_cat","embeddable":true,"href":"https:\/\/vittalitat.com.br\/vittalitat\/wp-json\/wp\/v2\/product_cat?post=77"},{"taxonomy":"product_tag","embeddable":true,"href":"https:\/\/vittalitat.com.br\/vittalitat\/wp-json\/wp\/v2\/product_tag?post=77"}],"curies":[{"name":"wp","href":"https:\/\/api.w.org\/{rel}","templated":true}]}}