{"id":71,"date":"2020-04-28T18:47:56","date_gmt":"2020-04-28T21:47:56","guid":{"rendered":"http:\/\/vittalitat.com.br\/vittalitat\/?post_type=product&#038;p=71"},"modified":"2026-01-22T16:47:32","modified_gmt":"2026-01-22T19:47:32","slug":"b-glucan-250-60-capsulas","status":"publish","type":"product","link":"https:\/\/vittalitat.com.br\/vittalitat\/loja\/b-glucan-250-60-capsulas\/","title":{"rendered":"Beta-Glucan 250 &#8211; 60 C\u00e1psulas"},"content":{"rendered":"<p><b>\u00df-Glucan 250<\/b><\/p>\n<p>Beta-Glucan \u00e9 um suplemento alimentar que ajuda a melhorar o sistema imune. Cont\u00e9m em suas c\u00e1psulas apenas dois ingredientes:\u00a0polissacar\u00eddeos extra\u00eddos da parede celular da levedura\u00a0<em>Saccharomyces cerevisiae\u00a0<\/em>\u00a0que concentra 80% de beta-glucana\u00a0e\u00a0vitamina C de\u00a0<em>Malpighia glabra L.\u00a0<\/em>(acerola em p\u00f3), um produto natural em c\u00e1psulas vegetarianas.<\/p>\n<p>Estudos mostram que a beta-glucana possui potencial efeito imunomodulador, pois ao ser reconhecida por receptores celulares espec\u00edficos tem a capacidade de melhorar o sistema imune.<\/p>\n<p>A vitamina C \u00e9 um antioxidante e auxilia no funcionamento do sistema imune.<\/p>\n<p><strong>Composi\u00e7\u00e3o por c\u00e1psula de 344,50 mg cada<\/strong><\/p>\n<p>\u2022 250 mg de beta-glucana<\/p>\n<p>\u2022 8 mg de vitamina C<\/p>\n<p><b>Beta-glucana<\/b><\/p>\n<p>Beta-glucanas s\u00e3o polissacar\u00eddeos complexos constituintes da parede celular de leveduras, fungos e alguns cereais, que se diferenciam pelo tipo de liga\u00e7\u00e3o em suas estruturas qu\u00edmicas.<\/p>\n<p>De forma geral as beta-glucanas origin\u00e1rias de plantas possuem estrutura qu\u00edmica de ramifica\u00e7\u00f5es do tipo \u00df(1-3)(1-4) enquanto que as beta-glucanas derivadas de fungos e leveduras apresentam pequenas ramifica\u00e7\u00f5es com liga\u00e7\u00f5es do tipo \u00df(1-3)(1-6).<\/p>\n<p>Tais diferen\u00e7as estruturais podem implicar na atividade biol\u00f3gica dessas fibras, sendo que as beta-glucanas de leveduras s\u00e3o mais complexas quimicamente e por essa raz\u00e3o tem maior poder de estimular o sistema imune.<\/p>\n<p>Uma importante fonte de beta-glucana \u00e9 a parede celular de\u00a0<em>Saccharomyces cerevisiae<\/em>, tamb\u00e9m conhecida como levedura de fermenta\u00e7\u00e3o, que \u00e9 amplamente empregada nas ind\u00fastrias de panifica\u00e7\u00e3o, cervejaria e sucroalcooleira.<\/p>\n<p>&nbsp;<\/p>\n","protected":false},"excerpt":{"rendered":"<p><strong>\u00df-Glucan 250<\/strong> \u00e9 um suplemento alimentar que cont\u00e9m em suas c\u00e1psulas apenas dois ingredientes: polissacar\u00eddeos extra\u00eddos da parede celular da levedura Saccharomyces cerevisiae\u00a0\u00a0que concentra 80% de beta-glucana e vitamina C de Malpighia glabra L. (acerola em p\u00f3)<\/p>\n","protected":false},"featured_media":1619,"comment_status":"open","ping_status":"closed","template":"","meta":{"_coblocks_attr":"","_coblocks_dimensions":"","_coblocks_responsive_height":"","_coblocks_accordion_ie_support":""},"product_brand":[],"product_cat":[27,64,21],"product_tag":[20,33],"class_list":{"0":"post-71","1":"product","2":"type-product","3":"status-publish","4":"has-post-thumbnail","6":"product_cat-anew","7":"product_cat-beta-glucana","8":"product_cat-imunidade","9":"product_tag-beta-glucana","10":"product_tag-imunidade","12":"first","13":"instock","14":"shipping-taxable","15":"purchasable","16":"product-type-simple"},"yoast_head":"<!-- This site is optimized with the Yoast SEO plugin v21.9.1 - https:\/\/yoast.com\/wordpress\/plugins\/seo\/ -->\n<title>Beta-Glucan 250 - 60 C\u00e1psulas - Vittalitat<\/title>\n<meta name=\"description\" content=\"\u00df-Glucan 80 \u00e9 um suplemento alimentar que ajuda a melhorar o sistema imune. Cont\u00e9m em suas c\u00e1psulas apenas dois ingredientes: polissacar\u00eddeos extra\u00eddos da parede celular da levedura Saccharomyces cerevisiae que concentra 80% de beta-glucana e vitamina C de Malpighia glabra L. (acerola em p\u00f3), um produto natural em c\u00e1psulas vegetarianas.\" \/>\n<meta name=\"robots\" content=\"index, follow, max-snippet:-1, max-image-preview:large, max-video-preview:-1\" \/>\n<link rel=\"canonical\" href=\"https:\/\/vittalitat.com.br\/vittalitat\/loja\/b-glucan-250-60-capsulas\/\" \/>\n<meta property=\"og:locale\" content=\"pt_BR\" \/>\n<meta property=\"og:type\" content=\"article\" \/>\n<meta property=\"og:title\" content=\"Beta-Glucan 250 - 60 C\u00e1psulas - Vittalitat\" \/>\n<meta property=\"og:description\" content=\"\u00df-Glucan 80 \u00e9 um suplemento alimentar que ajuda a melhorar o sistema imune. Cont\u00e9m em suas c\u00e1psulas apenas dois ingredientes: polissacar\u00eddeos extra\u00eddos da parede celular da levedura Saccharomyces cerevisiae que concentra 80% de beta-glucana e vitamina C de Malpighia glabra L. (acerola em p\u00f3), um produto natural em c\u00e1psulas vegetarianas.\" \/>\n<meta property=\"og:url\" content=\"https:\/\/vittalitat.com.br\/vittalitat\/loja\/b-glucan-250-60-capsulas\/\" \/>\n<meta property=\"og:site_name\" content=\"Vittalitat\" \/>\n<meta property=\"article:publisher\" content=\"https:\/\/www.facebook.com\/vittalitat\" \/>\n<meta property=\"article:modified_time\" content=\"2026-01-22T19:47:32+00:00\" \/>\n<meta property=\"og:image\" content=\"https:\/\/vittalitat.com.br\/vittalitat\/wp-content\/uploads\/2020\/04\/beta-glucan-60-1.png\" \/>\n\t<meta property=\"og:image:width\" content=\"241\" \/>\n\t<meta property=\"og:image:height\" content=\"422\" \/>\n\t<meta property=\"og:image:type\" content=\"image\/png\" \/>\n<meta name=\"twitter:card\" content=\"summary_large_image\" \/>\n<meta name=\"twitter:label1\" content=\"Est. tempo de leitura\" \/>\n\t<meta name=\"twitter:data1\" content=\"1 minuto\" \/>\n<script type=\"application\/ld+json\" class=\"yoast-schema-graph\">{\"@context\":\"https:\/\/schema.org\",\"@graph\":[{\"@type\":\"WebPage\",\"@id\":\"https:\/\/vittalitat.com.br\/vittalitat\/loja\/b-glucan-250-60-capsulas\/\",\"url\":\"https:\/\/vittalitat.com.br\/vittalitat\/loja\/b-glucan-250-60-capsulas\/\",\"name\":\"Beta-Glucan 250 - 60 C\u00e1psulas - Vittalitat\",\"isPartOf\":{\"@id\":\"https:\/\/vittalitat.com.br\/vittalitat\/#website\"},\"datePublished\":\"2020-04-28T21:47:56+00:00\",\"dateModified\":\"2026-01-22T19:47:32+00:00\",\"description\":\"\u00df-Glucan 80 \u00e9 um suplemento alimentar que ajuda a melhorar o sistema imune. Cont\u00e9m em suas c\u00e1psulas apenas dois ingredientes: polissacar\u00eddeos extra\u00eddos da parede celular da levedura Saccharomyces cerevisiae que concentra 80% de beta-glucana e vitamina C de Malpighia glabra L. (acerola em p\u00f3), um produto natural em c\u00e1psulas vegetarianas.\",\"breadcrumb\":{\"@id\":\"https:\/\/vittalitat.com.br\/vittalitat\/loja\/b-glucan-250-60-capsulas\/#breadcrumb\"},\"inLanguage\":\"pt-BR\",\"potentialAction\":[{\"@type\":\"ReadAction\",\"target\":[\"https:\/\/vittalitat.com.br\/vittalitat\/loja\/b-glucan-250-60-capsulas\/\"]}]},{\"@type\":\"BreadcrumbList\",\"@id\":\"https:\/\/vittalitat.com.br\/vittalitat\/loja\/b-glucan-250-60-capsulas\/#breadcrumb\",\"itemListElement\":[{\"@type\":\"ListItem\",\"position\":1,\"name\":\"In\u00edcio\",\"item\":\"https:\/\/vittalitat.com.br\/vittalitat\/\"},{\"@type\":\"ListItem\",\"position\":2,\"name\":\"Produtos\",\"item\":\"https:\/\/vittalitat.com.br\/vittalitat\/shop\/\"},{\"@type\":\"ListItem\",\"position\":3,\"name\":\"Beta-Glucan 250 &#8211; 60 C\u00e1psulas\"}]},{\"@type\":\"WebSite\",\"@id\":\"https:\/\/vittalitat.com.br\/vittalitat\/#website\",\"url\":\"https:\/\/vittalitat.com.br\/vittalitat\/\",\"name\":\"Vittalitat\",\"description\":\"Sa\u00fade, preven\u00e7\u00e3o e bem-estar\",\"publisher\":{\"@id\":\"https:\/\/vittalitat.com.br\/vittalitat\/#organization\"},\"potentialAction\":[{\"@type\":\"SearchAction\",\"target\":{\"@type\":\"EntryPoint\",\"urlTemplate\":\"https:\/\/vittalitat.com.br\/vittalitat\/?s={search_term_string}\"},\"query-input\":\"required name=search_term_string\"}],\"inLanguage\":\"pt-BR\"},{\"@type\":\"Organization\",\"@id\":\"https:\/\/vittalitat.com.br\/vittalitat\/#organization\",\"name\":\"Vittalitat\",\"url\":\"https:\/\/vittalitat.com.br\/vittalitat\/\",\"logo\":{\"@type\":\"ImageObject\",\"inLanguage\":\"pt-BR\",\"@id\":\"https:\/\/vittalitat.com.br\/vittalitat\/#\/schema\/logo\/image\/\",\"url\":\"https:\/\/vittalitat.com.br\/vittalitat\/wp-content\/uploads\/2020\/04\/logo-para-o-face.png\",\"contentUrl\":\"https:\/\/vittalitat.com.br\/vittalitat\/wp-content\/uploads\/2020\/04\/logo-para-o-face.png\",\"width\":700,\"height\":700,\"caption\":\"Vittalitat\"},\"image\":{\"@id\":\"https:\/\/vittalitat.com.br\/vittalitat\/#\/schema\/logo\/image\/\"},\"sameAs\":[\"https:\/\/www.facebook.com\/vittalitat\",\"https:\/\/www.instagram.com\/vittalitat\"]}]}<\/script>\n<!-- \/ Yoast SEO plugin. -->","yoast_head_json":{"title":"Beta-Glucan 250 - 60 C\u00e1psulas - Vittalitat","description":"\u00df-Glucan 80 \u00e9 um suplemento alimentar que ajuda a melhorar o sistema imune. Cont\u00e9m em suas c\u00e1psulas apenas dois ingredientes: polissacar\u00eddeos extra\u00eddos da parede celular da levedura Saccharomyces cerevisiae que concentra 80% de beta-glucana e vitamina C de Malpighia glabra L. (acerola em p\u00f3), um produto natural em c\u00e1psulas vegetarianas.","robots":{"index":"index","follow":"follow","max-snippet":"max-snippet:-1","max-image-preview":"max-image-preview:large","max-video-preview":"max-video-preview:-1"},"canonical":"https:\/\/vittalitat.com.br\/vittalitat\/loja\/b-glucan-250-60-capsulas\/","og_locale":"pt_BR","og_type":"article","og_title":"Beta-Glucan 250 - 60 C\u00e1psulas - Vittalitat","og_description":"\u00df-Glucan 80 \u00e9 um suplemento alimentar que ajuda a melhorar o sistema imune. Cont\u00e9m em suas c\u00e1psulas apenas dois ingredientes: polissacar\u00eddeos extra\u00eddos da parede celular da levedura Saccharomyces cerevisiae que concentra 80% de beta-glucana e vitamina C de Malpighia glabra L. (acerola em p\u00f3), um produto natural em c\u00e1psulas vegetarianas.","og_url":"https:\/\/vittalitat.com.br\/vittalitat\/loja\/b-glucan-250-60-capsulas\/","og_site_name":"Vittalitat","article_publisher":"https:\/\/www.facebook.com\/vittalitat","article_modified_time":"2026-01-22T19:47:32+00:00","og_image":[{"width":241,"height":422,"url":"https:\/\/vittalitat.com.br\/vittalitat\/wp-content\/uploads\/2020\/04\/beta-glucan-60-1.png","type":"image\/png"}],"twitter_card":"summary_large_image","twitter_misc":{"Est. tempo de leitura":"1 minuto"},"schema":{"@context":"https:\/\/schema.org","@graph":[{"@type":"WebPage","@id":"https:\/\/vittalitat.com.br\/vittalitat\/loja\/b-glucan-250-60-capsulas\/","url":"https:\/\/vittalitat.com.br\/vittalitat\/loja\/b-glucan-250-60-capsulas\/","name":"Beta-Glucan 250 - 60 C\u00e1psulas - Vittalitat","isPartOf":{"@id":"https:\/\/vittalitat.com.br\/vittalitat\/#website"},"datePublished":"2020-04-28T21:47:56+00:00","dateModified":"2026-01-22T19:47:32+00:00","description":"\u00df-Glucan 80 \u00e9 um suplemento alimentar que ajuda a melhorar o sistema imune. Cont\u00e9m em suas c\u00e1psulas apenas dois ingredientes: polissacar\u00eddeos extra\u00eddos da parede celular da levedura Saccharomyces cerevisiae que concentra 80% de beta-glucana e vitamina C de Malpighia glabra L. (acerola em p\u00f3), um produto natural em c\u00e1psulas vegetarianas.","breadcrumb":{"@id":"https:\/\/vittalitat.com.br\/vittalitat\/loja\/b-glucan-250-60-capsulas\/#breadcrumb"},"inLanguage":"pt-BR","potentialAction":[{"@type":"ReadAction","target":["https:\/\/vittalitat.com.br\/vittalitat\/loja\/b-glucan-250-60-capsulas\/"]}]},{"@type":"BreadcrumbList","@id":"https:\/\/vittalitat.com.br\/vittalitat\/loja\/b-glucan-250-60-capsulas\/#breadcrumb","itemListElement":[{"@type":"ListItem","position":1,"name":"In\u00edcio","item":"https:\/\/vittalitat.com.br\/vittalitat\/"},{"@type":"ListItem","position":2,"name":"Produtos","item":"https:\/\/vittalitat.com.br\/vittalitat\/shop\/"},{"@type":"ListItem","position":3,"name":"Beta-Glucan 250 &#8211; 60 C\u00e1psulas"}]},{"@type":"WebSite","@id":"https:\/\/vittalitat.com.br\/vittalitat\/#website","url":"https:\/\/vittalitat.com.br\/vittalitat\/","name":"Vittalitat","description":"Sa\u00fade, preven\u00e7\u00e3o e bem-estar","publisher":{"@id":"https:\/\/vittalitat.com.br\/vittalitat\/#organization"},"potentialAction":[{"@type":"SearchAction","target":{"@type":"EntryPoint","urlTemplate":"https:\/\/vittalitat.com.br\/vittalitat\/?s={search_term_string}"},"query-input":"required name=search_term_string"}],"inLanguage":"pt-BR"},{"@type":"Organization","@id":"https:\/\/vittalitat.com.br\/vittalitat\/#organization","name":"Vittalitat","url":"https:\/\/vittalitat.com.br\/vittalitat\/","logo":{"@type":"ImageObject","inLanguage":"pt-BR","@id":"https:\/\/vittalitat.com.br\/vittalitat\/#\/schema\/logo\/image\/","url":"https:\/\/vittalitat.com.br\/vittalitat\/wp-content\/uploads\/2020\/04\/logo-para-o-face.png","contentUrl":"https:\/\/vittalitat.com.br\/vittalitat\/wp-content\/uploads\/2020\/04\/logo-para-o-face.png","width":700,"height":700,"caption":"Vittalitat"},"image":{"@id":"https:\/\/vittalitat.com.br\/vittalitat\/#\/schema\/logo\/image\/"},"sameAs":["https:\/\/www.facebook.com\/vittalitat","https:\/\/www.instagram.com\/vittalitat"]}]}},"_links":{"self":[{"href":"https:\/\/vittalitat.com.br\/vittalitat\/wp-json\/wp\/v2\/product\/71","targetHints":{"allow":["GET"]}}],"collection":[{"href":"https:\/\/vittalitat.com.br\/vittalitat\/wp-json\/wp\/v2\/product"}],"about":[{"href":"https:\/\/vittalitat.com.br\/vittalitat\/wp-json\/wp\/v2\/types\/product"}],"replies":[{"embeddable":true,"href":"https:\/\/vittalitat.com.br\/vittalitat\/wp-json\/wp\/v2\/comments?post=71"}],"wp:featuredmedia":[{"embeddable":true,"href":"https:\/\/vittalitat.com.br\/vittalitat\/wp-json\/wp\/v2\/media\/1619"}],"wp:attachment":[{"href":"https:\/\/vittalitat.com.br\/vittalitat\/wp-json\/wp\/v2\/media?parent=71"}],"wp:term":[{"taxonomy":"product_brand","embeddable":true,"href":"https:\/\/vittalitat.com.br\/vittalitat\/wp-json\/wp\/v2\/product_brand?post=71"},{"taxonomy":"product_cat","embeddable":true,"href":"https:\/\/vittalitat.com.br\/vittalitat\/wp-json\/wp\/v2\/product_cat?post=71"},{"taxonomy":"product_tag","embeddable":true,"href":"https:\/\/vittalitat.com.br\/vittalitat\/wp-json\/wp\/v2\/product_tag?post=71"}],"curies":[{"name":"wp","href":"https:\/\/api.w.org\/{rel}","templated":true}]}}