{"id":389,"date":"2020-05-26T10:13:37","date_gmt":"2020-05-26T13:13:37","guid":{"rendered":"https:\/\/vittalitat.com.br\/vittalitat\/?post_type=product&#038;p=389"},"modified":"2026-02-23T17:04:46","modified_gmt":"2026-02-23T20:04:46","slug":"max-collagene-ii","status":"publish","type":"product","link":"https:\/\/vittalitat.com.br\/vittalitat\/loja\/max-collagene-ii\/","title":{"rendered":"Max Collagene II"},"content":{"rendered":"<div class=\"et_pb_row et_pb_row_0 et_pb_row_3-4_1-4\">\n<div class=\"et_pb_column et_pb_column_3_4 et_pb_column_0  et_pb_css_mix_blend_mode_passthrough\">\n<div class=\"et_pb_module et_pb_text et_pb_text_0  et_pb_text_align_left et_pb_bg_layout_light\">\n<div class=\"et_pb_text_inner\">\n<h1>Max Collag\u00e8ne II<\/h1>\n<h2><strong>Balas de gelatina da Anew com pept\u00eddeos bioativos de col\u00e1geno (tipo I), col\u00e1geno tipo II e com Floranew<\/strong><\/h2>\n<p><strong>\u00a0 \u00a0 \u00a0 \u00a0 \u00a0 \u00a0 \u00a0 \u00a0 \u00a0 \u00a0 \u00a0\u00a0<\/strong><\/p>\n<p>Max Collag\u00e8ne II s\u00e3o balas de gelatina com pept\u00eddeos bioativos de col\u00e1geno, 40 mg de col\u00e1geno tipo II e Floranew<strong>*<\/strong>. N\u00e3o cont\u00e9m gl\u00faten, conservantes e corantes artificiais e n\u00e3o possui adi\u00e7\u00e3o de sabor.<\/p>\n<p>Os pept\u00eddeos bioativos de col\u00e1geno, tamb\u00e9m conhecidos como col\u00e1geno tipo I, s\u00e3o prote\u00ednas altamente diger\u00edveis e facilmente absorvidas pelo organismo. Atuam na estrutura da pele, gengiva, ossos, tend\u00f5es, vasos sangu\u00edneos, m\u00fasculos.<\/p>\n<p>O suplemento de col\u00e1geno tipo II \u00e9 uma prote\u00edna n\u00e3o desnaturada e retirada da cartilagem de frango. Uma vez ingerido, ele evita a degrada\u00e7\u00e3o do col\u00e1geno presente naturalmente nas articula\u00e7\u00f5es, promovendo a sa\u00fade e conforto articular.<\/p>\n<p>*Floranew \u00e9 um alimento fermentado com dezenas de frutas, legumes, hortali\u00e7as, cereais e especiarias que, acompanhado de boa alimenta\u00e7\u00e3o, colabora com as fun\u00e7\u00f5es do organismo para manter, prover e ativar as fontes de energia.<\/p>\n<\/div>\n<\/div>\n<\/div>\n<\/div>\n<div class=\"et_pb_row et_pb_row_1 et_pb_row_1-4_3-4\">\n<div class=\"et_pb_column et_pb_column_1_4 et_pb_column_2  et_pb_css_mix_blend_mode_passthrough\">\n<div class=\"et_pb_module et_pb_image et_pb_image_1 et-animated et_had_animation\"><span class=\"et_pb_image_wrap \"><img decoding=\"async\" title=\"\" src=\"https:\/\/i2.wp.com\/anew.com.br\/wp-content\/uploads\/2020\/04\/max_Collagene_bala.jpg?w=1080&amp;ssl=1\" alt=\"\" width=\"130\" height=\"163\" \/><\/span><\/div>\n<\/div>\n<div class=\"et_pb_column et_pb_column_3_4 et_pb_column_3  et_pb_css_mix_blend_mode_passthrough et-last-child\">\n<div class=\"et_pb_module et_pb_text et_pb_text_1  et_pb_text_align_left et_pb_bg_layout_light\">\n<div class=\"et_pb_text_inner\">\n<p><strong>Max Collag\u00e8ne II \u2013\u00a0Balas com col\u00e1geno tipo I e II e Floranew<\/strong><\/p>\n<p>\u2013 Cont\u00e9m 40 mg de col\u00e1geno tipo II, al\u00e9m de 1.900 mg de col\u00e1geno tipo I<\/p>\n<p>\u2013 25% de Floranew<\/p>\n<p>\u2013 N\u00e3o cont\u00e9m gl\u00faten<\/p>\n<p>\u2013 N\u00e3o cont\u00e9m adi\u00e7\u00e3o de sabores<\/p>\n<p>\u2013 N\u00e3o cont\u00e9m conservantes e corantes<\/p>\n<\/div>\n<\/div>\n<\/div>\n<\/div>\n<div class=\"et_pb_row et_pb_row_2\">\n<div class=\"et_pb_column et_pb_column_4_4 et_pb_column_4  et_pb_css_mix_blend_mode_passthrough et-last-child\">\n<div class=\"et_pb_module et_pb_text et_pb_text_2  et_pb_text_align_left et_pb_bg_layout_light\">\n<div class=\"et_pb_text_inner\">\n<p><strong>Apresenta\u00e7\u00e3o:\u00a0<\/strong>caixa com 30 balas de 7,2 g cada.<\/p>\n<table style=\"height: 343px\" width=\"700\">\n<tbody>\n<tr>\n<td colspan=\"3\"><strong>Informa\u00e7\u00e3o Nutricional<\/strong><br \/>\n1 bala de 7,2 g cada<\/td>\n<\/tr>\n<tr>\n<td colspan=\"2\">Quantidade por por\u00e7\u00e3o<\/td>\n<td>% VD (*)<\/td>\n<\/tr>\n<tr>\n<td>Valor energ\u00e9tico<\/td>\n<td>16 Kcal = 67kJ<\/td>\n<td>1%<\/td>\n<\/tr>\n<tr>\n<td>Carboidratos dos quais<\/td>\n<td>2,8 g<\/td>\n<td>1%<\/td>\n<\/tr>\n<tr>\n<td>\u00a0 \u00a0 Poli\u00f3is<\/td>\n<td>1,8 g<\/td>\n<td>**<\/td>\n<\/tr>\n<tr>\n<td>Prote\u00ednas<\/td>\n<td>1,9 g<\/td>\n<td>3%<\/td>\n<\/tr>\n<tr>\n<td colspan=\"3\">\u201cN\u00e3o cont\u00e9m quantidade significativa de gorduras totais, gorduras saturadas, gorduras trans, fibra alimentar e s\u00f3dio.\u201d<\/td>\n<\/tr>\n<tr>\n<td colspan=\"3\">% Valores Di\u00e1rios com base em uma dieta de 2.000 kcal ou 8400 kJ.<br \/>\nSeus valores di\u00e1rios podem ser maiores ou menores dependendo de suas necessidades energ\u00e9ticas.<br \/>\n** Valores di\u00e1rios de refer\u00eancia n\u00e3o estabelecidos.<\/td>\n<\/tr>\n<\/tbody>\n<\/table>\n<\/div>\n<\/div>\n<\/div>\n<\/div>\n","protected":false},"excerpt":{"rendered":"<h2><strong>Balas de gelatina da Anew com pept\u00eddeos bioativos de col\u00e1geno (tipo I), col\u00e1geno tipo II e com Floranew<\/strong><\/h2>\n","protected":false},"featured_media":390,"comment_status":"open","ping_status":"closed","template":"","meta":{"_coblocks_attr":"","_coblocks_dimensions":"","_coblocks_responsive_height":"","_coblocks_accordion_ie_support":""},"product_brand":[],"product_cat":[27,74],"product_tag":[75],"class_list":{"0":"post-389","1":"product","2":"type-product","3":"status-publish","4":"has-post-thumbnail","6":"product_cat-anew","7":"product_cat-colageno","8":"product_tag-colageno","10":"first","11":"instock","12":"shipping-taxable","13":"purchasable","14":"product-type-simple"},"yoast_head":"<!-- This site is optimized with the Yoast SEO plugin v21.9.1 - https:\/\/yoast.com\/wordpress\/plugins\/seo\/ -->\n<title>Max Collagene II - Vittalitat<\/title>\n<meta name=\"description\" content=\"Balas de gelatina da Anew com pept\u00eddeos bioativos de col\u00e1geno (tipo I), col\u00e1geno tipo II e com Floranew\" \/>\n<meta name=\"robots\" content=\"index, follow, max-snippet:-1, max-image-preview:large, max-video-preview:-1\" \/>\n<link rel=\"canonical\" href=\"https:\/\/vittalitat.com.br\/vittalitat\/loja\/max-collagene-ii\/\" \/>\n<meta property=\"og:locale\" content=\"pt_BR\" \/>\n<meta property=\"og:type\" content=\"article\" \/>\n<meta property=\"og:title\" content=\"Max Collagene II - Vittalitat\" \/>\n<meta property=\"og:description\" content=\"Balas de gelatina da Anew com pept\u00eddeos bioativos de col\u00e1geno (tipo I), col\u00e1geno tipo II e com Floranew\" \/>\n<meta property=\"og:url\" content=\"https:\/\/vittalitat.com.br\/vittalitat\/loja\/max-collagene-ii\/\" \/>\n<meta property=\"og:site_name\" content=\"Vittalitat\" \/>\n<meta property=\"article:publisher\" content=\"https:\/\/www.facebook.com\/vittalitat\" \/>\n<meta property=\"article:modified_time\" content=\"2026-02-23T20:04:46+00:00\" \/>\n<meta property=\"og:image\" content=\"https:\/\/vittalitat.com.br\/vittalitat\/wp-content\/uploads\/2020\/05\/Max-Collagene.png\" \/>\n\t<meta property=\"og:image:width\" content=\"1024\" \/>\n\t<meta property=\"og:image:height\" content=\"1024\" \/>\n\t<meta property=\"og:image:type\" content=\"image\/png\" \/>\n<meta name=\"twitter:card\" content=\"summary_large_image\" \/>\n<meta name=\"twitter:label1\" content=\"Est. tempo de leitura\" \/>\n\t<meta name=\"twitter:data1\" content=\"2 minutos\" \/>\n<script type=\"application\/ld+json\" class=\"yoast-schema-graph\">{\"@context\":\"https:\/\/schema.org\",\"@graph\":[{\"@type\":\"WebPage\",\"@id\":\"https:\/\/vittalitat.com.br\/vittalitat\/loja\/max-collagene-ii\/\",\"url\":\"https:\/\/vittalitat.com.br\/vittalitat\/loja\/max-collagene-ii\/\",\"name\":\"Max Collagene II - Vittalitat\",\"isPartOf\":{\"@id\":\"https:\/\/vittalitat.com.br\/vittalitat\/#website\"},\"datePublished\":\"2020-05-26T13:13:37+00:00\",\"dateModified\":\"2026-02-23T20:04:46+00:00\",\"description\":\"Balas de gelatina da Anew com pept\u00eddeos bioativos de col\u00e1geno (tipo I), col\u00e1geno tipo II e com Floranew\",\"breadcrumb\":{\"@id\":\"https:\/\/vittalitat.com.br\/vittalitat\/loja\/max-collagene-ii\/#breadcrumb\"},\"inLanguage\":\"pt-BR\",\"potentialAction\":[{\"@type\":\"ReadAction\",\"target\":[\"https:\/\/vittalitat.com.br\/vittalitat\/loja\/max-collagene-ii\/\"]}]},{\"@type\":\"BreadcrumbList\",\"@id\":\"https:\/\/vittalitat.com.br\/vittalitat\/loja\/max-collagene-ii\/#breadcrumb\",\"itemListElement\":[{\"@type\":\"ListItem\",\"position\":1,\"name\":\"In\u00edcio\",\"item\":\"https:\/\/vittalitat.com.br\/vittalitat\/\"},{\"@type\":\"ListItem\",\"position\":2,\"name\":\"Produtos\",\"item\":\"https:\/\/vittalitat.com.br\/vittalitat\/shop\/\"},{\"@type\":\"ListItem\",\"position\":3,\"name\":\"Max Collagene II\"}]},{\"@type\":\"WebSite\",\"@id\":\"https:\/\/vittalitat.com.br\/vittalitat\/#website\",\"url\":\"https:\/\/vittalitat.com.br\/vittalitat\/\",\"name\":\"Vittalitat\",\"description\":\"Sa\u00fade, preven\u00e7\u00e3o e bem-estar\",\"publisher\":{\"@id\":\"https:\/\/vittalitat.com.br\/vittalitat\/#organization\"},\"potentialAction\":[{\"@type\":\"SearchAction\",\"target\":{\"@type\":\"EntryPoint\",\"urlTemplate\":\"https:\/\/vittalitat.com.br\/vittalitat\/?s={search_term_string}\"},\"query-input\":\"required name=search_term_string\"}],\"inLanguage\":\"pt-BR\"},{\"@type\":\"Organization\",\"@id\":\"https:\/\/vittalitat.com.br\/vittalitat\/#organization\",\"name\":\"Vittalitat\",\"url\":\"https:\/\/vittalitat.com.br\/vittalitat\/\",\"logo\":{\"@type\":\"ImageObject\",\"inLanguage\":\"pt-BR\",\"@id\":\"https:\/\/vittalitat.com.br\/vittalitat\/#\/schema\/logo\/image\/\",\"url\":\"https:\/\/vittalitat.com.br\/vittalitat\/wp-content\/uploads\/2020\/04\/logo-para-o-face.png\",\"contentUrl\":\"https:\/\/vittalitat.com.br\/vittalitat\/wp-content\/uploads\/2020\/04\/logo-para-o-face.png\",\"width\":700,\"height\":700,\"caption\":\"Vittalitat\"},\"image\":{\"@id\":\"https:\/\/vittalitat.com.br\/vittalitat\/#\/schema\/logo\/image\/\"},\"sameAs\":[\"https:\/\/www.facebook.com\/vittalitat\",\"https:\/\/www.instagram.com\/vittalitat\"]}]}<\/script>\n<!-- \/ Yoast SEO plugin. -->","yoast_head_json":{"title":"Max Collagene II - Vittalitat","description":"Balas de gelatina da Anew com pept\u00eddeos bioativos de col\u00e1geno (tipo I), col\u00e1geno tipo II e com Floranew","robots":{"index":"index","follow":"follow","max-snippet":"max-snippet:-1","max-image-preview":"max-image-preview:large","max-video-preview":"max-video-preview:-1"},"canonical":"https:\/\/vittalitat.com.br\/vittalitat\/loja\/max-collagene-ii\/","og_locale":"pt_BR","og_type":"article","og_title":"Max Collagene II - Vittalitat","og_description":"Balas de gelatina da Anew com pept\u00eddeos bioativos de col\u00e1geno (tipo I), col\u00e1geno tipo II e com Floranew","og_url":"https:\/\/vittalitat.com.br\/vittalitat\/loja\/max-collagene-ii\/","og_site_name":"Vittalitat","article_publisher":"https:\/\/www.facebook.com\/vittalitat","article_modified_time":"2026-02-23T20:04:46+00:00","og_image":[{"width":1024,"height":1024,"url":"https:\/\/vittalitat.com.br\/vittalitat\/wp-content\/uploads\/2020\/05\/Max-Collagene.png","type":"image\/png"}],"twitter_card":"summary_large_image","twitter_misc":{"Est. tempo de leitura":"2 minutos"},"schema":{"@context":"https:\/\/schema.org","@graph":[{"@type":"WebPage","@id":"https:\/\/vittalitat.com.br\/vittalitat\/loja\/max-collagene-ii\/","url":"https:\/\/vittalitat.com.br\/vittalitat\/loja\/max-collagene-ii\/","name":"Max Collagene II - Vittalitat","isPartOf":{"@id":"https:\/\/vittalitat.com.br\/vittalitat\/#website"},"datePublished":"2020-05-26T13:13:37+00:00","dateModified":"2026-02-23T20:04:46+00:00","description":"Balas de gelatina da Anew com pept\u00eddeos bioativos de col\u00e1geno (tipo I), col\u00e1geno tipo II e com Floranew","breadcrumb":{"@id":"https:\/\/vittalitat.com.br\/vittalitat\/loja\/max-collagene-ii\/#breadcrumb"},"inLanguage":"pt-BR","potentialAction":[{"@type":"ReadAction","target":["https:\/\/vittalitat.com.br\/vittalitat\/loja\/max-collagene-ii\/"]}]},{"@type":"BreadcrumbList","@id":"https:\/\/vittalitat.com.br\/vittalitat\/loja\/max-collagene-ii\/#breadcrumb","itemListElement":[{"@type":"ListItem","position":1,"name":"In\u00edcio","item":"https:\/\/vittalitat.com.br\/vittalitat\/"},{"@type":"ListItem","position":2,"name":"Produtos","item":"https:\/\/vittalitat.com.br\/vittalitat\/shop\/"},{"@type":"ListItem","position":3,"name":"Max Collagene II"}]},{"@type":"WebSite","@id":"https:\/\/vittalitat.com.br\/vittalitat\/#website","url":"https:\/\/vittalitat.com.br\/vittalitat\/","name":"Vittalitat","description":"Sa\u00fade, preven\u00e7\u00e3o e bem-estar","publisher":{"@id":"https:\/\/vittalitat.com.br\/vittalitat\/#organization"},"potentialAction":[{"@type":"SearchAction","target":{"@type":"EntryPoint","urlTemplate":"https:\/\/vittalitat.com.br\/vittalitat\/?s={search_term_string}"},"query-input":"required name=search_term_string"}],"inLanguage":"pt-BR"},{"@type":"Organization","@id":"https:\/\/vittalitat.com.br\/vittalitat\/#organization","name":"Vittalitat","url":"https:\/\/vittalitat.com.br\/vittalitat\/","logo":{"@type":"ImageObject","inLanguage":"pt-BR","@id":"https:\/\/vittalitat.com.br\/vittalitat\/#\/schema\/logo\/image\/","url":"https:\/\/vittalitat.com.br\/vittalitat\/wp-content\/uploads\/2020\/04\/logo-para-o-face.png","contentUrl":"https:\/\/vittalitat.com.br\/vittalitat\/wp-content\/uploads\/2020\/04\/logo-para-o-face.png","width":700,"height":700,"caption":"Vittalitat"},"image":{"@id":"https:\/\/vittalitat.com.br\/vittalitat\/#\/schema\/logo\/image\/"},"sameAs":["https:\/\/www.facebook.com\/vittalitat","https:\/\/www.instagram.com\/vittalitat"]}]}},"_links":{"self":[{"href":"https:\/\/vittalitat.com.br\/vittalitat\/wp-json\/wp\/v2\/product\/389","targetHints":{"allow":["GET"]}}],"collection":[{"href":"https:\/\/vittalitat.com.br\/vittalitat\/wp-json\/wp\/v2\/product"}],"about":[{"href":"https:\/\/vittalitat.com.br\/vittalitat\/wp-json\/wp\/v2\/types\/product"}],"replies":[{"embeddable":true,"href":"https:\/\/vittalitat.com.br\/vittalitat\/wp-json\/wp\/v2\/comments?post=389"}],"wp:featuredmedia":[{"embeddable":true,"href":"https:\/\/vittalitat.com.br\/vittalitat\/wp-json\/wp\/v2\/media\/390"}],"wp:attachment":[{"href":"https:\/\/vittalitat.com.br\/vittalitat\/wp-json\/wp\/v2\/media?parent=389"}],"wp:term":[{"taxonomy":"product_brand","embeddable":true,"href":"https:\/\/vittalitat.com.br\/vittalitat\/wp-json\/wp\/v2\/product_brand?post=389"},{"taxonomy":"product_cat","embeddable":true,"href":"https:\/\/vittalitat.com.br\/vittalitat\/wp-json\/wp\/v2\/product_cat?post=389"},{"taxonomy":"product_tag","embeddable":true,"href":"https:\/\/vittalitat.com.br\/vittalitat\/wp-json\/wp\/v2\/product_tag?post=389"}],"curies":[{"name":"wp","href":"https:\/\/api.w.org\/{rel}","templated":true}]}}