{"id":379,"date":"2020-05-25T15:50:58","date_gmt":"2020-05-25T18:50:58","guid":{"rendered":"https:\/\/vittalitat.com.br\/vittalitat\/?post_type=product&#038;p=379"},"modified":"2025-12-08T09:35:13","modified_gmt":"2025-12-08T12:35:13","slug":"luminaria-de-sal-rosa-2-a-4kg","status":"publish","type":"product","link":"https:\/\/vittalitat.com.br\/vittalitat\/loja\/luminaria-de-sal-rosa-2-a-4kg\/","title":{"rendered":"Lumin\u00e1ria de Sal Rosa 2 a 3kg"},"content":{"rendered":"<p>Lumin\u00e1ria de Cristal de Sal do Himalaia, o peso pode variar por ser um produto natural.<\/p>\n<p>Quando iluminada apresenta cor laranja, emitida pelas l\u00e2mpadas de sal nos fornece conforto e bem-estar para criar um ambiente equilibrado, calmo e relaxante, ideal para estimular a concentra\u00e7\u00e3o e a medita\u00e7\u00e3o.<\/p>\n<p>Composi\u00e7\u00e3o:<br \/>\nCristal de Sal Rosa, parte el\u00e9trica, l\u00e2mpada e base de madeira.<br \/>\nVoltagem: 110v<br \/>\nPot\u00eancia da l\u00e2mpada: 15w<\/p>\n","protected":false},"excerpt":{"rendered":"<p>Lumin\u00e1ria de Cristal de Sal do Himalaia, o peso pode variar por ser um produto natural. Quando iluminada apresenta cor laranja, emitida pelas l\u00e2mpadas de sal nos fornece conforto e bem-estar para criar um ambiente equilibrado, calmo e relaxante, ideal para estimular a concentra\u00e7\u00e3o e a medita\u00e7\u00e3o. Composi\u00e7\u00e3o: Cristal de Sal Rosa, parte el\u00e9trica, l\u00e2mpada [&hellip;]<\/p>\n","protected":false},"featured_media":381,"comment_status":"open","ping_status":"closed","template":"","meta":{"_coblocks_attr":"","_coblocks_dimensions":"","_coblocks_responsive_height":"","_coblocks_accordion_ie_support":""},"product_brand":[],"product_cat":[24],"product_tag":[72,91,90],"class_list":{"0":"post-379","1":"product","2":"type-product","3":"status-publish","4":"has-post-thumbnail","6":"product_cat-eletricos","7":"product_tag-decoracao","8":"product_tag-ions","9":"product_tag-luminaria","11":"first","12":"instock","13":"shipping-taxable","14":"purchasable","15":"product-type-simple"},"yoast_head":"<!-- This site is optimized with the Yoast SEO plugin v21.9.1 - https:\/\/yoast.com\/wordpress\/plugins\/seo\/ -->\n<title>Lumin\u00e1ria de Sal Rosa 2 a 3kg - Vittalitat<\/title>\n<meta name=\"description\" content=\"Lumin\u00e1ria de Sal Rosa 2 a 3kg - Vittalitat\" \/>\n<meta name=\"robots\" content=\"index, follow, max-snippet:-1, max-image-preview:large, max-video-preview:-1\" \/>\n<link rel=\"canonical\" href=\"https:\/\/vittalitat.com.br\/vittalitat\/loja\/luminaria-de-sal-rosa-2-a-4kg\/\" \/>\n<meta property=\"og:locale\" content=\"pt_BR\" \/>\n<meta property=\"og:type\" content=\"article\" \/>\n<meta property=\"og:title\" content=\"Lumin\u00e1ria de Sal Rosa 2 a 3kg - Vittalitat\" \/>\n<meta property=\"og:description\" content=\"Lumin\u00e1ria de Sal Rosa 2 a 3kg - Vittalitat\" \/>\n<meta property=\"og:url\" content=\"https:\/\/vittalitat.com.br\/vittalitat\/loja\/luminaria-de-sal-rosa-2-a-4kg\/\" \/>\n<meta property=\"og:site_name\" content=\"Vittalitat\" \/>\n<meta property=\"article:publisher\" content=\"https:\/\/www.facebook.com\/vittalitat\" \/>\n<meta property=\"article:modified_time\" content=\"2025-12-08T12:35:13+00:00\" \/>\n<meta property=\"og:image\" content=\"https:\/\/vittalitat.com.br\/vittalitat\/wp-content\/uploads\/2020\/05\/Luminaria-de-Sal-do-Himalaia.png\" \/>\n\t<meta property=\"og:image:width\" content=\"1000\" \/>\n\t<meta property=\"og:image:height\" content=\"1000\" \/>\n\t<meta property=\"og:image:type\" content=\"image\/png\" \/>\n<meta name=\"twitter:card\" content=\"summary_large_image\" \/>\n<script type=\"application\/ld+json\" class=\"yoast-schema-graph\">{\"@context\":\"https:\/\/schema.org\",\"@graph\":[{\"@type\":\"WebPage\",\"@id\":\"https:\/\/vittalitat.com.br\/vittalitat\/loja\/luminaria-de-sal-rosa-2-a-4kg\/\",\"url\":\"https:\/\/vittalitat.com.br\/vittalitat\/loja\/luminaria-de-sal-rosa-2-a-4kg\/\",\"name\":\"Lumin\u00e1ria de Sal Rosa 2 a 3kg - Vittalitat\",\"isPartOf\":{\"@id\":\"https:\/\/vittalitat.com.br\/vittalitat\/#website\"},\"datePublished\":\"2020-05-25T18:50:58+00:00\",\"dateModified\":\"2025-12-08T12:35:13+00:00\",\"description\":\"Lumin\u00e1ria de Sal Rosa 2 a 3kg - Vittalitat\",\"breadcrumb\":{\"@id\":\"https:\/\/vittalitat.com.br\/vittalitat\/loja\/luminaria-de-sal-rosa-2-a-4kg\/#breadcrumb\"},\"inLanguage\":\"pt-BR\",\"potentialAction\":[{\"@type\":\"ReadAction\",\"target\":[\"https:\/\/vittalitat.com.br\/vittalitat\/loja\/luminaria-de-sal-rosa-2-a-4kg\/\"]}]},{\"@type\":\"BreadcrumbList\",\"@id\":\"https:\/\/vittalitat.com.br\/vittalitat\/loja\/luminaria-de-sal-rosa-2-a-4kg\/#breadcrumb\",\"itemListElement\":[{\"@type\":\"ListItem\",\"position\":1,\"name\":\"In\u00edcio\",\"item\":\"https:\/\/vittalitat.com.br\/vittalitat\/\"},{\"@type\":\"ListItem\",\"position\":2,\"name\":\"Produtos\",\"item\":\"https:\/\/vittalitat.com.br\/vittalitat\/shop\/\"},{\"@type\":\"ListItem\",\"position\":3,\"name\":\"Lumin\u00e1ria de Sal Rosa 2 a 3kg\"}]},{\"@type\":\"WebSite\",\"@id\":\"https:\/\/vittalitat.com.br\/vittalitat\/#website\",\"url\":\"https:\/\/vittalitat.com.br\/vittalitat\/\",\"name\":\"Vittalitat\",\"description\":\"Sa\u00fade, preven\u00e7\u00e3o e bem-estar\",\"publisher\":{\"@id\":\"https:\/\/vittalitat.com.br\/vittalitat\/#organization\"},\"potentialAction\":[{\"@type\":\"SearchAction\",\"target\":{\"@type\":\"EntryPoint\",\"urlTemplate\":\"https:\/\/vittalitat.com.br\/vittalitat\/?s={search_term_string}\"},\"query-input\":\"required name=search_term_string\"}],\"inLanguage\":\"pt-BR\"},{\"@type\":\"Organization\",\"@id\":\"https:\/\/vittalitat.com.br\/vittalitat\/#organization\",\"name\":\"Vittalitat\",\"url\":\"https:\/\/vittalitat.com.br\/vittalitat\/\",\"logo\":{\"@type\":\"ImageObject\",\"inLanguage\":\"pt-BR\",\"@id\":\"https:\/\/vittalitat.com.br\/vittalitat\/#\/schema\/logo\/image\/\",\"url\":\"https:\/\/vittalitat.com.br\/vittalitat\/wp-content\/uploads\/2020\/04\/logo-para-o-face.png\",\"contentUrl\":\"https:\/\/vittalitat.com.br\/vittalitat\/wp-content\/uploads\/2020\/04\/logo-para-o-face.png\",\"width\":700,\"height\":700,\"caption\":\"Vittalitat\"},\"image\":{\"@id\":\"https:\/\/vittalitat.com.br\/vittalitat\/#\/schema\/logo\/image\/\"},\"sameAs\":[\"https:\/\/www.facebook.com\/vittalitat\",\"https:\/\/www.instagram.com\/vittalitat\"]}]}<\/script>\n<!-- \/ Yoast SEO plugin. -->","yoast_head_json":{"title":"Lumin\u00e1ria de Sal Rosa 2 a 3kg - Vittalitat","description":"Lumin\u00e1ria de Sal Rosa 2 a 3kg - Vittalitat","robots":{"index":"index","follow":"follow","max-snippet":"max-snippet:-1","max-image-preview":"max-image-preview:large","max-video-preview":"max-video-preview:-1"},"canonical":"https:\/\/vittalitat.com.br\/vittalitat\/loja\/luminaria-de-sal-rosa-2-a-4kg\/","og_locale":"pt_BR","og_type":"article","og_title":"Lumin\u00e1ria de Sal Rosa 2 a 3kg - Vittalitat","og_description":"Lumin\u00e1ria de Sal Rosa 2 a 3kg - Vittalitat","og_url":"https:\/\/vittalitat.com.br\/vittalitat\/loja\/luminaria-de-sal-rosa-2-a-4kg\/","og_site_name":"Vittalitat","article_publisher":"https:\/\/www.facebook.com\/vittalitat","article_modified_time":"2025-12-08T12:35:13+00:00","og_image":[{"width":1000,"height":1000,"url":"https:\/\/vittalitat.com.br\/vittalitat\/wp-content\/uploads\/2020\/05\/Luminaria-de-Sal-do-Himalaia.png","type":"image\/png"}],"twitter_card":"summary_large_image","schema":{"@context":"https:\/\/schema.org","@graph":[{"@type":"WebPage","@id":"https:\/\/vittalitat.com.br\/vittalitat\/loja\/luminaria-de-sal-rosa-2-a-4kg\/","url":"https:\/\/vittalitat.com.br\/vittalitat\/loja\/luminaria-de-sal-rosa-2-a-4kg\/","name":"Lumin\u00e1ria de Sal Rosa 2 a 3kg - Vittalitat","isPartOf":{"@id":"https:\/\/vittalitat.com.br\/vittalitat\/#website"},"datePublished":"2020-05-25T18:50:58+00:00","dateModified":"2025-12-08T12:35:13+00:00","description":"Lumin\u00e1ria de Sal Rosa 2 a 3kg - Vittalitat","breadcrumb":{"@id":"https:\/\/vittalitat.com.br\/vittalitat\/loja\/luminaria-de-sal-rosa-2-a-4kg\/#breadcrumb"},"inLanguage":"pt-BR","potentialAction":[{"@type":"ReadAction","target":["https:\/\/vittalitat.com.br\/vittalitat\/loja\/luminaria-de-sal-rosa-2-a-4kg\/"]}]},{"@type":"BreadcrumbList","@id":"https:\/\/vittalitat.com.br\/vittalitat\/loja\/luminaria-de-sal-rosa-2-a-4kg\/#breadcrumb","itemListElement":[{"@type":"ListItem","position":1,"name":"In\u00edcio","item":"https:\/\/vittalitat.com.br\/vittalitat\/"},{"@type":"ListItem","position":2,"name":"Produtos","item":"https:\/\/vittalitat.com.br\/vittalitat\/shop\/"},{"@type":"ListItem","position":3,"name":"Lumin\u00e1ria de Sal Rosa 2 a 3kg"}]},{"@type":"WebSite","@id":"https:\/\/vittalitat.com.br\/vittalitat\/#website","url":"https:\/\/vittalitat.com.br\/vittalitat\/","name":"Vittalitat","description":"Sa\u00fade, preven\u00e7\u00e3o e bem-estar","publisher":{"@id":"https:\/\/vittalitat.com.br\/vittalitat\/#organization"},"potentialAction":[{"@type":"SearchAction","target":{"@type":"EntryPoint","urlTemplate":"https:\/\/vittalitat.com.br\/vittalitat\/?s={search_term_string}"},"query-input":"required name=search_term_string"}],"inLanguage":"pt-BR"},{"@type":"Organization","@id":"https:\/\/vittalitat.com.br\/vittalitat\/#organization","name":"Vittalitat","url":"https:\/\/vittalitat.com.br\/vittalitat\/","logo":{"@type":"ImageObject","inLanguage":"pt-BR","@id":"https:\/\/vittalitat.com.br\/vittalitat\/#\/schema\/logo\/image\/","url":"https:\/\/vittalitat.com.br\/vittalitat\/wp-content\/uploads\/2020\/04\/logo-para-o-face.png","contentUrl":"https:\/\/vittalitat.com.br\/vittalitat\/wp-content\/uploads\/2020\/04\/logo-para-o-face.png","width":700,"height":700,"caption":"Vittalitat"},"image":{"@id":"https:\/\/vittalitat.com.br\/vittalitat\/#\/schema\/logo\/image\/"},"sameAs":["https:\/\/www.facebook.com\/vittalitat","https:\/\/www.instagram.com\/vittalitat"]}]}},"_links":{"self":[{"href":"https:\/\/vittalitat.com.br\/vittalitat\/wp-json\/wp\/v2\/product\/379","targetHints":{"allow":["GET"]}}],"collection":[{"href":"https:\/\/vittalitat.com.br\/vittalitat\/wp-json\/wp\/v2\/product"}],"about":[{"href":"https:\/\/vittalitat.com.br\/vittalitat\/wp-json\/wp\/v2\/types\/product"}],"replies":[{"embeddable":true,"href":"https:\/\/vittalitat.com.br\/vittalitat\/wp-json\/wp\/v2\/comments?post=379"}],"wp:featuredmedia":[{"embeddable":true,"href":"https:\/\/vittalitat.com.br\/vittalitat\/wp-json\/wp\/v2\/media\/381"}],"wp:attachment":[{"href":"https:\/\/vittalitat.com.br\/vittalitat\/wp-json\/wp\/v2\/media?parent=379"}],"wp:term":[{"taxonomy":"product_brand","embeddable":true,"href":"https:\/\/vittalitat.com.br\/vittalitat\/wp-json\/wp\/v2\/product_brand?post=379"},{"taxonomy":"product_cat","embeddable":true,"href":"https:\/\/vittalitat.com.br\/vittalitat\/wp-json\/wp\/v2\/product_cat?post=379"},{"taxonomy":"product_tag","embeddable":true,"href":"https:\/\/vittalitat.com.br\/vittalitat\/wp-json\/wp\/v2\/product_tag?post=379"}],"curies":[{"name":"wp","href":"https:\/\/api.w.org\/{rel}","templated":true}]}}