{"id":362,"date":"2020-05-18T14:37:51","date_gmt":"2020-05-18T17:37:51","guid":{"rendered":"https:\/\/vittalitat.com.br\/vittalitat\/?post_type=product&#038;p=362"},"modified":"2026-03-23T18:03:06","modified_gmt":"2026-03-23T21:03:06","slug":"floranew-liquido-630g-anew","status":"publish","type":"product","link":"https:\/\/vittalitat.com.br\/vittalitat\/loja\/floranew-liquido-630g-anew\/","title":{"rendered":"Floranew L\u00edquido 630g &#8211; Anew"},"content":{"rendered":"<p>Elaborado pelo professor Michio Kushi, pai da Macrobi\u00f3tica moderna,e produzido a partir de dezenas de ingredientes naturais (frutas, verduras, legumes, gr\u00e3os, algas, ra\u00edzes e especiarias) que fazem parte de uma boa alimenta\u00e7\u00e3o e s\u00e3o fornecedores de vitaminas e minerais, Floranew \u00e9 um composto alimentar que, acompanhado de boa alimenta\u00e7\u00e3o,colabora com as fun\u00e7\u00f5es do organismo para manter, prover e ativar as fontes de energia sem as quais o organismo n\u00e3o conseguiria formar os nutrientes necess\u00e1rios para seu funcionamento e n\u00e3o conseguiria realizar o metabolismo (ou seja, seria imposs\u00edvel efetuar movimentos, pensar, excretar, etc.)<\/p>\n<p><b>Benef\u00edcios<\/b><\/p>\n<ul>\n<li>&#8211; Auxilia no fortalecimento do Sistema Imunol\u00f3gico<\/li>\n<li>&#8211; Auxilia na limpeza do intestino<\/li>\n<li>&#8211; Auxilia na desintoxica\u00e7\u00e3o<\/li>\n<li>&#8211; Ativa as enzimas<\/li>\n<li>&#8211; Auxilia na digest\u00e3o e absor\u00e7\u00e3o de nutrientes<\/li>\n<li>&#8211; Favorece o equil\u00edbrio microbi\u00f3tico do organismo<\/li>\n<li>&#8211; Auxilia no funcionamento do intestino<\/li>\n<li>&#8211; Auxilia na produ\u00e7\u00e3o de Equol, que estimula a produ\u00e7\u00e3o de col\u00e1geno<\/li>\n<li>&#8211; Auxilia na recupera\u00e7\u00e3o da sa\u00fade intestinal<\/li>\n<li>&#8211; Auxilia na melhora do humor<\/li>\n<li>&#8211; Alimento Macrobi\u00f3tico<\/li>\n<li>&#8211; Rico em fibras<\/li>\n<li>&#8211; Auxilia na forma\u00e7\u00e3o de enzimas<\/li>\n<li>&#8211; Auxilio na melhora de taxas de glicemia, triglic\u00e9rides e colesterol<\/li>\n<li>&#8211; Auxilia na melhora do sono<\/li>\n<li>&#8211; Auxilia no emagrecimento<\/li>\n<\/ul>\n<p>&nbsp;<\/p>\n<p><b>Informa\u00e7\u00f5es Complementares<\/b><\/p>\n<p>Floranew \u00e9 produzida na Fazenda Anew,situada em Corguinho (Ms). Pelo fato de ser esse ambiente isento de agrot\u00f3xicos e deoutras formas de polui\u00e7\u00e3o, propicia o processamento da fermenta\u00e7\u00e3o terci\u00e1ria,fato raro em condi\u00e7\u00f5es naturais.Al\u00e9m da fermenta\u00e7\u00e3o diferenciada, a Fazenda Anew proporciona ao produto Floranew uma \u00e1gua mineral de excelente qualidade, com grau de dureza 1,2 mg\/l, ou seja, \u00e9 extremamente leve, suave e rara no planeta.<\/p>\n<p>&nbsp;<\/p>\n<p><b>Ingredientes<\/b><\/p>\n<p>Mistura de frutas e cereais.<\/p>\n<p>Frutos e folhas (abacaxi, abacate, acerola, a\u00e7a\u00ed, ameixa, banana, carambola, castanha de caju, castanha do par\u00e1, cupua\u00e7u, goiaba, graviola, kiwi, laranja, lim\u00e3o, ma\u00e7\u00e3, mam\u00e3o, manga, maracuj\u00e1, melancia, mel\u00e3o, p\u00eara, uva passa; ab\u00f3bora, br\u00f3colis, couve manteiga, chuchu, espinafre, piment\u00e3o, repolho e tomate); cereais (aveia, arroz integral, canjica amarelada, centeio, cevada, gergelim preto, milho de pipoca,); gr\u00e3os (ervilha, feij\u00e3o azuki, feij\u00e3o jalo, feij\u00e3o preto, feij\u00e3o roxinho, gr\u00e3o de bico, lentilha e soja); ra\u00edzes (batata doce, beterraba, cenoura, gengibre, mandioca e yakon); especiarias (a\u00e7afr\u00e3o, alecrim, canela, cravo da \u00edndia, hortel\u00e3, manjeric\u00e3o e salsa); alga kombu, alga marinha nori, alga wakame, cogumelo champignon, cogumelo shiitake, a\u00e7\u00facar mascavo e \u00e1gua. N\u00c3O CONT\u00c9M GL\u00daTEN.<\/p>\n<p>&nbsp;<\/p>\n<p><b>Modo de Uso<\/b><\/p>\n<p>Recomenda\u00e7\u00e3o de consumo: ingerir pelo menos 3 sach\u00eas por dia ou 1 \u00bd colher de sopa. Pode ser bebido puro, diretamente do sach\u00ea ou colher, ou misturado a sucos, sopas, doces, refogados, entre outros<\/p>\n","protected":false},"excerpt":{"rendered":"<p>Floranew \u00e9 produzida na Fazenda Anew,situada em Corguinho (Ms). Pelo fato de ser esse ambiente isento de agrot\u00f3xicos e deoutras formas de polui\u00e7\u00e3o, propicia o processamento da fermenta\u00e7\u00e3o terci\u00e1ria,fato raro em condi\u00e7\u00f5es naturais.Al\u00e9m da fermenta\u00e7\u00e3o diferenciada, a Fazenda Anew proporciona ao produto Floranew uma \u00e1gua mineral de excelentequalidade, com grau de dureza 1,2 mg\/l, ou seja, \u00e9 extremamente leve, suave e rara no planeta.<\/p>\n","protected":false},"featured_media":1621,"comment_status":"open","ping_status":"closed","template":"","meta":{"_coblocks_attr":"","_coblocks_dimensions":"","_coblocks_responsive_height":"","_coblocks_accordion_ie_support":""},"product_brand":[],"product_cat":[27,35],"product_tag":[38,71],"class_list":{"0":"post-362","1":"product","2":"type-product","3":"status-publish","4":"has-post-thumbnail","6":"product_cat-anew","7":"product_cat-floranew","8":"product_tag-fermentado","9":"product_tag-floranew","11":"first","12":"outofstock","13":"shipping-taxable","14":"purchasable","15":"product-type-simple"},"yoast_head":"<!-- This site is optimized with the Yoast SEO plugin v21.9.1 - https:\/\/yoast.com\/wordpress\/plugins\/seo\/ -->\n<title>Floranew L\u00edquido 630g - Anew - Vittalitat<\/title>\n<meta name=\"description\" content=\"Floranew \u00e9 um composto alimentar que, acompanhado de boa alimenta\u00e7\u00e3o,colabora com as fun\u00e7\u00f5es do organismo para manter, prover e ativar as fontes de energia sem as quais o organismo n\u00e3o conseguiria formar os nutrientes necess\u00e1rios para seu funcionamento e n\u00e3o conseguiria realizar o metabolismo (ou seja, seria imposs\u00edvel efetuar movimentos, pensar, excretar, etc.)\" \/>\n<meta name=\"robots\" content=\"index, follow, max-snippet:-1, max-image-preview:large, max-video-preview:-1\" \/>\n<link rel=\"canonical\" href=\"https:\/\/vittalitat.com.br\/vittalitat\/loja\/floranew-liquido-630g-anew\/\" \/>\n<meta property=\"og:locale\" content=\"pt_BR\" \/>\n<meta property=\"og:type\" content=\"article\" \/>\n<meta property=\"og:title\" content=\"Floranew L\u00edquido 630g - Anew - Vittalitat\" \/>\n<meta property=\"og:description\" content=\"Floranew \u00e9 um composto alimentar que, acompanhado de boa alimenta\u00e7\u00e3o,colabora com as fun\u00e7\u00f5es do organismo para manter, prover e ativar as fontes de energia sem as quais o organismo n\u00e3o conseguiria formar os nutrientes necess\u00e1rios para seu funcionamento e n\u00e3o conseguiria realizar o metabolismo (ou seja, seria imposs\u00edvel efetuar movimentos, pensar, excretar, etc.)\" \/>\n<meta property=\"og:url\" content=\"https:\/\/vittalitat.com.br\/vittalitat\/loja\/floranew-liquido-630g-anew\/\" \/>\n<meta property=\"og:site_name\" content=\"Vittalitat\" \/>\n<meta property=\"article:publisher\" content=\"https:\/\/www.facebook.com\/vittalitat\" \/>\n<meta property=\"article:modified_time\" content=\"2026-03-23T21:03:06+00:00\" \/>\n<meta property=\"og:image\" content=\"https:\/\/vittalitat.com.br\/vittalitat\/wp-content\/uploads\/2020\/05\/Flora-garrafa-1.png\" \/>\n\t<meta property=\"og:image:width\" content=\"205\" \/>\n\t<meta property=\"og:image:height\" content=\"613\" \/>\n\t<meta property=\"og:image:type\" content=\"image\/png\" \/>\n<meta name=\"twitter:card\" content=\"summary_large_image\" \/>\n<meta name=\"twitter:label1\" content=\"Est. tempo de leitura\" \/>\n\t<meta name=\"twitter:data1\" content=\"2 minutos\" \/>\n<script type=\"application\/ld+json\" class=\"yoast-schema-graph\">{\"@context\":\"https:\/\/schema.org\",\"@graph\":[{\"@type\":\"WebPage\",\"@id\":\"https:\/\/vittalitat.com.br\/vittalitat\/loja\/floranew-liquido-630g-anew\/\",\"url\":\"https:\/\/vittalitat.com.br\/vittalitat\/loja\/floranew-liquido-630g-anew\/\",\"name\":\"Floranew L\u00edquido 630g - Anew - Vittalitat\",\"isPartOf\":{\"@id\":\"https:\/\/vittalitat.com.br\/vittalitat\/#website\"},\"datePublished\":\"2020-05-18T17:37:51+00:00\",\"dateModified\":\"2026-03-23T21:03:06+00:00\",\"description\":\"Floranew \u00e9 um composto alimentar que, acompanhado de boa alimenta\u00e7\u00e3o,colabora com as fun\u00e7\u00f5es do organismo para manter, prover e ativar as fontes de energia sem as quais o organismo n\u00e3o conseguiria formar os nutrientes necess\u00e1rios para seu funcionamento e n\u00e3o conseguiria realizar o metabolismo (ou seja, seria imposs\u00edvel efetuar movimentos, pensar, excretar, etc.)\",\"breadcrumb\":{\"@id\":\"https:\/\/vittalitat.com.br\/vittalitat\/loja\/floranew-liquido-630g-anew\/#breadcrumb\"},\"inLanguage\":\"pt-BR\",\"potentialAction\":[{\"@type\":\"ReadAction\",\"target\":[\"https:\/\/vittalitat.com.br\/vittalitat\/loja\/floranew-liquido-630g-anew\/\"]}]},{\"@type\":\"BreadcrumbList\",\"@id\":\"https:\/\/vittalitat.com.br\/vittalitat\/loja\/floranew-liquido-630g-anew\/#breadcrumb\",\"itemListElement\":[{\"@type\":\"ListItem\",\"position\":1,\"name\":\"In\u00edcio\",\"item\":\"https:\/\/vittalitat.com.br\/vittalitat\/\"},{\"@type\":\"ListItem\",\"position\":2,\"name\":\"Produtos\",\"item\":\"https:\/\/vittalitat.com.br\/vittalitat\/shop\/\"},{\"@type\":\"ListItem\",\"position\":3,\"name\":\"Floranew L\u00edquido 630g &#8211; Anew\"}]},{\"@type\":\"WebSite\",\"@id\":\"https:\/\/vittalitat.com.br\/vittalitat\/#website\",\"url\":\"https:\/\/vittalitat.com.br\/vittalitat\/\",\"name\":\"Vittalitat\",\"description\":\"Sa\u00fade, preven\u00e7\u00e3o e bem-estar\",\"publisher\":{\"@id\":\"https:\/\/vittalitat.com.br\/vittalitat\/#organization\"},\"potentialAction\":[{\"@type\":\"SearchAction\",\"target\":{\"@type\":\"EntryPoint\",\"urlTemplate\":\"https:\/\/vittalitat.com.br\/vittalitat\/?s={search_term_string}\"},\"query-input\":\"required name=search_term_string\"}],\"inLanguage\":\"pt-BR\"},{\"@type\":\"Organization\",\"@id\":\"https:\/\/vittalitat.com.br\/vittalitat\/#organization\",\"name\":\"Vittalitat\",\"url\":\"https:\/\/vittalitat.com.br\/vittalitat\/\",\"logo\":{\"@type\":\"ImageObject\",\"inLanguage\":\"pt-BR\",\"@id\":\"https:\/\/vittalitat.com.br\/vittalitat\/#\/schema\/logo\/image\/\",\"url\":\"https:\/\/vittalitat.com.br\/vittalitat\/wp-content\/uploads\/2020\/04\/logo-para-o-face.png\",\"contentUrl\":\"https:\/\/vittalitat.com.br\/vittalitat\/wp-content\/uploads\/2020\/04\/logo-para-o-face.png\",\"width\":700,\"height\":700,\"caption\":\"Vittalitat\"},\"image\":{\"@id\":\"https:\/\/vittalitat.com.br\/vittalitat\/#\/schema\/logo\/image\/\"},\"sameAs\":[\"https:\/\/www.facebook.com\/vittalitat\",\"https:\/\/www.instagram.com\/vittalitat\"]}]}<\/script>\n<!-- \/ Yoast SEO plugin. -->","yoast_head_json":{"title":"Floranew L\u00edquido 630g - Anew - Vittalitat","description":"Floranew \u00e9 um composto alimentar que, acompanhado de boa alimenta\u00e7\u00e3o,colabora com as fun\u00e7\u00f5es do organismo para manter, prover e ativar as fontes de energia sem as quais o organismo n\u00e3o conseguiria formar os nutrientes necess\u00e1rios para seu funcionamento e n\u00e3o conseguiria realizar o metabolismo (ou seja, seria imposs\u00edvel efetuar movimentos, pensar, excretar, etc.)","robots":{"index":"index","follow":"follow","max-snippet":"max-snippet:-1","max-image-preview":"max-image-preview:large","max-video-preview":"max-video-preview:-1"},"canonical":"https:\/\/vittalitat.com.br\/vittalitat\/loja\/floranew-liquido-630g-anew\/","og_locale":"pt_BR","og_type":"article","og_title":"Floranew L\u00edquido 630g - Anew - Vittalitat","og_description":"Floranew \u00e9 um composto alimentar que, acompanhado de boa alimenta\u00e7\u00e3o,colabora com as fun\u00e7\u00f5es do organismo para manter, prover e ativar as fontes de energia sem as quais o organismo n\u00e3o conseguiria formar os nutrientes necess\u00e1rios para seu funcionamento e n\u00e3o conseguiria realizar o metabolismo (ou seja, seria imposs\u00edvel efetuar movimentos, pensar, excretar, etc.)","og_url":"https:\/\/vittalitat.com.br\/vittalitat\/loja\/floranew-liquido-630g-anew\/","og_site_name":"Vittalitat","article_publisher":"https:\/\/www.facebook.com\/vittalitat","article_modified_time":"2026-03-23T21:03:06+00:00","og_image":[{"width":205,"height":613,"url":"https:\/\/vittalitat.com.br\/vittalitat\/wp-content\/uploads\/2020\/05\/Flora-garrafa-1.png","type":"image\/png"}],"twitter_card":"summary_large_image","twitter_misc":{"Est. tempo de leitura":"2 minutos"},"schema":{"@context":"https:\/\/schema.org","@graph":[{"@type":"WebPage","@id":"https:\/\/vittalitat.com.br\/vittalitat\/loja\/floranew-liquido-630g-anew\/","url":"https:\/\/vittalitat.com.br\/vittalitat\/loja\/floranew-liquido-630g-anew\/","name":"Floranew L\u00edquido 630g - Anew - Vittalitat","isPartOf":{"@id":"https:\/\/vittalitat.com.br\/vittalitat\/#website"},"datePublished":"2020-05-18T17:37:51+00:00","dateModified":"2026-03-23T21:03:06+00:00","description":"Floranew \u00e9 um composto alimentar que, acompanhado de boa alimenta\u00e7\u00e3o,colabora com as fun\u00e7\u00f5es do organismo para manter, prover e ativar as fontes de energia sem as quais o organismo n\u00e3o conseguiria formar os nutrientes necess\u00e1rios para seu funcionamento e n\u00e3o conseguiria realizar o metabolismo (ou seja, seria imposs\u00edvel efetuar movimentos, pensar, excretar, etc.)","breadcrumb":{"@id":"https:\/\/vittalitat.com.br\/vittalitat\/loja\/floranew-liquido-630g-anew\/#breadcrumb"},"inLanguage":"pt-BR","potentialAction":[{"@type":"ReadAction","target":["https:\/\/vittalitat.com.br\/vittalitat\/loja\/floranew-liquido-630g-anew\/"]}]},{"@type":"BreadcrumbList","@id":"https:\/\/vittalitat.com.br\/vittalitat\/loja\/floranew-liquido-630g-anew\/#breadcrumb","itemListElement":[{"@type":"ListItem","position":1,"name":"In\u00edcio","item":"https:\/\/vittalitat.com.br\/vittalitat\/"},{"@type":"ListItem","position":2,"name":"Produtos","item":"https:\/\/vittalitat.com.br\/vittalitat\/shop\/"},{"@type":"ListItem","position":3,"name":"Floranew L\u00edquido 630g &#8211; Anew"}]},{"@type":"WebSite","@id":"https:\/\/vittalitat.com.br\/vittalitat\/#website","url":"https:\/\/vittalitat.com.br\/vittalitat\/","name":"Vittalitat","description":"Sa\u00fade, preven\u00e7\u00e3o e bem-estar","publisher":{"@id":"https:\/\/vittalitat.com.br\/vittalitat\/#organization"},"potentialAction":[{"@type":"SearchAction","target":{"@type":"EntryPoint","urlTemplate":"https:\/\/vittalitat.com.br\/vittalitat\/?s={search_term_string}"},"query-input":"required name=search_term_string"}],"inLanguage":"pt-BR"},{"@type":"Organization","@id":"https:\/\/vittalitat.com.br\/vittalitat\/#organization","name":"Vittalitat","url":"https:\/\/vittalitat.com.br\/vittalitat\/","logo":{"@type":"ImageObject","inLanguage":"pt-BR","@id":"https:\/\/vittalitat.com.br\/vittalitat\/#\/schema\/logo\/image\/","url":"https:\/\/vittalitat.com.br\/vittalitat\/wp-content\/uploads\/2020\/04\/logo-para-o-face.png","contentUrl":"https:\/\/vittalitat.com.br\/vittalitat\/wp-content\/uploads\/2020\/04\/logo-para-o-face.png","width":700,"height":700,"caption":"Vittalitat"},"image":{"@id":"https:\/\/vittalitat.com.br\/vittalitat\/#\/schema\/logo\/image\/"},"sameAs":["https:\/\/www.facebook.com\/vittalitat","https:\/\/www.instagram.com\/vittalitat"]}]}},"_links":{"self":[{"href":"https:\/\/vittalitat.com.br\/vittalitat\/wp-json\/wp\/v2\/product\/362","targetHints":{"allow":["GET"]}}],"collection":[{"href":"https:\/\/vittalitat.com.br\/vittalitat\/wp-json\/wp\/v2\/product"}],"about":[{"href":"https:\/\/vittalitat.com.br\/vittalitat\/wp-json\/wp\/v2\/types\/product"}],"replies":[{"embeddable":true,"href":"https:\/\/vittalitat.com.br\/vittalitat\/wp-json\/wp\/v2\/comments?post=362"}],"wp:featuredmedia":[{"embeddable":true,"href":"https:\/\/vittalitat.com.br\/vittalitat\/wp-json\/wp\/v2\/media\/1621"}],"wp:attachment":[{"href":"https:\/\/vittalitat.com.br\/vittalitat\/wp-json\/wp\/v2\/media?parent=362"}],"wp:term":[{"taxonomy":"product_brand","embeddable":true,"href":"https:\/\/vittalitat.com.br\/vittalitat\/wp-json\/wp\/v2\/product_brand?post=362"},{"taxonomy":"product_cat","embeddable":true,"href":"https:\/\/vittalitat.com.br\/vittalitat\/wp-json\/wp\/v2\/product_cat?post=362"},{"taxonomy":"product_tag","embeddable":true,"href":"https:\/\/vittalitat.com.br\/vittalitat\/wp-json\/wp\/v2\/product_tag?post=362"}],"curies":[{"name":"wp","href":"https:\/\/api.w.org\/{rel}","templated":true}]}}