{"id":327,"date":"2020-05-14T18:55:55","date_gmt":"2020-05-14T21:55:55","guid":{"rendered":"https:\/\/vittalitat.com.br\/vittalitat\/?post_type=product&#038;p=327"},"modified":"2026-03-27T08:56:21","modified_gmt":"2026-03-27T11:56:21","slug":"floranew-liquido-90-saches-10g","status":"publish","type":"product","link":"https:\/\/vittalitat.com.br\/vittalitat\/loja\/floranew-liquido-90-saches-10g\/","title":{"rendered":"Floranew L\u00edquido 90 sach\u00eas 10g"},"content":{"rendered":"<p>Elaborado pelo professor Michio Kushi, pai da Macrobi\u00f3tica moderna,e produzido a partir de dezenas de ingredientes naturais (frutas, verduras, legumes, gr\u00e3os, algas, ra\u00edzes e especiarias) que fazem parte de uma boa alimenta\u00e7\u00e3o e s\u00e3o fornecedores de vitaminas e minerais, Floranew \u00e9 um composto alimentar que, acompanhado de boa alimenta\u00e7\u00e3o,colabora com as fun\u00e7\u00f5es do organismo para manter, prover e ativar as fontes de energia sem as quais o organismo n\u00e3o conseguiria formar os nutrientes necess\u00e1rios para seu funcionamento e n\u00e3o conseguiria realizar o metabolismo (ou seja, seria imposs\u00edvel efetuar movimentos, pensar, excretar, etc.)<\/p>\n<p>Floranew \u00e9 produzida na Fazenda Anew, situada em Corguinho (Ms). Pelo fato de ser esse ambiente isento de agrot\u00f3xicos e de outras formas de polui\u00e7\u00e3o, propicia o processamento da fermenta\u00e7\u00e3o terci\u00e1ria,fato raro em condi\u00e7\u00f5es naturais.Al\u00e9m da fermenta\u00e7\u00e3o diferenciada, a Fazenda Anew proporciona ao produto Floranew uma \u00e1gua mineral de excelente qualidade, com grau de dureza 1,2 mg\/l, ou seja, \u00e9 extremamente leve, suave e rara no planeta.<\/p>\n<p><strong>Benef\u00edcios e Diferenciais<\/strong><br \/>\n&#8211; Sem gl\u00faten;<br \/>\n&#8211; Sem a\u00e7\u00facar;<br \/>\n&#8211; Sem aromatizantes;<br \/>\n&#8211; Sem conservantes;<br \/>\n&#8211; Sem corantes;<br \/>\n&#8211; Sem lactose;<\/p>\n<p><strong>Ingredientes<\/strong><br \/>\nMistura de frutas e cereais.<\/p>\n<p><strong>Modo de Uso<\/strong><br \/>\nRecomenda\u00e7\u00e3o de consumo: ingerir pelo menos 3 sach\u00eas por dia ou 1 \u00bd colher de sopa. Pode ser bebido puro, diretamente do sach\u00ea ou colher, ou misturado a sucos, sopas, doces, refogados, entre outros.<\/p>\n","protected":false},"excerpt":{"rendered":"<p>Floranew \u00e9 um composto alimentar que, acompanhado de boa alimenta\u00e7\u00e3o,colabora com as fun\u00e7\u00f5es do organismo para manter, prover e ativar as fontes de energia sem as quais o organismo n\u00e3o conseguiria formar os nutrientes necess\u00e1rios para seu funcionamento e n\u00e3o conseguiria realizar o metabolismo (ou seja, seria imposs\u00edvel efetuar movimentos, pensar, excretar, etc.)<\/p>\n","protected":false},"featured_media":106,"comment_status":"open","ping_status":"closed","template":"","meta":{"_coblocks_attr":"","_coblocks_dimensions":"","_coblocks_responsive_height":"","_coblocks_accordion_ie_support":""},"product_brand":[],"product_cat":[27,35],"product_tag":[38,36,37],"class_list":{"0":"post-327","1":"product","2":"type-product","3":"status-publish","4":"has-post-thumbnail","6":"product_cat-anew","7":"product_cat-floranew","8":"product_tag-fermentado","9":"product_tag-prebiotico","10":"product_tag-probiotico","12":"first","13":"instock","14":"shipping-taxable","15":"purchasable","16":"product-type-simple"},"yoast_head":"<!-- This site is optimized with the Yoast SEO plugin v21.9.1 - https:\/\/yoast.com\/wordpress\/plugins\/seo\/ -->\n<title>Floranew L\u00edquido 90 sach\u00eas 10g - Vittalitat<\/title>\n<meta name=\"description\" content=\"Floranew \u00e9 um composto alimentar que, acompanhado de boa alimenta\u00e7\u00e3o,colabora com as fun\u00e7\u00f5es do organismo para manter, prover e ativar as fontes de energia sem as quais o organismo n\u00e3o conseguiria formar os nutrientes necess\u00e1rios para seu funcionamento e n\u00e3o conseguiria realizar o metabolismo (ou seja, seria imposs\u00edvel efetuar movimentos, pensar, excretar, etc.)\" \/>\n<meta name=\"robots\" content=\"index, follow, max-snippet:-1, max-image-preview:large, max-video-preview:-1\" \/>\n<link rel=\"canonical\" href=\"https:\/\/vittalitat.com.br\/vittalitat\/loja\/floranew-liquido-90-saches-10g\/\" \/>\n<meta property=\"og:locale\" content=\"pt_BR\" \/>\n<meta property=\"og:type\" content=\"article\" \/>\n<meta property=\"og:title\" content=\"Floranew L\u00edquido 90 sach\u00eas 10g - Vittalitat\" \/>\n<meta property=\"og:description\" content=\"Floranew \u00e9 um composto alimentar que, acompanhado de boa alimenta\u00e7\u00e3o,colabora com as fun\u00e7\u00f5es do organismo para manter, prover e ativar as fontes de energia sem as quais o organismo n\u00e3o conseguiria formar os nutrientes necess\u00e1rios para seu funcionamento e n\u00e3o conseguiria realizar o metabolismo (ou seja, seria imposs\u00edvel efetuar movimentos, pensar, excretar, etc.)\" \/>\n<meta property=\"og:url\" content=\"https:\/\/vittalitat.com.br\/vittalitat\/loja\/floranew-liquido-90-saches-10g\/\" \/>\n<meta property=\"og:site_name\" content=\"Vittalitat\" \/>\n<meta property=\"article:publisher\" content=\"https:\/\/www.facebook.com\/vittalitat\" \/>\n<meta property=\"article:modified_time\" content=\"2026-03-27T11:56:21+00:00\" \/>\n<meta property=\"og:image\" content=\"https:\/\/vittalitat.com.br\/vittalitat\/wp-content\/uploads\/2020\/04\/36064088_1GG1.jpg\" \/>\n\t<meta property=\"og:image:width\" content=\"500\" \/>\n\t<meta property=\"og:image:height\" content=\"500\" \/>\n\t<meta property=\"og:image:type\" content=\"image\/jpeg\" \/>\n<meta name=\"twitter:card\" content=\"summary_large_image\" \/>\n<meta name=\"twitter:label1\" content=\"Est. tempo de leitura\" \/>\n\t<meta name=\"twitter:data1\" content=\"1 minuto\" \/>\n<script type=\"application\/ld+json\" class=\"yoast-schema-graph\">{\"@context\":\"https:\/\/schema.org\",\"@graph\":[{\"@type\":\"WebPage\",\"@id\":\"https:\/\/vittalitat.com.br\/vittalitat\/loja\/floranew-liquido-90-saches-10g\/\",\"url\":\"https:\/\/vittalitat.com.br\/vittalitat\/loja\/floranew-liquido-90-saches-10g\/\",\"name\":\"Floranew L\u00edquido 90 sach\u00eas 10g - Vittalitat\",\"isPartOf\":{\"@id\":\"https:\/\/vittalitat.com.br\/vittalitat\/#website\"},\"datePublished\":\"2020-05-14T21:55:55+00:00\",\"dateModified\":\"2026-03-27T11:56:21+00:00\",\"description\":\"Floranew \u00e9 um composto alimentar que, acompanhado de boa alimenta\u00e7\u00e3o,colabora com as fun\u00e7\u00f5es do organismo para manter, prover e ativar as fontes de energia sem as quais o organismo n\u00e3o conseguiria formar os nutrientes necess\u00e1rios para seu funcionamento e n\u00e3o conseguiria realizar o metabolismo (ou seja, seria imposs\u00edvel efetuar movimentos, pensar, excretar, etc.)\",\"breadcrumb\":{\"@id\":\"https:\/\/vittalitat.com.br\/vittalitat\/loja\/floranew-liquido-90-saches-10g\/#breadcrumb\"},\"inLanguage\":\"pt-BR\",\"potentialAction\":[{\"@type\":\"ReadAction\",\"target\":[\"https:\/\/vittalitat.com.br\/vittalitat\/loja\/floranew-liquido-90-saches-10g\/\"]}]},{\"@type\":\"BreadcrumbList\",\"@id\":\"https:\/\/vittalitat.com.br\/vittalitat\/loja\/floranew-liquido-90-saches-10g\/#breadcrumb\",\"itemListElement\":[{\"@type\":\"ListItem\",\"position\":1,\"name\":\"In\u00edcio\",\"item\":\"https:\/\/vittalitat.com.br\/vittalitat\/\"},{\"@type\":\"ListItem\",\"position\":2,\"name\":\"Produtos\",\"item\":\"https:\/\/vittalitat.com.br\/vittalitat\/shop\/\"},{\"@type\":\"ListItem\",\"position\":3,\"name\":\"Floranew L\u00edquido 90 sach\u00eas 10g\"}]},{\"@type\":\"WebSite\",\"@id\":\"https:\/\/vittalitat.com.br\/vittalitat\/#website\",\"url\":\"https:\/\/vittalitat.com.br\/vittalitat\/\",\"name\":\"Vittalitat\",\"description\":\"Sa\u00fade, preven\u00e7\u00e3o e bem-estar\",\"publisher\":{\"@id\":\"https:\/\/vittalitat.com.br\/vittalitat\/#organization\"},\"potentialAction\":[{\"@type\":\"SearchAction\",\"target\":{\"@type\":\"EntryPoint\",\"urlTemplate\":\"https:\/\/vittalitat.com.br\/vittalitat\/?s={search_term_string}\"},\"query-input\":\"required name=search_term_string\"}],\"inLanguage\":\"pt-BR\"},{\"@type\":\"Organization\",\"@id\":\"https:\/\/vittalitat.com.br\/vittalitat\/#organization\",\"name\":\"Vittalitat\",\"url\":\"https:\/\/vittalitat.com.br\/vittalitat\/\",\"logo\":{\"@type\":\"ImageObject\",\"inLanguage\":\"pt-BR\",\"@id\":\"https:\/\/vittalitat.com.br\/vittalitat\/#\/schema\/logo\/image\/\",\"url\":\"https:\/\/vittalitat.com.br\/vittalitat\/wp-content\/uploads\/2020\/04\/logo-para-o-face.png\",\"contentUrl\":\"https:\/\/vittalitat.com.br\/vittalitat\/wp-content\/uploads\/2020\/04\/logo-para-o-face.png\",\"width\":700,\"height\":700,\"caption\":\"Vittalitat\"},\"image\":{\"@id\":\"https:\/\/vittalitat.com.br\/vittalitat\/#\/schema\/logo\/image\/\"},\"sameAs\":[\"https:\/\/www.facebook.com\/vittalitat\",\"https:\/\/www.instagram.com\/vittalitat\"]}]}<\/script>\n<!-- \/ Yoast SEO plugin. -->","yoast_head_json":{"title":"Floranew L\u00edquido 90 sach\u00eas 10g - Vittalitat","description":"Floranew \u00e9 um composto alimentar que, acompanhado de boa alimenta\u00e7\u00e3o,colabora com as fun\u00e7\u00f5es do organismo para manter, prover e ativar as fontes de energia sem as quais o organismo n\u00e3o conseguiria formar os nutrientes necess\u00e1rios para seu funcionamento e n\u00e3o conseguiria realizar o metabolismo (ou seja, seria imposs\u00edvel efetuar movimentos, pensar, excretar, etc.)","robots":{"index":"index","follow":"follow","max-snippet":"max-snippet:-1","max-image-preview":"max-image-preview:large","max-video-preview":"max-video-preview:-1"},"canonical":"https:\/\/vittalitat.com.br\/vittalitat\/loja\/floranew-liquido-90-saches-10g\/","og_locale":"pt_BR","og_type":"article","og_title":"Floranew L\u00edquido 90 sach\u00eas 10g - Vittalitat","og_description":"Floranew \u00e9 um composto alimentar que, acompanhado de boa alimenta\u00e7\u00e3o,colabora com as fun\u00e7\u00f5es do organismo para manter, prover e ativar as fontes de energia sem as quais o organismo n\u00e3o conseguiria formar os nutrientes necess\u00e1rios para seu funcionamento e n\u00e3o conseguiria realizar o metabolismo (ou seja, seria imposs\u00edvel efetuar movimentos, pensar, excretar, etc.)","og_url":"https:\/\/vittalitat.com.br\/vittalitat\/loja\/floranew-liquido-90-saches-10g\/","og_site_name":"Vittalitat","article_publisher":"https:\/\/www.facebook.com\/vittalitat","article_modified_time":"2026-03-27T11:56:21+00:00","og_image":[{"width":500,"height":500,"url":"https:\/\/vittalitat.com.br\/vittalitat\/wp-content\/uploads\/2020\/04\/36064088_1GG1.jpg","type":"image\/jpeg"}],"twitter_card":"summary_large_image","twitter_misc":{"Est. tempo de leitura":"1 minuto"},"schema":{"@context":"https:\/\/schema.org","@graph":[{"@type":"WebPage","@id":"https:\/\/vittalitat.com.br\/vittalitat\/loja\/floranew-liquido-90-saches-10g\/","url":"https:\/\/vittalitat.com.br\/vittalitat\/loja\/floranew-liquido-90-saches-10g\/","name":"Floranew L\u00edquido 90 sach\u00eas 10g - Vittalitat","isPartOf":{"@id":"https:\/\/vittalitat.com.br\/vittalitat\/#website"},"datePublished":"2020-05-14T21:55:55+00:00","dateModified":"2026-03-27T11:56:21+00:00","description":"Floranew \u00e9 um composto alimentar que, acompanhado de boa alimenta\u00e7\u00e3o,colabora com as fun\u00e7\u00f5es do organismo para manter, prover e ativar as fontes de energia sem as quais o organismo n\u00e3o conseguiria formar os nutrientes necess\u00e1rios para seu funcionamento e n\u00e3o conseguiria realizar o metabolismo (ou seja, seria imposs\u00edvel efetuar movimentos, pensar, excretar, etc.)","breadcrumb":{"@id":"https:\/\/vittalitat.com.br\/vittalitat\/loja\/floranew-liquido-90-saches-10g\/#breadcrumb"},"inLanguage":"pt-BR","potentialAction":[{"@type":"ReadAction","target":["https:\/\/vittalitat.com.br\/vittalitat\/loja\/floranew-liquido-90-saches-10g\/"]}]},{"@type":"BreadcrumbList","@id":"https:\/\/vittalitat.com.br\/vittalitat\/loja\/floranew-liquido-90-saches-10g\/#breadcrumb","itemListElement":[{"@type":"ListItem","position":1,"name":"In\u00edcio","item":"https:\/\/vittalitat.com.br\/vittalitat\/"},{"@type":"ListItem","position":2,"name":"Produtos","item":"https:\/\/vittalitat.com.br\/vittalitat\/shop\/"},{"@type":"ListItem","position":3,"name":"Floranew L\u00edquido 90 sach\u00eas 10g"}]},{"@type":"WebSite","@id":"https:\/\/vittalitat.com.br\/vittalitat\/#website","url":"https:\/\/vittalitat.com.br\/vittalitat\/","name":"Vittalitat","description":"Sa\u00fade, preven\u00e7\u00e3o e bem-estar","publisher":{"@id":"https:\/\/vittalitat.com.br\/vittalitat\/#organization"},"potentialAction":[{"@type":"SearchAction","target":{"@type":"EntryPoint","urlTemplate":"https:\/\/vittalitat.com.br\/vittalitat\/?s={search_term_string}"},"query-input":"required name=search_term_string"}],"inLanguage":"pt-BR"},{"@type":"Organization","@id":"https:\/\/vittalitat.com.br\/vittalitat\/#organization","name":"Vittalitat","url":"https:\/\/vittalitat.com.br\/vittalitat\/","logo":{"@type":"ImageObject","inLanguage":"pt-BR","@id":"https:\/\/vittalitat.com.br\/vittalitat\/#\/schema\/logo\/image\/","url":"https:\/\/vittalitat.com.br\/vittalitat\/wp-content\/uploads\/2020\/04\/logo-para-o-face.png","contentUrl":"https:\/\/vittalitat.com.br\/vittalitat\/wp-content\/uploads\/2020\/04\/logo-para-o-face.png","width":700,"height":700,"caption":"Vittalitat"},"image":{"@id":"https:\/\/vittalitat.com.br\/vittalitat\/#\/schema\/logo\/image\/"},"sameAs":["https:\/\/www.facebook.com\/vittalitat","https:\/\/www.instagram.com\/vittalitat"]}]}},"_links":{"self":[{"href":"https:\/\/vittalitat.com.br\/vittalitat\/wp-json\/wp\/v2\/product\/327","targetHints":{"allow":["GET"]}}],"collection":[{"href":"https:\/\/vittalitat.com.br\/vittalitat\/wp-json\/wp\/v2\/product"}],"about":[{"href":"https:\/\/vittalitat.com.br\/vittalitat\/wp-json\/wp\/v2\/types\/product"}],"replies":[{"embeddable":true,"href":"https:\/\/vittalitat.com.br\/vittalitat\/wp-json\/wp\/v2\/comments?post=327"}],"wp:featuredmedia":[{"embeddable":true,"href":"https:\/\/vittalitat.com.br\/vittalitat\/wp-json\/wp\/v2\/media\/106"}],"wp:attachment":[{"href":"https:\/\/vittalitat.com.br\/vittalitat\/wp-json\/wp\/v2\/media?parent=327"}],"wp:term":[{"taxonomy":"product_brand","embeddable":true,"href":"https:\/\/vittalitat.com.br\/vittalitat\/wp-json\/wp\/v2\/product_brand?post=327"},{"taxonomy":"product_cat","embeddable":true,"href":"https:\/\/vittalitat.com.br\/vittalitat\/wp-json\/wp\/v2\/product_cat?post=327"},{"taxonomy":"product_tag","embeddable":true,"href":"https:\/\/vittalitat.com.br\/vittalitat\/wp-json\/wp\/v2\/product_tag?post=327"}],"curies":[{"name":"wp","href":"https:\/\/api.w.org\/{rel}","templated":true}]}}