{"id":317,"date":"2020-05-14T11:08:23","date_gmt":"2020-05-14T14:08:23","guid":{"rendered":"https:\/\/vittalitat.com.br\/vittalitat\/?post_type=product&#038;p=317"},"modified":"2025-01-09T17:52:17","modified_gmt":"2025-01-09T20:52:17","slug":"calda-de-agave-azul-sitio-do-moinho-330g","status":"publish","type":"product","link":"https:\/\/vittalitat.com.br\/vittalitat\/loja\/calda-de-agave-azul-sitio-do-moinho-330g\/","title":{"rendered":"Calda de agave azul &#8211; S\u00edtio do Moinho &#8211; 330g"},"content":{"rendered":"<div class=\"page-header\">\n<h2>Calda de Agave Azul &#8211; Ado\u00e7ante Natural Org\u00e2nico<\/h2>\n<\/div>\n<div>\n<h3><img fetchpriority=\"high\" decoding=\"async\" src=\"http:\/\/www.sitiodomoinho.com.br\/images\/stories\/sitio\/agave-azul-organico-sitio-do-moinho.png\" alt=\"O que \u00e9 agave azul - O agave azul do S\u00edtio do Moinho \u00e9 100% calda de agave natural e org\u00e2nico\" width=\"541\" height=\"440\" \/><\/h3>\n<h3>Uma nova forma de ado\u00e7ar sem alterar o sabor dos alimentos.<\/h3>\n<p>\u00c9 extra\u00eddo da planta Agave Tequilana, um cactus nativo do M\u00e9xico.<\/p>\n<p>Seu paladar neutro, similar ao a\u00e7\u00facar, n\u00e3o altera o sabor dos alimentos. Pode ser usado no dia a dia como ingrediente de receitas tradicionais e tamb\u00e9m para ado\u00e7ar caf\u00e9s, ch\u00e1s, sucos e muito mais.<\/p>\n<p>Com baixo \u00edndice glic\u00eamico cont\u00e9m apenas 3,33 calorias por grama.<\/p>\n<p>Sem gl\u00faten e sem lactose.<\/p>\n<p>Possui alto conte\u00fado de frutose e ado\u00e7a 30% a mais que o a\u00e7\u00facar comum, a sacarose.<\/p>\n<\/div>\n","protected":false},"excerpt":{"rendered":"<p>Calda de Agave Azul &#8211; Ado\u00e7ante Natural Org\u00e2nico Uma nova forma de ado\u00e7ar sem alterar o sabor dos alimentos. \u00c9 extra\u00eddo da planta Agave Tequilana, um cactus nativo do M\u00e9xico. Seu paladar neutro, similar ao a\u00e7\u00facar, n\u00e3o altera o sabor dos alimentos. Pode ser usado no dia a dia como ingrediente de receitas tradicionais e [&hellip;]<\/p>\n","protected":false},"featured_media":318,"comment_status":"open","ping_status":"closed","template":"","meta":{"_coblocks_attr":"","_coblocks_dimensions":"","_coblocks_responsive_height":"","_coblocks_accordion_ie_support":""},"product_brand":[],"product_cat":[45],"product_tag":[68,67],"class_list":{"0":"post-317","1":"product","2":"type-product","3":"status-publish","4":"has-post-thumbnail","6":"product_cat-mercearia","7":"product_tag-adoccante","8":"product_tag-agave","10":"first","11":"outofstock","12":"shipping-taxable","13":"purchasable","14":"product-type-simple"},"yoast_head":"<!-- This site is optimized with the Yoast SEO plugin v21.9.1 - https:\/\/yoast.com\/wordpress\/plugins\/seo\/ -->\n<title>Calda de agave azul - S\u00edtio do Moinho - 330g - Vittalitat<\/title>\n<meta name=\"description\" content=\"Calda de agave azul - S\u00edtio do Moinho - 330g - Vittalitat\" \/>\n<meta name=\"robots\" content=\"index, follow, max-snippet:-1, max-image-preview:large, max-video-preview:-1\" \/>\n<link rel=\"canonical\" href=\"https:\/\/vittalitat.com.br\/vittalitat\/loja\/calda-de-agave-azul-sitio-do-moinho-330g\/\" \/>\n<meta property=\"og:locale\" content=\"pt_BR\" \/>\n<meta property=\"og:type\" content=\"article\" \/>\n<meta property=\"og:title\" content=\"Calda de agave azul - S\u00edtio do Moinho - 330g - Vittalitat\" \/>\n<meta property=\"og:description\" content=\"Calda de agave azul - S\u00edtio do Moinho - 330g - Vittalitat\" \/>\n<meta property=\"og:url\" content=\"https:\/\/vittalitat.com.br\/vittalitat\/loja\/calda-de-agave-azul-sitio-do-moinho-330g\/\" \/>\n<meta property=\"og:site_name\" content=\"Vittalitat\" \/>\n<meta property=\"article:publisher\" content=\"https:\/\/www.facebook.com\/vittalitat\" \/>\n<meta property=\"article:modified_time\" content=\"2025-01-09T20:52:17+00:00\" \/>\n<meta property=\"og:image\" content=\"https:\/\/vittalitat.com.br\/vittalitat\/wp-content\/uploads\/2020\/05\/Agave-Azul.png\" \/>\n\t<meta property=\"og:image:width\" content=\"1024\" \/>\n\t<meta property=\"og:image:height\" content=\"1024\" \/>\n\t<meta property=\"og:image:type\" content=\"image\/png\" \/>\n<meta name=\"twitter:card\" content=\"summary_large_image\" \/>\n<meta name=\"twitter:label1\" content=\"Est. tempo de leitura\" \/>\n\t<meta name=\"twitter:data1\" content=\"1 minuto\" \/>\n<script type=\"application\/ld+json\" class=\"yoast-schema-graph\">{\"@context\":\"https:\/\/schema.org\",\"@graph\":[{\"@type\":\"WebPage\",\"@id\":\"https:\/\/vittalitat.com.br\/vittalitat\/loja\/calda-de-agave-azul-sitio-do-moinho-330g\/\",\"url\":\"https:\/\/vittalitat.com.br\/vittalitat\/loja\/calda-de-agave-azul-sitio-do-moinho-330g\/\",\"name\":\"Calda de agave azul - S\u00edtio do Moinho - 330g - Vittalitat\",\"isPartOf\":{\"@id\":\"https:\/\/vittalitat.com.br\/vittalitat\/#website\"},\"datePublished\":\"2020-05-14T14:08:23+00:00\",\"dateModified\":\"2025-01-09T20:52:17+00:00\",\"description\":\"Calda de agave azul - S\u00edtio do Moinho - 330g - Vittalitat\",\"breadcrumb\":{\"@id\":\"https:\/\/vittalitat.com.br\/vittalitat\/loja\/calda-de-agave-azul-sitio-do-moinho-330g\/#breadcrumb\"},\"inLanguage\":\"pt-BR\",\"potentialAction\":[{\"@type\":\"ReadAction\",\"target\":[\"https:\/\/vittalitat.com.br\/vittalitat\/loja\/calda-de-agave-azul-sitio-do-moinho-330g\/\"]}]},{\"@type\":\"BreadcrumbList\",\"@id\":\"https:\/\/vittalitat.com.br\/vittalitat\/loja\/calda-de-agave-azul-sitio-do-moinho-330g\/#breadcrumb\",\"itemListElement\":[{\"@type\":\"ListItem\",\"position\":1,\"name\":\"In\u00edcio\",\"item\":\"https:\/\/vittalitat.com.br\/vittalitat\/\"},{\"@type\":\"ListItem\",\"position\":2,\"name\":\"Produtos\",\"item\":\"https:\/\/vittalitat.com.br\/vittalitat\/shop\/\"},{\"@type\":\"ListItem\",\"position\":3,\"name\":\"Calda de agave azul &#8211; S\u00edtio do Moinho &#8211; 330g\"}]},{\"@type\":\"WebSite\",\"@id\":\"https:\/\/vittalitat.com.br\/vittalitat\/#website\",\"url\":\"https:\/\/vittalitat.com.br\/vittalitat\/\",\"name\":\"Vittalitat\",\"description\":\"Sa\u00fade, preven\u00e7\u00e3o e bem-estar\",\"publisher\":{\"@id\":\"https:\/\/vittalitat.com.br\/vittalitat\/#organization\"},\"potentialAction\":[{\"@type\":\"SearchAction\",\"target\":{\"@type\":\"EntryPoint\",\"urlTemplate\":\"https:\/\/vittalitat.com.br\/vittalitat\/?s={search_term_string}\"},\"query-input\":\"required name=search_term_string\"}],\"inLanguage\":\"pt-BR\"},{\"@type\":\"Organization\",\"@id\":\"https:\/\/vittalitat.com.br\/vittalitat\/#organization\",\"name\":\"Vittalitat\",\"url\":\"https:\/\/vittalitat.com.br\/vittalitat\/\",\"logo\":{\"@type\":\"ImageObject\",\"inLanguage\":\"pt-BR\",\"@id\":\"https:\/\/vittalitat.com.br\/vittalitat\/#\/schema\/logo\/image\/\",\"url\":\"https:\/\/vittalitat.com.br\/vittalitat\/wp-content\/uploads\/2020\/04\/logo-para-o-face.png\",\"contentUrl\":\"https:\/\/vittalitat.com.br\/vittalitat\/wp-content\/uploads\/2020\/04\/logo-para-o-face.png\",\"width\":700,\"height\":700,\"caption\":\"Vittalitat\"},\"image\":{\"@id\":\"https:\/\/vittalitat.com.br\/vittalitat\/#\/schema\/logo\/image\/\"},\"sameAs\":[\"https:\/\/www.facebook.com\/vittalitat\",\"https:\/\/www.instagram.com\/vittalitat\"]}]}<\/script>\n<!-- \/ Yoast SEO plugin. -->","yoast_head_json":{"title":"Calda de agave azul - S\u00edtio do Moinho - 330g - Vittalitat","description":"Calda de agave azul - S\u00edtio do Moinho - 330g - Vittalitat","robots":{"index":"index","follow":"follow","max-snippet":"max-snippet:-1","max-image-preview":"max-image-preview:large","max-video-preview":"max-video-preview:-1"},"canonical":"https:\/\/vittalitat.com.br\/vittalitat\/loja\/calda-de-agave-azul-sitio-do-moinho-330g\/","og_locale":"pt_BR","og_type":"article","og_title":"Calda de agave azul - S\u00edtio do Moinho - 330g - Vittalitat","og_description":"Calda de agave azul - S\u00edtio do Moinho - 330g - Vittalitat","og_url":"https:\/\/vittalitat.com.br\/vittalitat\/loja\/calda-de-agave-azul-sitio-do-moinho-330g\/","og_site_name":"Vittalitat","article_publisher":"https:\/\/www.facebook.com\/vittalitat","article_modified_time":"2025-01-09T20:52:17+00:00","og_image":[{"width":1024,"height":1024,"url":"https:\/\/vittalitat.com.br\/vittalitat\/wp-content\/uploads\/2020\/05\/Agave-Azul.png","type":"image\/png"}],"twitter_card":"summary_large_image","twitter_misc":{"Est. tempo de leitura":"1 minuto"},"schema":{"@context":"https:\/\/schema.org","@graph":[{"@type":"WebPage","@id":"https:\/\/vittalitat.com.br\/vittalitat\/loja\/calda-de-agave-azul-sitio-do-moinho-330g\/","url":"https:\/\/vittalitat.com.br\/vittalitat\/loja\/calda-de-agave-azul-sitio-do-moinho-330g\/","name":"Calda de agave azul - S\u00edtio do Moinho - 330g - Vittalitat","isPartOf":{"@id":"https:\/\/vittalitat.com.br\/vittalitat\/#website"},"datePublished":"2020-05-14T14:08:23+00:00","dateModified":"2025-01-09T20:52:17+00:00","description":"Calda de agave azul - S\u00edtio do Moinho - 330g - Vittalitat","breadcrumb":{"@id":"https:\/\/vittalitat.com.br\/vittalitat\/loja\/calda-de-agave-azul-sitio-do-moinho-330g\/#breadcrumb"},"inLanguage":"pt-BR","potentialAction":[{"@type":"ReadAction","target":["https:\/\/vittalitat.com.br\/vittalitat\/loja\/calda-de-agave-azul-sitio-do-moinho-330g\/"]}]},{"@type":"BreadcrumbList","@id":"https:\/\/vittalitat.com.br\/vittalitat\/loja\/calda-de-agave-azul-sitio-do-moinho-330g\/#breadcrumb","itemListElement":[{"@type":"ListItem","position":1,"name":"In\u00edcio","item":"https:\/\/vittalitat.com.br\/vittalitat\/"},{"@type":"ListItem","position":2,"name":"Produtos","item":"https:\/\/vittalitat.com.br\/vittalitat\/shop\/"},{"@type":"ListItem","position":3,"name":"Calda de agave azul &#8211; S\u00edtio do Moinho &#8211; 330g"}]},{"@type":"WebSite","@id":"https:\/\/vittalitat.com.br\/vittalitat\/#website","url":"https:\/\/vittalitat.com.br\/vittalitat\/","name":"Vittalitat","description":"Sa\u00fade, preven\u00e7\u00e3o e bem-estar","publisher":{"@id":"https:\/\/vittalitat.com.br\/vittalitat\/#organization"},"potentialAction":[{"@type":"SearchAction","target":{"@type":"EntryPoint","urlTemplate":"https:\/\/vittalitat.com.br\/vittalitat\/?s={search_term_string}"},"query-input":"required name=search_term_string"}],"inLanguage":"pt-BR"},{"@type":"Organization","@id":"https:\/\/vittalitat.com.br\/vittalitat\/#organization","name":"Vittalitat","url":"https:\/\/vittalitat.com.br\/vittalitat\/","logo":{"@type":"ImageObject","inLanguage":"pt-BR","@id":"https:\/\/vittalitat.com.br\/vittalitat\/#\/schema\/logo\/image\/","url":"https:\/\/vittalitat.com.br\/vittalitat\/wp-content\/uploads\/2020\/04\/logo-para-o-face.png","contentUrl":"https:\/\/vittalitat.com.br\/vittalitat\/wp-content\/uploads\/2020\/04\/logo-para-o-face.png","width":700,"height":700,"caption":"Vittalitat"},"image":{"@id":"https:\/\/vittalitat.com.br\/vittalitat\/#\/schema\/logo\/image\/"},"sameAs":["https:\/\/www.facebook.com\/vittalitat","https:\/\/www.instagram.com\/vittalitat"]}]}},"_links":{"self":[{"href":"https:\/\/vittalitat.com.br\/vittalitat\/wp-json\/wp\/v2\/product\/317","targetHints":{"allow":["GET"]}}],"collection":[{"href":"https:\/\/vittalitat.com.br\/vittalitat\/wp-json\/wp\/v2\/product"}],"about":[{"href":"https:\/\/vittalitat.com.br\/vittalitat\/wp-json\/wp\/v2\/types\/product"}],"replies":[{"embeddable":true,"href":"https:\/\/vittalitat.com.br\/vittalitat\/wp-json\/wp\/v2\/comments?post=317"}],"wp:featuredmedia":[{"embeddable":true,"href":"https:\/\/vittalitat.com.br\/vittalitat\/wp-json\/wp\/v2\/media\/318"}],"wp:attachment":[{"href":"https:\/\/vittalitat.com.br\/vittalitat\/wp-json\/wp\/v2\/media?parent=317"}],"wp:term":[{"taxonomy":"product_brand","embeddable":true,"href":"https:\/\/vittalitat.com.br\/vittalitat\/wp-json\/wp\/v2\/product_brand?post=317"},{"taxonomy":"product_cat","embeddable":true,"href":"https:\/\/vittalitat.com.br\/vittalitat\/wp-json\/wp\/v2\/product_cat?post=317"},{"taxonomy":"product_tag","embeddable":true,"href":"https:\/\/vittalitat.com.br\/vittalitat\/wp-json\/wp\/v2\/product_tag?post=317"}],"curies":[{"name":"wp","href":"https:\/\/api.w.org\/{rel}","templated":true}]}}