{"id":3044,"date":"2026-01-21T15:39:41","date_gmt":"2026-01-21T18:39:41","guid":{"rendered":"https:\/\/vittalitat.com.br\/vittalitat\/?post_type=product&#038;p=3044"},"modified":"2026-02-04T09:20:23","modified_gmt":"2026-02-04T12:20:23","slug":"esqualeno-omegablue-60-caps","status":"publish","type":"product","link":"https:\/\/vittalitat.com.br\/vittalitat\/loja\/esqualeno-omegablue-60-caps\/","title":{"rendered":"Esqualeno OmegaBlue &#8211; 60 Caps"},"content":{"rendered":"<p>O Omegablue Esqualeno\u00ae \u00e9 um suplemento alimentar natural formulado especialmente para c\u00e3es e gatos. Contendo 99% de esqualeno, um composto reconhecido por seus benef\u00edcios \u00e0 sa\u00fade, este suplemento ajuda a melhorar a qualidade de vida dos seus pacientes. O esqualeno \u00e9 um antioxidante potente que auxilia na prote\u00e7\u00e3o celular, contribui para a sa\u00fade da pele e do pelo, e fortalece o sistema imunol\u00f3gico.<\/p>\n","protected":false},"excerpt":{"rendered":"<p>O Omegablue Esqualeno\u00ae \u00e9 um suplemento alimentar natural formulado especialmente para c\u00e3es e gatos. Contendo 99% de esqualeno<\/p>\n","protected":false},"featured_media":3045,"comment_status":"open","ping_status":"closed","template":"","meta":{"_coblocks_attr":"","_coblocks_dimensions":"","_coblocks_responsive_height":"","_coblocks_accordion_ie_support":""},"product_brand":[],"product_cat":[47],"product_tag":[],"class_list":{"0":"post-3044","1":"product","2":"type-product","3":"status-publish","4":"has-post-thumbnail","6":"product_cat-esqualeno","8":"first","9":"instock","10":"shipping-taxable","11":"purchasable","12":"product-type-simple"},"yoast_head":"<!-- This site is optimized with the Yoast SEO plugin v21.9.1 - https:\/\/yoast.com\/wordpress\/plugins\/seo\/ -->\n<title>Esqualeno OmegaBlue - 60 Caps - Vittalitat<\/title>\n<meta name=\"description\" content=\"Esqualeno OmegaBlue - 60 Caps - Vittalitat\" \/>\n<meta name=\"robots\" content=\"index, follow, max-snippet:-1, max-image-preview:large, max-video-preview:-1\" \/>\n<link rel=\"canonical\" href=\"https:\/\/vittalitat.com.br\/vittalitat\/loja\/esqualeno-omegablue-60-caps\/\" \/>\n<meta property=\"og:locale\" content=\"pt_BR\" \/>\n<meta property=\"og:type\" content=\"article\" \/>\n<meta property=\"og:title\" content=\"Esqualeno OmegaBlue - 60 Caps - Vittalitat\" \/>\n<meta property=\"og:description\" content=\"Esqualeno OmegaBlue - 60 Caps - Vittalitat\" \/>\n<meta property=\"og:url\" content=\"https:\/\/vittalitat.com.br\/vittalitat\/loja\/esqualeno-omegablue-60-caps\/\" \/>\n<meta property=\"og:site_name\" content=\"Vittalitat\" \/>\n<meta property=\"article:publisher\" content=\"https:\/\/www.facebook.com\/vittalitat\" \/>\n<meta property=\"article:modified_time\" content=\"2026-02-04T12:20:23+00:00\" \/>\n<meta property=\"og:image\" content=\"https:\/\/vittalitat.com.br\/vittalitat\/wp-content\/uploads\/2026\/01\/1.webp\" \/>\n\t<meta property=\"og:image:width\" content=\"1086\" \/>\n\t<meta property=\"og:image:height\" content=\"1200\" \/>\n\t<meta property=\"og:image:type\" content=\"image\/webp\" \/>\n<meta name=\"twitter:card\" content=\"summary_large_image\" \/>\n<meta name=\"twitter:label1\" content=\"Est. tempo de leitura\" \/>\n\t<meta name=\"twitter:data1\" content=\"1 minuto\" \/>\n<script type=\"application\/ld+json\" class=\"yoast-schema-graph\">{\"@context\":\"https:\/\/schema.org\",\"@graph\":[{\"@type\":\"WebPage\",\"@id\":\"https:\/\/vittalitat.com.br\/vittalitat\/loja\/esqualeno-omegablue-60-caps\/\",\"url\":\"https:\/\/vittalitat.com.br\/vittalitat\/loja\/esqualeno-omegablue-60-caps\/\",\"name\":\"Esqualeno OmegaBlue - 60 Caps - Vittalitat\",\"isPartOf\":{\"@id\":\"https:\/\/vittalitat.com.br\/vittalitat\/#website\"},\"datePublished\":\"2026-01-21T18:39:41+00:00\",\"dateModified\":\"2026-02-04T12:20:23+00:00\",\"description\":\"Esqualeno OmegaBlue - 60 Caps - Vittalitat\",\"breadcrumb\":{\"@id\":\"https:\/\/vittalitat.com.br\/vittalitat\/loja\/esqualeno-omegablue-60-caps\/#breadcrumb\"},\"inLanguage\":\"pt-BR\",\"potentialAction\":[{\"@type\":\"ReadAction\",\"target\":[\"https:\/\/vittalitat.com.br\/vittalitat\/loja\/esqualeno-omegablue-60-caps\/\"]}]},{\"@type\":\"BreadcrumbList\",\"@id\":\"https:\/\/vittalitat.com.br\/vittalitat\/loja\/esqualeno-omegablue-60-caps\/#breadcrumb\",\"itemListElement\":[{\"@type\":\"ListItem\",\"position\":1,\"name\":\"In\u00edcio\",\"item\":\"https:\/\/vittalitat.com.br\/vittalitat\/\"},{\"@type\":\"ListItem\",\"position\":2,\"name\":\"Produtos\",\"item\":\"https:\/\/vittalitat.com.br\/vittalitat\/shop\/\"},{\"@type\":\"ListItem\",\"position\":3,\"name\":\"Esqualeno OmegaBlue &#8211; 60 Caps\"}]},{\"@type\":\"WebSite\",\"@id\":\"https:\/\/vittalitat.com.br\/vittalitat\/#website\",\"url\":\"https:\/\/vittalitat.com.br\/vittalitat\/\",\"name\":\"Vittalitat\",\"description\":\"Sa\u00fade, preven\u00e7\u00e3o e bem-estar\",\"publisher\":{\"@id\":\"https:\/\/vittalitat.com.br\/vittalitat\/#organization\"},\"potentialAction\":[{\"@type\":\"SearchAction\",\"target\":{\"@type\":\"EntryPoint\",\"urlTemplate\":\"https:\/\/vittalitat.com.br\/vittalitat\/?s={search_term_string}\"},\"query-input\":\"required name=search_term_string\"}],\"inLanguage\":\"pt-BR\"},{\"@type\":\"Organization\",\"@id\":\"https:\/\/vittalitat.com.br\/vittalitat\/#organization\",\"name\":\"Vittalitat\",\"url\":\"https:\/\/vittalitat.com.br\/vittalitat\/\",\"logo\":{\"@type\":\"ImageObject\",\"inLanguage\":\"pt-BR\",\"@id\":\"https:\/\/vittalitat.com.br\/vittalitat\/#\/schema\/logo\/image\/\",\"url\":\"https:\/\/vittalitat.com.br\/vittalitat\/wp-content\/uploads\/2020\/04\/logo-para-o-face.png\",\"contentUrl\":\"https:\/\/vittalitat.com.br\/vittalitat\/wp-content\/uploads\/2020\/04\/logo-para-o-face.png\",\"width\":700,\"height\":700,\"caption\":\"Vittalitat\"},\"image\":{\"@id\":\"https:\/\/vittalitat.com.br\/vittalitat\/#\/schema\/logo\/image\/\"},\"sameAs\":[\"https:\/\/www.facebook.com\/vittalitat\",\"https:\/\/www.instagram.com\/vittalitat\"]}]}<\/script>\n<!-- \/ Yoast SEO plugin. -->","yoast_head_json":{"title":"Esqualeno OmegaBlue - 60 Caps - Vittalitat","description":"Esqualeno OmegaBlue - 60 Caps - Vittalitat","robots":{"index":"index","follow":"follow","max-snippet":"max-snippet:-1","max-image-preview":"max-image-preview:large","max-video-preview":"max-video-preview:-1"},"canonical":"https:\/\/vittalitat.com.br\/vittalitat\/loja\/esqualeno-omegablue-60-caps\/","og_locale":"pt_BR","og_type":"article","og_title":"Esqualeno OmegaBlue - 60 Caps - Vittalitat","og_description":"Esqualeno OmegaBlue - 60 Caps - Vittalitat","og_url":"https:\/\/vittalitat.com.br\/vittalitat\/loja\/esqualeno-omegablue-60-caps\/","og_site_name":"Vittalitat","article_publisher":"https:\/\/www.facebook.com\/vittalitat","article_modified_time":"2026-02-04T12:20:23+00:00","og_image":[{"width":1086,"height":1200,"url":"https:\/\/vittalitat.com.br\/vittalitat\/wp-content\/uploads\/2026\/01\/1.webp","type":"image\/webp"}],"twitter_card":"summary_large_image","twitter_misc":{"Est. tempo de leitura":"1 minuto"},"schema":{"@context":"https:\/\/schema.org","@graph":[{"@type":"WebPage","@id":"https:\/\/vittalitat.com.br\/vittalitat\/loja\/esqualeno-omegablue-60-caps\/","url":"https:\/\/vittalitat.com.br\/vittalitat\/loja\/esqualeno-omegablue-60-caps\/","name":"Esqualeno OmegaBlue - 60 Caps - Vittalitat","isPartOf":{"@id":"https:\/\/vittalitat.com.br\/vittalitat\/#website"},"datePublished":"2026-01-21T18:39:41+00:00","dateModified":"2026-02-04T12:20:23+00:00","description":"Esqualeno OmegaBlue - 60 Caps - Vittalitat","breadcrumb":{"@id":"https:\/\/vittalitat.com.br\/vittalitat\/loja\/esqualeno-omegablue-60-caps\/#breadcrumb"},"inLanguage":"pt-BR","potentialAction":[{"@type":"ReadAction","target":["https:\/\/vittalitat.com.br\/vittalitat\/loja\/esqualeno-omegablue-60-caps\/"]}]},{"@type":"BreadcrumbList","@id":"https:\/\/vittalitat.com.br\/vittalitat\/loja\/esqualeno-omegablue-60-caps\/#breadcrumb","itemListElement":[{"@type":"ListItem","position":1,"name":"In\u00edcio","item":"https:\/\/vittalitat.com.br\/vittalitat\/"},{"@type":"ListItem","position":2,"name":"Produtos","item":"https:\/\/vittalitat.com.br\/vittalitat\/shop\/"},{"@type":"ListItem","position":3,"name":"Esqualeno OmegaBlue &#8211; 60 Caps"}]},{"@type":"WebSite","@id":"https:\/\/vittalitat.com.br\/vittalitat\/#website","url":"https:\/\/vittalitat.com.br\/vittalitat\/","name":"Vittalitat","description":"Sa\u00fade, preven\u00e7\u00e3o e bem-estar","publisher":{"@id":"https:\/\/vittalitat.com.br\/vittalitat\/#organization"},"potentialAction":[{"@type":"SearchAction","target":{"@type":"EntryPoint","urlTemplate":"https:\/\/vittalitat.com.br\/vittalitat\/?s={search_term_string}"},"query-input":"required name=search_term_string"}],"inLanguage":"pt-BR"},{"@type":"Organization","@id":"https:\/\/vittalitat.com.br\/vittalitat\/#organization","name":"Vittalitat","url":"https:\/\/vittalitat.com.br\/vittalitat\/","logo":{"@type":"ImageObject","inLanguage":"pt-BR","@id":"https:\/\/vittalitat.com.br\/vittalitat\/#\/schema\/logo\/image\/","url":"https:\/\/vittalitat.com.br\/vittalitat\/wp-content\/uploads\/2020\/04\/logo-para-o-face.png","contentUrl":"https:\/\/vittalitat.com.br\/vittalitat\/wp-content\/uploads\/2020\/04\/logo-para-o-face.png","width":700,"height":700,"caption":"Vittalitat"},"image":{"@id":"https:\/\/vittalitat.com.br\/vittalitat\/#\/schema\/logo\/image\/"},"sameAs":["https:\/\/www.facebook.com\/vittalitat","https:\/\/www.instagram.com\/vittalitat"]}]}},"_links":{"self":[{"href":"https:\/\/vittalitat.com.br\/vittalitat\/wp-json\/wp\/v2\/product\/3044","targetHints":{"allow":["GET"]}}],"collection":[{"href":"https:\/\/vittalitat.com.br\/vittalitat\/wp-json\/wp\/v2\/product"}],"about":[{"href":"https:\/\/vittalitat.com.br\/vittalitat\/wp-json\/wp\/v2\/types\/product"}],"replies":[{"embeddable":true,"href":"https:\/\/vittalitat.com.br\/vittalitat\/wp-json\/wp\/v2\/comments?post=3044"}],"wp:featuredmedia":[{"embeddable":true,"href":"https:\/\/vittalitat.com.br\/vittalitat\/wp-json\/wp\/v2\/media\/3045"}],"wp:attachment":[{"href":"https:\/\/vittalitat.com.br\/vittalitat\/wp-json\/wp\/v2\/media?parent=3044"}],"wp:term":[{"taxonomy":"product_brand","embeddable":true,"href":"https:\/\/vittalitat.com.br\/vittalitat\/wp-json\/wp\/v2\/product_brand?post=3044"},{"taxonomy":"product_cat","embeddable":true,"href":"https:\/\/vittalitat.com.br\/vittalitat\/wp-json\/wp\/v2\/product_cat?post=3044"},{"taxonomy":"product_tag","embeddable":true,"href":"https:\/\/vittalitat.com.br\/vittalitat\/wp-json\/wp\/v2\/product_tag?post=3044"}],"curies":[{"name":"wp","href":"https:\/\/api.w.org\/{rel}","templated":true}]}}