{"id":2864,"date":"2025-04-07T17:42:20","date_gmt":"2025-04-07T20:42:20","guid":{"rendered":"https:\/\/vittalitat.com.br\/vittalitat\/?post_type=product&#038;p=2864"},"modified":"2025-04-07T17:48:42","modified_gmt":"2025-04-07T20:48:42","slug":"aminoflora","status":"publish","type":"product","link":"https:\/\/vittalitat.com.br\/vittalitat\/loja\/aminoflora\/","title":{"rendered":"AminoFlora"},"content":{"rendered":"<p><strong>Apresenta\u00e7\u00e3o:<\/strong>\u00a0pacotes com 30 sach\u00eas de 15 g cada um<\/p>\n<p><strong>Sugest\u00e3o de consumo para maiores de 19 anos:<\/strong>\u00a0adicionar 15 gramas (1 sach\u00ea) em 200 ml de \u00e1gua gelada e tomar imediatamente ap\u00f3s o preparo.<br \/>\nPara praticantes de atividade f\u00edsica, ingerir 20 minutos antes do treino, durante o treino ou conforme indica\u00e7\u00e3o do m\u00e9dico ou nutricionista.<\/p>\n<p><b>Ingredientes:\u00a0<\/b>L-Leucina, L-Valina, L-Isoleucina, L-Lisina, L-Fenilalanina, L-Treonina, Molho de frutas, cereais e legumes, L-Metionina, L-Triptofano, Edulcorante (sorbitol \u2013 INS 420), acidulante (\u00e1cido c\u00edtrico INS 330), aroma id\u00eantico ao natural de laranja sweet (di\u00f3xido de sil\u00edcio INS 500i).<br \/>\nN\u00c3O CONT\u00c9M GL\u00daTEN.<\/p>\n<p><img decoding=\"async\" src=\"https:\/\/i0.wp.com\/anew.com.br\/wp-content\/uploads\/2025\/03\/Aminoflora-tabela-nutricional.png?resize=687%2C763&amp;ssl=1\" alt=\"Aminoflora-tabela-nutricional\" \/><\/p>\n","protected":false},"excerpt":{"rendered":"<div class=\"et_pb_module et_pb_text et_pb_text_0 et_pb_text_align_left et_pb_bg_layout_light\">\n<div class=\"et_pb_text_inner\">\n<p><strong>Equil\u00edbrio de amino\u00e1cidos para a sa\u00fade muscular<\/strong><\/p>\n<\/div>\n<\/div>\n<div class=\"et_pb_module et_pb_image et_pb_image_2\"><span class=\"et_pb_image_wrap \"><img decoding=\"async\" class=\"wp-image-4059\" title=\"vegano\" src=\"https:\/\/i0.wp.com\/anew.com.br\/wp-content\/uploads\/2022\/05\/vegano.gif?resize=100%2C63&amp;ssl=1\" alt=\"vegano\" width=\"100\" height=\"63\" data-recalc-dims=\"1\" \/><\/span><\/div>\n<div class=\"et_pb_module et_pb_text et_pb_text_1 et_pb_text_align_left et_pb_bg_layout_light\">\n<div class=\"et_pb_text_inner\">\n<p data-start=\"165\" data-end=\"491\">O\u00a0<strong data-start=\"281\" data-end=\"296\">AminoFlora<\/strong>\u00a0\u00e9 um suplemento alimentar desenvolvido para oferecer uma combina\u00e7\u00e3o equilibrada de amino\u00e1cidos, aliada ao alimento fermentado\u00a0<a href=\"https:\/\/www.anew.com.br\/floranew\">Floranew<\/a>.<\/p>\n<p data-start=\"165\" data-end=\"491\">Os amino\u00e1cidos s\u00e3o componentes essenciais para a manuten\u00e7\u00e3o da massa muscular e o bom funcionamento do organismo.<\/p>\n<p data-start=\"493\" data-end=\"774\"><strong data-start=\"562\" data-end=\"577\">AminoFlora<\/strong>\u00a0\u00e9 uma excelente op\u00e7\u00e3o para quem busca suporte nutricional na recupera\u00e7\u00e3o e manuten\u00e7\u00e3o da musculatura, especialmente quando o metabolismo tende a reduzir a s\u00edntese proteica.<\/p>\n<p data-start=\"813\" data-end=\"1071\">Al\u00e9m disso, o\u00a0<strong data-start=\"827\" data-end=\"842\">AminoFlora<\/strong>\u00a0\u00e9 indicado para aqueles que praticam atividade f\u00edsica e desejam otimizar o ganho de massa muscular. Seu perfil de amino\u00e1cidos favorece a recupera\u00e7\u00e3o p\u00f3s-exerc\u00edcio, ajudando a reduzir a fadiga e melhorar a regenera\u00e7\u00e3o muscular.<\/p>\n<p data-start=\"1073\" data-end=\"1232\">Seja para a pr\u00e1tica esportiva, o fortalecimento muscular ou o bem-estar geral, o\u00a0<strong data-start=\"1154\" data-end=\"1169\">AminoFlora<\/strong>\u00a0oferece um aporte nutricional eficiente e de alta qualidade.<\/p>\n<\/div>\n<\/div>\n","protected":false},"featured_media":2865,"comment_status":"open","ping_status":"closed","template":"","meta":{"_coblocks_attr":"","_coblocks_dimensions":"","_coblocks_responsive_height":"","_coblocks_accordion_ie_support":""},"product_brand":[],"product_cat":[27],"product_tag":[],"class_list":{"0":"post-2864","1":"product","2":"type-product","3":"status-publish","4":"has-post-thumbnail","6":"product_cat-anew","8":"first","9":"instock","10":"shipping-taxable","11":"purchasable","12":"product-type-simple"},"yoast_head":"<!-- This site is optimized with the Yoast SEO plugin v21.9.1 - https:\/\/yoast.com\/wordpress\/plugins\/seo\/ -->\n<title>AminoFlora - Vittalitat<\/title>\n<meta name=\"description\" content=\"AminoFlora - Vittalitat\" \/>\n<meta name=\"robots\" content=\"index, follow, max-snippet:-1, max-image-preview:large, max-video-preview:-1\" \/>\n<link rel=\"canonical\" href=\"https:\/\/vittalitat.com.br\/vittalitat\/loja\/aminoflora\/\" \/>\n<meta property=\"og:locale\" content=\"pt_BR\" \/>\n<meta property=\"og:type\" content=\"article\" \/>\n<meta property=\"og:title\" content=\"AminoFlora - Vittalitat\" \/>\n<meta property=\"og:description\" content=\"AminoFlora - Vittalitat\" \/>\n<meta property=\"og:url\" content=\"https:\/\/vittalitat.com.br\/vittalitat\/loja\/aminoflora\/\" \/>\n<meta property=\"og:site_name\" content=\"Vittalitat\" \/>\n<meta property=\"article:publisher\" content=\"https:\/\/www.facebook.com\/vittalitat\" \/>\n<meta property=\"article:modified_time\" content=\"2025-04-07T20:48:42+00:00\" \/>\n<meta property=\"og:image\" content=\"https:\/\/vittalitat.com.br\/vittalitat\/wp-content\/uploads\/2025\/04\/Aminoflora.webp\" \/>\n\t<meta property=\"og:image:width\" content=\"426\" \/>\n\t<meta property=\"og:image:height\" content=\"495\" \/>\n\t<meta property=\"og:image:type\" content=\"image\/webp\" \/>\n<meta name=\"twitter:card\" content=\"summary_large_image\" \/>\n<meta name=\"twitter:label1\" content=\"Est. tempo de leitura\" \/>\n\t<meta name=\"twitter:data1\" content=\"1 minuto\" \/>\n<script type=\"application\/ld+json\" class=\"yoast-schema-graph\">{\"@context\":\"https:\/\/schema.org\",\"@graph\":[{\"@type\":\"WebPage\",\"@id\":\"https:\/\/vittalitat.com.br\/vittalitat\/loja\/aminoflora\/\",\"url\":\"https:\/\/vittalitat.com.br\/vittalitat\/loja\/aminoflora\/\",\"name\":\"AminoFlora - Vittalitat\",\"isPartOf\":{\"@id\":\"https:\/\/vittalitat.com.br\/vittalitat\/#website\"},\"datePublished\":\"2025-04-07T20:42:20+00:00\",\"dateModified\":\"2025-04-07T20:48:42+00:00\",\"description\":\"AminoFlora - Vittalitat\",\"breadcrumb\":{\"@id\":\"https:\/\/vittalitat.com.br\/vittalitat\/loja\/aminoflora\/#breadcrumb\"},\"inLanguage\":\"pt-BR\",\"potentialAction\":[{\"@type\":\"ReadAction\",\"target\":[\"https:\/\/vittalitat.com.br\/vittalitat\/loja\/aminoflora\/\"]}]},{\"@type\":\"BreadcrumbList\",\"@id\":\"https:\/\/vittalitat.com.br\/vittalitat\/loja\/aminoflora\/#breadcrumb\",\"itemListElement\":[{\"@type\":\"ListItem\",\"position\":1,\"name\":\"In\u00edcio\",\"item\":\"https:\/\/vittalitat.com.br\/vittalitat\/\"},{\"@type\":\"ListItem\",\"position\":2,\"name\":\"Produtos\",\"item\":\"https:\/\/vittalitat.com.br\/vittalitat\/shop\/\"},{\"@type\":\"ListItem\",\"position\":3,\"name\":\"AminoFlora\"}]},{\"@type\":\"WebSite\",\"@id\":\"https:\/\/vittalitat.com.br\/vittalitat\/#website\",\"url\":\"https:\/\/vittalitat.com.br\/vittalitat\/\",\"name\":\"Vittalitat\",\"description\":\"Sa\u00fade, preven\u00e7\u00e3o e bem-estar\",\"publisher\":{\"@id\":\"https:\/\/vittalitat.com.br\/vittalitat\/#organization\"},\"potentialAction\":[{\"@type\":\"SearchAction\",\"target\":{\"@type\":\"EntryPoint\",\"urlTemplate\":\"https:\/\/vittalitat.com.br\/vittalitat\/?s={search_term_string}\"},\"query-input\":\"required name=search_term_string\"}],\"inLanguage\":\"pt-BR\"},{\"@type\":\"Organization\",\"@id\":\"https:\/\/vittalitat.com.br\/vittalitat\/#organization\",\"name\":\"Vittalitat\",\"url\":\"https:\/\/vittalitat.com.br\/vittalitat\/\",\"logo\":{\"@type\":\"ImageObject\",\"inLanguage\":\"pt-BR\",\"@id\":\"https:\/\/vittalitat.com.br\/vittalitat\/#\/schema\/logo\/image\/\",\"url\":\"https:\/\/vittalitat.com.br\/vittalitat\/wp-content\/uploads\/2020\/04\/logo-para-o-face.png\",\"contentUrl\":\"https:\/\/vittalitat.com.br\/vittalitat\/wp-content\/uploads\/2020\/04\/logo-para-o-face.png\",\"width\":700,\"height\":700,\"caption\":\"Vittalitat\"},\"image\":{\"@id\":\"https:\/\/vittalitat.com.br\/vittalitat\/#\/schema\/logo\/image\/\"},\"sameAs\":[\"https:\/\/www.facebook.com\/vittalitat\",\"https:\/\/www.instagram.com\/vittalitat\"]}]}<\/script>\n<!-- \/ Yoast SEO plugin. -->","yoast_head_json":{"title":"AminoFlora - Vittalitat","description":"AminoFlora - Vittalitat","robots":{"index":"index","follow":"follow","max-snippet":"max-snippet:-1","max-image-preview":"max-image-preview:large","max-video-preview":"max-video-preview:-1"},"canonical":"https:\/\/vittalitat.com.br\/vittalitat\/loja\/aminoflora\/","og_locale":"pt_BR","og_type":"article","og_title":"AminoFlora - Vittalitat","og_description":"AminoFlora - Vittalitat","og_url":"https:\/\/vittalitat.com.br\/vittalitat\/loja\/aminoflora\/","og_site_name":"Vittalitat","article_publisher":"https:\/\/www.facebook.com\/vittalitat","article_modified_time":"2025-04-07T20:48:42+00:00","og_image":[{"width":426,"height":495,"url":"https:\/\/vittalitat.com.br\/vittalitat\/wp-content\/uploads\/2025\/04\/Aminoflora.webp","type":"image\/webp"}],"twitter_card":"summary_large_image","twitter_misc":{"Est. tempo de leitura":"1 minuto"},"schema":{"@context":"https:\/\/schema.org","@graph":[{"@type":"WebPage","@id":"https:\/\/vittalitat.com.br\/vittalitat\/loja\/aminoflora\/","url":"https:\/\/vittalitat.com.br\/vittalitat\/loja\/aminoflora\/","name":"AminoFlora - Vittalitat","isPartOf":{"@id":"https:\/\/vittalitat.com.br\/vittalitat\/#website"},"datePublished":"2025-04-07T20:42:20+00:00","dateModified":"2025-04-07T20:48:42+00:00","description":"AminoFlora - Vittalitat","breadcrumb":{"@id":"https:\/\/vittalitat.com.br\/vittalitat\/loja\/aminoflora\/#breadcrumb"},"inLanguage":"pt-BR","potentialAction":[{"@type":"ReadAction","target":["https:\/\/vittalitat.com.br\/vittalitat\/loja\/aminoflora\/"]}]},{"@type":"BreadcrumbList","@id":"https:\/\/vittalitat.com.br\/vittalitat\/loja\/aminoflora\/#breadcrumb","itemListElement":[{"@type":"ListItem","position":1,"name":"In\u00edcio","item":"https:\/\/vittalitat.com.br\/vittalitat\/"},{"@type":"ListItem","position":2,"name":"Produtos","item":"https:\/\/vittalitat.com.br\/vittalitat\/shop\/"},{"@type":"ListItem","position":3,"name":"AminoFlora"}]},{"@type":"WebSite","@id":"https:\/\/vittalitat.com.br\/vittalitat\/#website","url":"https:\/\/vittalitat.com.br\/vittalitat\/","name":"Vittalitat","description":"Sa\u00fade, preven\u00e7\u00e3o e bem-estar","publisher":{"@id":"https:\/\/vittalitat.com.br\/vittalitat\/#organization"},"potentialAction":[{"@type":"SearchAction","target":{"@type":"EntryPoint","urlTemplate":"https:\/\/vittalitat.com.br\/vittalitat\/?s={search_term_string}"},"query-input":"required name=search_term_string"}],"inLanguage":"pt-BR"},{"@type":"Organization","@id":"https:\/\/vittalitat.com.br\/vittalitat\/#organization","name":"Vittalitat","url":"https:\/\/vittalitat.com.br\/vittalitat\/","logo":{"@type":"ImageObject","inLanguage":"pt-BR","@id":"https:\/\/vittalitat.com.br\/vittalitat\/#\/schema\/logo\/image\/","url":"https:\/\/vittalitat.com.br\/vittalitat\/wp-content\/uploads\/2020\/04\/logo-para-o-face.png","contentUrl":"https:\/\/vittalitat.com.br\/vittalitat\/wp-content\/uploads\/2020\/04\/logo-para-o-face.png","width":700,"height":700,"caption":"Vittalitat"},"image":{"@id":"https:\/\/vittalitat.com.br\/vittalitat\/#\/schema\/logo\/image\/"},"sameAs":["https:\/\/www.facebook.com\/vittalitat","https:\/\/www.instagram.com\/vittalitat"]}]}},"_links":{"self":[{"href":"https:\/\/vittalitat.com.br\/vittalitat\/wp-json\/wp\/v2\/product\/2864","targetHints":{"allow":["GET"]}}],"collection":[{"href":"https:\/\/vittalitat.com.br\/vittalitat\/wp-json\/wp\/v2\/product"}],"about":[{"href":"https:\/\/vittalitat.com.br\/vittalitat\/wp-json\/wp\/v2\/types\/product"}],"replies":[{"embeddable":true,"href":"https:\/\/vittalitat.com.br\/vittalitat\/wp-json\/wp\/v2\/comments?post=2864"}],"wp:featuredmedia":[{"embeddable":true,"href":"https:\/\/vittalitat.com.br\/vittalitat\/wp-json\/wp\/v2\/media\/2865"}],"wp:attachment":[{"href":"https:\/\/vittalitat.com.br\/vittalitat\/wp-json\/wp\/v2\/media?parent=2864"}],"wp:term":[{"taxonomy":"product_brand","embeddable":true,"href":"https:\/\/vittalitat.com.br\/vittalitat\/wp-json\/wp\/v2\/product_brand?post=2864"},{"taxonomy":"product_cat","embeddable":true,"href":"https:\/\/vittalitat.com.br\/vittalitat\/wp-json\/wp\/v2\/product_cat?post=2864"},{"taxonomy":"product_tag","embeddable":true,"href":"https:\/\/vittalitat.com.br\/vittalitat\/wp-json\/wp\/v2\/product_tag?post=2864"}],"curies":[{"name":"wp","href":"https:\/\/api.w.org\/{rel}","templated":true}]}}