{"id":2836,"date":"2025-02-20T17:10:39","date_gmt":"2025-02-20T20:10:39","guid":{"rendered":"https:\/\/vittalitat.com.br\/vittalitat\/?post_type=product&#038;p=2836"},"modified":"2025-02-20T17:10:41","modified_gmt":"2025-02-20T20:10:41","slug":"lava-loucas-650ml-sensitive","status":"publish","type":"product","link":"https:\/\/vittalitat.com.br\/vittalitat\/loja\/lava-loucas-650ml-sensitive\/","title":{"rendered":"Lava Lou\u00e7as 650ml &#8211; Sensitive"},"content":{"rendered":"","protected":false},"excerpt":{"rendered":"<p>Produto excelente para lavar lou\u00e7as a m\u00e3o.\u00a0 Al\u00e9m de deixar a sua lou\u00e7a limpinha e desengordurada e as suas m\u00e3os ficam hidratadas e n\u00e3o ressecadas como de costume. Ideal para aqueles que preferem lavar lou\u00e7as sem sentir nenhuma fragr\u00e2ncia.\u00a0\u00a0 Por ser um produto N\u00c3O T\u00d3XICO use tamb\u00e9m com total seguran\u00e7a para lavar mamadeiras e utens\u00edlios do seu beb\u00ea.<\/p>\n<p><strong>MODO DE USAR E DICAS DE USO:<\/strong><\/p>\n<p>Para usar \u00e9 muito simples, aplique um pouco do produto, pois ele\u00a0<strong>RENDE MUITO<\/strong>, em uma bucha, de prefer\u00eancia vegetal, e lave a sua lou\u00e7a ou utens\u00edlios do beb\u00ea.<\/p>\n<div class=\"table-overflow\">\n<table border=\"0\" cellspacing=\"0\" cellpadding=\"0\">\n<tbody>\n<tr>\n<td><strong>Composi\u00e7\u00e3o<\/strong><\/td>\n<\/tr>\n<tr>\n<td>Lauril Sulfato de S\u00f3dio, Alquilpoliglucos\u00eddeo, Aloe Vera Certificada, Ricinoleato de S\u00f3dio, Espessante, conservante aliment\u00edcio e Regulador de Ph.<\/td>\n<\/tr>\n<\/tbody>\n<\/table>\n<\/div>\n<p><strong>DIFERENCIAIS E CERTIFICA\u00c7\u00d5ES:<\/strong><\/p>\n<p>Fizemos quest\u00e3o de testar os nossos lava lou\u00e7as como\u00a0<strong>HIPOALERG\u00caNICO e DERMATOL\u00d3GICO<\/strong>\u00a0e todos levam este selo.<\/p>\n<p><strong><u>IBD<\/u><\/strong>\u00a0-Temos o certificado do IBD de ingredientes naturais, que garante que a composi\u00e7\u00e3o total do produto \u00e9 proveniente de fonte vegetal, com 0% de ingredientes petroqu\u00edmicos e t\u00f3xicos.<\/p>\n<p><strong><u>SVB<\/u><\/strong>\u00a0&#8211; O selo do SVB atesta que nenhum dos nossos produtos ou das mat\u00e9rias primas que usamos s\u00e3o testados em animais e que n\u00e3o tamb\u00e9m n\u00e3o tem nenhum componente derivado de animais na composi\u00e7\u00e3o. Ou seja, o produto \u00e9 VEGANO!!<\/p>\n","protected":false},"featured_media":2837,"comment_status":"open","ping_status":"closed","template":"","meta":{"_coblocks_attr":"","_coblocks_dimensions":"","_coblocks_responsive_height":"","_coblocks_accordion_ie_support":""},"product_brand":[],"product_cat":[45],"product_tag":[],"class_list":{"0":"post-2836","1":"product","2":"type-product","3":"status-publish","4":"has-post-thumbnail","6":"product_cat-mercearia","8":"first","9":"instock","10":"shipping-taxable","11":"purchasable","12":"product-type-simple"},"yoast_head":"<!-- This site is optimized with the Yoast SEO plugin v21.9.1 - https:\/\/yoast.com\/wordpress\/plugins\/seo\/ -->\n<title>Lava Lou\u00e7as 650ml - Sensitive - Vittalitat<\/title>\n<meta name=\"description\" content=\"Lava Lou\u00e7as 650ml - Sensitive - Vittalitat\" \/>\n<meta name=\"robots\" content=\"index, follow, max-snippet:-1, max-image-preview:large, max-video-preview:-1\" \/>\n<link rel=\"canonical\" href=\"https:\/\/vittalitat.com.br\/vittalitat\/loja\/lava-loucas-650ml-sensitive\/\" \/>\n<meta property=\"og:locale\" content=\"pt_BR\" \/>\n<meta property=\"og:type\" content=\"article\" \/>\n<meta property=\"og:title\" content=\"Lava Lou\u00e7as 650ml - Sensitive - Vittalitat\" \/>\n<meta property=\"og:description\" content=\"Lava Lou\u00e7as 650ml - Sensitive - Vittalitat\" \/>\n<meta property=\"og:url\" content=\"https:\/\/vittalitat.com.br\/vittalitat\/loja\/lava-loucas-650ml-sensitive\/\" \/>\n<meta property=\"og:site_name\" content=\"Vittalitat\" \/>\n<meta property=\"article:publisher\" content=\"https:\/\/www.facebook.com\/vittalitat\" \/>\n<meta property=\"article:modified_time\" content=\"2025-02-20T20:10:41+00:00\" \/>\n<meta property=\"og:image\" content=\"https:\/\/vittalitat.com.br\/vittalitat\/wp-content\/uploads\/2025\/02\/10187_lava-loucas-sensitive-biowash-650ml-.webp\" \/>\n\t<meta property=\"og:image:width\" content=\"1200\" \/>\n\t<meta property=\"og:image:height\" content=\"1200\" \/>\n\t<meta property=\"og:image:type\" content=\"image\/webp\" \/>\n<meta name=\"twitter:card\" content=\"summary_large_image\" \/>\n<meta name=\"twitter:label1\" content=\"Est. tempo de leitura\" \/>\n\t<meta name=\"twitter:data1\" content=\"1 minuto\" \/>\n<script type=\"application\/ld+json\" class=\"yoast-schema-graph\">{\"@context\":\"https:\/\/schema.org\",\"@graph\":[{\"@type\":\"WebPage\",\"@id\":\"https:\/\/vittalitat.com.br\/vittalitat\/loja\/lava-loucas-650ml-sensitive\/\",\"url\":\"https:\/\/vittalitat.com.br\/vittalitat\/loja\/lava-loucas-650ml-sensitive\/\",\"name\":\"Lava Lou\u00e7as 650ml - Sensitive - Vittalitat\",\"isPartOf\":{\"@id\":\"https:\/\/vittalitat.com.br\/vittalitat\/#website\"},\"datePublished\":\"2025-02-20T20:10:39+00:00\",\"dateModified\":\"2025-02-20T20:10:41+00:00\",\"description\":\"Lava Lou\u00e7as 650ml - Sensitive - Vittalitat\",\"breadcrumb\":{\"@id\":\"https:\/\/vittalitat.com.br\/vittalitat\/loja\/lava-loucas-650ml-sensitive\/#breadcrumb\"},\"inLanguage\":\"pt-BR\",\"potentialAction\":[{\"@type\":\"ReadAction\",\"target\":[\"https:\/\/vittalitat.com.br\/vittalitat\/loja\/lava-loucas-650ml-sensitive\/\"]}]},{\"@type\":\"BreadcrumbList\",\"@id\":\"https:\/\/vittalitat.com.br\/vittalitat\/loja\/lava-loucas-650ml-sensitive\/#breadcrumb\",\"itemListElement\":[{\"@type\":\"ListItem\",\"position\":1,\"name\":\"In\u00edcio\",\"item\":\"https:\/\/vittalitat.com.br\/vittalitat\/\"},{\"@type\":\"ListItem\",\"position\":2,\"name\":\"Produtos\",\"item\":\"https:\/\/vittalitat.com.br\/vittalitat\/shop\/\"},{\"@type\":\"ListItem\",\"position\":3,\"name\":\"Lava Lou\u00e7as 650ml &#8211; Sensitive\"}]},{\"@type\":\"WebSite\",\"@id\":\"https:\/\/vittalitat.com.br\/vittalitat\/#website\",\"url\":\"https:\/\/vittalitat.com.br\/vittalitat\/\",\"name\":\"Vittalitat\",\"description\":\"Sa\u00fade, preven\u00e7\u00e3o e bem-estar\",\"publisher\":{\"@id\":\"https:\/\/vittalitat.com.br\/vittalitat\/#organization\"},\"potentialAction\":[{\"@type\":\"SearchAction\",\"target\":{\"@type\":\"EntryPoint\",\"urlTemplate\":\"https:\/\/vittalitat.com.br\/vittalitat\/?s={search_term_string}\"},\"query-input\":\"required name=search_term_string\"}],\"inLanguage\":\"pt-BR\"},{\"@type\":\"Organization\",\"@id\":\"https:\/\/vittalitat.com.br\/vittalitat\/#organization\",\"name\":\"Vittalitat\",\"url\":\"https:\/\/vittalitat.com.br\/vittalitat\/\",\"logo\":{\"@type\":\"ImageObject\",\"inLanguage\":\"pt-BR\",\"@id\":\"https:\/\/vittalitat.com.br\/vittalitat\/#\/schema\/logo\/image\/\",\"url\":\"https:\/\/vittalitat.com.br\/vittalitat\/wp-content\/uploads\/2020\/04\/logo-para-o-face.png\",\"contentUrl\":\"https:\/\/vittalitat.com.br\/vittalitat\/wp-content\/uploads\/2020\/04\/logo-para-o-face.png\",\"width\":700,\"height\":700,\"caption\":\"Vittalitat\"},\"image\":{\"@id\":\"https:\/\/vittalitat.com.br\/vittalitat\/#\/schema\/logo\/image\/\"},\"sameAs\":[\"https:\/\/www.facebook.com\/vittalitat\",\"https:\/\/www.instagram.com\/vittalitat\"]}]}<\/script>\n<!-- \/ Yoast SEO plugin. -->","yoast_head_json":{"title":"Lava Lou\u00e7as 650ml - Sensitive - Vittalitat","description":"Lava Lou\u00e7as 650ml - Sensitive - Vittalitat","robots":{"index":"index","follow":"follow","max-snippet":"max-snippet:-1","max-image-preview":"max-image-preview:large","max-video-preview":"max-video-preview:-1"},"canonical":"https:\/\/vittalitat.com.br\/vittalitat\/loja\/lava-loucas-650ml-sensitive\/","og_locale":"pt_BR","og_type":"article","og_title":"Lava Lou\u00e7as 650ml - Sensitive - Vittalitat","og_description":"Lava Lou\u00e7as 650ml - Sensitive - Vittalitat","og_url":"https:\/\/vittalitat.com.br\/vittalitat\/loja\/lava-loucas-650ml-sensitive\/","og_site_name":"Vittalitat","article_publisher":"https:\/\/www.facebook.com\/vittalitat","article_modified_time":"2025-02-20T20:10:41+00:00","og_image":[{"width":1200,"height":1200,"url":"https:\/\/vittalitat.com.br\/vittalitat\/wp-content\/uploads\/2025\/02\/10187_lava-loucas-sensitive-biowash-650ml-.webp","type":"image\/webp"}],"twitter_card":"summary_large_image","twitter_misc":{"Est. tempo de leitura":"1 minuto"},"schema":{"@context":"https:\/\/schema.org","@graph":[{"@type":"WebPage","@id":"https:\/\/vittalitat.com.br\/vittalitat\/loja\/lava-loucas-650ml-sensitive\/","url":"https:\/\/vittalitat.com.br\/vittalitat\/loja\/lava-loucas-650ml-sensitive\/","name":"Lava Lou\u00e7as 650ml - Sensitive - Vittalitat","isPartOf":{"@id":"https:\/\/vittalitat.com.br\/vittalitat\/#website"},"datePublished":"2025-02-20T20:10:39+00:00","dateModified":"2025-02-20T20:10:41+00:00","description":"Lava Lou\u00e7as 650ml - Sensitive - Vittalitat","breadcrumb":{"@id":"https:\/\/vittalitat.com.br\/vittalitat\/loja\/lava-loucas-650ml-sensitive\/#breadcrumb"},"inLanguage":"pt-BR","potentialAction":[{"@type":"ReadAction","target":["https:\/\/vittalitat.com.br\/vittalitat\/loja\/lava-loucas-650ml-sensitive\/"]}]},{"@type":"BreadcrumbList","@id":"https:\/\/vittalitat.com.br\/vittalitat\/loja\/lava-loucas-650ml-sensitive\/#breadcrumb","itemListElement":[{"@type":"ListItem","position":1,"name":"In\u00edcio","item":"https:\/\/vittalitat.com.br\/vittalitat\/"},{"@type":"ListItem","position":2,"name":"Produtos","item":"https:\/\/vittalitat.com.br\/vittalitat\/shop\/"},{"@type":"ListItem","position":3,"name":"Lava Lou\u00e7as 650ml &#8211; Sensitive"}]},{"@type":"WebSite","@id":"https:\/\/vittalitat.com.br\/vittalitat\/#website","url":"https:\/\/vittalitat.com.br\/vittalitat\/","name":"Vittalitat","description":"Sa\u00fade, preven\u00e7\u00e3o e bem-estar","publisher":{"@id":"https:\/\/vittalitat.com.br\/vittalitat\/#organization"},"potentialAction":[{"@type":"SearchAction","target":{"@type":"EntryPoint","urlTemplate":"https:\/\/vittalitat.com.br\/vittalitat\/?s={search_term_string}"},"query-input":"required name=search_term_string"}],"inLanguage":"pt-BR"},{"@type":"Organization","@id":"https:\/\/vittalitat.com.br\/vittalitat\/#organization","name":"Vittalitat","url":"https:\/\/vittalitat.com.br\/vittalitat\/","logo":{"@type":"ImageObject","inLanguage":"pt-BR","@id":"https:\/\/vittalitat.com.br\/vittalitat\/#\/schema\/logo\/image\/","url":"https:\/\/vittalitat.com.br\/vittalitat\/wp-content\/uploads\/2020\/04\/logo-para-o-face.png","contentUrl":"https:\/\/vittalitat.com.br\/vittalitat\/wp-content\/uploads\/2020\/04\/logo-para-o-face.png","width":700,"height":700,"caption":"Vittalitat"},"image":{"@id":"https:\/\/vittalitat.com.br\/vittalitat\/#\/schema\/logo\/image\/"},"sameAs":["https:\/\/www.facebook.com\/vittalitat","https:\/\/www.instagram.com\/vittalitat"]}]}},"_links":{"self":[{"href":"https:\/\/vittalitat.com.br\/vittalitat\/wp-json\/wp\/v2\/product\/2836","targetHints":{"allow":["GET"]}}],"collection":[{"href":"https:\/\/vittalitat.com.br\/vittalitat\/wp-json\/wp\/v2\/product"}],"about":[{"href":"https:\/\/vittalitat.com.br\/vittalitat\/wp-json\/wp\/v2\/types\/product"}],"replies":[{"embeddable":true,"href":"https:\/\/vittalitat.com.br\/vittalitat\/wp-json\/wp\/v2\/comments?post=2836"}],"wp:featuredmedia":[{"embeddable":true,"href":"https:\/\/vittalitat.com.br\/vittalitat\/wp-json\/wp\/v2\/media\/2837"}],"wp:attachment":[{"href":"https:\/\/vittalitat.com.br\/vittalitat\/wp-json\/wp\/v2\/media?parent=2836"}],"wp:term":[{"taxonomy":"product_brand","embeddable":true,"href":"https:\/\/vittalitat.com.br\/vittalitat\/wp-json\/wp\/v2\/product_brand?post=2836"},{"taxonomy":"product_cat","embeddable":true,"href":"https:\/\/vittalitat.com.br\/vittalitat\/wp-json\/wp\/v2\/product_cat?post=2836"},{"taxonomy":"product_tag","embeddable":true,"href":"https:\/\/vittalitat.com.br\/vittalitat\/wp-json\/wp\/v2\/product_tag?post=2836"}],"curies":[{"name":"wp","href":"https:\/\/api.w.org\/{rel}","templated":true}]}}