{"id":2834,"date":"2025-02-20T16:34:00","date_gmt":"2025-02-20T19:34:00","guid":{"rendered":"https:\/\/vittalitat.com.br\/vittalitat\/?post_type=product&#038;p=2834"},"modified":"2026-03-26T16:57:13","modified_gmt":"2026-03-26T19:57:13","slug":"vinagre-de-maca-organico-500ml-senhor-viccino","status":"publish","type":"product","link":"https:\/\/vittalitat.com.br\/vittalitat\/loja\/vinagre-de-maca-organico-500ml-senhor-viccino\/","title":{"rendered":"Vinagre de Ma\u00e7\u00e3 Org\u00e2nico 500ml Senhor Viccino"},"content":{"rendered":"","protected":false},"excerpt":{"rendered":"<p>O\u00a0<b>Vinagre de Ma\u00e7\u00e3 Vita Org\u00e2nico Senhor Viccino<\/b> \u00e9 produzido de forma 100% natural, sem conservantes e certificado por uma certificadora independente. Ele passa por um processo de fermenta\u00e7\u00e3o ac\u00e9tica e possui acidez ac\u00e9tica de 4%. Um produto de alta qualidade para quem busca op\u00e7\u00f5es org\u00e2nicas, ideal para quem busca uma alimenta\u00e7\u00e3o saud\u00e1vel e equilibrada.<\/p>\n<p>Quais as Propriedades do Vinagre de Ma\u00e7\u00e3 Vita Org\u00e2nico Senhor Viccino?<\/p>\n<p>O\u00a0<b>Vinagre de Ma\u00e7\u00e3 Vita Org\u00e2nico Senhor Viccino<\/b>\u00a0\u00e9 feito a partir de ma\u00e7\u00e3s org\u00e2nicas, garantindo um produto natural e livre de aditivos artificiais. Ele \u00e9 fermentado naturalmente, mantendo suas caracter\u00edsticas originais, sem a adi\u00e7\u00e3o de conservantes ou outros agentes qu\u00edmicos.<\/p>\n<p>Quais os benef\u00edcios do Vinagre de Ma\u00e7\u00e3 Vita Org\u00e2nico Senhor Viccino?<\/p>\n<p>O\u00a0<b>Vinagre de Ma\u00e7\u00e3 Vita Org\u00e2nico Senhor Viccino<\/b>\u00a0\u00e9 amplamente utilizado em diversas receitas culin\u00e1rias, proporcionando sabor \u00fanico aos pratos. Sua produ\u00e7\u00e3o org\u00e2nica e fermenta\u00e7\u00e3o ac\u00e9tica o tornam uma op\u00e7\u00e3o vers\u00e1til para o uso na cozinha e em diferentes preparos.<\/p>\n<p><b>al\u00e9rgicos: n\u00e3o cont\u00e9m gl\u00faten.<\/b><\/p>\n<p><b>Ap\u00f3s aberto, manter sob refrigera\u00e7\u00e3o e consumir em at\u00e9 90 dias. Conservar sempre fechado.<\/b><\/p>\n","protected":false},"featured_media":2835,"comment_status":"open","ping_status":"closed","template":"","meta":{"_coblocks_attr":"","_coblocks_dimensions":"","_coblocks_responsive_height":"","_coblocks_accordion_ie_support":""},"product_brand":[],"product_cat":[45],"product_tag":[],"class_list":{"0":"post-2834","1":"product","2":"type-product","3":"status-publish","4":"has-post-thumbnail","6":"product_cat-mercearia","8":"first","9":"instock","10":"shipping-taxable","11":"purchasable","12":"product-type-simple"},"yoast_head":"<!-- This site is optimized with the Yoast SEO plugin v21.9.1 - https:\/\/yoast.com\/wordpress\/plugins\/seo\/ -->\n<title>Vinagre de Ma\u00e7\u00e3 Org\u00e2nico 500ml Senhor Viccino - Vittalitat<\/title>\n<meta name=\"description\" content=\"Vinagre de Ma\u00e7\u00e3 Org\u00e2nico 500ml Senhor Viccino - Vittalitat\" \/>\n<meta name=\"robots\" content=\"index, follow, max-snippet:-1, max-image-preview:large, max-video-preview:-1\" \/>\n<link rel=\"canonical\" href=\"https:\/\/vittalitat.com.br\/vittalitat\/loja\/vinagre-de-maca-organico-500ml-senhor-viccino\/\" \/>\n<meta property=\"og:locale\" content=\"pt_BR\" \/>\n<meta property=\"og:type\" content=\"article\" \/>\n<meta property=\"og:title\" content=\"Vinagre de Ma\u00e7\u00e3 Org\u00e2nico 500ml Senhor Viccino - Vittalitat\" \/>\n<meta property=\"og:description\" content=\"Vinagre de Ma\u00e7\u00e3 Org\u00e2nico 500ml Senhor Viccino - Vittalitat\" \/>\n<meta property=\"og:url\" content=\"https:\/\/vittalitat.com.br\/vittalitat\/loja\/vinagre-de-maca-organico-500ml-senhor-viccino\/\" \/>\n<meta property=\"og:site_name\" content=\"Vittalitat\" \/>\n<meta property=\"article:publisher\" content=\"https:\/\/www.facebook.com\/vittalitat\" \/>\n<meta property=\"article:modified_time\" content=\"2026-03-26T19:57:13+00:00\" \/>\n<meta property=\"og:image\" content=\"https:\/\/vittalitat.com.br\/vittalitat\/wp-content\/uploads\/2025\/02\/vinagre.webp\" \/>\n\t<meta property=\"og:image:width\" content=\"1000\" \/>\n\t<meta property=\"og:image:height\" content=\"1000\" \/>\n\t<meta property=\"og:image:type\" content=\"image\/webp\" \/>\n<meta name=\"twitter:card\" content=\"summary_large_image\" \/>\n<meta name=\"twitter:label1\" content=\"Est. tempo de leitura\" \/>\n\t<meta name=\"twitter:data1\" content=\"1 minuto\" \/>\n<script type=\"application\/ld+json\" class=\"yoast-schema-graph\">{\"@context\":\"https:\/\/schema.org\",\"@graph\":[{\"@type\":\"WebPage\",\"@id\":\"https:\/\/vittalitat.com.br\/vittalitat\/loja\/vinagre-de-maca-organico-500ml-senhor-viccino\/\",\"url\":\"https:\/\/vittalitat.com.br\/vittalitat\/loja\/vinagre-de-maca-organico-500ml-senhor-viccino\/\",\"name\":\"Vinagre de Ma\u00e7\u00e3 Org\u00e2nico 500ml Senhor Viccino - Vittalitat\",\"isPartOf\":{\"@id\":\"https:\/\/vittalitat.com.br\/vittalitat\/#website\"},\"datePublished\":\"2025-02-20T19:34:00+00:00\",\"dateModified\":\"2026-03-26T19:57:13+00:00\",\"description\":\"Vinagre de Ma\u00e7\u00e3 Org\u00e2nico 500ml Senhor Viccino - Vittalitat\",\"breadcrumb\":{\"@id\":\"https:\/\/vittalitat.com.br\/vittalitat\/loja\/vinagre-de-maca-organico-500ml-senhor-viccino\/#breadcrumb\"},\"inLanguage\":\"pt-BR\",\"potentialAction\":[{\"@type\":\"ReadAction\",\"target\":[\"https:\/\/vittalitat.com.br\/vittalitat\/loja\/vinagre-de-maca-organico-500ml-senhor-viccino\/\"]}]},{\"@type\":\"BreadcrumbList\",\"@id\":\"https:\/\/vittalitat.com.br\/vittalitat\/loja\/vinagre-de-maca-organico-500ml-senhor-viccino\/#breadcrumb\",\"itemListElement\":[{\"@type\":\"ListItem\",\"position\":1,\"name\":\"In\u00edcio\",\"item\":\"https:\/\/vittalitat.com.br\/vittalitat\/\"},{\"@type\":\"ListItem\",\"position\":2,\"name\":\"Produtos\",\"item\":\"https:\/\/vittalitat.com.br\/vittalitat\/shop\/\"},{\"@type\":\"ListItem\",\"position\":3,\"name\":\"Vinagre de Ma\u00e7\u00e3 Org\u00e2nico 500ml Senhor Viccino\"}]},{\"@type\":\"WebSite\",\"@id\":\"https:\/\/vittalitat.com.br\/vittalitat\/#website\",\"url\":\"https:\/\/vittalitat.com.br\/vittalitat\/\",\"name\":\"Vittalitat\",\"description\":\"Sa\u00fade, preven\u00e7\u00e3o e bem-estar\",\"publisher\":{\"@id\":\"https:\/\/vittalitat.com.br\/vittalitat\/#organization\"},\"potentialAction\":[{\"@type\":\"SearchAction\",\"target\":{\"@type\":\"EntryPoint\",\"urlTemplate\":\"https:\/\/vittalitat.com.br\/vittalitat\/?s={search_term_string}\"},\"query-input\":\"required name=search_term_string\"}],\"inLanguage\":\"pt-BR\"},{\"@type\":\"Organization\",\"@id\":\"https:\/\/vittalitat.com.br\/vittalitat\/#organization\",\"name\":\"Vittalitat\",\"url\":\"https:\/\/vittalitat.com.br\/vittalitat\/\",\"logo\":{\"@type\":\"ImageObject\",\"inLanguage\":\"pt-BR\",\"@id\":\"https:\/\/vittalitat.com.br\/vittalitat\/#\/schema\/logo\/image\/\",\"url\":\"https:\/\/vittalitat.com.br\/vittalitat\/wp-content\/uploads\/2020\/04\/logo-para-o-face.png\",\"contentUrl\":\"https:\/\/vittalitat.com.br\/vittalitat\/wp-content\/uploads\/2020\/04\/logo-para-o-face.png\",\"width\":700,\"height\":700,\"caption\":\"Vittalitat\"},\"image\":{\"@id\":\"https:\/\/vittalitat.com.br\/vittalitat\/#\/schema\/logo\/image\/\"},\"sameAs\":[\"https:\/\/www.facebook.com\/vittalitat\",\"https:\/\/www.instagram.com\/vittalitat\"]}]}<\/script>\n<!-- \/ Yoast SEO plugin. -->","yoast_head_json":{"title":"Vinagre de Ma\u00e7\u00e3 Org\u00e2nico 500ml Senhor Viccino - Vittalitat","description":"Vinagre de Ma\u00e7\u00e3 Org\u00e2nico 500ml Senhor Viccino - Vittalitat","robots":{"index":"index","follow":"follow","max-snippet":"max-snippet:-1","max-image-preview":"max-image-preview:large","max-video-preview":"max-video-preview:-1"},"canonical":"https:\/\/vittalitat.com.br\/vittalitat\/loja\/vinagre-de-maca-organico-500ml-senhor-viccino\/","og_locale":"pt_BR","og_type":"article","og_title":"Vinagre de Ma\u00e7\u00e3 Org\u00e2nico 500ml Senhor Viccino - Vittalitat","og_description":"Vinagre de Ma\u00e7\u00e3 Org\u00e2nico 500ml Senhor Viccino - Vittalitat","og_url":"https:\/\/vittalitat.com.br\/vittalitat\/loja\/vinagre-de-maca-organico-500ml-senhor-viccino\/","og_site_name":"Vittalitat","article_publisher":"https:\/\/www.facebook.com\/vittalitat","article_modified_time":"2026-03-26T19:57:13+00:00","og_image":[{"width":1000,"height":1000,"url":"https:\/\/vittalitat.com.br\/vittalitat\/wp-content\/uploads\/2025\/02\/vinagre.webp","type":"image\/webp"}],"twitter_card":"summary_large_image","twitter_misc":{"Est. tempo de leitura":"1 minuto"},"schema":{"@context":"https:\/\/schema.org","@graph":[{"@type":"WebPage","@id":"https:\/\/vittalitat.com.br\/vittalitat\/loja\/vinagre-de-maca-organico-500ml-senhor-viccino\/","url":"https:\/\/vittalitat.com.br\/vittalitat\/loja\/vinagre-de-maca-organico-500ml-senhor-viccino\/","name":"Vinagre de Ma\u00e7\u00e3 Org\u00e2nico 500ml Senhor Viccino - Vittalitat","isPartOf":{"@id":"https:\/\/vittalitat.com.br\/vittalitat\/#website"},"datePublished":"2025-02-20T19:34:00+00:00","dateModified":"2026-03-26T19:57:13+00:00","description":"Vinagre de Ma\u00e7\u00e3 Org\u00e2nico 500ml Senhor Viccino - Vittalitat","breadcrumb":{"@id":"https:\/\/vittalitat.com.br\/vittalitat\/loja\/vinagre-de-maca-organico-500ml-senhor-viccino\/#breadcrumb"},"inLanguage":"pt-BR","potentialAction":[{"@type":"ReadAction","target":["https:\/\/vittalitat.com.br\/vittalitat\/loja\/vinagre-de-maca-organico-500ml-senhor-viccino\/"]}]},{"@type":"BreadcrumbList","@id":"https:\/\/vittalitat.com.br\/vittalitat\/loja\/vinagre-de-maca-organico-500ml-senhor-viccino\/#breadcrumb","itemListElement":[{"@type":"ListItem","position":1,"name":"In\u00edcio","item":"https:\/\/vittalitat.com.br\/vittalitat\/"},{"@type":"ListItem","position":2,"name":"Produtos","item":"https:\/\/vittalitat.com.br\/vittalitat\/shop\/"},{"@type":"ListItem","position":3,"name":"Vinagre de Ma\u00e7\u00e3 Org\u00e2nico 500ml Senhor Viccino"}]},{"@type":"WebSite","@id":"https:\/\/vittalitat.com.br\/vittalitat\/#website","url":"https:\/\/vittalitat.com.br\/vittalitat\/","name":"Vittalitat","description":"Sa\u00fade, preven\u00e7\u00e3o e bem-estar","publisher":{"@id":"https:\/\/vittalitat.com.br\/vittalitat\/#organization"},"potentialAction":[{"@type":"SearchAction","target":{"@type":"EntryPoint","urlTemplate":"https:\/\/vittalitat.com.br\/vittalitat\/?s={search_term_string}"},"query-input":"required name=search_term_string"}],"inLanguage":"pt-BR"},{"@type":"Organization","@id":"https:\/\/vittalitat.com.br\/vittalitat\/#organization","name":"Vittalitat","url":"https:\/\/vittalitat.com.br\/vittalitat\/","logo":{"@type":"ImageObject","inLanguage":"pt-BR","@id":"https:\/\/vittalitat.com.br\/vittalitat\/#\/schema\/logo\/image\/","url":"https:\/\/vittalitat.com.br\/vittalitat\/wp-content\/uploads\/2020\/04\/logo-para-o-face.png","contentUrl":"https:\/\/vittalitat.com.br\/vittalitat\/wp-content\/uploads\/2020\/04\/logo-para-o-face.png","width":700,"height":700,"caption":"Vittalitat"},"image":{"@id":"https:\/\/vittalitat.com.br\/vittalitat\/#\/schema\/logo\/image\/"},"sameAs":["https:\/\/www.facebook.com\/vittalitat","https:\/\/www.instagram.com\/vittalitat"]}]}},"_links":{"self":[{"href":"https:\/\/vittalitat.com.br\/vittalitat\/wp-json\/wp\/v2\/product\/2834","targetHints":{"allow":["GET"]}}],"collection":[{"href":"https:\/\/vittalitat.com.br\/vittalitat\/wp-json\/wp\/v2\/product"}],"about":[{"href":"https:\/\/vittalitat.com.br\/vittalitat\/wp-json\/wp\/v2\/types\/product"}],"replies":[{"embeddable":true,"href":"https:\/\/vittalitat.com.br\/vittalitat\/wp-json\/wp\/v2\/comments?post=2834"}],"wp:featuredmedia":[{"embeddable":true,"href":"https:\/\/vittalitat.com.br\/vittalitat\/wp-json\/wp\/v2\/media\/2835"}],"wp:attachment":[{"href":"https:\/\/vittalitat.com.br\/vittalitat\/wp-json\/wp\/v2\/media?parent=2834"}],"wp:term":[{"taxonomy":"product_brand","embeddable":true,"href":"https:\/\/vittalitat.com.br\/vittalitat\/wp-json\/wp\/v2\/product_brand?post=2834"},{"taxonomy":"product_cat","embeddable":true,"href":"https:\/\/vittalitat.com.br\/vittalitat\/wp-json\/wp\/v2\/product_cat?post=2834"},{"taxonomy":"product_tag","embeddable":true,"href":"https:\/\/vittalitat.com.br\/vittalitat\/wp-json\/wp\/v2\/product_tag?post=2834"}],"curies":[{"name":"wp","href":"https:\/\/api.w.org\/{rel}","templated":true}]}}