{"id":2761,"date":"2025-01-10T12:19:14","date_gmt":"2025-01-10T15:19:14","guid":{"rendered":"https:\/\/vittalitat.com.br\/vittalitat\/?post_type=product&#038;p=2761"},"modified":"2026-02-24T12:11:04","modified_gmt":"2026-02-24T15:11:04","slug":"sabonete-intimo-de-propolis-verde-100ml","status":"publish","type":"product","link":"https:\/\/vittalitat.com.br\/vittalitat\/loja\/sabonete-intimo-de-propolis-verde-100ml\/","title":{"rendered":"Sabonete \u00cdntimo de Pr\u00f3polis Verde 100ml"},"content":{"rendered":"<p data-sanitized-data-mce-fragment=\"1\"><strong>SUGEST\u00c3O DE USO:\u00a0<\/strong>Utilizar diariamente e enxaguar em seguida.<\/p>\n<p data-sanitized-data-mce-fragment=\"1\"><span data-sanitized-data-mce-fragment=\"1\"><strong>CONTE\u00daDO:\u00a0<\/strong>100ml.<br \/>\n<strong>VALIDADE:<\/strong>\u00a0<\/span><span data-olk-copy-source=\"MessageBody\">\u00a018 meses a partir da data de fabrica\u00e7\u00e3o<\/span><\/p>\n<p data-sanitized-data-mce-fragment=\"1\"><strong>INGREDIENTES:<\/strong><\/p>\n<p class=\"x_MsoNormal\" data-olk-copy-source=\"MessageBody\"><strong>Ingredientes em portugu\u00eas:<\/strong> \u00c1gua, lauril \u00e9ter sulfato de s\u00f3dio, extrato de pr\u00f3polis (<i>Baccharis dracunculifolia<\/i>), glicerina, crospol\u00edmero de acrilato\/acrilato de alquila C10-30, fenoxietanol, \u00e1lcool benz\u00edlico, aminometil propanol, pantenol, EDTA diss\u00f3dico<\/p>\n<p class=\"x_MsoNormal\"><strong>Ingredientes em ingl\u00eas:<\/strong> Aqua, sodium laureth sulfate, propolis extract (<i>Baccharis dracunculifolia<\/i>),glycerin, acrilates\/C10-30 alkyl acrylate crosspolymer, phenoxyetanol, benzyl alcohol, aminomethyl propanol, panthenol, disodium EDTA.<\/p>\n","protected":false},"excerpt":{"rendered":"<p data-sanitized-data-mce-fragment=\"1\"><span data-sanitized-data-mce-fragment=\"1\">O\u00a0<strong>sabonete \u00edntimo de Pr\u00f3polis Verde\u00a0<\/strong>foi cuidadosamente desenvolvido para a prote\u00e7\u00e3o di\u00e1ria da sa\u00fade \u00edntima feminina.\u00a0Sua f\u00f3rmula elaborada com extrato de p<\/span>r\u00f3polis verde\u00a0\u00e9\u00a0um excelente aliado a manuten\u00e7\u00e3o da sa\u00fade. S<span data-sanitized-data-mce-fragment=\"1\">ua a\u00e7\u00e3o antif\u00fangica \u00e9 fundamental para a preven\u00e7\u00e3o e aux\u00edlio no tratamento de infec\u00e7\u00f5es vaginais, onde se destaca a candid\u00edase, problema recorrente na popula\u00e7\u00e3o feminina.<\/span><\/p>\n<h4 data-sanitized-data-mce-fragment=\"1\"><strong>Quais os benef\u00edcios de usar o Sabonete \u00cdntimo de Pr\u00f3polis Verde?<\/strong><\/h4>\n<p data-sanitized-data-mce-fragment=\"1\"><span data-sanitized-data-mce-fragment=\"1\">\u2705\u00a0<\/span>Promove a limpeza da regi\u00e3o \u00edntima;<br data-sanitized-data-mce-fragment=\"1\" \/><span data-sanitized-data-mce-fragment=\"1\">\u2705 Auxilia no tratamento da Candid\u00edase;<br data-sanitized-data-mce-fragment=\"1\" \/>\u2705 Ideal para prote\u00e7\u00e3o, auxiliando na preven\u00e7\u00e3o de doen\u00e7as e agentes invasores;<br data-sanitized-data-mce-fragment=\"1\" \/>\u2705 Auxilia na elimina\u00e7\u00e3o de fungos e bact\u00e9rias;<\/span><br data-sanitized-data-mce-fragment=\"1\" \/><span data-sanitized-data-mce-fragment=\"1\">\u2705 N\u00e3o agride a pele.<\/span><\/p>\n","protected":false},"featured_media":2762,"comment_status":"open","ping_status":"closed","template":"","meta":{"_coblocks_attr":"","_coblocks_dimensions":"","_coblocks_responsive_height":"","_coblocks_accordion_ie_support":""},"product_brand":[],"product_cat":[104],"product_tag":[],"class_list":{"0":"post-2761","1":"product","2":"type-product","3":"status-publish","4":"has-post-thumbnail","6":"product_cat-cuidados-intimos","8":"first","9":"instock","10":"shipping-taxable","11":"purchasable","12":"product-type-simple"},"yoast_head":"<!-- This site is optimized with the Yoast SEO plugin v21.9.1 - https:\/\/yoast.com\/wordpress\/plugins\/seo\/ -->\n<title>Sabonete \u00cdntimo de Pr\u00f3polis Verde 100ml - Vittalitat<\/title>\n<meta name=\"description\" content=\"Sabonete \u00cdntimo de Pr\u00f3polis Verde 100ml - Vittalitat\" \/>\n<meta name=\"robots\" content=\"index, follow, max-snippet:-1, max-image-preview:large, max-video-preview:-1\" \/>\n<link rel=\"canonical\" href=\"https:\/\/vittalitat.com.br\/vittalitat\/loja\/sabonete-intimo-de-propolis-verde-100ml\/\" \/>\n<meta property=\"og:locale\" content=\"pt_BR\" \/>\n<meta property=\"og:type\" content=\"article\" \/>\n<meta property=\"og:title\" content=\"Sabonete \u00cdntimo de Pr\u00f3polis Verde 100ml - Vittalitat\" \/>\n<meta property=\"og:description\" content=\"Sabonete \u00cdntimo de Pr\u00f3polis Verde 100ml - Vittalitat\" \/>\n<meta property=\"og:url\" content=\"https:\/\/vittalitat.com.br\/vittalitat\/loja\/sabonete-intimo-de-propolis-verde-100ml\/\" \/>\n<meta property=\"og:site_name\" content=\"Vittalitat\" \/>\n<meta property=\"article:publisher\" content=\"https:\/\/www.facebook.com\/vittalitat\" \/>\n<meta property=\"article:modified_time\" content=\"2026-02-24T15:11:04+00:00\" \/>\n<meta property=\"og:image\" content=\"https:\/\/vittalitat.com.br\/vittalitat\/wp-content\/uploads\/2025\/01\/sabonete_intimo_de_propolis_verde_100ml_293_1_98fb71ca6e78ce1fcabf238cc854fd0e.webp\" \/>\n\t<meta property=\"og:image:width\" content=\"600\" \/>\n\t<meta property=\"og:image:height\" content=\"600\" \/>\n\t<meta property=\"og:image:type\" content=\"image\/webp\" \/>\n<meta name=\"twitter:card\" content=\"summary_large_image\" \/>\n<meta name=\"twitter:label1\" content=\"Est. tempo de leitura\" \/>\n\t<meta name=\"twitter:data1\" content=\"1 minuto\" \/>\n<script type=\"application\/ld+json\" class=\"yoast-schema-graph\">{\"@context\":\"https:\/\/schema.org\",\"@graph\":[{\"@type\":\"WebPage\",\"@id\":\"https:\/\/vittalitat.com.br\/vittalitat\/loja\/sabonete-intimo-de-propolis-verde-100ml\/\",\"url\":\"https:\/\/vittalitat.com.br\/vittalitat\/loja\/sabonete-intimo-de-propolis-verde-100ml\/\",\"name\":\"Sabonete \u00cdntimo de Pr\u00f3polis Verde 100ml - Vittalitat\",\"isPartOf\":{\"@id\":\"https:\/\/vittalitat.com.br\/vittalitat\/#website\"},\"datePublished\":\"2025-01-10T15:19:14+00:00\",\"dateModified\":\"2026-02-24T15:11:04+00:00\",\"description\":\"Sabonete \u00cdntimo de Pr\u00f3polis Verde 100ml - Vittalitat\",\"breadcrumb\":{\"@id\":\"https:\/\/vittalitat.com.br\/vittalitat\/loja\/sabonete-intimo-de-propolis-verde-100ml\/#breadcrumb\"},\"inLanguage\":\"pt-BR\",\"potentialAction\":[{\"@type\":\"ReadAction\",\"target\":[\"https:\/\/vittalitat.com.br\/vittalitat\/loja\/sabonete-intimo-de-propolis-verde-100ml\/\"]}]},{\"@type\":\"BreadcrumbList\",\"@id\":\"https:\/\/vittalitat.com.br\/vittalitat\/loja\/sabonete-intimo-de-propolis-verde-100ml\/#breadcrumb\",\"itemListElement\":[{\"@type\":\"ListItem\",\"position\":1,\"name\":\"In\u00edcio\",\"item\":\"https:\/\/vittalitat.com.br\/vittalitat\/\"},{\"@type\":\"ListItem\",\"position\":2,\"name\":\"Produtos\",\"item\":\"https:\/\/vittalitat.com.br\/vittalitat\/shop\/\"},{\"@type\":\"ListItem\",\"position\":3,\"name\":\"Sabonete \u00cdntimo de Pr\u00f3polis Verde 100ml\"}]},{\"@type\":\"WebSite\",\"@id\":\"https:\/\/vittalitat.com.br\/vittalitat\/#website\",\"url\":\"https:\/\/vittalitat.com.br\/vittalitat\/\",\"name\":\"Vittalitat\",\"description\":\"Sa\u00fade, preven\u00e7\u00e3o e bem-estar\",\"publisher\":{\"@id\":\"https:\/\/vittalitat.com.br\/vittalitat\/#organization\"},\"potentialAction\":[{\"@type\":\"SearchAction\",\"target\":{\"@type\":\"EntryPoint\",\"urlTemplate\":\"https:\/\/vittalitat.com.br\/vittalitat\/?s={search_term_string}\"},\"query-input\":\"required name=search_term_string\"}],\"inLanguage\":\"pt-BR\"},{\"@type\":\"Organization\",\"@id\":\"https:\/\/vittalitat.com.br\/vittalitat\/#organization\",\"name\":\"Vittalitat\",\"url\":\"https:\/\/vittalitat.com.br\/vittalitat\/\",\"logo\":{\"@type\":\"ImageObject\",\"inLanguage\":\"pt-BR\",\"@id\":\"https:\/\/vittalitat.com.br\/vittalitat\/#\/schema\/logo\/image\/\",\"url\":\"https:\/\/vittalitat.com.br\/vittalitat\/wp-content\/uploads\/2020\/04\/logo-para-o-face.png\",\"contentUrl\":\"https:\/\/vittalitat.com.br\/vittalitat\/wp-content\/uploads\/2020\/04\/logo-para-o-face.png\",\"width\":700,\"height\":700,\"caption\":\"Vittalitat\"},\"image\":{\"@id\":\"https:\/\/vittalitat.com.br\/vittalitat\/#\/schema\/logo\/image\/\"},\"sameAs\":[\"https:\/\/www.facebook.com\/vittalitat\",\"https:\/\/www.instagram.com\/vittalitat\"]}]}<\/script>\n<!-- \/ Yoast SEO plugin. -->","yoast_head_json":{"title":"Sabonete \u00cdntimo de Pr\u00f3polis Verde 100ml - Vittalitat","description":"Sabonete \u00cdntimo de Pr\u00f3polis Verde 100ml - Vittalitat","robots":{"index":"index","follow":"follow","max-snippet":"max-snippet:-1","max-image-preview":"max-image-preview:large","max-video-preview":"max-video-preview:-1"},"canonical":"https:\/\/vittalitat.com.br\/vittalitat\/loja\/sabonete-intimo-de-propolis-verde-100ml\/","og_locale":"pt_BR","og_type":"article","og_title":"Sabonete \u00cdntimo de Pr\u00f3polis Verde 100ml - Vittalitat","og_description":"Sabonete \u00cdntimo de Pr\u00f3polis Verde 100ml - Vittalitat","og_url":"https:\/\/vittalitat.com.br\/vittalitat\/loja\/sabonete-intimo-de-propolis-verde-100ml\/","og_site_name":"Vittalitat","article_publisher":"https:\/\/www.facebook.com\/vittalitat","article_modified_time":"2026-02-24T15:11:04+00:00","og_image":[{"width":600,"height":600,"url":"https:\/\/vittalitat.com.br\/vittalitat\/wp-content\/uploads\/2025\/01\/sabonete_intimo_de_propolis_verde_100ml_293_1_98fb71ca6e78ce1fcabf238cc854fd0e.webp","type":"image\/webp"}],"twitter_card":"summary_large_image","twitter_misc":{"Est. tempo de leitura":"1 minuto"},"schema":{"@context":"https:\/\/schema.org","@graph":[{"@type":"WebPage","@id":"https:\/\/vittalitat.com.br\/vittalitat\/loja\/sabonete-intimo-de-propolis-verde-100ml\/","url":"https:\/\/vittalitat.com.br\/vittalitat\/loja\/sabonete-intimo-de-propolis-verde-100ml\/","name":"Sabonete \u00cdntimo de Pr\u00f3polis Verde 100ml - Vittalitat","isPartOf":{"@id":"https:\/\/vittalitat.com.br\/vittalitat\/#website"},"datePublished":"2025-01-10T15:19:14+00:00","dateModified":"2026-02-24T15:11:04+00:00","description":"Sabonete \u00cdntimo de Pr\u00f3polis Verde 100ml - Vittalitat","breadcrumb":{"@id":"https:\/\/vittalitat.com.br\/vittalitat\/loja\/sabonete-intimo-de-propolis-verde-100ml\/#breadcrumb"},"inLanguage":"pt-BR","potentialAction":[{"@type":"ReadAction","target":["https:\/\/vittalitat.com.br\/vittalitat\/loja\/sabonete-intimo-de-propolis-verde-100ml\/"]}]},{"@type":"BreadcrumbList","@id":"https:\/\/vittalitat.com.br\/vittalitat\/loja\/sabonete-intimo-de-propolis-verde-100ml\/#breadcrumb","itemListElement":[{"@type":"ListItem","position":1,"name":"In\u00edcio","item":"https:\/\/vittalitat.com.br\/vittalitat\/"},{"@type":"ListItem","position":2,"name":"Produtos","item":"https:\/\/vittalitat.com.br\/vittalitat\/shop\/"},{"@type":"ListItem","position":3,"name":"Sabonete \u00cdntimo de Pr\u00f3polis Verde 100ml"}]},{"@type":"WebSite","@id":"https:\/\/vittalitat.com.br\/vittalitat\/#website","url":"https:\/\/vittalitat.com.br\/vittalitat\/","name":"Vittalitat","description":"Sa\u00fade, preven\u00e7\u00e3o e bem-estar","publisher":{"@id":"https:\/\/vittalitat.com.br\/vittalitat\/#organization"},"potentialAction":[{"@type":"SearchAction","target":{"@type":"EntryPoint","urlTemplate":"https:\/\/vittalitat.com.br\/vittalitat\/?s={search_term_string}"},"query-input":"required name=search_term_string"}],"inLanguage":"pt-BR"},{"@type":"Organization","@id":"https:\/\/vittalitat.com.br\/vittalitat\/#organization","name":"Vittalitat","url":"https:\/\/vittalitat.com.br\/vittalitat\/","logo":{"@type":"ImageObject","inLanguage":"pt-BR","@id":"https:\/\/vittalitat.com.br\/vittalitat\/#\/schema\/logo\/image\/","url":"https:\/\/vittalitat.com.br\/vittalitat\/wp-content\/uploads\/2020\/04\/logo-para-o-face.png","contentUrl":"https:\/\/vittalitat.com.br\/vittalitat\/wp-content\/uploads\/2020\/04\/logo-para-o-face.png","width":700,"height":700,"caption":"Vittalitat"},"image":{"@id":"https:\/\/vittalitat.com.br\/vittalitat\/#\/schema\/logo\/image\/"},"sameAs":["https:\/\/www.facebook.com\/vittalitat","https:\/\/www.instagram.com\/vittalitat"]}]}},"_links":{"self":[{"href":"https:\/\/vittalitat.com.br\/vittalitat\/wp-json\/wp\/v2\/product\/2761","targetHints":{"allow":["GET"]}}],"collection":[{"href":"https:\/\/vittalitat.com.br\/vittalitat\/wp-json\/wp\/v2\/product"}],"about":[{"href":"https:\/\/vittalitat.com.br\/vittalitat\/wp-json\/wp\/v2\/types\/product"}],"replies":[{"embeddable":true,"href":"https:\/\/vittalitat.com.br\/vittalitat\/wp-json\/wp\/v2\/comments?post=2761"}],"wp:featuredmedia":[{"embeddable":true,"href":"https:\/\/vittalitat.com.br\/vittalitat\/wp-json\/wp\/v2\/media\/2762"}],"wp:attachment":[{"href":"https:\/\/vittalitat.com.br\/vittalitat\/wp-json\/wp\/v2\/media?parent=2761"}],"wp:term":[{"taxonomy":"product_brand","embeddable":true,"href":"https:\/\/vittalitat.com.br\/vittalitat\/wp-json\/wp\/v2\/product_brand?post=2761"},{"taxonomy":"product_cat","embeddable":true,"href":"https:\/\/vittalitat.com.br\/vittalitat\/wp-json\/wp\/v2\/product_cat?post=2761"},{"taxonomy":"product_tag","embeddable":true,"href":"https:\/\/vittalitat.com.br\/vittalitat\/wp-json\/wp\/v2\/product_tag?post=2761"}],"curies":[{"name":"wp","href":"https:\/\/api.w.org\/{rel}","templated":true}]}}