{"id":2521,"date":"2024-06-24T18:02:45","date_gmt":"2024-06-24T21:02:45","guid":{"rendered":"https:\/\/vittalitat.com.br\/vittalitat\/?post_type=product&#038;p=2521"},"modified":"2025-05-09T15:28:58","modified_gmt":"2025-05-09T18:28:58","slug":"vine-floral-de-bach-10ml","status":"publish","type":"product","link":"https:\/\/vittalitat.com.br\/vittalitat\/loja\/vine-floral-de-bach-10ml\/","title":{"rendered":"Vine Floral de Bach 10ml"},"content":{"rendered":"","protected":false},"excerpt":{"rendered":"<p><strong>*Pr\u00f3ximo a Validade\u00a0<\/strong><\/p>\n<p>A Ess\u00eancia Floral Vine tem como efeito positivo a determina\u00e7\u00e3o sem domina\u00e7\u00e3o. Seja flex\u00edvel, dividindo a sua opini\u00e3o com os demais sem ser dominador. Respeito, cuidado e exig\u00eancia n\u00e3o de um ditador mas sim, de um l\u00edder inspirador.<\/p>\n<p><b><i>O\u00a0<\/i><\/b>Floral de Bach\u2122 Original\u00a0<b><i>Vine \u00e9 para pessoas que imp\u00f5em sua vontade.\u00a0<\/i><\/b>S\u00e3o, em muitos casos, bastante competentes, at\u00e9 mesmo altamente talentosas e ambiciosas, mas usam os seus atributos para dominar e oprimir. Acham que sabem mais que qualquer outra pessoa e rebaixam os outros. Embora n\u00e3o tentem converter as outras pessoas, ignoram os desejos e opini\u00f5es alheias e imp\u00f5em e esperam obedi\u00eancia absoluta. S\u00e3o agressivas e orgulhosas e podem ser implacavelmente \u00e1vidas pelo poder; as pessoas representativas extremas deste tipo podem ser duras, cru\u00e9is e desprovidas de compaix\u00e3o. Exemplos extremos s\u00e3o os pais ou patr\u00f5es que governam com m\u00e3o de ferro ou o pol\u00edtico ditador que se serve de quaisquer meios para atingir os seus fins ou a diretora ou professora da escola que agressivamente controla outras crian\u00e7as.\u00a0<b><i>O potencial positivo do Vine\u00a0<\/i><\/b>revela-se numa determina\u00e7\u00e3o sem domina\u00e7\u00e3o. As pessoas Vine positivas v\u00eaem o que h\u00e1 de bom nos outros e estimulam-nos e orientam-nos sem os dominar. Fazem-se l\u00edderes, professores, patr\u00f5es ou pais sensatos. Utilizam os seus dotes para ajudar os outros a conhecerem a si mesmos e a encontrar o seu caminho na vida. Inspiram os outros com a sua confian\u00e7a e certeza inabal\u00e1veis.<\/p>\n","protected":false},"featured_media":2522,"comment_status":"open","ping_status":"closed","template":"","meta":{"_coblocks_attr":"","_coblocks_dimensions":"","_coblocks_responsive_height":"","_coblocks_accordion_ie_support":""},"product_brand":[],"product_cat":[101],"product_tag":[],"class_list":{"0":"post-2521","1":"product","2":"type-product","3":"status-publish","4":"has-post-thumbnail","6":"product_cat-florais-de-bach","8":"first","9":"outofstock","10":"sale","11":"shipping-taxable","12":"purchasable","13":"product-type-simple"},"yoast_head":"<!-- This site is optimized with the Yoast SEO plugin v21.9.1 - https:\/\/yoast.com\/wordpress\/plugins\/seo\/ -->\n<title>Vine Floral de Bach 10ml - Vittalitat<\/title>\n<meta name=\"description\" content=\"Vine Floral de Bach 10ml - Vittalitat\" \/>\n<meta name=\"robots\" content=\"index, follow, max-snippet:-1, max-image-preview:large, max-video-preview:-1\" \/>\n<link rel=\"canonical\" href=\"https:\/\/vittalitat.com.br\/vittalitat\/loja\/vine-floral-de-bach-10ml\/\" \/>\n<meta property=\"og:locale\" content=\"pt_BR\" \/>\n<meta property=\"og:type\" content=\"article\" \/>\n<meta property=\"og:title\" content=\"Vine Floral de Bach 10ml - Vittalitat\" \/>\n<meta property=\"og:description\" content=\"Vine Floral de Bach 10ml - Vittalitat\" \/>\n<meta property=\"og:url\" content=\"https:\/\/vittalitat.com.br\/vittalitat\/loja\/vine-floral-de-bach-10ml\/\" \/>\n<meta property=\"og:site_name\" content=\"Vittalitat\" \/>\n<meta property=\"article:publisher\" content=\"https:\/\/www.facebook.com\/vittalitat\" \/>\n<meta property=\"article:modified_time\" content=\"2025-05-09T18:28:58+00:00\" \/>\n<meta property=\"og:image\" content=\"https:\/\/vittalitat.com.br\/vittalitat\/wp-content\/uploads\/2024\/06\/Vine.png\" \/>\n\t<meta property=\"og:image:width\" content=\"1000\" \/>\n\t<meta property=\"og:image:height\" content=\"1000\" \/>\n\t<meta property=\"og:image:type\" content=\"image\/png\" \/>\n<meta name=\"twitter:card\" content=\"summary_large_image\" \/>\n<meta name=\"twitter:label1\" content=\"Est. tempo de leitura\" \/>\n\t<meta name=\"twitter:data1\" content=\"1 minuto\" \/>\n<script type=\"application\/ld+json\" class=\"yoast-schema-graph\">{\"@context\":\"https:\/\/schema.org\",\"@graph\":[{\"@type\":\"WebPage\",\"@id\":\"https:\/\/vittalitat.com.br\/vittalitat\/loja\/vine-floral-de-bach-10ml\/\",\"url\":\"https:\/\/vittalitat.com.br\/vittalitat\/loja\/vine-floral-de-bach-10ml\/\",\"name\":\"Vine Floral de Bach 10ml - Vittalitat\",\"isPartOf\":{\"@id\":\"https:\/\/vittalitat.com.br\/vittalitat\/#website\"},\"datePublished\":\"2024-06-24T21:02:45+00:00\",\"dateModified\":\"2025-05-09T18:28:58+00:00\",\"description\":\"Vine Floral de Bach 10ml - Vittalitat\",\"breadcrumb\":{\"@id\":\"https:\/\/vittalitat.com.br\/vittalitat\/loja\/vine-floral-de-bach-10ml\/#breadcrumb\"},\"inLanguage\":\"pt-BR\",\"potentialAction\":[{\"@type\":\"ReadAction\",\"target\":[\"https:\/\/vittalitat.com.br\/vittalitat\/loja\/vine-floral-de-bach-10ml\/\"]}]},{\"@type\":\"BreadcrumbList\",\"@id\":\"https:\/\/vittalitat.com.br\/vittalitat\/loja\/vine-floral-de-bach-10ml\/#breadcrumb\",\"itemListElement\":[{\"@type\":\"ListItem\",\"position\":1,\"name\":\"In\u00edcio\",\"item\":\"https:\/\/vittalitat.com.br\/vittalitat\/\"},{\"@type\":\"ListItem\",\"position\":2,\"name\":\"Produtos\",\"item\":\"https:\/\/vittalitat.com.br\/vittalitat\/shop\/\"},{\"@type\":\"ListItem\",\"position\":3,\"name\":\"Vine Floral de Bach 10ml\"}]},{\"@type\":\"WebSite\",\"@id\":\"https:\/\/vittalitat.com.br\/vittalitat\/#website\",\"url\":\"https:\/\/vittalitat.com.br\/vittalitat\/\",\"name\":\"Vittalitat\",\"description\":\"Sa\u00fade, preven\u00e7\u00e3o e bem-estar\",\"publisher\":{\"@id\":\"https:\/\/vittalitat.com.br\/vittalitat\/#organization\"},\"potentialAction\":[{\"@type\":\"SearchAction\",\"target\":{\"@type\":\"EntryPoint\",\"urlTemplate\":\"https:\/\/vittalitat.com.br\/vittalitat\/?s={search_term_string}\"},\"query-input\":\"required name=search_term_string\"}],\"inLanguage\":\"pt-BR\"},{\"@type\":\"Organization\",\"@id\":\"https:\/\/vittalitat.com.br\/vittalitat\/#organization\",\"name\":\"Vittalitat\",\"url\":\"https:\/\/vittalitat.com.br\/vittalitat\/\",\"logo\":{\"@type\":\"ImageObject\",\"inLanguage\":\"pt-BR\",\"@id\":\"https:\/\/vittalitat.com.br\/vittalitat\/#\/schema\/logo\/image\/\",\"url\":\"https:\/\/vittalitat.com.br\/vittalitat\/wp-content\/uploads\/2020\/04\/logo-para-o-face.png\",\"contentUrl\":\"https:\/\/vittalitat.com.br\/vittalitat\/wp-content\/uploads\/2020\/04\/logo-para-o-face.png\",\"width\":700,\"height\":700,\"caption\":\"Vittalitat\"},\"image\":{\"@id\":\"https:\/\/vittalitat.com.br\/vittalitat\/#\/schema\/logo\/image\/\"},\"sameAs\":[\"https:\/\/www.facebook.com\/vittalitat\",\"https:\/\/www.instagram.com\/vittalitat\"]}]}<\/script>\n<!-- \/ Yoast SEO plugin. -->","yoast_head_json":{"title":"Vine Floral de Bach 10ml - Vittalitat","description":"Vine Floral de Bach 10ml - Vittalitat","robots":{"index":"index","follow":"follow","max-snippet":"max-snippet:-1","max-image-preview":"max-image-preview:large","max-video-preview":"max-video-preview:-1"},"canonical":"https:\/\/vittalitat.com.br\/vittalitat\/loja\/vine-floral-de-bach-10ml\/","og_locale":"pt_BR","og_type":"article","og_title":"Vine Floral de Bach 10ml - Vittalitat","og_description":"Vine Floral de Bach 10ml - Vittalitat","og_url":"https:\/\/vittalitat.com.br\/vittalitat\/loja\/vine-floral-de-bach-10ml\/","og_site_name":"Vittalitat","article_publisher":"https:\/\/www.facebook.com\/vittalitat","article_modified_time":"2025-05-09T18:28:58+00:00","og_image":[{"width":1000,"height":1000,"url":"https:\/\/vittalitat.com.br\/vittalitat\/wp-content\/uploads\/2024\/06\/Vine.png","type":"image\/png"}],"twitter_card":"summary_large_image","twitter_misc":{"Est. tempo de leitura":"1 minuto"},"schema":{"@context":"https:\/\/schema.org","@graph":[{"@type":"WebPage","@id":"https:\/\/vittalitat.com.br\/vittalitat\/loja\/vine-floral-de-bach-10ml\/","url":"https:\/\/vittalitat.com.br\/vittalitat\/loja\/vine-floral-de-bach-10ml\/","name":"Vine Floral de Bach 10ml - Vittalitat","isPartOf":{"@id":"https:\/\/vittalitat.com.br\/vittalitat\/#website"},"datePublished":"2024-06-24T21:02:45+00:00","dateModified":"2025-05-09T18:28:58+00:00","description":"Vine Floral de Bach 10ml - Vittalitat","breadcrumb":{"@id":"https:\/\/vittalitat.com.br\/vittalitat\/loja\/vine-floral-de-bach-10ml\/#breadcrumb"},"inLanguage":"pt-BR","potentialAction":[{"@type":"ReadAction","target":["https:\/\/vittalitat.com.br\/vittalitat\/loja\/vine-floral-de-bach-10ml\/"]}]},{"@type":"BreadcrumbList","@id":"https:\/\/vittalitat.com.br\/vittalitat\/loja\/vine-floral-de-bach-10ml\/#breadcrumb","itemListElement":[{"@type":"ListItem","position":1,"name":"In\u00edcio","item":"https:\/\/vittalitat.com.br\/vittalitat\/"},{"@type":"ListItem","position":2,"name":"Produtos","item":"https:\/\/vittalitat.com.br\/vittalitat\/shop\/"},{"@type":"ListItem","position":3,"name":"Vine Floral de Bach 10ml"}]},{"@type":"WebSite","@id":"https:\/\/vittalitat.com.br\/vittalitat\/#website","url":"https:\/\/vittalitat.com.br\/vittalitat\/","name":"Vittalitat","description":"Sa\u00fade, preven\u00e7\u00e3o e bem-estar","publisher":{"@id":"https:\/\/vittalitat.com.br\/vittalitat\/#organization"},"potentialAction":[{"@type":"SearchAction","target":{"@type":"EntryPoint","urlTemplate":"https:\/\/vittalitat.com.br\/vittalitat\/?s={search_term_string}"},"query-input":"required name=search_term_string"}],"inLanguage":"pt-BR"},{"@type":"Organization","@id":"https:\/\/vittalitat.com.br\/vittalitat\/#organization","name":"Vittalitat","url":"https:\/\/vittalitat.com.br\/vittalitat\/","logo":{"@type":"ImageObject","inLanguage":"pt-BR","@id":"https:\/\/vittalitat.com.br\/vittalitat\/#\/schema\/logo\/image\/","url":"https:\/\/vittalitat.com.br\/vittalitat\/wp-content\/uploads\/2020\/04\/logo-para-o-face.png","contentUrl":"https:\/\/vittalitat.com.br\/vittalitat\/wp-content\/uploads\/2020\/04\/logo-para-o-face.png","width":700,"height":700,"caption":"Vittalitat"},"image":{"@id":"https:\/\/vittalitat.com.br\/vittalitat\/#\/schema\/logo\/image\/"},"sameAs":["https:\/\/www.facebook.com\/vittalitat","https:\/\/www.instagram.com\/vittalitat"]}]}},"_links":{"self":[{"href":"https:\/\/vittalitat.com.br\/vittalitat\/wp-json\/wp\/v2\/product\/2521","targetHints":{"allow":["GET"]}}],"collection":[{"href":"https:\/\/vittalitat.com.br\/vittalitat\/wp-json\/wp\/v2\/product"}],"about":[{"href":"https:\/\/vittalitat.com.br\/vittalitat\/wp-json\/wp\/v2\/types\/product"}],"replies":[{"embeddable":true,"href":"https:\/\/vittalitat.com.br\/vittalitat\/wp-json\/wp\/v2\/comments?post=2521"}],"wp:featuredmedia":[{"embeddable":true,"href":"https:\/\/vittalitat.com.br\/vittalitat\/wp-json\/wp\/v2\/media\/2522"}],"wp:attachment":[{"href":"https:\/\/vittalitat.com.br\/vittalitat\/wp-json\/wp\/v2\/media?parent=2521"}],"wp:term":[{"taxonomy":"product_brand","embeddable":true,"href":"https:\/\/vittalitat.com.br\/vittalitat\/wp-json\/wp\/v2\/product_brand?post=2521"},{"taxonomy":"product_cat","embeddable":true,"href":"https:\/\/vittalitat.com.br\/vittalitat\/wp-json\/wp\/v2\/product_cat?post=2521"},{"taxonomy":"product_tag","embeddable":true,"href":"https:\/\/vittalitat.com.br\/vittalitat\/wp-json\/wp\/v2\/product_tag?post=2521"}],"curies":[{"name":"wp","href":"https:\/\/api.w.org\/{rel}","templated":true}]}}