{"id":2514,"date":"2024-06-14T15:18:13","date_gmt":"2024-06-14T18:18:13","guid":{"rendered":"https:\/\/vittalitat.com.br\/vittalitat\/?post_type=product&#038;p=2514"},"modified":"2026-02-15T14:59:11","modified_gmt":"2026-02-15T17:59:11","slug":"matcha-camellia-sinensis-anew","status":"publish","type":"product","link":"https:\/\/vittalitat.com.br\/vittalitat\/loja\/matcha-camellia-sinensis-anew\/","title":{"rendered":"Matcha Camellia Sinensis Anew"},"content":{"rendered":"<p>A\u00a0<em>Camellis sinensis<\/em>, a planta do ch\u00e1 verde, \u00e9 uma das fontes mais ricas de antioxidantes e compostos bioativos dispon\u00edveis.<\/p>\n<p>Sua principal caracter\u00edstica \u00e9 a alta concentra\u00e7\u00e3o de catequinas, especialmente a epigalocatequina galato (EGCG), um potente antioxidante que combate os radicais livres, e por essa raz\u00e3o reduz o estresse oxidativo e a inflama\u00e7\u00e3o no corpo.<br \/>\nAl\u00e9m das catequinas, o ch\u00e1 verde em p\u00f3 cont\u00e9m flavon\u00f3ides que contibuem para a sa\u00fade cardiovascular e uma variedade de vitaminas e minerais, incluindo vitamina C, pot\u00e1ssio e magn\u00e9sio, que contribuem para a sa\u00fade e o bem-estar geral.<br \/>\nO ch\u00e1 verde cont\u00e9m cafe\u00edna, que proporciona um aumento de energia e estimula a mente, ao mesmo tempo em que oferece L-teanina, um amino\u00e1cido que promove o relaxamento e melhora a fun\u00e7\u00e3o cerebral, criando um equil\u00edbrio harmonioso entre est\u00edmulo e tranquilidade.<\/p>\n<p><strong>Apresenta\u00e7\u00e3o:<\/strong>\u00a0potes com 45 g de ch\u00e1 verde puro em p\u00f3.<\/p>\n<p><strong>Sugest\u00e3o de consumo:<\/strong>\u00a0adicione 1 colher (caf\u00e9) de ch\u00e1 verde (1,5 g) em 200 ml de \u00e1gua quente ou fria.<br \/>\nPode ser adicionado em receitas, como\u00a0<em>lattes<\/em>, bolos, tortas e sorvetes.<\/p>\n","protected":false},"excerpt":{"rendered":"<div class=\"et_pb_module et_pb_text et_pb_text_0  et_pb_text_align_left et_pb_bg_layout_light\">\n<div class=\"et_pb_text_inner\">\n<p><strong>O poder do verdadeiro ch\u00e1 verde, em sua forma mais pura no Matcha Anew.<\/strong><\/p>\n<\/div>\n<\/div>\n<div class=\"et_pb_module et_pb_image et_pb_image_2\"><span class=\"et_pb_image_wrap \"><img decoding=\"async\" class=\"wp-image-4059\" title=\"vegano\" src=\"https:\/\/i0.wp.com\/anew.com.br\/wp-content\/uploads\/2022\/05\/vegano.gif?resize=100%2C63&amp;ssl=1\" alt=\"vegano\" width=\"100\" height=\"63\" data-recalc-dims=\"1\" \/><\/span><\/div>\n<div class=\"et_pb_module et_pb_text et_pb_text_1  et_pb_text_align_left et_pb_bg_layout_light\">\n<div class=\"et_pb_text_inner\">\n<div>O Matcha Anew \u00e9 o p\u00f3 puro de folhas jovens de\u00a0<em>Camellia sinensis<\/em>, cultivado sem uso de defensivos agr\u00edcolas.<\/div>\n<div>Colhido na melhor fase da safra, a primeira colheita, o Matcha Anew concentra o \u00e1pice de propriedades da\u00a0<em>Camellia sinensis<\/em>: altas concentra\u00e7\u00f5es de catequinas, polifen\u00f3is, vitaminas e minerais.<\/div>\n<div>Todo o processo de cultivo, secagem, moagem e embalagem atende aos padr\u00f5es de rastreabilidade e qualidade da Anew, garantindo confian\u00e7a e excel\u00eancia.<\/div>\n<\/div>\n<\/div>\n<div class=\"et_pb_module et_pb_text et_pb_text_2  et_pb_text_align_left et_pb_bg_layout_light\">\n<div class=\"et_pb_text_inner\">\n<div><\/div>\n<h3><strong>Principais propriedades da\u00a0<em>Camellia sinensis<\/em>:<\/strong><\/h3>\n<ul>\n<li><strong>Antioxidante:<\/strong>\u00a0Combate os radicais livres e reduz o estresse oxidativo.<\/li>\n<li><strong>Anti-inflamat\u00f3ria:<\/strong>\u00a0os polifen\u00f3is ajudam a reduzir a inflama\u00e7\u00e3o do corpo.<\/li>\n<li><strong>Estimulante:<\/strong>\u00a0estimula o sistema nervoso central, melhorando a concentra\u00e7\u00e3o e o estado de alerta.<\/li>\n<li><strong>Relaxante:<\/strong>\u00a0a L-teanina promove o relaxamento e melhora a qualidade o sono, sem causar sonol\u00eancia.<\/li>\n<\/ul>\n<\/div>\n<\/div>\n","protected":false},"featured_media":2515,"comment_status":"open","ping_status":"closed","template":"","meta":{"_coblocks_attr":"","_coblocks_dimensions":"","_coblocks_responsive_height":"","_coblocks_accordion_ie_support":""},"product_brand":[],"product_cat":[15],"product_tag":[],"class_list":{"0":"post-2514","1":"product","2":"type-product","3":"status-publish","4":"has-post-thumbnail","6":"product_cat-15","8":"first","9":"instock","10":"shipping-taxable","11":"purchasable","12":"product-type-simple"},"yoast_head":"<!-- This site is optimized with the Yoast SEO plugin v21.9.1 - https:\/\/yoast.com\/wordpress\/plugins\/seo\/ -->\n<title>Matcha Camellia Sinensis Anew - Vittalitat<\/title>\n<meta name=\"description\" content=\"Matcha Camellia Sinensis Anew - Vittalitat\" \/>\n<meta name=\"robots\" content=\"index, follow, max-snippet:-1, max-image-preview:large, max-video-preview:-1\" \/>\n<link rel=\"canonical\" href=\"https:\/\/vittalitat.com.br\/vittalitat\/loja\/matcha-camellia-sinensis-anew\/\" \/>\n<meta property=\"og:locale\" content=\"pt_BR\" \/>\n<meta property=\"og:type\" content=\"article\" \/>\n<meta property=\"og:title\" content=\"Matcha Camellia Sinensis Anew - Vittalitat\" \/>\n<meta property=\"og:description\" content=\"Matcha Camellia Sinensis Anew - Vittalitat\" \/>\n<meta property=\"og:url\" content=\"https:\/\/vittalitat.com.br\/vittalitat\/loja\/matcha-camellia-sinensis-anew\/\" \/>\n<meta property=\"og:site_name\" content=\"Vittalitat\" \/>\n<meta property=\"article:publisher\" content=\"https:\/\/www.facebook.com\/vittalitat\" \/>\n<meta property=\"article:modified_time\" content=\"2026-02-15T17:59:11+00:00\" \/>\n<meta property=\"og:image\" content=\"https:\/\/vittalitat.com.br\/vittalitat\/wp-content\/uploads\/2024\/06\/Matcha.webp\" \/>\n\t<meta property=\"og:image:width\" content=\"600\" \/>\n\t<meta property=\"og:image:height\" content=\"561\" \/>\n\t<meta property=\"og:image:type\" content=\"image\/webp\" \/>\n<meta name=\"twitter:card\" content=\"summary_large_image\" \/>\n<meta name=\"twitter:label1\" content=\"Est. tempo de leitura\" \/>\n\t<meta name=\"twitter:data1\" content=\"2 minutos\" \/>\n<script type=\"application\/ld+json\" class=\"yoast-schema-graph\">{\"@context\":\"https:\/\/schema.org\",\"@graph\":[{\"@type\":\"WebPage\",\"@id\":\"https:\/\/vittalitat.com.br\/vittalitat\/loja\/matcha-camellia-sinensis-anew\/\",\"url\":\"https:\/\/vittalitat.com.br\/vittalitat\/loja\/matcha-camellia-sinensis-anew\/\",\"name\":\"Matcha Camellia Sinensis Anew - Vittalitat\",\"isPartOf\":{\"@id\":\"https:\/\/vittalitat.com.br\/vittalitat\/#website\"},\"datePublished\":\"2024-06-14T18:18:13+00:00\",\"dateModified\":\"2026-02-15T17:59:11+00:00\",\"description\":\"Matcha Camellia Sinensis Anew - Vittalitat\",\"breadcrumb\":{\"@id\":\"https:\/\/vittalitat.com.br\/vittalitat\/loja\/matcha-camellia-sinensis-anew\/#breadcrumb\"},\"inLanguage\":\"pt-BR\",\"potentialAction\":[{\"@type\":\"ReadAction\",\"target\":[\"https:\/\/vittalitat.com.br\/vittalitat\/loja\/matcha-camellia-sinensis-anew\/\"]}]},{\"@type\":\"BreadcrumbList\",\"@id\":\"https:\/\/vittalitat.com.br\/vittalitat\/loja\/matcha-camellia-sinensis-anew\/#breadcrumb\",\"itemListElement\":[{\"@type\":\"ListItem\",\"position\":1,\"name\":\"In\u00edcio\",\"item\":\"https:\/\/vittalitat.com.br\/vittalitat\/\"},{\"@type\":\"ListItem\",\"position\":2,\"name\":\"Produtos\",\"item\":\"https:\/\/vittalitat.com.br\/vittalitat\/shop\/\"},{\"@type\":\"ListItem\",\"position\":3,\"name\":\"Matcha Camellia Sinensis Anew\"}]},{\"@type\":\"WebSite\",\"@id\":\"https:\/\/vittalitat.com.br\/vittalitat\/#website\",\"url\":\"https:\/\/vittalitat.com.br\/vittalitat\/\",\"name\":\"Vittalitat\",\"description\":\"Sa\u00fade, preven\u00e7\u00e3o e bem-estar\",\"publisher\":{\"@id\":\"https:\/\/vittalitat.com.br\/vittalitat\/#organization\"},\"potentialAction\":[{\"@type\":\"SearchAction\",\"target\":{\"@type\":\"EntryPoint\",\"urlTemplate\":\"https:\/\/vittalitat.com.br\/vittalitat\/?s={search_term_string}\"},\"query-input\":\"required name=search_term_string\"}],\"inLanguage\":\"pt-BR\"},{\"@type\":\"Organization\",\"@id\":\"https:\/\/vittalitat.com.br\/vittalitat\/#organization\",\"name\":\"Vittalitat\",\"url\":\"https:\/\/vittalitat.com.br\/vittalitat\/\",\"logo\":{\"@type\":\"ImageObject\",\"inLanguage\":\"pt-BR\",\"@id\":\"https:\/\/vittalitat.com.br\/vittalitat\/#\/schema\/logo\/image\/\",\"url\":\"https:\/\/vittalitat.com.br\/vittalitat\/wp-content\/uploads\/2020\/04\/logo-para-o-face.png\",\"contentUrl\":\"https:\/\/vittalitat.com.br\/vittalitat\/wp-content\/uploads\/2020\/04\/logo-para-o-face.png\",\"width\":700,\"height\":700,\"caption\":\"Vittalitat\"},\"image\":{\"@id\":\"https:\/\/vittalitat.com.br\/vittalitat\/#\/schema\/logo\/image\/\"},\"sameAs\":[\"https:\/\/www.facebook.com\/vittalitat\",\"https:\/\/www.instagram.com\/vittalitat\"]}]}<\/script>\n<!-- \/ Yoast SEO plugin. -->","yoast_head_json":{"title":"Matcha Camellia Sinensis Anew - Vittalitat","description":"Matcha Camellia Sinensis Anew - Vittalitat","robots":{"index":"index","follow":"follow","max-snippet":"max-snippet:-1","max-image-preview":"max-image-preview:large","max-video-preview":"max-video-preview:-1"},"canonical":"https:\/\/vittalitat.com.br\/vittalitat\/loja\/matcha-camellia-sinensis-anew\/","og_locale":"pt_BR","og_type":"article","og_title":"Matcha Camellia Sinensis Anew - Vittalitat","og_description":"Matcha Camellia Sinensis Anew - Vittalitat","og_url":"https:\/\/vittalitat.com.br\/vittalitat\/loja\/matcha-camellia-sinensis-anew\/","og_site_name":"Vittalitat","article_publisher":"https:\/\/www.facebook.com\/vittalitat","article_modified_time":"2026-02-15T17:59:11+00:00","og_image":[{"width":600,"height":561,"url":"https:\/\/vittalitat.com.br\/vittalitat\/wp-content\/uploads\/2024\/06\/Matcha.webp","type":"image\/webp"}],"twitter_card":"summary_large_image","twitter_misc":{"Est. tempo de leitura":"2 minutos"},"schema":{"@context":"https:\/\/schema.org","@graph":[{"@type":"WebPage","@id":"https:\/\/vittalitat.com.br\/vittalitat\/loja\/matcha-camellia-sinensis-anew\/","url":"https:\/\/vittalitat.com.br\/vittalitat\/loja\/matcha-camellia-sinensis-anew\/","name":"Matcha Camellia Sinensis Anew - Vittalitat","isPartOf":{"@id":"https:\/\/vittalitat.com.br\/vittalitat\/#website"},"datePublished":"2024-06-14T18:18:13+00:00","dateModified":"2026-02-15T17:59:11+00:00","description":"Matcha Camellia Sinensis Anew - Vittalitat","breadcrumb":{"@id":"https:\/\/vittalitat.com.br\/vittalitat\/loja\/matcha-camellia-sinensis-anew\/#breadcrumb"},"inLanguage":"pt-BR","potentialAction":[{"@type":"ReadAction","target":["https:\/\/vittalitat.com.br\/vittalitat\/loja\/matcha-camellia-sinensis-anew\/"]}]},{"@type":"BreadcrumbList","@id":"https:\/\/vittalitat.com.br\/vittalitat\/loja\/matcha-camellia-sinensis-anew\/#breadcrumb","itemListElement":[{"@type":"ListItem","position":1,"name":"In\u00edcio","item":"https:\/\/vittalitat.com.br\/vittalitat\/"},{"@type":"ListItem","position":2,"name":"Produtos","item":"https:\/\/vittalitat.com.br\/vittalitat\/shop\/"},{"@type":"ListItem","position":3,"name":"Matcha Camellia Sinensis Anew"}]},{"@type":"WebSite","@id":"https:\/\/vittalitat.com.br\/vittalitat\/#website","url":"https:\/\/vittalitat.com.br\/vittalitat\/","name":"Vittalitat","description":"Sa\u00fade, preven\u00e7\u00e3o e bem-estar","publisher":{"@id":"https:\/\/vittalitat.com.br\/vittalitat\/#organization"},"potentialAction":[{"@type":"SearchAction","target":{"@type":"EntryPoint","urlTemplate":"https:\/\/vittalitat.com.br\/vittalitat\/?s={search_term_string}"},"query-input":"required name=search_term_string"}],"inLanguage":"pt-BR"},{"@type":"Organization","@id":"https:\/\/vittalitat.com.br\/vittalitat\/#organization","name":"Vittalitat","url":"https:\/\/vittalitat.com.br\/vittalitat\/","logo":{"@type":"ImageObject","inLanguage":"pt-BR","@id":"https:\/\/vittalitat.com.br\/vittalitat\/#\/schema\/logo\/image\/","url":"https:\/\/vittalitat.com.br\/vittalitat\/wp-content\/uploads\/2020\/04\/logo-para-o-face.png","contentUrl":"https:\/\/vittalitat.com.br\/vittalitat\/wp-content\/uploads\/2020\/04\/logo-para-o-face.png","width":700,"height":700,"caption":"Vittalitat"},"image":{"@id":"https:\/\/vittalitat.com.br\/vittalitat\/#\/schema\/logo\/image\/"},"sameAs":["https:\/\/www.facebook.com\/vittalitat","https:\/\/www.instagram.com\/vittalitat"]}]}},"_links":{"self":[{"href":"https:\/\/vittalitat.com.br\/vittalitat\/wp-json\/wp\/v2\/product\/2514","targetHints":{"allow":["GET"]}}],"collection":[{"href":"https:\/\/vittalitat.com.br\/vittalitat\/wp-json\/wp\/v2\/product"}],"about":[{"href":"https:\/\/vittalitat.com.br\/vittalitat\/wp-json\/wp\/v2\/types\/product"}],"replies":[{"embeddable":true,"href":"https:\/\/vittalitat.com.br\/vittalitat\/wp-json\/wp\/v2\/comments?post=2514"}],"wp:featuredmedia":[{"embeddable":true,"href":"https:\/\/vittalitat.com.br\/vittalitat\/wp-json\/wp\/v2\/media\/2515"}],"wp:attachment":[{"href":"https:\/\/vittalitat.com.br\/vittalitat\/wp-json\/wp\/v2\/media?parent=2514"}],"wp:term":[{"taxonomy":"product_brand","embeddable":true,"href":"https:\/\/vittalitat.com.br\/vittalitat\/wp-json\/wp\/v2\/product_brand?post=2514"},{"taxonomy":"product_cat","embeddable":true,"href":"https:\/\/vittalitat.com.br\/vittalitat\/wp-json\/wp\/v2\/product_cat?post=2514"},{"taxonomy":"product_tag","embeddable":true,"href":"https:\/\/vittalitat.com.br\/vittalitat\/wp-json\/wp\/v2\/product_tag?post=2514"}],"curies":[{"name":"wp","href":"https:\/\/api.w.org\/{rel}","templated":true}]}}