{"id":2261,"date":"2023-10-27T17:17:08","date_gmt":"2023-10-27T20:17:08","guid":{"rendered":"https:\/\/vittalitat.com.br\/vittalitat\/?post_type=product&#038;p=2261"},"modified":"2026-03-31T23:22:12","modified_gmt":"2026-04-01T02:22:12","slug":"ionew-60-capsulas","status":"publish","type":"product","link":"https:\/\/vittalitat.com.br\/vittalitat\/loja\/ionew-60-capsulas\/","title":{"rendered":"IONEW 60 C\u00c1PSULAS"},"content":{"rendered":"<div class=\"et_pb_module et_pb_text et_pb_text_0 et_pb_text_align_left et_pb_bg_layout_light\">\n<div class=\"et_pb_text_inner\">\n<p><strong>Fonte de Iodo, zinco e sel\u00eanio<\/strong><\/p>\n<\/div>\n<\/div>\n<div class=\"et_pb_module et_pb_image et_pb_image_2\"><span class=\"et_pb_image_wrap \"><img decoding=\"async\" class=\"wp-image-4059\" title=\"vegano\" src=\"https:\/\/i0.wp.com\/anew.com.br\/wp-content\/uploads\/2022\/05\/vegano.gif?resize=100%2C63&amp;ssl=1\" alt=\"vegano\" width=\"100\" height=\"63\" \/><\/span><\/div>\n<div class=\"et_pb_module et_pb_text et_pb_text_1 et_pb_text_align_left et_pb_bg_layout_light\">\n<div class=\"et_pb_text_inner\">\n<p>O Ionew \u00e9 o suplemento de\u00a0<strong>Iodo<\/strong>\u00a0(iodeto de pot\u00e1ssio),\u00a0<strong>zinco\u00a0<\/strong>(bisglicinato de zinco) e\u00a0<strong>sel\u00eanio<\/strong>\u00a0(selenito de s\u00f3dio), nutrientes essenciais que juntos contribuem para a sa\u00fade da tireoide.<\/p>\n<p>O iodo \u00e9 essencial para a produ\u00e7\u00e3o dos horm\u00f4nios tireoidianos, T3 e T4, regulando o metabolismo e o funcionamento de v\u00e1rios sistemas do corpo. Al\u00e9m da tireoide, o iodo tamb\u00e9m \u00e9 encontrado em \u00f3rg\u00e3os como as gl\u00e2ndulas salivares, est\u00f4mago, pele e mamas. O zinco e o sel\u00eanio contribuem na convers\u00e3o eficaz dos horm\u00f4nios tireoidianos e no suporte ao sistema imunol\u00f3gico.<\/p>\n<p><strong>Ionew<\/strong>\u00a0\u00e9 feito com c\u00e1psulas vegetais, \u00e9 um produto vegano, sem corantes, sem conservantes, n\u00e3o cont\u00e9m gl\u00faten e o excipiente\u00a0\u00e9 o levedo de cana (<em>Saccharomyces cerevisiae<\/em>).<\/p>\n<p>O iodo, o zinco e o sel\u00eanio s\u00e3o nutrientes essenciais, ou seja, n\u00e3o s\u00e3o produzidos pelo organismo e precisam ser obtidos por meio da alimenta\u00e7\u00e3o.<br \/>\nO iodo est\u00e1 presente principalmente em alimentos de origem marinha como algas, peixes e frutos do mar.<br \/>\nO zinco pode ser encontrado na carne vermelha, frutos do mar (principalmente na ostra), nozes e sementes.<br \/>\nO sel\u00eanio tamb\u00e9m \u00e9 encontrado em frutos do mar, em algumas nozes e castanhas, em gr\u00e3os e cereais integrais.<\/p>\n<p><strong>Iodo<\/strong><\/p>\n<p>O iodo \u00e9 um nutriente essencial, ou seja, n\u00e3o \u00e9 produzido pelo organismo e deve ser adquirido por meio da alimenta\u00e7\u00e3o.<br \/>\nO iodo est\u00e1 presente em todos os tecidos e flu\u00eddos do corpo. Possui um papel determinante no crescimento e desenvolvimento dos \u00f3rg\u00e3os, especialmente na matura\u00e7\u00e3o do sistema nervoso central durante o per\u00edodo fetal e subsequente neurodesenvolvimento nos primeiros anos de vida.<br \/>\nAtua na s\u00edntese dos horm\u00f4nios T3 e T4, dois horm\u00f4nios tireoidianos essenciais para a manuten\u00e7\u00e3o do metabolismo celular.<\/p>\n<p>A defici\u00eancia de iodo na dieta pode levar ao b\u00f3cio e ao hipotiroidismo, nos casos mais graves, atraso mental, cretinismo e aumento da mortalidade neo-natal e infantil.<br \/>\nNa alimenta\u00e7\u00e3o o iodo est\u00e1 presente principalmente em alimentos de origem marinha como algas, peixes e frutos do mar. Em vegetais, a concentra\u00e7\u00e3o de iodo depende propriamente das esp\u00e9cies, tipos de solos, aplica\u00e7\u00e3o de fertilizantes, e por fim das condi\u00e7\u00f5es clim\u00e1ticas. A dist\u00e2ncia do mar tamb\u00e9m influencia os teores de iodo das plantas, quanto maior a dist\u00e2ncia do cultivo, o conte\u00fado de iodo diminui.<\/p>\n<p><strong>Sel\u00eanio e Zinco<\/strong><\/p>\n<div>O sel\u00eanio tem a\u00e7\u00e3o antioxidante e ajuda a proteger as c\u00e9lulas contra danos oxidativos. Este mineral \u00e9 essencial para o funcionamento da gl\u00e2ndula tireoide e o sistema imunol\u00f3gico. O sel\u00eanio \u00e9 necess\u00e1rio para a convers\u00e3o de horm\u00f4nios da tireoide na forma ativa, o que \u00e9 importante para a regula\u00e7\u00e3o do metabolismo e a fun\u00e7\u00e3o da tireoide.<\/div>\n<div>O zinco auxilia no fortalecimento do sistema imune e atua no desenvolvimento e reparo de tecidos do corpo, por isso \u00e9 muito importante durante a inf\u00e2ncia, adolesc\u00eancia e gravidez.<\/div>\n<div>O zinco \u00e9 um nutriente que faz parte na estrutura de numerosos receptores hormonais e \u00e9 necess\u00e1rio para a atividade de m\u00faltiplas enzimas. Al\u00e9m do sel\u00eanio, o zinco tamb\u00e9m funciona como cofator na convers\u00e3o de T4 para T3 na tireoide.<\/div>\n<div>Juntos o zinco e o sel\u00eanio contribuem no fortalecimento do sistema imunol\u00f3gico, apoiam o metabolismo e contribuem para a sa\u00fade da pele.<\/div>\n<p><img fetchpriority=\"high\" decoding=\"async\" class=\"alignnone wp-image-2260\" src=\"https:\/\/vittalitat.com.br\/vittalitat\/wp-content\/uploads\/2023\/10\/Tabela-nutricional-300x147.jpg\" alt=\"\" width=\"371\" height=\"182\" srcset=\"https:\/\/vittalitat.com.br\/vittalitat\/wp-content\/uploads\/2023\/10\/Tabela-nutricional-300x147.jpg 300w, https:\/\/vittalitat.com.br\/vittalitat\/wp-content\/uploads\/2023\/10\/Tabela-nutricional-416x204.jpg 416w, https:\/\/vittalitat.com.br\/vittalitat\/wp-content\/uploads\/2023\/10\/Tabela-nutricional.jpg 708w\" sizes=\"(max-width: 371px) 100vw, 371px\" \/><\/p>\n<\/div>\n<\/div>\n","protected":false},"excerpt":{"rendered":"<p>Fonte de Iodo, zinco e sel\u00eanio O Ionew \u00e9 o suplemento de\u00a0Iodo\u00a0(iodeto de pot\u00e1ssio),\u00a0zinco\u00a0(bisglicinato de zinco) e\u00a0sel\u00eanio\u00a0(selenito de s\u00f3dio), nutrientes essenciais que juntos contribuem para a sa\u00fade da tireoide. O iodo \u00e9 essencial para a produ\u00e7\u00e3o dos horm\u00f4nios tireoidianos, T3 e T4, regulando o metabolismo e o funcionamento de v\u00e1rios sistemas do corpo. Al\u00e9m da [&hellip;]<\/p>\n","protected":false},"featured_media":2267,"comment_status":"open","ping_status":"closed","template":"","meta":{"_coblocks_attr":"","_coblocks_dimensions":"","_coblocks_responsive_height":"","_coblocks_accordion_ie_support":""},"product_brand":[],"product_cat":[27],"product_tag":[],"class_list":{"0":"post-2261","1":"product","2":"type-product","3":"status-publish","4":"has-post-thumbnail","6":"product_cat-anew","8":"first","9":"instock","10":"shipping-taxable","11":"purchasable","12":"product-type-simple"},"yoast_head":"<!-- This site is optimized with the Yoast SEO plugin v21.9.1 - https:\/\/yoast.com\/wordpress\/plugins\/seo\/ -->\n<title>IONEW 60 C\u00c1PSULAS - Vittalitat<\/title>\n<meta name=\"description\" content=\"IONEW 60 C\u00c1PSULAS - Vittalitat\" \/>\n<meta name=\"robots\" content=\"index, follow, max-snippet:-1, max-image-preview:large, max-video-preview:-1\" \/>\n<link rel=\"canonical\" href=\"https:\/\/vittalitat.com.br\/vittalitat\/loja\/ionew-60-capsulas\/\" \/>\n<meta property=\"og:locale\" content=\"pt_BR\" \/>\n<meta property=\"og:type\" content=\"article\" \/>\n<meta property=\"og:title\" content=\"IONEW 60 C\u00c1PSULAS - Vittalitat\" \/>\n<meta property=\"og:description\" content=\"IONEW 60 C\u00c1PSULAS - Vittalitat\" \/>\n<meta property=\"og:url\" content=\"https:\/\/vittalitat.com.br\/vittalitat\/loja\/ionew-60-capsulas\/\" \/>\n<meta property=\"og:site_name\" content=\"Vittalitat\" \/>\n<meta property=\"article:publisher\" content=\"https:\/\/www.facebook.com\/vittalitat\" \/>\n<meta property=\"article:modified_time\" content=\"2026-04-01T02:22:12+00:00\" \/>\n<meta property=\"og:image\" content=\"https:\/\/vittalitat.com.br\/vittalitat\/wp-content\/uploads\/2023\/10\/IONEW-PE.jpg\" \/>\n\t<meta property=\"og:image:width\" content=\"304\" \/>\n\t<meta property=\"og:image:height\" content=\"599\" \/>\n\t<meta property=\"og:image:type\" content=\"image\/jpeg\" \/>\n<meta name=\"twitter:card\" content=\"summary_large_image\" \/>\n<meta name=\"twitter:label1\" content=\"Est. tempo de leitura\" \/>\n\t<meta name=\"twitter:data1\" content=\"3 minutos\" \/>\n<script type=\"application\/ld+json\" class=\"yoast-schema-graph\">{\"@context\":\"https:\/\/schema.org\",\"@graph\":[{\"@type\":\"WebPage\",\"@id\":\"https:\/\/vittalitat.com.br\/vittalitat\/loja\/ionew-60-capsulas\/\",\"url\":\"https:\/\/vittalitat.com.br\/vittalitat\/loja\/ionew-60-capsulas\/\",\"name\":\"IONEW 60 C\u00c1PSULAS - Vittalitat\",\"isPartOf\":{\"@id\":\"https:\/\/vittalitat.com.br\/vittalitat\/#website\"},\"datePublished\":\"2023-10-27T20:17:08+00:00\",\"dateModified\":\"2026-04-01T02:22:12+00:00\",\"description\":\"IONEW 60 C\u00c1PSULAS - Vittalitat\",\"breadcrumb\":{\"@id\":\"https:\/\/vittalitat.com.br\/vittalitat\/loja\/ionew-60-capsulas\/#breadcrumb\"},\"inLanguage\":\"pt-BR\",\"potentialAction\":[{\"@type\":\"ReadAction\",\"target\":[\"https:\/\/vittalitat.com.br\/vittalitat\/loja\/ionew-60-capsulas\/\"]}]},{\"@type\":\"BreadcrumbList\",\"@id\":\"https:\/\/vittalitat.com.br\/vittalitat\/loja\/ionew-60-capsulas\/#breadcrumb\",\"itemListElement\":[{\"@type\":\"ListItem\",\"position\":1,\"name\":\"In\u00edcio\",\"item\":\"https:\/\/vittalitat.com.br\/vittalitat\/\"},{\"@type\":\"ListItem\",\"position\":2,\"name\":\"Produtos\",\"item\":\"https:\/\/vittalitat.com.br\/vittalitat\/shop\/\"},{\"@type\":\"ListItem\",\"position\":3,\"name\":\"IONEW 60 C\u00c1PSULAS\"}]},{\"@type\":\"WebSite\",\"@id\":\"https:\/\/vittalitat.com.br\/vittalitat\/#website\",\"url\":\"https:\/\/vittalitat.com.br\/vittalitat\/\",\"name\":\"Vittalitat\",\"description\":\"Sa\u00fade, preven\u00e7\u00e3o e bem-estar\",\"publisher\":{\"@id\":\"https:\/\/vittalitat.com.br\/vittalitat\/#organization\"},\"potentialAction\":[{\"@type\":\"SearchAction\",\"target\":{\"@type\":\"EntryPoint\",\"urlTemplate\":\"https:\/\/vittalitat.com.br\/vittalitat\/?s={search_term_string}\"},\"query-input\":\"required name=search_term_string\"}],\"inLanguage\":\"pt-BR\"},{\"@type\":\"Organization\",\"@id\":\"https:\/\/vittalitat.com.br\/vittalitat\/#organization\",\"name\":\"Vittalitat\",\"url\":\"https:\/\/vittalitat.com.br\/vittalitat\/\",\"logo\":{\"@type\":\"ImageObject\",\"inLanguage\":\"pt-BR\",\"@id\":\"https:\/\/vittalitat.com.br\/vittalitat\/#\/schema\/logo\/image\/\",\"url\":\"https:\/\/vittalitat.com.br\/vittalitat\/wp-content\/uploads\/2020\/04\/logo-para-o-face.png\",\"contentUrl\":\"https:\/\/vittalitat.com.br\/vittalitat\/wp-content\/uploads\/2020\/04\/logo-para-o-face.png\",\"width\":700,\"height\":700,\"caption\":\"Vittalitat\"},\"image\":{\"@id\":\"https:\/\/vittalitat.com.br\/vittalitat\/#\/schema\/logo\/image\/\"},\"sameAs\":[\"https:\/\/www.facebook.com\/vittalitat\",\"https:\/\/www.instagram.com\/vittalitat\"]}]}<\/script>\n<!-- \/ Yoast SEO plugin. -->","yoast_head_json":{"title":"IONEW 60 C\u00c1PSULAS - Vittalitat","description":"IONEW 60 C\u00c1PSULAS - Vittalitat","robots":{"index":"index","follow":"follow","max-snippet":"max-snippet:-1","max-image-preview":"max-image-preview:large","max-video-preview":"max-video-preview:-1"},"canonical":"https:\/\/vittalitat.com.br\/vittalitat\/loja\/ionew-60-capsulas\/","og_locale":"pt_BR","og_type":"article","og_title":"IONEW 60 C\u00c1PSULAS - Vittalitat","og_description":"IONEW 60 C\u00c1PSULAS - Vittalitat","og_url":"https:\/\/vittalitat.com.br\/vittalitat\/loja\/ionew-60-capsulas\/","og_site_name":"Vittalitat","article_publisher":"https:\/\/www.facebook.com\/vittalitat","article_modified_time":"2026-04-01T02:22:12+00:00","og_image":[{"width":304,"height":599,"url":"https:\/\/vittalitat.com.br\/vittalitat\/wp-content\/uploads\/2023\/10\/IONEW-PE.jpg","type":"image\/jpeg"}],"twitter_card":"summary_large_image","twitter_misc":{"Est. tempo de leitura":"3 minutos"},"schema":{"@context":"https:\/\/schema.org","@graph":[{"@type":"WebPage","@id":"https:\/\/vittalitat.com.br\/vittalitat\/loja\/ionew-60-capsulas\/","url":"https:\/\/vittalitat.com.br\/vittalitat\/loja\/ionew-60-capsulas\/","name":"IONEW 60 C\u00c1PSULAS - Vittalitat","isPartOf":{"@id":"https:\/\/vittalitat.com.br\/vittalitat\/#website"},"datePublished":"2023-10-27T20:17:08+00:00","dateModified":"2026-04-01T02:22:12+00:00","description":"IONEW 60 C\u00c1PSULAS - Vittalitat","breadcrumb":{"@id":"https:\/\/vittalitat.com.br\/vittalitat\/loja\/ionew-60-capsulas\/#breadcrumb"},"inLanguage":"pt-BR","potentialAction":[{"@type":"ReadAction","target":["https:\/\/vittalitat.com.br\/vittalitat\/loja\/ionew-60-capsulas\/"]}]},{"@type":"BreadcrumbList","@id":"https:\/\/vittalitat.com.br\/vittalitat\/loja\/ionew-60-capsulas\/#breadcrumb","itemListElement":[{"@type":"ListItem","position":1,"name":"In\u00edcio","item":"https:\/\/vittalitat.com.br\/vittalitat\/"},{"@type":"ListItem","position":2,"name":"Produtos","item":"https:\/\/vittalitat.com.br\/vittalitat\/shop\/"},{"@type":"ListItem","position":3,"name":"IONEW 60 C\u00c1PSULAS"}]},{"@type":"WebSite","@id":"https:\/\/vittalitat.com.br\/vittalitat\/#website","url":"https:\/\/vittalitat.com.br\/vittalitat\/","name":"Vittalitat","description":"Sa\u00fade, preven\u00e7\u00e3o e bem-estar","publisher":{"@id":"https:\/\/vittalitat.com.br\/vittalitat\/#organization"},"potentialAction":[{"@type":"SearchAction","target":{"@type":"EntryPoint","urlTemplate":"https:\/\/vittalitat.com.br\/vittalitat\/?s={search_term_string}"},"query-input":"required name=search_term_string"}],"inLanguage":"pt-BR"},{"@type":"Organization","@id":"https:\/\/vittalitat.com.br\/vittalitat\/#organization","name":"Vittalitat","url":"https:\/\/vittalitat.com.br\/vittalitat\/","logo":{"@type":"ImageObject","inLanguage":"pt-BR","@id":"https:\/\/vittalitat.com.br\/vittalitat\/#\/schema\/logo\/image\/","url":"https:\/\/vittalitat.com.br\/vittalitat\/wp-content\/uploads\/2020\/04\/logo-para-o-face.png","contentUrl":"https:\/\/vittalitat.com.br\/vittalitat\/wp-content\/uploads\/2020\/04\/logo-para-o-face.png","width":700,"height":700,"caption":"Vittalitat"},"image":{"@id":"https:\/\/vittalitat.com.br\/vittalitat\/#\/schema\/logo\/image\/"},"sameAs":["https:\/\/www.facebook.com\/vittalitat","https:\/\/www.instagram.com\/vittalitat"]}]}},"_links":{"self":[{"href":"https:\/\/vittalitat.com.br\/vittalitat\/wp-json\/wp\/v2\/product\/2261","targetHints":{"allow":["GET"]}}],"collection":[{"href":"https:\/\/vittalitat.com.br\/vittalitat\/wp-json\/wp\/v2\/product"}],"about":[{"href":"https:\/\/vittalitat.com.br\/vittalitat\/wp-json\/wp\/v2\/types\/product"}],"replies":[{"embeddable":true,"href":"https:\/\/vittalitat.com.br\/vittalitat\/wp-json\/wp\/v2\/comments?post=2261"}],"wp:featuredmedia":[{"embeddable":true,"href":"https:\/\/vittalitat.com.br\/vittalitat\/wp-json\/wp\/v2\/media\/2267"}],"wp:attachment":[{"href":"https:\/\/vittalitat.com.br\/vittalitat\/wp-json\/wp\/v2\/media?parent=2261"}],"wp:term":[{"taxonomy":"product_brand","embeddable":true,"href":"https:\/\/vittalitat.com.br\/vittalitat\/wp-json\/wp\/v2\/product_brand?post=2261"},{"taxonomy":"product_cat","embeddable":true,"href":"https:\/\/vittalitat.com.br\/vittalitat\/wp-json\/wp\/v2\/product_cat?post=2261"},{"taxonomy":"product_tag","embeddable":true,"href":"https:\/\/vittalitat.com.br\/vittalitat\/wp-json\/wp\/v2\/product_tag?post=2261"}],"curies":[{"name":"wp","href":"https:\/\/api.w.org\/{rel}","templated":true}]}}