{"id":2245,"date":"2023-10-20T15:05:01","date_gmt":"2023-10-20T18:05:01","guid":{"rendered":"https:\/\/vittalitat.com.br\/vittalitat\/?post_type=product&#038;p=2245"},"modified":"2026-04-14T12:47:23","modified_gmt":"2026-04-14T15:47:23","slug":"ionizador-e-ozonizador-de-ar-iza-air","status":"publish","type":"product","link":"https:\/\/vittalitat.com.br\/vittalitat\/loja\/ionizador-e-ozonizador-de-ar-iza-air\/","title":{"rendered":"IONIZADOR E OZONIZADOR DE AR -IZA AIR"},"content":{"rendered":"<p>Oz\u00f4nio \u00e9 um g\u00e1s de cheiro caracter\u00edstico e cor ligeiramente azulada, constitu\u00eddo de tr\u00eas \u00e1tomos de oxig\u00eanio e \u00e9 conhecido principalmente por seu efeito no equil\u00edbrio ecol\u00f3gico da Terra. Ele \u00e9 um componente natural da atmosfera, formando uma capa na estratosfera a 30.000 metros, com temperaturas de -50 graus Celsius, em concentra\u00e7\u00f5es diversas.<\/p>\n<p>Forma-se a partir da a\u00e7\u00e3o de raios ultravioleta sobre o oxig\u00eanio e de descargas el\u00e9tricas atmosf\u00e9ricas (raios). Por sua capacidade de absor\u00e7\u00e3o dos raios UV, o oz\u00f4nio \u00e9 um dos respons\u00e1veis pela vida sobre a Terra.<\/p>\n<p>As pesquisas cientificas provam que os \u00edons negativos em um ambiente t\u00eam diversos efeitos positivos sobre o sistema imunol\u00f3gico, o sistema nervoso como al\u00edvio de dores e doen\u00e7as (al\u00e9rgicas, pulmonares, etc), produzem efeitos favor\u00e1veis sobre o humor das pessoas e fortalecem as membranas celulares tornando-os mais resistentes as doen\u00e7as e prolonga em 30% a 50% a vida das c\u00e9lulas. A longevidade de animais aumenta at\u00e9 45% e nos humanos at\u00e9 15% a 20%. Ap\u00f3s 30 a 40 minutos de funcionamento do aparelho as quantidades de bact\u00e9rias e micr\u00f3bios diminuem 4 a 5 vezes.<\/p>\n<p><strong>Informa\u00e7\u00f5es de instala\u00e7\u00e3o<\/strong><\/p>\n<p>Para obter m\u00e1xima efici\u00eancia em um ambiente, IZA deve ser ligado com algumas horas de anteced\u00eancia e para locais sem ventila\u00e7\u00e3o dever\u00e1 ser feita periodicamente a renova\u00e7\u00e3o de ar para eliminar produtos neutralizados.<\/p>\n<p>Recomendamos para resid\u00eancias, escrit\u00f3rios, consult\u00f3rios m\u00e9dicos, creches, cozinhas dom\u00e9sticas, ambientes forrados com tapetes, salas com aparelhos geradores de \u00edons positivos (computadores, TV, monitores,etc), locais com produtos t\u00f3xicos (colas, ess\u00eancias, tintas, g\u00e1s carb\u00f4nico,etc), montagem componentes eletr\u00f4nicos sens\u00edvel a carga est\u00e1tica.<\/p>\n","protected":false},"excerpt":{"rendered":"<p>Neutraliza odores (gorduras, perfumes, fuma\u00e7a, animais etc.).<br \/>\nNeutralizar cargas est\u00e1ticas positivas, criadas pelos monitores, TV,computadores, etc.<br \/>\nTem efeito bactericida, eliminando germes, v\u00edrus, fungos, bact\u00e9rias e \u00e1caros.<br \/>\nNeutraliza produtos e gases t\u00f3xicos.<br \/>\nEfeito favor\u00e1vel em pessoas al\u00e9rgicas (exceto alergias alimentares).<br \/>\nDiminui cansa\u00e7o, nervosismo e stress.<br \/>\nFortalece o sistema imunol\u00f3gico.<br \/>\nFavorece a r\u00e1pida recupera\u00e7\u00e3o do organismo ap\u00f3s atividade f\u00edsica.<br \/>\nAlivia dores devidas a queimaduras e feridas.<\/p>\n<p>IZA \u00e9 um aparelho gerador de \u00edons negativos e oz\u00f4nio.<\/p>\n","protected":false},"featured_media":2246,"comment_status":"open","ping_status":"closed","template":"","meta":{"_coblocks_attr":"","_coblocks_dimensions":"","_coblocks_responsive_height":"","_coblocks_accordion_ie_support":""},"product_brand":[],"product_cat":[15],"product_tag":[],"class_list":{"0":"post-2245","1":"product","2":"type-product","3":"status-publish","4":"has-post-thumbnail","6":"product_cat-15","8":"first","9":"outofstock","10":"shipping-taxable","11":"purchasable","12":"product-type-simple"},"yoast_head":"<!-- This site is optimized with the Yoast SEO plugin v21.9.1 - https:\/\/yoast.com\/wordpress\/plugins\/seo\/ -->\n<title>IONIZADOR E OZONIZADOR DE AR -IZA AIR - Vittalitat<\/title>\n<meta name=\"description\" content=\"IONIZADOR E OZONIZADOR DE AR -IZA AIR - Vittalitat\" \/>\n<meta name=\"robots\" content=\"index, follow, max-snippet:-1, max-image-preview:large, max-video-preview:-1\" \/>\n<link rel=\"canonical\" href=\"https:\/\/vittalitat.com.br\/vittalitat\/loja\/ionizador-e-ozonizador-de-ar-iza-air\/\" \/>\n<meta property=\"og:locale\" content=\"pt_BR\" \/>\n<meta property=\"og:type\" content=\"article\" \/>\n<meta property=\"og:title\" content=\"IONIZADOR E OZONIZADOR DE AR -IZA AIR - Vittalitat\" \/>\n<meta property=\"og:description\" content=\"IONIZADOR E OZONIZADOR DE AR -IZA AIR - Vittalitat\" \/>\n<meta property=\"og:url\" content=\"https:\/\/vittalitat.com.br\/vittalitat\/loja\/ionizador-e-ozonizador-de-ar-iza-air\/\" \/>\n<meta property=\"og:site_name\" content=\"Vittalitat\" \/>\n<meta property=\"article:publisher\" content=\"https:\/\/www.facebook.com\/vittalitat\" \/>\n<meta property=\"article:modified_time\" content=\"2026-04-14T15:47:23+00:00\" \/>\n<meta property=\"og:image\" content=\"https:\/\/vittalitat.com.br\/vittalitat\/wp-content\/uploads\/2023\/10\/IZA.jpg\" \/>\n\t<meta property=\"og:image:width\" content=\"248\" \/>\n\t<meta property=\"og:image:height\" content=\"300\" \/>\n\t<meta property=\"og:image:type\" content=\"image\/jpeg\" \/>\n<meta name=\"twitter:card\" content=\"summary_large_image\" \/>\n<meta name=\"twitter:label1\" content=\"Est. tempo de leitura\" \/>\n\t<meta name=\"twitter:data1\" content=\"1 minuto\" \/>\n<script type=\"application\/ld+json\" class=\"yoast-schema-graph\">{\"@context\":\"https:\/\/schema.org\",\"@graph\":[{\"@type\":\"WebPage\",\"@id\":\"https:\/\/vittalitat.com.br\/vittalitat\/loja\/ionizador-e-ozonizador-de-ar-iza-air\/\",\"url\":\"https:\/\/vittalitat.com.br\/vittalitat\/loja\/ionizador-e-ozonizador-de-ar-iza-air\/\",\"name\":\"IONIZADOR E OZONIZADOR DE AR -IZA AIR - Vittalitat\",\"isPartOf\":{\"@id\":\"https:\/\/vittalitat.com.br\/vittalitat\/#website\"},\"datePublished\":\"2023-10-20T18:05:01+00:00\",\"dateModified\":\"2026-04-14T15:47:23+00:00\",\"description\":\"IONIZADOR E OZONIZADOR DE AR -IZA AIR - Vittalitat\",\"breadcrumb\":{\"@id\":\"https:\/\/vittalitat.com.br\/vittalitat\/loja\/ionizador-e-ozonizador-de-ar-iza-air\/#breadcrumb\"},\"inLanguage\":\"pt-BR\",\"potentialAction\":[{\"@type\":\"ReadAction\",\"target\":[\"https:\/\/vittalitat.com.br\/vittalitat\/loja\/ionizador-e-ozonizador-de-ar-iza-air\/\"]}]},{\"@type\":\"BreadcrumbList\",\"@id\":\"https:\/\/vittalitat.com.br\/vittalitat\/loja\/ionizador-e-ozonizador-de-ar-iza-air\/#breadcrumb\",\"itemListElement\":[{\"@type\":\"ListItem\",\"position\":1,\"name\":\"In\u00edcio\",\"item\":\"https:\/\/vittalitat.com.br\/vittalitat\/\"},{\"@type\":\"ListItem\",\"position\":2,\"name\":\"Produtos\",\"item\":\"https:\/\/vittalitat.com.br\/vittalitat\/shop\/\"},{\"@type\":\"ListItem\",\"position\":3,\"name\":\"IONIZADOR E OZONIZADOR DE AR -IZA AIR\"}]},{\"@type\":\"WebSite\",\"@id\":\"https:\/\/vittalitat.com.br\/vittalitat\/#website\",\"url\":\"https:\/\/vittalitat.com.br\/vittalitat\/\",\"name\":\"Vittalitat\",\"description\":\"Sa\u00fade, preven\u00e7\u00e3o e bem-estar\",\"publisher\":{\"@id\":\"https:\/\/vittalitat.com.br\/vittalitat\/#organization\"},\"potentialAction\":[{\"@type\":\"SearchAction\",\"target\":{\"@type\":\"EntryPoint\",\"urlTemplate\":\"https:\/\/vittalitat.com.br\/vittalitat\/?s={search_term_string}\"},\"query-input\":\"required name=search_term_string\"}],\"inLanguage\":\"pt-BR\"},{\"@type\":\"Organization\",\"@id\":\"https:\/\/vittalitat.com.br\/vittalitat\/#organization\",\"name\":\"Vittalitat\",\"url\":\"https:\/\/vittalitat.com.br\/vittalitat\/\",\"logo\":{\"@type\":\"ImageObject\",\"inLanguage\":\"pt-BR\",\"@id\":\"https:\/\/vittalitat.com.br\/vittalitat\/#\/schema\/logo\/image\/\",\"url\":\"https:\/\/vittalitat.com.br\/vittalitat\/wp-content\/uploads\/2020\/04\/logo-para-o-face.png\",\"contentUrl\":\"https:\/\/vittalitat.com.br\/vittalitat\/wp-content\/uploads\/2020\/04\/logo-para-o-face.png\",\"width\":700,\"height\":700,\"caption\":\"Vittalitat\"},\"image\":{\"@id\":\"https:\/\/vittalitat.com.br\/vittalitat\/#\/schema\/logo\/image\/\"},\"sameAs\":[\"https:\/\/www.facebook.com\/vittalitat\",\"https:\/\/www.instagram.com\/vittalitat\"]}]}<\/script>\n<!-- \/ Yoast SEO plugin. -->","yoast_head_json":{"title":"IONIZADOR E OZONIZADOR DE AR -IZA AIR - Vittalitat","description":"IONIZADOR E OZONIZADOR DE AR -IZA AIR - Vittalitat","robots":{"index":"index","follow":"follow","max-snippet":"max-snippet:-1","max-image-preview":"max-image-preview:large","max-video-preview":"max-video-preview:-1"},"canonical":"https:\/\/vittalitat.com.br\/vittalitat\/loja\/ionizador-e-ozonizador-de-ar-iza-air\/","og_locale":"pt_BR","og_type":"article","og_title":"IONIZADOR E OZONIZADOR DE AR -IZA AIR - Vittalitat","og_description":"IONIZADOR E OZONIZADOR DE AR -IZA AIR - Vittalitat","og_url":"https:\/\/vittalitat.com.br\/vittalitat\/loja\/ionizador-e-ozonizador-de-ar-iza-air\/","og_site_name":"Vittalitat","article_publisher":"https:\/\/www.facebook.com\/vittalitat","article_modified_time":"2026-04-14T15:47:23+00:00","og_image":[{"width":248,"height":300,"url":"https:\/\/vittalitat.com.br\/vittalitat\/wp-content\/uploads\/2023\/10\/IZA.jpg","type":"image\/jpeg"}],"twitter_card":"summary_large_image","twitter_misc":{"Est. tempo de leitura":"1 minuto"},"schema":{"@context":"https:\/\/schema.org","@graph":[{"@type":"WebPage","@id":"https:\/\/vittalitat.com.br\/vittalitat\/loja\/ionizador-e-ozonizador-de-ar-iza-air\/","url":"https:\/\/vittalitat.com.br\/vittalitat\/loja\/ionizador-e-ozonizador-de-ar-iza-air\/","name":"IONIZADOR E OZONIZADOR DE AR -IZA AIR - Vittalitat","isPartOf":{"@id":"https:\/\/vittalitat.com.br\/vittalitat\/#website"},"datePublished":"2023-10-20T18:05:01+00:00","dateModified":"2026-04-14T15:47:23+00:00","description":"IONIZADOR E OZONIZADOR DE AR -IZA AIR - Vittalitat","breadcrumb":{"@id":"https:\/\/vittalitat.com.br\/vittalitat\/loja\/ionizador-e-ozonizador-de-ar-iza-air\/#breadcrumb"},"inLanguage":"pt-BR","potentialAction":[{"@type":"ReadAction","target":["https:\/\/vittalitat.com.br\/vittalitat\/loja\/ionizador-e-ozonizador-de-ar-iza-air\/"]}]},{"@type":"BreadcrumbList","@id":"https:\/\/vittalitat.com.br\/vittalitat\/loja\/ionizador-e-ozonizador-de-ar-iza-air\/#breadcrumb","itemListElement":[{"@type":"ListItem","position":1,"name":"In\u00edcio","item":"https:\/\/vittalitat.com.br\/vittalitat\/"},{"@type":"ListItem","position":2,"name":"Produtos","item":"https:\/\/vittalitat.com.br\/vittalitat\/shop\/"},{"@type":"ListItem","position":3,"name":"IONIZADOR E OZONIZADOR DE AR -IZA AIR"}]},{"@type":"WebSite","@id":"https:\/\/vittalitat.com.br\/vittalitat\/#website","url":"https:\/\/vittalitat.com.br\/vittalitat\/","name":"Vittalitat","description":"Sa\u00fade, preven\u00e7\u00e3o e bem-estar","publisher":{"@id":"https:\/\/vittalitat.com.br\/vittalitat\/#organization"},"potentialAction":[{"@type":"SearchAction","target":{"@type":"EntryPoint","urlTemplate":"https:\/\/vittalitat.com.br\/vittalitat\/?s={search_term_string}"},"query-input":"required name=search_term_string"}],"inLanguage":"pt-BR"},{"@type":"Organization","@id":"https:\/\/vittalitat.com.br\/vittalitat\/#organization","name":"Vittalitat","url":"https:\/\/vittalitat.com.br\/vittalitat\/","logo":{"@type":"ImageObject","inLanguage":"pt-BR","@id":"https:\/\/vittalitat.com.br\/vittalitat\/#\/schema\/logo\/image\/","url":"https:\/\/vittalitat.com.br\/vittalitat\/wp-content\/uploads\/2020\/04\/logo-para-o-face.png","contentUrl":"https:\/\/vittalitat.com.br\/vittalitat\/wp-content\/uploads\/2020\/04\/logo-para-o-face.png","width":700,"height":700,"caption":"Vittalitat"},"image":{"@id":"https:\/\/vittalitat.com.br\/vittalitat\/#\/schema\/logo\/image\/"},"sameAs":["https:\/\/www.facebook.com\/vittalitat","https:\/\/www.instagram.com\/vittalitat"]}]}},"_links":{"self":[{"href":"https:\/\/vittalitat.com.br\/vittalitat\/wp-json\/wp\/v2\/product\/2245","targetHints":{"allow":["GET"]}}],"collection":[{"href":"https:\/\/vittalitat.com.br\/vittalitat\/wp-json\/wp\/v2\/product"}],"about":[{"href":"https:\/\/vittalitat.com.br\/vittalitat\/wp-json\/wp\/v2\/types\/product"}],"replies":[{"embeddable":true,"href":"https:\/\/vittalitat.com.br\/vittalitat\/wp-json\/wp\/v2\/comments?post=2245"}],"wp:featuredmedia":[{"embeddable":true,"href":"https:\/\/vittalitat.com.br\/vittalitat\/wp-json\/wp\/v2\/media\/2246"}],"wp:attachment":[{"href":"https:\/\/vittalitat.com.br\/vittalitat\/wp-json\/wp\/v2\/media?parent=2245"}],"wp:term":[{"taxonomy":"product_brand","embeddable":true,"href":"https:\/\/vittalitat.com.br\/vittalitat\/wp-json\/wp\/v2\/product_brand?post=2245"},{"taxonomy":"product_cat","embeddable":true,"href":"https:\/\/vittalitat.com.br\/vittalitat\/wp-json\/wp\/v2\/product_cat?post=2245"},{"taxonomy":"product_tag","embeddable":true,"href":"https:\/\/vittalitat.com.br\/vittalitat\/wp-json\/wp\/v2\/product_tag?post=2245"}],"curies":[{"name":"wp","href":"https:\/\/api.w.org\/{rel}","templated":true}]}}