{"id":1991,"date":"2023-05-04T16:09:50","date_gmt":"2023-05-04T19:09:50","guid":{"rendered":"https:\/\/vittalitat.com.br\/vittalitat\/?post_type=product&#038;p=1991"},"modified":"2025-03-14T18:35:11","modified_gmt":"2025-03-14T21:35:11","slug":"flor-de-sal-vidro-cimsal-150g","status":"publish","type":"product","link":"https:\/\/vittalitat.com.br\/vittalitat\/loja\/flor-de-sal-vidro-cimsal-150g\/","title":{"rendered":"FLOR DE SAL (VIDRO) CIMSAL &#8211; 150g"},"content":{"rendered":"<p>&#8211; Sem adi\u00e7\u00e3o de agentes qu\u00edmicos ou branqueadores<\/p>\n<p>-Rico em oligoelementos de algas de sais marinhos<\/p>\n<p>-30% menos s\u00f3dio<\/p>\n<p>-Real\u00e7a o sabor dos alimentos naturalmente<\/p>\n<p>-Aromas naturais<\/p>\n<p>-Uso e aplica\u00e7\u00f5es em diversos tipos de pratos<\/p>\n<p><strong>\u2022 Finaliza\u00e7\u00e3o de pratos:<\/strong> a flor de sal deve ser acrescentada nas receitas ap\u00f3s o cozimento, grelha e outros, para que sua textura crocante n\u00e3o se perca.<\/p>\n<p><strong>\u2022 Saladas, grelados e massas:<\/strong> deve ser usada com modera\u00e7\u00e3o, para finalizar em pequena propor\u00e7\u00e3o, garantindo assim um paladar harmonioso por mais tempo que outros sais.<\/p>\n<p><strong>\u2022 Sobremesas:<\/strong> Nos bombons de caramelos e chocolates finos tipo trufas, adicione alguns gr\u00e3ozinhos de flor de sal e experimente o sabor deste nunca visto. Quem j\u00e1 experimentou afirma que a combina\u00e7\u00e3o \u00e9 uma verdadeira explos\u00e3o de sabor, que ocasiona uma harmonia de casar dois opostos da gastronomia.<\/p>\n<p><strong>Original.<\/strong><\/p>\n<p><strong>N\u00e3o cont\u00e9m gl\u00faten.<\/strong><\/p>\n<p><img fetchpriority=\"high\" decoding=\"async\" class=\" wp-image-1993 alignleft\" src=\"https:\/\/vittalitat.com.br\/vittalitat\/wp-content\/uploads\/2023\/05\/tABELA-FLOR-DE-SAL-298x300.jpg\" alt=\"\" width=\"399\" height=\"402\" srcset=\"https:\/\/vittalitat.com.br\/vittalitat\/wp-content\/uploads\/2023\/05\/tABELA-FLOR-DE-SAL-298x300.jpg 298w, https:\/\/vittalitat.com.br\/vittalitat\/wp-content\/uploads\/2023\/05\/tABELA-FLOR-DE-SAL-150x150.jpg 150w, https:\/\/vittalitat.com.br\/vittalitat\/wp-content\/uploads\/2023\/05\/tABELA-FLOR-DE-SAL-100x100.jpg 100w, https:\/\/vittalitat.com.br\/vittalitat\/wp-content\/uploads\/2023\/05\/tABELA-FLOR-DE-SAL.jpg 326w\" sizes=\"(max-width: 399px) 100vw, 399px\" \/><\/p>\n<p>&nbsp;<\/p>\n<p>&nbsp;<\/p>\n<p>&nbsp;<\/p>\n<p>&nbsp;<\/p>\n<p>&nbsp;<\/p>\n<p>&nbsp;<\/p>\n<p>&nbsp;<\/p>\n<p>&nbsp;<\/p>\n<p>&nbsp;<\/p>\n<p>&nbsp;<\/p>\n<p style=\"text-align: left\">\n","protected":false},"excerpt":{"rendered":"<p>A Flor de Sal Cimsal \u00e9 estimada por Chefs dos quatro cantos do mundo como o sal marinho mais nobre e sofisticado para uso na alta gastronomia, pois sua aplica\u00e7\u00e3o como &#8220;toque final&#8221; tem o dom de valorizar e real\u00e7ar divinamente o gosto da comida.<\/p>\n","protected":false},"featured_media":1992,"comment_status":"open","ping_status":"closed","template":"","meta":{"_coblocks_attr":"","_coblocks_dimensions":"","_coblocks_responsive_height":"","_coblocks_accordion_ie_support":""},"product_brand":[],"product_cat":[45],"product_tag":[],"class_list":{"0":"post-1991","1":"product","2":"type-product","3":"status-publish","4":"has-post-thumbnail","6":"product_cat-mercearia","8":"first","9":"instock","10":"shipping-taxable","11":"purchasable","12":"product-type-simple"},"yoast_head":"<!-- This site is optimized with the Yoast SEO plugin v21.9.1 - https:\/\/yoast.com\/wordpress\/plugins\/seo\/ -->\n<title>FLOR DE SAL (VIDRO) CIMSAL - 150g - Vittalitat<\/title>\n<meta name=\"description\" content=\"FLOR DE SAL (VIDRO) CIMSAL - 150g - Vittalitat\" \/>\n<meta name=\"robots\" content=\"index, follow, max-snippet:-1, max-image-preview:large, max-video-preview:-1\" \/>\n<link rel=\"canonical\" href=\"https:\/\/vittalitat.com.br\/vittalitat\/loja\/flor-de-sal-vidro-cimsal-150g\/\" \/>\n<meta property=\"og:locale\" content=\"pt_BR\" \/>\n<meta property=\"og:type\" content=\"article\" \/>\n<meta property=\"og:title\" content=\"FLOR DE SAL (VIDRO) CIMSAL - 150g - Vittalitat\" \/>\n<meta property=\"og:description\" content=\"FLOR DE SAL (VIDRO) CIMSAL - 150g - Vittalitat\" \/>\n<meta property=\"og:url\" content=\"https:\/\/vittalitat.com.br\/vittalitat\/loja\/flor-de-sal-vidro-cimsal-150g\/\" \/>\n<meta property=\"og:site_name\" content=\"Vittalitat\" \/>\n<meta property=\"article:publisher\" content=\"https:\/\/www.facebook.com\/vittalitat\" \/>\n<meta property=\"article:modified_time\" content=\"2025-03-14T21:35:11+00:00\" \/>\n<meta property=\"og:image\" content=\"https:\/\/vittalitat.com.br\/vittalitat\/wp-content\/uploads\/2023\/05\/FLOR-DE-SAL.jpg\" \/>\n\t<meta property=\"og:image:width\" content=\"302\" \/>\n\t<meta property=\"og:image:height\" content=\"312\" \/>\n\t<meta property=\"og:image:type\" content=\"image\/jpeg\" \/>\n<meta name=\"twitter:card\" content=\"summary_large_image\" \/>\n<meta name=\"twitter:label1\" content=\"Est. tempo de leitura\" \/>\n\t<meta name=\"twitter:data1\" content=\"1 minuto\" \/>\n<script type=\"application\/ld+json\" class=\"yoast-schema-graph\">{\"@context\":\"https:\/\/schema.org\",\"@graph\":[{\"@type\":\"WebPage\",\"@id\":\"https:\/\/vittalitat.com.br\/vittalitat\/loja\/flor-de-sal-vidro-cimsal-150g\/\",\"url\":\"https:\/\/vittalitat.com.br\/vittalitat\/loja\/flor-de-sal-vidro-cimsal-150g\/\",\"name\":\"FLOR DE SAL (VIDRO) CIMSAL - 150g - Vittalitat\",\"isPartOf\":{\"@id\":\"https:\/\/vittalitat.com.br\/vittalitat\/#website\"},\"datePublished\":\"2023-05-04T19:09:50+00:00\",\"dateModified\":\"2025-03-14T21:35:11+00:00\",\"description\":\"FLOR DE SAL (VIDRO) CIMSAL - 150g - Vittalitat\",\"breadcrumb\":{\"@id\":\"https:\/\/vittalitat.com.br\/vittalitat\/loja\/flor-de-sal-vidro-cimsal-150g\/#breadcrumb\"},\"inLanguage\":\"pt-BR\",\"potentialAction\":[{\"@type\":\"ReadAction\",\"target\":[\"https:\/\/vittalitat.com.br\/vittalitat\/loja\/flor-de-sal-vidro-cimsal-150g\/\"]}]},{\"@type\":\"BreadcrumbList\",\"@id\":\"https:\/\/vittalitat.com.br\/vittalitat\/loja\/flor-de-sal-vidro-cimsal-150g\/#breadcrumb\",\"itemListElement\":[{\"@type\":\"ListItem\",\"position\":1,\"name\":\"In\u00edcio\",\"item\":\"https:\/\/vittalitat.com.br\/vittalitat\/\"},{\"@type\":\"ListItem\",\"position\":2,\"name\":\"Produtos\",\"item\":\"https:\/\/vittalitat.com.br\/vittalitat\/shop\/\"},{\"@type\":\"ListItem\",\"position\":3,\"name\":\"FLOR DE SAL (VIDRO) CIMSAL &#8211; 150g\"}]},{\"@type\":\"WebSite\",\"@id\":\"https:\/\/vittalitat.com.br\/vittalitat\/#website\",\"url\":\"https:\/\/vittalitat.com.br\/vittalitat\/\",\"name\":\"Vittalitat\",\"description\":\"Sa\u00fade, preven\u00e7\u00e3o e bem-estar\",\"publisher\":{\"@id\":\"https:\/\/vittalitat.com.br\/vittalitat\/#organization\"},\"potentialAction\":[{\"@type\":\"SearchAction\",\"target\":{\"@type\":\"EntryPoint\",\"urlTemplate\":\"https:\/\/vittalitat.com.br\/vittalitat\/?s={search_term_string}\"},\"query-input\":\"required name=search_term_string\"}],\"inLanguage\":\"pt-BR\"},{\"@type\":\"Organization\",\"@id\":\"https:\/\/vittalitat.com.br\/vittalitat\/#organization\",\"name\":\"Vittalitat\",\"url\":\"https:\/\/vittalitat.com.br\/vittalitat\/\",\"logo\":{\"@type\":\"ImageObject\",\"inLanguage\":\"pt-BR\",\"@id\":\"https:\/\/vittalitat.com.br\/vittalitat\/#\/schema\/logo\/image\/\",\"url\":\"https:\/\/vittalitat.com.br\/vittalitat\/wp-content\/uploads\/2020\/04\/logo-para-o-face.png\",\"contentUrl\":\"https:\/\/vittalitat.com.br\/vittalitat\/wp-content\/uploads\/2020\/04\/logo-para-o-face.png\",\"width\":700,\"height\":700,\"caption\":\"Vittalitat\"},\"image\":{\"@id\":\"https:\/\/vittalitat.com.br\/vittalitat\/#\/schema\/logo\/image\/\"},\"sameAs\":[\"https:\/\/www.facebook.com\/vittalitat\",\"https:\/\/www.instagram.com\/vittalitat\"]}]}<\/script>\n<!-- \/ Yoast SEO plugin. -->","yoast_head_json":{"title":"FLOR DE SAL (VIDRO) CIMSAL - 150g - Vittalitat","description":"FLOR DE SAL (VIDRO) CIMSAL - 150g - Vittalitat","robots":{"index":"index","follow":"follow","max-snippet":"max-snippet:-1","max-image-preview":"max-image-preview:large","max-video-preview":"max-video-preview:-1"},"canonical":"https:\/\/vittalitat.com.br\/vittalitat\/loja\/flor-de-sal-vidro-cimsal-150g\/","og_locale":"pt_BR","og_type":"article","og_title":"FLOR DE SAL (VIDRO) CIMSAL - 150g - Vittalitat","og_description":"FLOR DE SAL (VIDRO) CIMSAL - 150g - Vittalitat","og_url":"https:\/\/vittalitat.com.br\/vittalitat\/loja\/flor-de-sal-vidro-cimsal-150g\/","og_site_name":"Vittalitat","article_publisher":"https:\/\/www.facebook.com\/vittalitat","article_modified_time":"2025-03-14T21:35:11+00:00","og_image":[{"width":302,"height":312,"url":"https:\/\/vittalitat.com.br\/vittalitat\/wp-content\/uploads\/2023\/05\/FLOR-DE-SAL.jpg","type":"image\/jpeg"}],"twitter_card":"summary_large_image","twitter_misc":{"Est. tempo de leitura":"1 minuto"},"schema":{"@context":"https:\/\/schema.org","@graph":[{"@type":"WebPage","@id":"https:\/\/vittalitat.com.br\/vittalitat\/loja\/flor-de-sal-vidro-cimsal-150g\/","url":"https:\/\/vittalitat.com.br\/vittalitat\/loja\/flor-de-sal-vidro-cimsal-150g\/","name":"FLOR DE SAL (VIDRO) CIMSAL - 150g - Vittalitat","isPartOf":{"@id":"https:\/\/vittalitat.com.br\/vittalitat\/#website"},"datePublished":"2023-05-04T19:09:50+00:00","dateModified":"2025-03-14T21:35:11+00:00","description":"FLOR DE SAL (VIDRO) CIMSAL - 150g - Vittalitat","breadcrumb":{"@id":"https:\/\/vittalitat.com.br\/vittalitat\/loja\/flor-de-sal-vidro-cimsal-150g\/#breadcrumb"},"inLanguage":"pt-BR","potentialAction":[{"@type":"ReadAction","target":["https:\/\/vittalitat.com.br\/vittalitat\/loja\/flor-de-sal-vidro-cimsal-150g\/"]}]},{"@type":"BreadcrumbList","@id":"https:\/\/vittalitat.com.br\/vittalitat\/loja\/flor-de-sal-vidro-cimsal-150g\/#breadcrumb","itemListElement":[{"@type":"ListItem","position":1,"name":"In\u00edcio","item":"https:\/\/vittalitat.com.br\/vittalitat\/"},{"@type":"ListItem","position":2,"name":"Produtos","item":"https:\/\/vittalitat.com.br\/vittalitat\/shop\/"},{"@type":"ListItem","position":3,"name":"FLOR DE SAL (VIDRO) CIMSAL &#8211; 150g"}]},{"@type":"WebSite","@id":"https:\/\/vittalitat.com.br\/vittalitat\/#website","url":"https:\/\/vittalitat.com.br\/vittalitat\/","name":"Vittalitat","description":"Sa\u00fade, preven\u00e7\u00e3o e bem-estar","publisher":{"@id":"https:\/\/vittalitat.com.br\/vittalitat\/#organization"},"potentialAction":[{"@type":"SearchAction","target":{"@type":"EntryPoint","urlTemplate":"https:\/\/vittalitat.com.br\/vittalitat\/?s={search_term_string}"},"query-input":"required name=search_term_string"}],"inLanguage":"pt-BR"},{"@type":"Organization","@id":"https:\/\/vittalitat.com.br\/vittalitat\/#organization","name":"Vittalitat","url":"https:\/\/vittalitat.com.br\/vittalitat\/","logo":{"@type":"ImageObject","inLanguage":"pt-BR","@id":"https:\/\/vittalitat.com.br\/vittalitat\/#\/schema\/logo\/image\/","url":"https:\/\/vittalitat.com.br\/vittalitat\/wp-content\/uploads\/2020\/04\/logo-para-o-face.png","contentUrl":"https:\/\/vittalitat.com.br\/vittalitat\/wp-content\/uploads\/2020\/04\/logo-para-o-face.png","width":700,"height":700,"caption":"Vittalitat"},"image":{"@id":"https:\/\/vittalitat.com.br\/vittalitat\/#\/schema\/logo\/image\/"},"sameAs":["https:\/\/www.facebook.com\/vittalitat","https:\/\/www.instagram.com\/vittalitat"]}]}},"_links":{"self":[{"href":"https:\/\/vittalitat.com.br\/vittalitat\/wp-json\/wp\/v2\/product\/1991","targetHints":{"allow":["GET"]}}],"collection":[{"href":"https:\/\/vittalitat.com.br\/vittalitat\/wp-json\/wp\/v2\/product"}],"about":[{"href":"https:\/\/vittalitat.com.br\/vittalitat\/wp-json\/wp\/v2\/types\/product"}],"replies":[{"embeddable":true,"href":"https:\/\/vittalitat.com.br\/vittalitat\/wp-json\/wp\/v2\/comments?post=1991"}],"wp:featuredmedia":[{"embeddable":true,"href":"https:\/\/vittalitat.com.br\/vittalitat\/wp-json\/wp\/v2\/media\/1992"}],"wp:attachment":[{"href":"https:\/\/vittalitat.com.br\/vittalitat\/wp-json\/wp\/v2\/media?parent=1991"}],"wp:term":[{"taxonomy":"product_brand","embeddable":true,"href":"https:\/\/vittalitat.com.br\/vittalitat\/wp-json\/wp\/v2\/product_brand?post=1991"},{"taxonomy":"product_cat","embeddable":true,"href":"https:\/\/vittalitat.com.br\/vittalitat\/wp-json\/wp\/v2\/product_cat?post=1991"},{"taxonomy":"product_tag","embeddable":true,"href":"https:\/\/vittalitat.com.br\/vittalitat\/wp-json\/wp\/v2\/product_tag?post=1991"}],"curies":[{"name":"wp","href":"https:\/\/api.w.org\/{rel}","templated":true}]}}