{"id":1887,"date":"2023-02-03T17:13:57","date_gmt":"2023-02-03T20:13:57","guid":{"rendered":"https:\/\/vittalitat.com.br\/vittalitat\/?post_type=product&#038;p=1887"},"modified":"2025-09-10T21:52:38","modified_gmt":"2025-09-11T00:52:38","slug":"tri-vision-60-caps","status":"publish","type":"product","link":"https:\/\/vittalitat.com.br\/vittalitat\/loja\/tri-vision-60-caps\/","title":{"rendered":"Tri Vision &#8211; 60 C\u00e1ps"},"content":{"rendered":"<p><strong>Tri Vision<br \/>\n<\/strong><br \/>\nO antioxidantes ajudam a proteger o corpo dos danos causados pelos radicais livres, que s\u00e3o mol\u00e9culas inst\u00e1veis que podem danificar as c\u00e9lulas e levar a doen\u00e7as, inclusive doen\u00e7as oculares como catarata, degenera\u00e7\u00e3o macular relacionada \u00e0 idade e diversos tipos de inflama\u00e7\u00f5es.<\/p>\n<p>Tri Vision \u00e9 o suplemento alimentar vegano que astaxantina extra\u00edda da alga\u00a0<em>Haematococcus pluvialis,<\/em>\u00a0al\u00e9m de lute\u00edna e zeaxantina obtidas da flor\u00a0<em>Tagetes erecta.<\/em><br \/>\nA lute\u00edna e a zeaxantina s\u00e3o os \u00fanicos carotenoides encontrados na m\u00e1cula do olho, regi\u00e3o respons\u00e1vel pela vis\u00e3o central.<br \/>\nA ingest\u00e3o di\u00e1ria de Tri Vision vai contribuir para a sa\u00fade da vis\u00e3o e proteger os olhos dos efeitos nocivos da luz azul.<\/p>\n<p><strong>Sugest\u00e3o de consumo para maiores de 19 anos:<\/strong>\u00a0ingerir uma c\u00e1psula, duas vezes ao dia.<\/p>\n","protected":false},"excerpt":{"rendered":"<p>Tri Vision \u00e9 o suplemento alimentar da Anew composto por tr\u00eas poderosos carotenoides naturais que atuam na sa\u00fade da vis\u00e3o:\u00a0<strong>lute\u00edna,\u00a0astaxantina e zeaxantina.<\/strong><\/p>\n","protected":false},"featured_media":1888,"comment_status":"open","ping_status":"closed","template":"","meta":{"_coblocks_attr":"","_coblocks_dimensions":"","_coblocks_responsive_height":"","_coblocks_accordion_ie_support":""},"product_brand":[],"product_cat":[27],"product_tag":[88,43,44],"class_list":{"0":"post-1887","1":"product","2":"type-product","3":"status-publish","4":"has-post-thumbnail","6":"product_cat-anew","7":"product_tag-astaxantina","8":"product_tag-luteina","9":"product_tag-zeaxantina","11":"first","12":"instock","13":"shipping-taxable","14":"purchasable","15":"product-type-simple"},"yoast_head":"<!-- This site is optimized with the Yoast SEO plugin v21.9.1 - https:\/\/yoast.com\/wordpress\/plugins\/seo\/ -->\n<title>Tri Vision - 60 C\u00e1ps - Vittalitat<\/title>\n<meta name=\"description\" content=\"Tri Vision - 60 C\u00e1ps - Vittalitat\" \/>\n<meta name=\"robots\" content=\"index, follow, max-snippet:-1, max-image-preview:large, max-video-preview:-1\" \/>\n<link rel=\"canonical\" href=\"https:\/\/vittalitat.com.br\/vittalitat\/loja\/tri-vision-60-caps\/\" \/>\n<meta property=\"og:locale\" content=\"pt_BR\" \/>\n<meta property=\"og:type\" content=\"article\" \/>\n<meta property=\"og:title\" content=\"Tri Vision - 60 C\u00e1ps - Vittalitat\" \/>\n<meta property=\"og:description\" content=\"Tri Vision - 60 C\u00e1ps - Vittalitat\" \/>\n<meta property=\"og:url\" content=\"https:\/\/vittalitat.com.br\/vittalitat\/loja\/tri-vision-60-caps\/\" \/>\n<meta property=\"og:site_name\" content=\"Vittalitat\" \/>\n<meta property=\"article:publisher\" content=\"https:\/\/www.facebook.com\/vittalitat\" \/>\n<meta property=\"article:modified_time\" content=\"2025-09-11T00:52:38+00:00\" \/>\n<meta property=\"og:image\" content=\"https:\/\/vittalitat.com.br\/vittalitat\/wp-content\/uploads\/2023\/02\/Tri-vision-60.jpg\" \/>\n\t<meta property=\"og:image:width\" content=\"497\" \/>\n\t<meta property=\"og:image:height\" content=\"606\" \/>\n\t<meta property=\"og:image:type\" content=\"image\/jpeg\" \/>\n<meta name=\"twitter:card\" content=\"summary_large_image\" \/>\n<meta name=\"twitter:label1\" content=\"Est. tempo de leitura\" \/>\n\t<meta name=\"twitter:data1\" content=\"1 minuto\" \/>\n<script type=\"application\/ld+json\" class=\"yoast-schema-graph\">{\"@context\":\"https:\/\/schema.org\",\"@graph\":[{\"@type\":\"WebPage\",\"@id\":\"https:\/\/vittalitat.com.br\/vittalitat\/loja\/tri-vision-60-caps\/\",\"url\":\"https:\/\/vittalitat.com.br\/vittalitat\/loja\/tri-vision-60-caps\/\",\"name\":\"Tri Vision - 60 C\u00e1ps - Vittalitat\",\"isPartOf\":{\"@id\":\"https:\/\/vittalitat.com.br\/vittalitat\/#website\"},\"datePublished\":\"2023-02-03T20:13:57+00:00\",\"dateModified\":\"2025-09-11T00:52:38+00:00\",\"description\":\"Tri Vision - 60 C\u00e1ps - Vittalitat\",\"breadcrumb\":{\"@id\":\"https:\/\/vittalitat.com.br\/vittalitat\/loja\/tri-vision-60-caps\/#breadcrumb\"},\"inLanguage\":\"pt-BR\",\"potentialAction\":[{\"@type\":\"ReadAction\",\"target\":[\"https:\/\/vittalitat.com.br\/vittalitat\/loja\/tri-vision-60-caps\/\"]}]},{\"@type\":\"BreadcrumbList\",\"@id\":\"https:\/\/vittalitat.com.br\/vittalitat\/loja\/tri-vision-60-caps\/#breadcrumb\",\"itemListElement\":[{\"@type\":\"ListItem\",\"position\":1,\"name\":\"In\u00edcio\",\"item\":\"https:\/\/vittalitat.com.br\/vittalitat\/\"},{\"@type\":\"ListItem\",\"position\":2,\"name\":\"Produtos\",\"item\":\"https:\/\/vittalitat.com.br\/vittalitat\/shop\/\"},{\"@type\":\"ListItem\",\"position\":3,\"name\":\"Tri Vision &#8211; 60 C\u00e1ps\"}]},{\"@type\":\"WebSite\",\"@id\":\"https:\/\/vittalitat.com.br\/vittalitat\/#website\",\"url\":\"https:\/\/vittalitat.com.br\/vittalitat\/\",\"name\":\"Vittalitat\",\"description\":\"Sa\u00fade, preven\u00e7\u00e3o e bem-estar\",\"publisher\":{\"@id\":\"https:\/\/vittalitat.com.br\/vittalitat\/#organization\"},\"potentialAction\":[{\"@type\":\"SearchAction\",\"target\":{\"@type\":\"EntryPoint\",\"urlTemplate\":\"https:\/\/vittalitat.com.br\/vittalitat\/?s={search_term_string}\"},\"query-input\":\"required name=search_term_string\"}],\"inLanguage\":\"pt-BR\"},{\"@type\":\"Organization\",\"@id\":\"https:\/\/vittalitat.com.br\/vittalitat\/#organization\",\"name\":\"Vittalitat\",\"url\":\"https:\/\/vittalitat.com.br\/vittalitat\/\",\"logo\":{\"@type\":\"ImageObject\",\"inLanguage\":\"pt-BR\",\"@id\":\"https:\/\/vittalitat.com.br\/vittalitat\/#\/schema\/logo\/image\/\",\"url\":\"https:\/\/vittalitat.com.br\/vittalitat\/wp-content\/uploads\/2020\/04\/logo-para-o-face.png\",\"contentUrl\":\"https:\/\/vittalitat.com.br\/vittalitat\/wp-content\/uploads\/2020\/04\/logo-para-o-face.png\",\"width\":700,\"height\":700,\"caption\":\"Vittalitat\"},\"image\":{\"@id\":\"https:\/\/vittalitat.com.br\/vittalitat\/#\/schema\/logo\/image\/\"},\"sameAs\":[\"https:\/\/www.facebook.com\/vittalitat\",\"https:\/\/www.instagram.com\/vittalitat\"]}]}<\/script>\n<!-- \/ Yoast SEO plugin. -->","yoast_head_json":{"title":"Tri Vision - 60 C\u00e1ps - Vittalitat","description":"Tri Vision - 60 C\u00e1ps - Vittalitat","robots":{"index":"index","follow":"follow","max-snippet":"max-snippet:-1","max-image-preview":"max-image-preview:large","max-video-preview":"max-video-preview:-1"},"canonical":"https:\/\/vittalitat.com.br\/vittalitat\/loja\/tri-vision-60-caps\/","og_locale":"pt_BR","og_type":"article","og_title":"Tri Vision - 60 C\u00e1ps - Vittalitat","og_description":"Tri Vision - 60 C\u00e1ps - Vittalitat","og_url":"https:\/\/vittalitat.com.br\/vittalitat\/loja\/tri-vision-60-caps\/","og_site_name":"Vittalitat","article_publisher":"https:\/\/www.facebook.com\/vittalitat","article_modified_time":"2025-09-11T00:52:38+00:00","og_image":[{"width":497,"height":606,"url":"https:\/\/vittalitat.com.br\/vittalitat\/wp-content\/uploads\/2023\/02\/Tri-vision-60.jpg","type":"image\/jpeg"}],"twitter_card":"summary_large_image","twitter_misc":{"Est. tempo de leitura":"1 minuto"},"schema":{"@context":"https:\/\/schema.org","@graph":[{"@type":"WebPage","@id":"https:\/\/vittalitat.com.br\/vittalitat\/loja\/tri-vision-60-caps\/","url":"https:\/\/vittalitat.com.br\/vittalitat\/loja\/tri-vision-60-caps\/","name":"Tri Vision - 60 C\u00e1ps - Vittalitat","isPartOf":{"@id":"https:\/\/vittalitat.com.br\/vittalitat\/#website"},"datePublished":"2023-02-03T20:13:57+00:00","dateModified":"2025-09-11T00:52:38+00:00","description":"Tri Vision - 60 C\u00e1ps - Vittalitat","breadcrumb":{"@id":"https:\/\/vittalitat.com.br\/vittalitat\/loja\/tri-vision-60-caps\/#breadcrumb"},"inLanguage":"pt-BR","potentialAction":[{"@type":"ReadAction","target":["https:\/\/vittalitat.com.br\/vittalitat\/loja\/tri-vision-60-caps\/"]}]},{"@type":"BreadcrumbList","@id":"https:\/\/vittalitat.com.br\/vittalitat\/loja\/tri-vision-60-caps\/#breadcrumb","itemListElement":[{"@type":"ListItem","position":1,"name":"In\u00edcio","item":"https:\/\/vittalitat.com.br\/vittalitat\/"},{"@type":"ListItem","position":2,"name":"Produtos","item":"https:\/\/vittalitat.com.br\/vittalitat\/shop\/"},{"@type":"ListItem","position":3,"name":"Tri Vision &#8211; 60 C\u00e1ps"}]},{"@type":"WebSite","@id":"https:\/\/vittalitat.com.br\/vittalitat\/#website","url":"https:\/\/vittalitat.com.br\/vittalitat\/","name":"Vittalitat","description":"Sa\u00fade, preven\u00e7\u00e3o e bem-estar","publisher":{"@id":"https:\/\/vittalitat.com.br\/vittalitat\/#organization"},"potentialAction":[{"@type":"SearchAction","target":{"@type":"EntryPoint","urlTemplate":"https:\/\/vittalitat.com.br\/vittalitat\/?s={search_term_string}"},"query-input":"required name=search_term_string"}],"inLanguage":"pt-BR"},{"@type":"Organization","@id":"https:\/\/vittalitat.com.br\/vittalitat\/#organization","name":"Vittalitat","url":"https:\/\/vittalitat.com.br\/vittalitat\/","logo":{"@type":"ImageObject","inLanguage":"pt-BR","@id":"https:\/\/vittalitat.com.br\/vittalitat\/#\/schema\/logo\/image\/","url":"https:\/\/vittalitat.com.br\/vittalitat\/wp-content\/uploads\/2020\/04\/logo-para-o-face.png","contentUrl":"https:\/\/vittalitat.com.br\/vittalitat\/wp-content\/uploads\/2020\/04\/logo-para-o-face.png","width":700,"height":700,"caption":"Vittalitat"},"image":{"@id":"https:\/\/vittalitat.com.br\/vittalitat\/#\/schema\/logo\/image\/"},"sameAs":["https:\/\/www.facebook.com\/vittalitat","https:\/\/www.instagram.com\/vittalitat"]}]}},"_links":{"self":[{"href":"https:\/\/vittalitat.com.br\/vittalitat\/wp-json\/wp\/v2\/product\/1887","targetHints":{"allow":["GET"]}}],"collection":[{"href":"https:\/\/vittalitat.com.br\/vittalitat\/wp-json\/wp\/v2\/product"}],"about":[{"href":"https:\/\/vittalitat.com.br\/vittalitat\/wp-json\/wp\/v2\/types\/product"}],"replies":[{"embeddable":true,"href":"https:\/\/vittalitat.com.br\/vittalitat\/wp-json\/wp\/v2\/comments?post=1887"}],"wp:featuredmedia":[{"embeddable":true,"href":"https:\/\/vittalitat.com.br\/vittalitat\/wp-json\/wp\/v2\/media\/1888"}],"wp:attachment":[{"href":"https:\/\/vittalitat.com.br\/vittalitat\/wp-json\/wp\/v2\/media?parent=1887"}],"wp:term":[{"taxonomy":"product_brand","embeddable":true,"href":"https:\/\/vittalitat.com.br\/vittalitat\/wp-json\/wp\/v2\/product_brand?post=1887"},{"taxonomy":"product_cat","embeddable":true,"href":"https:\/\/vittalitat.com.br\/vittalitat\/wp-json\/wp\/v2\/product_cat?post=1887"},{"taxonomy":"product_tag","embeddable":true,"href":"https:\/\/vittalitat.com.br\/vittalitat\/wp-json\/wp\/v2\/product_tag?post=1887"}],"curies":[{"name":"wp","href":"https:\/\/api.w.org\/{rel}","templated":true}]}}