{"id":142,"date":"2020-04-30T11:45:12","date_gmt":"2020-04-30T14:45:12","guid":{"rendered":"http:\/\/vittalitat.com.br\/vittalitat\/?post_type=product&#038;p=142"},"modified":"2025-05-16T22:20:17","modified_gmt":"2025-05-17T01:20:17","slug":"primulanew-100-capsulas","status":"publish","type":"product","link":"https:\/\/vittalitat.com.br\/vittalitat\/loja\/primulanew-100-capsulas\/","title":{"rendered":"Primulanew &#8211; 100 C\u00e1psulas"},"content":{"rendered":"<h1><strong>Primulanew<\/strong><\/h1>\n<p>Nativa da Am\u00e9rica do Norte, a pr\u00edmula \u00e9 uma planta conhecida como \u201cestrela da tarde\u201d (<em>evening primrose<\/em>), nome que vem da caracter\u00edstica de suas flores de abrirem ao entardecer. De suas sementes \u00e9 extra\u00eddo o \u00f3leo de pr\u00edmula, conhecido por ajudar a regular os horm\u00f4nios sexuais femininos (auxiliando na alimenta\u00e7\u00e3o espec\u00edfica para os per\u00edodos de tens\u00e3o pr\u00e9-menstrual) e rico em \u00e1cido gama-linol\u00eanico, \u00e1cido graxo essencial em v\u00e1rias rea\u00e7\u00f5es metab\u00f3licas do organismo.<\/p>\n<p>O Primulanew \u00e9 o \u00f3leo de pr\u00edmula da Anew em c\u00e1psulas que oferece:<\/p>\n<p>\u2013 \u00c1cido linoleico: 68,4%<br \/>\n\u2013 \u00c1cido gama linol\u00eanico: 12,5%<br \/>\n\u2013 \u00c1cido oleico: 6,9%<br \/>\n\u2013 \u00c1cido este\u00e1rico: 2,6%<br \/>\n\u2013 \u00c1cido palm\u00edtico: 6,5%<\/p>\n<p><strong>Recomenda\u00e7\u00e3o de consumo:<\/strong>\u00a02 c\u00e1psulas por dia.<\/p>\n<div class=\"et_pb_module et_pb_text et_pb_text_1 et_pb_text_align_left et_pb_bg_layout_light\">\n<div class=\"et_pb_text_inner\">\n<table>\n<tbody>\n<tr>\n<td colspan=\"3\"><strong>Informa\u00e7\u00e3o Nutricional<br \/>\n<\/strong><strong>2 c\u00e1psulas de 500 mg (1,0 g)<\/strong><\/td>\n<\/tr>\n<tr>\n<td colspan=\"2\">Quantidade por 1 c\u00e1psula<\/td>\n<td>% VD (*)<\/td>\n<\/tr>\n<tr>\n<td>Valor energ\u00e9tico<\/td>\n<td>10 Kcal = 42kJ<\/td>\n<td>1%<\/td>\n<\/tr>\n<tr>\n<td>Gorduras totais<\/td>\n<td>1 g<\/td>\n<td>2%<\/td>\n<\/tr>\n<tr>\n<td colspan=\"3\">\u201cN\u00e3o cont\u00e9m quantidades significativas de carboidratos, prote\u00ednas, gorduras totais, gorduras saturadas, gorduras trans, fibras alimentares e s\u00f3dio.\u201d<\/td>\n<\/tr>\n<tr>\n<td colspan=\"3\">*% Valores di\u00e1rios com base em uma dieta de 2.000 kcal ou 8.400 kJ. Seus valores di\u00e1rios podem ser maiores ou menores dependendo de suas necessidades energ\u00e9ticas.<\/td>\n<\/tr>\n<\/tbody>\n<\/table>\n<\/div>\n<\/div>\n","protected":false},"excerpt":{"rendered":"<p>Nativa da Am\u00e9rica do Norte, a pr\u00edmula \u00e9 uma planta conhecida como \u201cestrela da tarde\u201d<\/p>\n","protected":false},"featured_media":143,"comment_status":"open","ping_status":"closed","template":"","meta":{"_coblocks_attr":"","_coblocks_dimensions":"","_coblocks_responsive_height":"","_coblocks_accordion_ie_support":""},"product_brand":[],"product_cat":[27,55],"product_tag":[56],"class_list":{"0":"post-142","1":"product","2":"type-product","3":"status-publish","4":"has-post-thumbnail","6":"product_cat-anew","7":"product_cat-oleo-de-primula","8":"product_tag-primula","10":"first","11":"instock","12":"shipping-taxable","13":"purchasable","14":"product-type-simple"},"yoast_head":"<!-- This site is optimized with the Yoast SEO plugin v21.9.1 - https:\/\/yoast.com\/wordpress\/plugins\/seo\/ -->\n<title>Primulanew - 100 C\u00e1psulas - Vittalitat<\/title>\n<meta name=\"description\" content=\"Nativa da Am\u00e9rica do Norte, a pr\u00edmula \u00e9 uma planta conhecida como \u201cestrela da tarde\u201d (evening primrose), nome que vem da caracter\u00edstica de suas flores de abrirem ao entardecer.\" \/>\n<meta name=\"robots\" content=\"index, follow, max-snippet:-1, max-image-preview:large, max-video-preview:-1\" \/>\n<link rel=\"canonical\" href=\"https:\/\/vittalitat.com.br\/vittalitat\/loja\/primulanew-100-capsulas\/\" \/>\n<meta property=\"og:locale\" content=\"pt_BR\" \/>\n<meta property=\"og:type\" content=\"article\" \/>\n<meta property=\"og:title\" content=\"Primulanew - 100 C\u00e1psulas - Vittalitat\" \/>\n<meta property=\"og:description\" content=\"Nativa da Am\u00e9rica do Norte, a pr\u00edmula \u00e9 uma planta conhecida como \u201cestrela da tarde\u201d (evening primrose), nome que vem da caracter\u00edstica de suas flores de abrirem ao entardecer.\" \/>\n<meta property=\"og:url\" content=\"https:\/\/vittalitat.com.br\/vittalitat\/loja\/primulanew-100-capsulas\/\" \/>\n<meta property=\"og:site_name\" content=\"Vittalitat\" \/>\n<meta property=\"article:publisher\" content=\"https:\/\/www.facebook.com\/vittalitat\" \/>\n<meta property=\"article:modified_time\" content=\"2025-05-17T01:20:17+00:00\" \/>\n<meta property=\"og:image\" content=\"https:\/\/vittalitat.com.br\/vittalitat\/wp-content\/uploads\/2020\/04\/Oleo-de-Primula_P.png\" \/>\n\t<meta property=\"og:image:width\" content=\"800\" \/>\n\t<meta property=\"og:image:height\" content=\"1065\" \/>\n\t<meta property=\"og:image:type\" content=\"image\/png\" \/>\n<meta name=\"twitter:card\" content=\"summary_large_image\" \/>\n<meta name=\"twitter:label1\" content=\"Est. tempo de leitura\" \/>\n\t<meta name=\"twitter:data1\" content=\"1 minuto\" \/>\n<script type=\"application\/ld+json\" class=\"yoast-schema-graph\">{\"@context\":\"https:\/\/schema.org\",\"@graph\":[{\"@type\":\"WebPage\",\"@id\":\"https:\/\/vittalitat.com.br\/vittalitat\/loja\/primulanew-100-capsulas\/\",\"url\":\"https:\/\/vittalitat.com.br\/vittalitat\/loja\/primulanew-100-capsulas\/\",\"name\":\"Primulanew - 100 C\u00e1psulas - Vittalitat\",\"isPartOf\":{\"@id\":\"https:\/\/vittalitat.com.br\/vittalitat\/#website\"},\"datePublished\":\"2020-04-30T14:45:12+00:00\",\"dateModified\":\"2025-05-17T01:20:17+00:00\",\"description\":\"Nativa da Am\u00e9rica do Norte, a pr\u00edmula \u00e9 uma planta conhecida como \u201cestrela da tarde\u201d (evening primrose), nome que vem da caracter\u00edstica de suas flores de abrirem ao entardecer.\",\"breadcrumb\":{\"@id\":\"https:\/\/vittalitat.com.br\/vittalitat\/loja\/primulanew-100-capsulas\/#breadcrumb\"},\"inLanguage\":\"pt-BR\",\"potentialAction\":[{\"@type\":\"ReadAction\",\"target\":[\"https:\/\/vittalitat.com.br\/vittalitat\/loja\/primulanew-100-capsulas\/\"]}]},{\"@type\":\"BreadcrumbList\",\"@id\":\"https:\/\/vittalitat.com.br\/vittalitat\/loja\/primulanew-100-capsulas\/#breadcrumb\",\"itemListElement\":[{\"@type\":\"ListItem\",\"position\":1,\"name\":\"In\u00edcio\",\"item\":\"https:\/\/vittalitat.com.br\/vittalitat\/\"},{\"@type\":\"ListItem\",\"position\":2,\"name\":\"Produtos\",\"item\":\"https:\/\/vittalitat.com.br\/vittalitat\/shop\/\"},{\"@type\":\"ListItem\",\"position\":3,\"name\":\"Primulanew &#8211; 100 C\u00e1psulas\"}]},{\"@type\":\"WebSite\",\"@id\":\"https:\/\/vittalitat.com.br\/vittalitat\/#website\",\"url\":\"https:\/\/vittalitat.com.br\/vittalitat\/\",\"name\":\"Vittalitat\",\"description\":\"Sa\u00fade, preven\u00e7\u00e3o e bem-estar\",\"publisher\":{\"@id\":\"https:\/\/vittalitat.com.br\/vittalitat\/#organization\"},\"potentialAction\":[{\"@type\":\"SearchAction\",\"target\":{\"@type\":\"EntryPoint\",\"urlTemplate\":\"https:\/\/vittalitat.com.br\/vittalitat\/?s={search_term_string}\"},\"query-input\":\"required name=search_term_string\"}],\"inLanguage\":\"pt-BR\"},{\"@type\":\"Organization\",\"@id\":\"https:\/\/vittalitat.com.br\/vittalitat\/#organization\",\"name\":\"Vittalitat\",\"url\":\"https:\/\/vittalitat.com.br\/vittalitat\/\",\"logo\":{\"@type\":\"ImageObject\",\"inLanguage\":\"pt-BR\",\"@id\":\"https:\/\/vittalitat.com.br\/vittalitat\/#\/schema\/logo\/image\/\",\"url\":\"https:\/\/vittalitat.com.br\/vittalitat\/wp-content\/uploads\/2020\/04\/logo-para-o-face.png\",\"contentUrl\":\"https:\/\/vittalitat.com.br\/vittalitat\/wp-content\/uploads\/2020\/04\/logo-para-o-face.png\",\"width\":700,\"height\":700,\"caption\":\"Vittalitat\"},\"image\":{\"@id\":\"https:\/\/vittalitat.com.br\/vittalitat\/#\/schema\/logo\/image\/\"},\"sameAs\":[\"https:\/\/www.facebook.com\/vittalitat\",\"https:\/\/www.instagram.com\/vittalitat\"]}]}<\/script>\n<!-- \/ Yoast SEO plugin. -->","yoast_head_json":{"title":"Primulanew - 100 C\u00e1psulas - Vittalitat","description":"Nativa da Am\u00e9rica do Norte, a pr\u00edmula \u00e9 uma planta conhecida como \u201cestrela da tarde\u201d (evening primrose), nome que vem da caracter\u00edstica de suas flores de abrirem ao entardecer.","robots":{"index":"index","follow":"follow","max-snippet":"max-snippet:-1","max-image-preview":"max-image-preview:large","max-video-preview":"max-video-preview:-1"},"canonical":"https:\/\/vittalitat.com.br\/vittalitat\/loja\/primulanew-100-capsulas\/","og_locale":"pt_BR","og_type":"article","og_title":"Primulanew - 100 C\u00e1psulas - Vittalitat","og_description":"Nativa da Am\u00e9rica do Norte, a pr\u00edmula \u00e9 uma planta conhecida como \u201cestrela da tarde\u201d (evening primrose), nome que vem da caracter\u00edstica de suas flores de abrirem ao entardecer.","og_url":"https:\/\/vittalitat.com.br\/vittalitat\/loja\/primulanew-100-capsulas\/","og_site_name":"Vittalitat","article_publisher":"https:\/\/www.facebook.com\/vittalitat","article_modified_time":"2025-05-17T01:20:17+00:00","og_image":[{"width":800,"height":1065,"url":"https:\/\/vittalitat.com.br\/vittalitat\/wp-content\/uploads\/2020\/04\/Oleo-de-Primula_P.png","type":"image\/png"}],"twitter_card":"summary_large_image","twitter_misc":{"Est. tempo de leitura":"1 minuto"},"schema":{"@context":"https:\/\/schema.org","@graph":[{"@type":"WebPage","@id":"https:\/\/vittalitat.com.br\/vittalitat\/loja\/primulanew-100-capsulas\/","url":"https:\/\/vittalitat.com.br\/vittalitat\/loja\/primulanew-100-capsulas\/","name":"Primulanew - 100 C\u00e1psulas - Vittalitat","isPartOf":{"@id":"https:\/\/vittalitat.com.br\/vittalitat\/#website"},"datePublished":"2020-04-30T14:45:12+00:00","dateModified":"2025-05-17T01:20:17+00:00","description":"Nativa da Am\u00e9rica do Norte, a pr\u00edmula \u00e9 uma planta conhecida como \u201cestrela da tarde\u201d (evening primrose), nome que vem da caracter\u00edstica de suas flores de abrirem ao entardecer.","breadcrumb":{"@id":"https:\/\/vittalitat.com.br\/vittalitat\/loja\/primulanew-100-capsulas\/#breadcrumb"},"inLanguage":"pt-BR","potentialAction":[{"@type":"ReadAction","target":["https:\/\/vittalitat.com.br\/vittalitat\/loja\/primulanew-100-capsulas\/"]}]},{"@type":"BreadcrumbList","@id":"https:\/\/vittalitat.com.br\/vittalitat\/loja\/primulanew-100-capsulas\/#breadcrumb","itemListElement":[{"@type":"ListItem","position":1,"name":"In\u00edcio","item":"https:\/\/vittalitat.com.br\/vittalitat\/"},{"@type":"ListItem","position":2,"name":"Produtos","item":"https:\/\/vittalitat.com.br\/vittalitat\/shop\/"},{"@type":"ListItem","position":3,"name":"Primulanew &#8211; 100 C\u00e1psulas"}]},{"@type":"WebSite","@id":"https:\/\/vittalitat.com.br\/vittalitat\/#website","url":"https:\/\/vittalitat.com.br\/vittalitat\/","name":"Vittalitat","description":"Sa\u00fade, preven\u00e7\u00e3o e bem-estar","publisher":{"@id":"https:\/\/vittalitat.com.br\/vittalitat\/#organization"},"potentialAction":[{"@type":"SearchAction","target":{"@type":"EntryPoint","urlTemplate":"https:\/\/vittalitat.com.br\/vittalitat\/?s={search_term_string}"},"query-input":"required name=search_term_string"}],"inLanguage":"pt-BR"},{"@type":"Organization","@id":"https:\/\/vittalitat.com.br\/vittalitat\/#organization","name":"Vittalitat","url":"https:\/\/vittalitat.com.br\/vittalitat\/","logo":{"@type":"ImageObject","inLanguage":"pt-BR","@id":"https:\/\/vittalitat.com.br\/vittalitat\/#\/schema\/logo\/image\/","url":"https:\/\/vittalitat.com.br\/vittalitat\/wp-content\/uploads\/2020\/04\/logo-para-o-face.png","contentUrl":"https:\/\/vittalitat.com.br\/vittalitat\/wp-content\/uploads\/2020\/04\/logo-para-o-face.png","width":700,"height":700,"caption":"Vittalitat"},"image":{"@id":"https:\/\/vittalitat.com.br\/vittalitat\/#\/schema\/logo\/image\/"},"sameAs":["https:\/\/www.facebook.com\/vittalitat","https:\/\/www.instagram.com\/vittalitat"]}]}},"_links":{"self":[{"href":"https:\/\/vittalitat.com.br\/vittalitat\/wp-json\/wp\/v2\/product\/142","targetHints":{"allow":["GET"]}}],"collection":[{"href":"https:\/\/vittalitat.com.br\/vittalitat\/wp-json\/wp\/v2\/product"}],"about":[{"href":"https:\/\/vittalitat.com.br\/vittalitat\/wp-json\/wp\/v2\/types\/product"}],"replies":[{"embeddable":true,"href":"https:\/\/vittalitat.com.br\/vittalitat\/wp-json\/wp\/v2\/comments?post=142"}],"wp:featuredmedia":[{"embeddable":true,"href":"https:\/\/vittalitat.com.br\/vittalitat\/wp-json\/wp\/v2\/media\/143"}],"wp:attachment":[{"href":"https:\/\/vittalitat.com.br\/vittalitat\/wp-json\/wp\/v2\/media?parent=142"}],"wp:term":[{"taxonomy":"product_brand","embeddable":true,"href":"https:\/\/vittalitat.com.br\/vittalitat\/wp-json\/wp\/v2\/product_brand?post=142"},{"taxonomy":"product_cat","embeddable":true,"href":"https:\/\/vittalitat.com.br\/vittalitat\/wp-json\/wp\/v2\/product_cat?post=142"},{"taxonomy":"product_tag","embeddable":true,"href":"https:\/\/vittalitat.com.br\/vittalitat\/wp-json\/wp\/v2\/product_tag?post=142"}],"curies":[{"name":"wp","href":"https:\/\/api.w.org\/{rel}","templated":true}]}}