{"id":140,"date":"2020-04-30T11:15:41","date_gmt":"2020-04-30T14:15:41","guid":{"rendered":"http:\/\/vittalitat.com.br\/vittalitat\/?post_type=product&#038;p=140"},"modified":"2026-03-11T09:10:09","modified_gmt":"2026-03-11T12:10:09","slug":"osteo-cardio-240","status":"publish","type":"product","link":"https:\/\/vittalitat.com.br\/vittalitat\/loja\/osteo-cardio-240\/","title":{"rendered":"Osteo &amp; Cardio &#8211; 240 C\u00e1psulas"},"content":{"rendered":"<div class=\"et_pb_module et_pb_text et_pb_text_0 et_pb_text_align_left et_pb_bg_layout_light\">\n<div class=\"et_pb_text_inner\">\n<h1><strong>Osteo &amp; Cardio<\/strong><\/h1>\n<h2>Magn\u00e9sio quelato e vitaminas K2 (mk-7) e D3 em c\u00e1psulas gelatinosas.<\/h2>\n<p><strong>Osteo &amp; Cardio<\/strong>\u00a0\u00e9 um suplemento alimentar para sa\u00fade dos ossos e cora\u00e7\u00e3o que combina o magn\u00e9sio quelato, a vitamina K2 (MK-7) e a vitamina D3, em \u00f3leo de semente de uva.<\/p>\n<p>A vitamina K2, fam\u00edlia das menaquinonas (MK), \u00e9 um tipo da vitamina K que pode variar desde MK4 \u00e0 MK13. A vitamina K2 presente no\u00a0<strong>Osteo &amp; Cardio<\/strong>\u00a0\u00e9 a K2 MK-7 que possui maior biodisponibilidade, melhor absor\u00e7\u00e3o e maior bioatividade, isto \u00e9, maior tempo de a\u00e7\u00e3o no organismo (em torno de 72 horas), em rela\u00e7\u00e3o aos demais.<\/p>\n<p>O magn\u00e9sio presente no\u00a0<strong>Osteo &amp; Cardio<\/strong>\u00a0\u00e9 o bisglicinato de magn\u00e9sio, mineral ligado a dois amino\u00e1cidos de glicina, que proporciona uma melhor absor\u00e7\u00e3o em rela\u00e7\u00e3o ao \u00f3xido ou cloreto de magn\u00e9sio.<\/p>\n<p>A vitamina D3 atua na homeostase do c\u00e1lcio e estudos recentes tem associado a vitamina D3 \u00e0 imunidade e sa\u00fade cardiovascular.<\/p>\n<p>A combina\u00e7\u00e3o de todos esses nutrientes contribui para a sa\u00fade \u00f3ssea e cardiovascular. O \u00f3leo de semente de uva \u00e9 um antioxidante que contribui para a absor\u00e7\u00e3o das vitaminas K2 e D3 que s\u00e3o vitaminas lipossol\u00faveis.<\/p>\n<\/div>\n<\/div>\n<div class=\"et_pb_module et_pb_text et_pb_text_1 et_pb_text_align_left et_pb_bg_layout_light\">\n<div class=\"et_pb_text_inner\">\n<p>A vitamina K auxilia na manuten\u00e7\u00e3o dos ossos.<\/p>\n<\/div>\n<\/div>\n<div class=\"et_pb_module et_pb_text et_pb_text_2 et_pb_text_align_left et_pb_bg_layout_light\">\n<div class=\"et_pb_text_inner\">\n<p>A vitamina D e o magn\u00e9sio auxiliam na forma\u00e7\u00e3o de ossos e dentes.<\/p>\n<\/div>\n<\/div>\n<div class=\"et_pb_module et_pb_text et_pb_text_3 et_pb_text_align_left et_pb_bg_layout_light\">\n<div class=\"et_pb_text_inner\">\n<p>O magn\u00e9sio auxilia no funcionamento muscular e neuromuscular.<\/p>\n<\/div>\n<\/div>\n<div class=\"et_pb_module et_pb_text et_pb_text_4 et_pb_text_align_left et_pb_bg_layout_light\">\n<div class=\"et_pb_text_inner\">\n<p><strong>Recomenda\u00e7\u00e3o de consumo:<\/strong>\u00a0ingerir 1 c\u00e1psula, 3 vezes ao dia.<\/p>\n<\/div>\n<\/div>\n","protected":false},"excerpt":{"rendered":"<p><strong>Osteo &amp; Cardio<\/strong>\u00a0\u00e9 um suplemento alimentar para sa\u00fade dos ossos e cora\u00e7\u00e3o que combina o magn\u00e9sio quelato, a vitamina K2 (MK-7) e a vitamina D3, em \u00f3leo de semente de uva.<\/p>\n","protected":false},"featured_media":289,"comment_status":"open","ping_status":"closed","template":"","meta":{"_coblocks_attr":"","_coblocks_dimensions":"","_coblocks_responsive_height":"","_coblocks_accordion_ie_support":""},"product_brand":[],"product_cat":[27,51],"product_tag":[53,52,54],"class_list":{"0":"post-140","1":"product","2":"type-product","3":"status-publish","4":"has-post-thumbnail","6":"product_cat-anew","7":"product_cat-osteo-cardio","8":"product_tag-d3","9":"product_tag-magnesio","10":"product_tag-ossos","12":"first","13":"instock","14":"shipping-taxable","15":"purchasable","16":"product-type-simple"},"yoast_head":"<!-- This site is optimized with the Yoast SEO plugin v21.9.1 - https:\/\/yoast.com\/wordpress\/plugins\/seo\/ -->\n<title>Osteo &amp; Cardio - 240 C\u00e1psulas - Vittalitat<\/title>\n<meta name=\"description\" content=\"Osteo &amp; Cardio \u00e9 um suplemento alimentar para sa\u00fade dos ossos e cora\u00e7\u00e3o que combina o magn\u00e9sio quelato, a vitamina K2 (MK-7) e a vitamina D3, em \u00f3leo de semente de uva.\" \/>\n<meta name=\"robots\" content=\"index, follow, max-snippet:-1, max-image-preview:large, max-video-preview:-1\" \/>\n<link rel=\"canonical\" href=\"https:\/\/vittalitat.com.br\/vittalitat\/loja\/osteo-cardio-240\/\" \/>\n<meta property=\"og:locale\" content=\"pt_BR\" \/>\n<meta property=\"og:type\" content=\"article\" \/>\n<meta property=\"og:title\" content=\"Osteo &amp; Cardio - 240 C\u00e1psulas - Vittalitat\" \/>\n<meta property=\"og:description\" content=\"Osteo &amp; Cardio \u00e9 um suplemento alimentar para sa\u00fade dos ossos e cora\u00e7\u00e3o que combina o magn\u00e9sio quelato, a vitamina K2 (MK-7) e a vitamina D3, em \u00f3leo de semente de uva.\" \/>\n<meta property=\"og:url\" content=\"https:\/\/vittalitat.com.br\/vittalitat\/loja\/osteo-cardio-240\/\" \/>\n<meta property=\"og:site_name\" content=\"Vittalitat\" \/>\n<meta property=\"article:publisher\" content=\"https:\/\/www.facebook.com\/vittalitat\" \/>\n<meta property=\"article:modified_time\" content=\"2026-03-11T12:10:09+00:00\" \/>\n<meta property=\"og:image\" content=\"https:\/\/vittalitat.com.br\/vittalitat\/wp-content\/uploads\/2020\/04\/Osteo-Cardio-240.png\" \/>\n\t<meta property=\"og:image:width\" content=\"1024\" \/>\n\t<meta property=\"og:image:height\" content=\"1024\" \/>\n\t<meta property=\"og:image:type\" content=\"image\/png\" \/>\n<meta name=\"twitter:card\" content=\"summary_large_image\" \/>\n<meta name=\"twitter:label1\" content=\"Est. tempo de leitura\" \/>\n\t<meta name=\"twitter:data1\" content=\"1 minuto\" \/>\n<script type=\"application\/ld+json\" class=\"yoast-schema-graph\">{\"@context\":\"https:\/\/schema.org\",\"@graph\":[{\"@type\":\"WebPage\",\"@id\":\"https:\/\/vittalitat.com.br\/vittalitat\/loja\/osteo-cardio-240\/\",\"url\":\"https:\/\/vittalitat.com.br\/vittalitat\/loja\/osteo-cardio-240\/\",\"name\":\"Osteo &amp; Cardio - 240 C\u00e1psulas - Vittalitat\",\"isPartOf\":{\"@id\":\"https:\/\/vittalitat.com.br\/vittalitat\/#website\"},\"datePublished\":\"2020-04-30T14:15:41+00:00\",\"dateModified\":\"2026-03-11T12:10:09+00:00\",\"description\":\"Osteo & Cardio \u00e9 um suplemento alimentar para sa\u00fade dos ossos e cora\u00e7\u00e3o que combina o magn\u00e9sio quelato, a vitamina K2 (MK-7) e a vitamina D3, em \u00f3leo de semente de uva.\",\"breadcrumb\":{\"@id\":\"https:\/\/vittalitat.com.br\/vittalitat\/loja\/osteo-cardio-240\/#breadcrumb\"},\"inLanguage\":\"pt-BR\",\"potentialAction\":[{\"@type\":\"ReadAction\",\"target\":[\"https:\/\/vittalitat.com.br\/vittalitat\/loja\/osteo-cardio-240\/\"]}]},{\"@type\":\"BreadcrumbList\",\"@id\":\"https:\/\/vittalitat.com.br\/vittalitat\/loja\/osteo-cardio-240\/#breadcrumb\",\"itemListElement\":[{\"@type\":\"ListItem\",\"position\":1,\"name\":\"In\u00edcio\",\"item\":\"https:\/\/vittalitat.com.br\/vittalitat\/\"},{\"@type\":\"ListItem\",\"position\":2,\"name\":\"Produtos\",\"item\":\"https:\/\/vittalitat.com.br\/vittalitat\/shop\/\"},{\"@type\":\"ListItem\",\"position\":3,\"name\":\"Osteo &amp; Cardio &#8211; 240 C\u00e1psulas\"}]},{\"@type\":\"WebSite\",\"@id\":\"https:\/\/vittalitat.com.br\/vittalitat\/#website\",\"url\":\"https:\/\/vittalitat.com.br\/vittalitat\/\",\"name\":\"Vittalitat\",\"description\":\"Sa\u00fade, preven\u00e7\u00e3o e bem-estar\",\"publisher\":{\"@id\":\"https:\/\/vittalitat.com.br\/vittalitat\/#organization\"},\"potentialAction\":[{\"@type\":\"SearchAction\",\"target\":{\"@type\":\"EntryPoint\",\"urlTemplate\":\"https:\/\/vittalitat.com.br\/vittalitat\/?s={search_term_string}\"},\"query-input\":\"required name=search_term_string\"}],\"inLanguage\":\"pt-BR\"},{\"@type\":\"Organization\",\"@id\":\"https:\/\/vittalitat.com.br\/vittalitat\/#organization\",\"name\":\"Vittalitat\",\"url\":\"https:\/\/vittalitat.com.br\/vittalitat\/\",\"logo\":{\"@type\":\"ImageObject\",\"inLanguage\":\"pt-BR\",\"@id\":\"https:\/\/vittalitat.com.br\/vittalitat\/#\/schema\/logo\/image\/\",\"url\":\"https:\/\/vittalitat.com.br\/vittalitat\/wp-content\/uploads\/2020\/04\/logo-para-o-face.png\",\"contentUrl\":\"https:\/\/vittalitat.com.br\/vittalitat\/wp-content\/uploads\/2020\/04\/logo-para-o-face.png\",\"width\":700,\"height\":700,\"caption\":\"Vittalitat\"},\"image\":{\"@id\":\"https:\/\/vittalitat.com.br\/vittalitat\/#\/schema\/logo\/image\/\"},\"sameAs\":[\"https:\/\/www.facebook.com\/vittalitat\",\"https:\/\/www.instagram.com\/vittalitat\"]}]}<\/script>\n<!-- \/ Yoast SEO plugin. -->","yoast_head_json":{"title":"Osteo &amp; Cardio - 240 C\u00e1psulas - Vittalitat","description":"Osteo & Cardio \u00e9 um suplemento alimentar para sa\u00fade dos ossos e cora\u00e7\u00e3o que combina o magn\u00e9sio quelato, a vitamina K2 (MK-7) e a vitamina D3, em \u00f3leo de semente de uva.","robots":{"index":"index","follow":"follow","max-snippet":"max-snippet:-1","max-image-preview":"max-image-preview:large","max-video-preview":"max-video-preview:-1"},"canonical":"https:\/\/vittalitat.com.br\/vittalitat\/loja\/osteo-cardio-240\/","og_locale":"pt_BR","og_type":"article","og_title":"Osteo &amp; Cardio - 240 C\u00e1psulas - Vittalitat","og_description":"Osteo & Cardio \u00e9 um suplemento alimentar para sa\u00fade dos ossos e cora\u00e7\u00e3o que combina o magn\u00e9sio quelato, a vitamina K2 (MK-7) e a vitamina D3, em \u00f3leo de semente de uva.","og_url":"https:\/\/vittalitat.com.br\/vittalitat\/loja\/osteo-cardio-240\/","og_site_name":"Vittalitat","article_publisher":"https:\/\/www.facebook.com\/vittalitat","article_modified_time":"2026-03-11T12:10:09+00:00","og_image":[{"width":1024,"height":1024,"url":"https:\/\/vittalitat.com.br\/vittalitat\/wp-content\/uploads\/2020\/04\/Osteo-Cardio-240.png","type":"image\/png"}],"twitter_card":"summary_large_image","twitter_misc":{"Est. tempo de leitura":"1 minuto"},"schema":{"@context":"https:\/\/schema.org","@graph":[{"@type":"WebPage","@id":"https:\/\/vittalitat.com.br\/vittalitat\/loja\/osteo-cardio-240\/","url":"https:\/\/vittalitat.com.br\/vittalitat\/loja\/osteo-cardio-240\/","name":"Osteo &amp; Cardio - 240 C\u00e1psulas - Vittalitat","isPartOf":{"@id":"https:\/\/vittalitat.com.br\/vittalitat\/#website"},"datePublished":"2020-04-30T14:15:41+00:00","dateModified":"2026-03-11T12:10:09+00:00","description":"Osteo & Cardio \u00e9 um suplemento alimentar para sa\u00fade dos ossos e cora\u00e7\u00e3o que combina o magn\u00e9sio quelato, a vitamina K2 (MK-7) e a vitamina D3, em \u00f3leo de semente de uva.","breadcrumb":{"@id":"https:\/\/vittalitat.com.br\/vittalitat\/loja\/osteo-cardio-240\/#breadcrumb"},"inLanguage":"pt-BR","potentialAction":[{"@type":"ReadAction","target":["https:\/\/vittalitat.com.br\/vittalitat\/loja\/osteo-cardio-240\/"]}]},{"@type":"BreadcrumbList","@id":"https:\/\/vittalitat.com.br\/vittalitat\/loja\/osteo-cardio-240\/#breadcrumb","itemListElement":[{"@type":"ListItem","position":1,"name":"In\u00edcio","item":"https:\/\/vittalitat.com.br\/vittalitat\/"},{"@type":"ListItem","position":2,"name":"Produtos","item":"https:\/\/vittalitat.com.br\/vittalitat\/shop\/"},{"@type":"ListItem","position":3,"name":"Osteo &amp; Cardio &#8211; 240 C\u00e1psulas"}]},{"@type":"WebSite","@id":"https:\/\/vittalitat.com.br\/vittalitat\/#website","url":"https:\/\/vittalitat.com.br\/vittalitat\/","name":"Vittalitat","description":"Sa\u00fade, preven\u00e7\u00e3o e bem-estar","publisher":{"@id":"https:\/\/vittalitat.com.br\/vittalitat\/#organization"},"potentialAction":[{"@type":"SearchAction","target":{"@type":"EntryPoint","urlTemplate":"https:\/\/vittalitat.com.br\/vittalitat\/?s={search_term_string}"},"query-input":"required name=search_term_string"}],"inLanguage":"pt-BR"},{"@type":"Organization","@id":"https:\/\/vittalitat.com.br\/vittalitat\/#organization","name":"Vittalitat","url":"https:\/\/vittalitat.com.br\/vittalitat\/","logo":{"@type":"ImageObject","inLanguage":"pt-BR","@id":"https:\/\/vittalitat.com.br\/vittalitat\/#\/schema\/logo\/image\/","url":"https:\/\/vittalitat.com.br\/vittalitat\/wp-content\/uploads\/2020\/04\/logo-para-o-face.png","contentUrl":"https:\/\/vittalitat.com.br\/vittalitat\/wp-content\/uploads\/2020\/04\/logo-para-o-face.png","width":700,"height":700,"caption":"Vittalitat"},"image":{"@id":"https:\/\/vittalitat.com.br\/vittalitat\/#\/schema\/logo\/image\/"},"sameAs":["https:\/\/www.facebook.com\/vittalitat","https:\/\/www.instagram.com\/vittalitat"]}]}},"_links":{"self":[{"href":"https:\/\/vittalitat.com.br\/vittalitat\/wp-json\/wp\/v2\/product\/140","targetHints":{"allow":["GET"]}}],"collection":[{"href":"https:\/\/vittalitat.com.br\/vittalitat\/wp-json\/wp\/v2\/product"}],"about":[{"href":"https:\/\/vittalitat.com.br\/vittalitat\/wp-json\/wp\/v2\/types\/product"}],"replies":[{"embeddable":true,"href":"https:\/\/vittalitat.com.br\/vittalitat\/wp-json\/wp\/v2\/comments?post=140"}],"wp:featuredmedia":[{"embeddable":true,"href":"https:\/\/vittalitat.com.br\/vittalitat\/wp-json\/wp\/v2\/media\/289"}],"wp:attachment":[{"href":"https:\/\/vittalitat.com.br\/vittalitat\/wp-json\/wp\/v2\/media?parent=140"}],"wp:term":[{"taxonomy":"product_brand","embeddable":true,"href":"https:\/\/vittalitat.com.br\/vittalitat\/wp-json\/wp\/v2\/product_brand?post=140"},{"taxonomy":"product_cat","embeddable":true,"href":"https:\/\/vittalitat.com.br\/vittalitat\/wp-json\/wp\/v2\/product_cat?post=140"},{"taxonomy":"product_tag","embeddable":true,"href":"https:\/\/vittalitat.com.br\/vittalitat\/wp-json\/wp\/v2\/product_tag?post=140"}],"curies":[{"name":"wp","href":"https:\/\/api.w.org\/{rel}","templated":true}]}}