{"id":1361,"date":"2021-09-02T15:21:46","date_gmt":"2021-09-02T18:21:46","guid":{"rendered":"https:\/\/vittalitat.com.br\/vittalitat\/?post_type=product&#038;p=1361"},"modified":"2022-03-29T09:00:01","modified_gmt":"2022-03-29T12:00:01","slug":"difusor-de-aroma-new-white-5-em-1-hathas","status":"publish","type":"product","link":"https:\/\/vittalitat.com.br\/vittalitat\/loja\/difusor-de-aroma-new-white-5-em-1-hathas\/","title":{"rendered":"Difusor de Aroma New White 5 Em 1 &#8211; Hathas"},"content":{"rendered":"<p><b><img fetchpriority=\"high\" decoding=\"async\" class=\"alignnone size-medium wp-image-1362\" src=\"https:\/\/vittalitat.com.br\/vittalitat\/wp-content\/uploads\/2021\/09\/Drift-184x300.gif\" alt=\"\" width=\"184\" height=\"300\" \/>1. DIFUSOR DE AROMA<\/b><\/p>\n<p>Adicione o aroma da sua prefer\u00eancia para perfumar o ambiente.<\/p>\n<p><b>2. PURIFICADOR DE AR<\/b><\/p>\n<p>Os \u00edons negativos que s\u00e3o gerados eliminam part\u00edculas pequenas, de at\u00e9 0,01 microns, tais como poluentes, bact\u00e9rias, poeiras, fuma\u00e7as e v\u00edrus.<\/p>\n<p><b>3. IONIZADOR NEGATIVO<\/b><\/p>\n<p>Os \u00edons negativos aumentam o fluxo de oxig\u00eanio, melhorando assim o bem-estar geral, relaxando em momentos de stress e proporcionando um bom sono.<\/p>\n<p><b>4. UMIDIFICADOR<\/b><\/p>\n<p>Umidifica o ar. Muito \u00fatil em ambientes com ar condicionado, onde o ar seco pode ressecar a pele.<\/p>\n<p><b>5. LUMIN\u00c1RIA<\/b><\/p>\n<p>A l\u00e2mpada do difusor ilumina suavemente o vapor e o ambiente.<\/p>\n<p>Voltagem: 110v\/220v<\/p>\n<p>Potencia: 9w<\/p>\n<p>Dimens\u00f5es:\u00a0102 x 95 x 188mm<\/p>\n<p>Prote\u00e7\u00e3o de Seguran\u00e7a: Desligamento autom\u00e1tico de baixo n\u00edvel de \u00c1gua<\/p>\n<p>Controle de 3 n\u00edveis: 15-150ml por hora, uso<\/p>\n<p>Colorido com troca autom\u00e1tica de cores<\/p>\n","protected":false},"excerpt":{"rendered":"<p><b>1. DIFUSOR DE AROMA<br \/>\n2.\u00a0PURIFICADOR DE AR<br \/>\n3. IONIZADOR NEGATIVO<br \/>\n4. UMIDIFICADOR<br \/>\n5. LUMIN\u00c1RIA<\/b><\/p>\n","protected":false},"featured_media":1380,"comment_status":"open","ping_status":"closed","template":"","meta":{"_coblocks_attr":"","_coblocks_dimensions":"","_coblocks_responsive_height":"","_coblocks_accordion_ie_support":""},"product_brand":[],"product_cat":[15,24],"product_tag":[87],"class_list":{"0":"post-1361","1":"product","2":"type-product","3":"status-publish","4":"has-post-thumbnail","6":"product_cat-15","7":"product_cat-eletricos","8":"product_tag-difusor-de-aroma-new-white-5-em-1-hathas","10":"first","11":"outofstock","12":"shipping-taxable","13":"purchasable","14":"product-type-simple"},"yoast_head":"<!-- This site is optimized with the Yoast SEO plugin v21.9.1 - https:\/\/yoast.com\/wordpress\/plugins\/seo\/ -->\n<title>Difusor de Aroma New White 5 Em 1 - Hathas - Vittalitat<\/title>\n<meta name=\"description\" content=\"Difusor de Aroma New White 5 Em 1 - Hathas - Vittalitat\" \/>\n<meta name=\"robots\" content=\"index, follow, max-snippet:-1, max-image-preview:large, max-video-preview:-1\" \/>\n<link rel=\"canonical\" href=\"https:\/\/vittalitat.com.br\/vittalitat\/loja\/difusor-de-aroma-new-white-5-em-1-hathas\/\" \/>\n<meta property=\"og:locale\" content=\"pt_BR\" \/>\n<meta property=\"og:type\" content=\"article\" \/>\n<meta property=\"og:title\" content=\"Difusor de Aroma New White 5 Em 1 - Hathas - Vittalitat\" \/>\n<meta property=\"og:description\" content=\"Difusor de Aroma New White 5 Em 1 - Hathas - Vittalitat\" \/>\n<meta property=\"og:url\" content=\"https:\/\/vittalitat.com.br\/vittalitat\/loja\/difusor-de-aroma-new-white-5-em-1-hathas\/\" \/>\n<meta property=\"og:site_name\" content=\"Vittalitat\" \/>\n<meta property=\"article:publisher\" content=\"https:\/\/www.facebook.com\/vittalitat\" \/>\n<meta property=\"article:modified_time\" content=\"2022-03-29T12:00:01+00:00\" \/>\n<meta property=\"og:image\" content=\"https:\/\/vittalitat.com.br\/vittalitat\/wp-content\/uploads\/2021\/09\/didifusor.jpg\" \/>\n\t<meta property=\"og:image:width\" content=\"287\" \/>\n\t<meta property=\"og:image:height\" content=\"472\" \/>\n\t<meta property=\"og:image:type\" content=\"image\/jpeg\" \/>\n<meta name=\"twitter:card\" content=\"summary_large_image\" \/>\n<meta name=\"twitter:label1\" content=\"Est. tempo de leitura\" \/>\n\t<meta name=\"twitter:data1\" content=\"1 minuto\" \/>\n<script type=\"application\/ld+json\" class=\"yoast-schema-graph\">{\"@context\":\"https:\/\/schema.org\",\"@graph\":[{\"@type\":\"WebPage\",\"@id\":\"https:\/\/vittalitat.com.br\/vittalitat\/loja\/difusor-de-aroma-new-white-5-em-1-hathas\/\",\"url\":\"https:\/\/vittalitat.com.br\/vittalitat\/loja\/difusor-de-aroma-new-white-5-em-1-hathas\/\",\"name\":\"Difusor de Aroma New White 5 Em 1 - Hathas - Vittalitat\",\"isPartOf\":{\"@id\":\"https:\/\/vittalitat.com.br\/vittalitat\/#website\"},\"datePublished\":\"2021-09-02T18:21:46+00:00\",\"dateModified\":\"2022-03-29T12:00:01+00:00\",\"description\":\"Difusor de Aroma New White 5 Em 1 - Hathas - Vittalitat\",\"breadcrumb\":{\"@id\":\"https:\/\/vittalitat.com.br\/vittalitat\/loja\/difusor-de-aroma-new-white-5-em-1-hathas\/#breadcrumb\"},\"inLanguage\":\"pt-BR\",\"potentialAction\":[{\"@type\":\"ReadAction\",\"target\":[\"https:\/\/vittalitat.com.br\/vittalitat\/loja\/difusor-de-aroma-new-white-5-em-1-hathas\/\"]}]},{\"@type\":\"BreadcrumbList\",\"@id\":\"https:\/\/vittalitat.com.br\/vittalitat\/loja\/difusor-de-aroma-new-white-5-em-1-hathas\/#breadcrumb\",\"itemListElement\":[{\"@type\":\"ListItem\",\"position\":1,\"name\":\"In\u00edcio\",\"item\":\"https:\/\/vittalitat.com.br\/vittalitat\/\"},{\"@type\":\"ListItem\",\"position\":2,\"name\":\"Produtos\",\"item\":\"https:\/\/vittalitat.com.br\/vittalitat\/shop\/\"},{\"@type\":\"ListItem\",\"position\":3,\"name\":\"Difusor de Aroma New White 5 Em 1 &#8211; Hathas\"}]},{\"@type\":\"WebSite\",\"@id\":\"https:\/\/vittalitat.com.br\/vittalitat\/#website\",\"url\":\"https:\/\/vittalitat.com.br\/vittalitat\/\",\"name\":\"Vittalitat\",\"description\":\"Sa\u00fade, preven\u00e7\u00e3o e bem-estar\",\"publisher\":{\"@id\":\"https:\/\/vittalitat.com.br\/vittalitat\/#organization\"},\"potentialAction\":[{\"@type\":\"SearchAction\",\"target\":{\"@type\":\"EntryPoint\",\"urlTemplate\":\"https:\/\/vittalitat.com.br\/vittalitat\/?s={search_term_string}\"},\"query-input\":\"required name=search_term_string\"}],\"inLanguage\":\"pt-BR\"},{\"@type\":\"Organization\",\"@id\":\"https:\/\/vittalitat.com.br\/vittalitat\/#organization\",\"name\":\"Vittalitat\",\"url\":\"https:\/\/vittalitat.com.br\/vittalitat\/\",\"logo\":{\"@type\":\"ImageObject\",\"inLanguage\":\"pt-BR\",\"@id\":\"https:\/\/vittalitat.com.br\/vittalitat\/#\/schema\/logo\/image\/\",\"url\":\"https:\/\/vittalitat.com.br\/vittalitat\/wp-content\/uploads\/2020\/04\/logo-para-o-face.png\",\"contentUrl\":\"https:\/\/vittalitat.com.br\/vittalitat\/wp-content\/uploads\/2020\/04\/logo-para-o-face.png\",\"width\":700,\"height\":700,\"caption\":\"Vittalitat\"},\"image\":{\"@id\":\"https:\/\/vittalitat.com.br\/vittalitat\/#\/schema\/logo\/image\/\"},\"sameAs\":[\"https:\/\/www.facebook.com\/vittalitat\",\"https:\/\/www.instagram.com\/vittalitat\"]}]}<\/script>\n<!-- \/ Yoast SEO plugin. -->","yoast_head_json":{"title":"Difusor de Aroma New White 5 Em 1 - Hathas - Vittalitat","description":"Difusor de Aroma New White 5 Em 1 - Hathas - Vittalitat","robots":{"index":"index","follow":"follow","max-snippet":"max-snippet:-1","max-image-preview":"max-image-preview:large","max-video-preview":"max-video-preview:-1"},"canonical":"https:\/\/vittalitat.com.br\/vittalitat\/loja\/difusor-de-aroma-new-white-5-em-1-hathas\/","og_locale":"pt_BR","og_type":"article","og_title":"Difusor de Aroma New White 5 Em 1 - Hathas - Vittalitat","og_description":"Difusor de Aroma New White 5 Em 1 - Hathas - Vittalitat","og_url":"https:\/\/vittalitat.com.br\/vittalitat\/loja\/difusor-de-aroma-new-white-5-em-1-hathas\/","og_site_name":"Vittalitat","article_publisher":"https:\/\/www.facebook.com\/vittalitat","article_modified_time":"2022-03-29T12:00:01+00:00","og_image":[{"width":287,"height":472,"url":"https:\/\/vittalitat.com.br\/vittalitat\/wp-content\/uploads\/2021\/09\/didifusor.jpg","type":"image\/jpeg"}],"twitter_card":"summary_large_image","twitter_misc":{"Est. tempo de leitura":"1 minuto"},"schema":{"@context":"https:\/\/schema.org","@graph":[{"@type":"WebPage","@id":"https:\/\/vittalitat.com.br\/vittalitat\/loja\/difusor-de-aroma-new-white-5-em-1-hathas\/","url":"https:\/\/vittalitat.com.br\/vittalitat\/loja\/difusor-de-aroma-new-white-5-em-1-hathas\/","name":"Difusor de Aroma New White 5 Em 1 - Hathas - Vittalitat","isPartOf":{"@id":"https:\/\/vittalitat.com.br\/vittalitat\/#website"},"datePublished":"2021-09-02T18:21:46+00:00","dateModified":"2022-03-29T12:00:01+00:00","description":"Difusor de Aroma New White 5 Em 1 - Hathas - Vittalitat","breadcrumb":{"@id":"https:\/\/vittalitat.com.br\/vittalitat\/loja\/difusor-de-aroma-new-white-5-em-1-hathas\/#breadcrumb"},"inLanguage":"pt-BR","potentialAction":[{"@type":"ReadAction","target":["https:\/\/vittalitat.com.br\/vittalitat\/loja\/difusor-de-aroma-new-white-5-em-1-hathas\/"]}]},{"@type":"BreadcrumbList","@id":"https:\/\/vittalitat.com.br\/vittalitat\/loja\/difusor-de-aroma-new-white-5-em-1-hathas\/#breadcrumb","itemListElement":[{"@type":"ListItem","position":1,"name":"In\u00edcio","item":"https:\/\/vittalitat.com.br\/vittalitat\/"},{"@type":"ListItem","position":2,"name":"Produtos","item":"https:\/\/vittalitat.com.br\/vittalitat\/shop\/"},{"@type":"ListItem","position":3,"name":"Difusor de Aroma New White 5 Em 1 &#8211; Hathas"}]},{"@type":"WebSite","@id":"https:\/\/vittalitat.com.br\/vittalitat\/#website","url":"https:\/\/vittalitat.com.br\/vittalitat\/","name":"Vittalitat","description":"Sa\u00fade, preven\u00e7\u00e3o e bem-estar","publisher":{"@id":"https:\/\/vittalitat.com.br\/vittalitat\/#organization"},"potentialAction":[{"@type":"SearchAction","target":{"@type":"EntryPoint","urlTemplate":"https:\/\/vittalitat.com.br\/vittalitat\/?s={search_term_string}"},"query-input":"required name=search_term_string"}],"inLanguage":"pt-BR"},{"@type":"Organization","@id":"https:\/\/vittalitat.com.br\/vittalitat\/#organization","name":"Vittalitat","url":"https:\/\/vittalitat.com.br\/vittalitat\/","logo":{"@type":"ImageObject","inLanguage":"pt-BR","@id":"https:\/\/vittalitat.com.br\/vittalitat\/#\/schema\/logo\/image\/","url":"https:\/\/vittalitat.com.br\/vittalitat\/wp-content\/uploads\/2020\/04\/logo-para-o-face.png","contentUrl":"https:\/\/vittalitat.com.br\/vittalitat\/wp-content\/uploads\/2020\/04\/logo-para-o-face.png","width":700,"height":700,"caption":"Vittalitat"},"image":{"@id":"https:\/\/vittalitat.com.br\/vittalitat\/#\/schema\/logo\/image\/"},"sameAs":["https:\/\/www.facebook.com\/vittalitat","https:\/\/www.instagram.com\/vittalitat"]}]}},"_links":{"self":[{"href":"https:\/\/vittalitat.com.br\/vittalitat\/wp-json\/wp\/v2\/product\/1361","targetHints":{"allow":["GET"]}}],"collection":[{"href":"https:\/\/vittalitat.com.br\/vittalitat\/wp-json\/wp\/v2\/product"}],"about":[{"href":"https:\/\/vittalitat.com.br\/vittalitat\/wp-json\/wp\/v2\/types\/product"}],"replies":[{"embeddable":true,"href":"https:\/\/vittalitat.com.br\/vittalitat\/wp-json\/wp\/v2\/comments?post=1361"}],"wp:featuredmedia":[{"embeddable":true,"href":"https:\/\/vittalitat.com.br\/vittalitat\/wp-json\/wp\/v2\/media\/1380"}],"wp:attachment":[{"href":"https:\/\/vittalitat.com.br\/vittalitat\/wp-json\/wp\/v2\/media?parent=1361"}],"wp:term":[{"taxonomy":"product_brand","embeddable":true,"href":"https:\/\/vittalitat.com.br\/vittalitat\/wp-json\/wp\/v2\/product_brand?post=1361"},{"taxonomy":"product_cat","embeddable":true,"href":"https:\/\/vittalitat.com.br\/vittalitat\/wp-json\/wp\/v2\/product_cat?post=1361"},{"taxonomy":"product_tag","embeddable":true,"href":"https:\/\/vittalitat.com.br\/vittalitat\/wp-json\/wp\/v2\/product_tag?post=1361"}],"curies":[{"name":"wp","href":"https:\/\/api.w.org\/{rel}","templated":true}]}}