{"id":11,"date":"2020-04-27T21:33:34","date_gmt":"2020-04-28T00:33:34","guid":{"rendered":"http:\/\/vittalitat.hospedagemdesites.ws\/Vittalitat\/?post_type=product&#038;p=11"},"modified":"2026-05-12T11:08:17","modified_gmt":"2026-05-12T14:08:17","slug":"dia-chlorella-anew","status":"publish","type":"product","link":"https:\/\/vittalitat.com.br\/vittalitat\/loja\/dia-chlorella-anew\/","title":{"rendered":"Dia Chlorella Anew &#8211; 80g (Aproximadamente 400 comprimidos)"},"content":{"rendered":"<p><strong>Dia Chlorella<\/strong>\u00a0\u00e9 um suplemento alimentar produzido a partir de Chlorella, um tipo de\u00a0<strong>alga unicelular<\/strong>\u00a0que se desenvolve em \u00e1gua doce e tem em sua composi\u00e7\u00e3o uma concentra\u00e7\u00e3o de\u00a0<strong>prote\u00ednas<\/strong>\u00a0superior \u00e0 da carne bovina e a da soja, al\u00e9m de grande quantidade de\u00a0<strong>clorofila<\/strong>\u00a0(15 vezes a quantidade existente no espinafre),\u00a0<strong>vitamina E<\/strong>\u00a0(20 vezes mais que o leite de vaca) e\u00a0<strong>vitamina B<\/strong>\u00a0(4,6 vezes mais que o arroz semibeneficiado).<\/p>\n<p>Mais de 50% da sua composi\u00e7\u00e3o s\u00e3o prote\u00ednas, sendo, essa concentra\u00e7\u00e3o, superior \u00e0 da carne bovina e \u00e0 da soja.<\/p>\n<p>Al\u00e9m disso as algas <strong>Dia Chlorella<\/strong> s\u00e3o compostas de uma grande quantidade de clorofila (cerca de 15 vezes a quantidade existente no espinafre), tamb\u00e9m possuem 20 vezes mais Vitamina E do que o leite de vaca e 4,6 vezes mais Vitamina B do que o arroz semi-beneficiado.<\/p>\n<p><strong>Benef\u00edcios e Diferenciais<\/strong><\/p>\n<p>N\u00e3o cont\u00e9m:<\/p>\n<p>&#8211; Gl\u00faten;<br \/>\n&#8211; A\u00e7\u00facar;<br \/>\n&#8211; Aromatizantes;<br \/>\n&#8211; Conservantes;<br \/>\n&#8211; Corantes;<br \/>\n&#8211; Lactose;<\/p>\n<p>&nbsp;<\/p>\n<p><strong>Ingredientes<br \/>\n<\/strong>Cada capsula de Chlorella cont\u00e9m (200mg)<\/p>\n<p><strong>Modo de Uso<br \/>\n<\/strong>De 10 a 15 comprimidos por dia, ingeridos com bastante l\u00edquido.<\/p>\n<p><strong>Fabricante<\/strong>: <a href=\"https:\/\/anew.com.br\/produtos-dia-chlorella\/\">Anew<\/a><\/p>\n<p>&nbsp;<\/p>\n<p><iframe title=\"#SemDuvida Chlorella - Tire\u00f3ide\" width=\"980\" height=\"551\" src=\"https:\/\/www.youtube.com\/embed\/tcVHmnQ0xnk?list=PL_KrsKEJYlNbxw0Bk3WsnmcF-R1mmgsbK\" frameborder=\"0\" allow=\"accelerometer; autoplay; clipboard-write; encrypted-media; gyroscope; picture-in-picture; web-share\" referrerpolicy=\"strict-origin-when-cross-origin\" allowfullscreen><\/iframe><\/p>\n","protected":false},"excerpt":{"rendered":"<p><strong>Dia Chlorella<\/strong>\u00a0\u00e9 um suplemento alimentar produzido a partir de Chlorella, um tipo de\u00a0<strong>alga unicelular<\/strong> que se desenvolve em \u00e1gua doce.<\/p>\n","protected":false},"featured_media":12,"comment_status":"open","ping_status":"closed","template":"","meta":{"_coblocks_attr":"","_coblocks_dimensions":"","_coblocks_responsive_height":"","_coblocks_accordion_ie_support":""},"product_brand":[],"product_cat":[27,49],"product_tag":[16],"class_list":{"0":"post-11","1":"product","2":"type-product","3":"status-publish","4":"has-post-thumbnail","6":"product_cat-anew","7":"product_cat-chlorella","8":"product_tag-chlorella","10":"first","11":"instock","12":"shipping-taxable","13":"purchasable","14":"product-type-simple"},"yoast_head":"<!-- This site is optimized with the Yoast SEO plugin v21.9.1 - https:\/\/yoast.com\/wordpress\/plugins\/seo\/ -->\n<title>Dia Chlorella Anew - 80g (Aproximadamente 400 comprimidos) - Vittalitat<\/title>\n<meta name=\"description\" content=\"Dia Chlorella Anew - 80g (Aproximadamente 400 comprimidos) \u00e9 um suplemento alimentar produzido a partir de Chlorella, um tipo de\u00a0alga unicelular\u00a0que se desenvolve em \u00e1gua doce rico em prote\u00ednas.\" \/>\n<meta name=\"robots\" content=\"index, follow, max-snippet:-1, max-image-preview:large, max-video-preview:-1\" \/>\n<link rel=\"canonical\" href=\"https:\/\/vittalitat.com.br\/vittalitat\/loja\/dia-chlorella-anew\/\" \/>\n<meta property=\"og:locale\" content=\"pt_BR\" \/>\n<meta property=\"og:type\" content=\"article\" \/>\n<meta property=\"og:title\" content=\"Dia Chlorella Anew - 80g (Aproximadamente 400 comprimidos) - Vittalitat\" \/>\n<meta property=\"og:description\" content=\"Dia Chlorella Anew - 80g (Aproximadamente 400 comprimidos) \u00e9 um suplemento alimentar produzido a partir de Chlorella, um tipo de\u00a0alga unicelular\u00a0que se desenvolve em \u00e1gua doce rico em prote\u00ednas.\" \/>\n<meta property=\"og:url\" content=\"https:\/\/vittalitat.com.br\/vittalitat\/loja\/dia-chlorella-anew\/\" \/>\n<meta property=\"og:site_name\" content=\"Vittalitat\" \/>\n<meta property=\"article:publisher\" content=\"https:\/\/www.facebook.com\/vittalitat\" \/>\n<meta property=\"article:modified_time\" content=\"2026-05-12T14:08:17+00:00\" \/>\n<meta property=\"og:image\" content=\"https:\/\/vittalitat.com.br\/vittalitat\/wp-content\/uploads\/2020\/04\/Dia-Chlorella-P.png\" \/>\n\t<meta property=\"og:image:width\" content=\"800\" \/>\n\t<meta property=\"og:image:height\" content=\"962\" \/>\n\t<meta property=\"og:image:type\" content=\"image\/png\" \/>\n<meta name=\"twitter:card\" content=\"summary_large_image\" \/>\n<meta name=\"twitter:label1\" content=\"Est. tempo de leitura\" \/>\n\t<meta name=\"twitter:data1\" content=\"2 minutos\" \/>\n<script type=\"application\/ld+json\" class=\"yoast-schema-graph\">{\"@context\":\"https:\/\/schema.org\",\"@graph\":[{\"@type\":\"WebPage\",\"@id\":\"https:\/\/vittalitat.com.br\/vittalitat\/loja\/dia-chlorella-anew\/\",\"url\":\"https:\/\/vittalitat.com.br\/vittalitat\/loja\/dia-chlorella-anew\/\",\"name\":\"Dia Chlorella Anew - 80g (Aproximadamente 400 comprimidos) - Vittalitat\",\"isPartOf\":{\"@id\":\"https:\/\/vittalitat.com.br\/vittalitat\/#website\"},\"datePublished\":\"2020-04-28T00:33:34+00:00\",\"dateModified\":\"2026-05-12T14:08:17+00:00\",\"description\":\"Dia Chlorella Anew - 80g (Aproximadamente 400 comprimidos) \u00e9 um suplemento alimentar produzido a partir de Chlorella, um tipo de\u00a0alga unicelular\u00a0que se desenvolve em \u00e1gua doce rico em prote\u00ednas.\",\"breadcrumb\":{\"@id\":\"https:\/\/vittalitat.com.br\/vittalitat\/loja\/dia-chlorella-anew\/#breadcrumb\"},\"inLanguage\":\"pt-BR\",\"potentialAction\":[{\"@type\":\"ReadAction\",\"target\":[\"https:\/\/vittalitat.com.br\/vittalitat\/loja\/dia-chlorella-anew\/\"]}]},{\"@type\":\"BreadcrumbList\",\"@id\":\"https:\/\/vittalitat.com.br\/vittalitat\/loja\/dia-chlorella-anew\/#breadcrumb\",\"itemListElement\":[{\"@type\":\"ListItem\",\"position\":1,\"name\":\"In\u00edcio\",\"item\":\"https:\/\/vittalitat.com.br\/vittalitat\/\"},{\"@type\":\"ListItem\",\"position\":2,\"name\":\"Produtos\",\"item\":\"https:\/\/vittalitat.com.br\/vittalitat\/shop\/\"},{\"@type\":\"ListItem\",\"position\":3,\"name\":\"Dia Chlorella Anew &#8211; 80g (Aproximadamente 400 comprimidos)\"}]},{\"@type\":\"WebSite\",\"@id\":\"https:\/\/vittalitat.com.br\/vittalitat\/#website\",\"url\":\"https:\/\/vittalitat.com.br\/vittalitat\/\",\"name\":\"Vittalitat\",\"description\":\"Sa\u00fade, preven\u00e7\u00e3o e bem-estar\",\"publisher\":{\"@id\":\"https:\/\/vittalitat.com.br\/vittalitat\/#organization\"},\"potentialAction\":[{\"@type\":\"SearchAction\",\"target\":{\"@type\":\"EntryPoint\",\"urlTemplate\":\"https:\/\/vittalitat.com.br\/vittalitat\/?s={search_term_string}\"},\"query-input\":\"required name=search_term_string\"}],\"inLanguage\":\"pt-BR\"},{\"@type\":\"Organization\",\"@id\":\"https:\/\/vittalitat.com.br\/vittalitat\/#organization\",\"name\":\"Vittalitat\",\"url\":\"https:\/\/vittalitat.com.br\/vittalitat\/\",\"logo\":{\"@type\":\"ImageObject\",\"inLanguage\":\"pt-BR\",\"@id\":\"https:\/\/vittalitat.com.br\/vittalitat\/#\/schema\/logo\/image\/\",\"url\":\"https:\/\/vittalitat.com.br\/vittalitat\/wp-content\/uploads\/2020\/04\/logo-para-o-face.png\",\"contentUrl\":\"https:\/\/vittalitat.com.br\/vittalitat\/wp-content\/uploads\/2020\/04\/logo-para-o-face.png\",\"width\":700,\"height\":700,\"caption\":\"Vittalitat\"},\"image\":{\"@id\":\"https:\/\/vittalitat.com.br\/vittalitat\/#\/schema\/logo\/image\/\"},\"sameAs\":[\"https:\/\/www.facebook.com\/vittalitat\",\"https:\/\/www.instagram.com\/vittalitat\"]}]}<\/script>\n<!-- \/ Yoast SEO plugin. -->","yoast_head_json":{"title":"Dia Chlorella Anew - 80g (Aproximadamente 400 comprimidos) - Vittalitat","description":"Dia Chlorella Anew - 80g (Aproximadamente 400 comprimidos) \u00e9 um suplemento alimentar produzido a partir de Chlorella, um tipo de\u00a0alga unicelular\u00a0que se desenvolve em \u00e1gua doce rico em prote\u00ednas.","robots":{"index":"index","follow":"follow","max-snippet":"max-snippet:-1","max-image-preview":"max-image-preview:large","max-video-preview":"max-video-preview:-1"},"canonical":"https:\/\/vittalitat.com.br\/vittalitat\/loja\/dia-chlorella-anew\/","og_locale":"pt_BR","og_type":"article","og_title":"Dia Chlorella Anew - 80g (Aproximadamente 400 comprimidos) - Vittalitat","og_description":"Dia Chlorella Anew - 80g (Aproximadamente 400 comprimidos) \u00e9 um suplemento alimentar produzido a partir de Chlorella, um tipo de\u00a0alga unicelular\u00a0que se desenvolve em \u00e1gua doce rico em prote\u00ednas.","og_url":"https:\/\/vittalitat.com.br\/vittalitat\/loja\/dia-chlorella-anew\/","og_site_name":"Vittalitat","article_publisher":"https:\/\/www.facebook.com\/vittalitat","article_modified_time":"2026-05-12T14:08:17+00:00","og_image":[{"width":800,"height":962,"url":"https:\/\/vittalitat.com.br\/vittalitat\/wp-content\/uploads\/2020\/04\/Dia-Chlorella-P.png","type":"image\/png"}],"twitter_card":"summary_large_image","twitter_misc":{"Est. tempo de leitura":"2 minutos"},"schema":{"@context":"https:\/\/schema.org","@graph":[{"@type":"WebPage","@id":"https:\/\/vittalitat.com.br\/vittalitat\/loja\/dia-chlorella-anew\/","url":"https:\/\/vittalitat.com.br\/vittalitat\/loja\/dia-chlorella-anew\/","name":"Dia Chlorella Anew - 80g (Aproximadamente 400 comprimidos) - Vittalitat","isPartOf":{"@id":"https:\/\/vittalitat.com.br\/vittalitat\/#website"},"datePublished":"2020-04-28T00:33:34+00:00","dateModified":"2026-05-12T14:08:17+00:00","description":"Dia Chlorella Anew - 80g (Aproximadamente 400 comprimidos) \u00e9 um suplemento alimentar produzido a partir de Chlorella, um tipo de\u00a0alga unicelular\u00a0que se desenvolve em \u00e1gua doce rico em prote\u00ednas.","breadcrumb":{"@id":"https:\/\/vittalitat.com.br\/vittalitat\/loja\/dia-chlorella-anew\/#breadcrumb"},"inLanguage":"pt-BR","potentialAction":[{"@type":"ReadAction","target":["https:\/\/vittalitat.com.br\/vittalitat\/loja\/dia-chlorella-anew\/"]}]},{"@type":"BreadcrumbList","@id":"https:\/\/vittalitat.com.br\/vittalitat\/loja\/dia-chlorella-anew\/#breadcrumb","itemListElement":[{"@type":"ListItem","position":1,"name":"In\u00edcio","item":"https:\/\/vittalitat.com.br\/vittalitat\/"},{"@type":"ListItem","position":2,"name":"Produtos","item":"https:\/\/vittalitat.com.br\/vittalitat\/shop\/"},{"@type":"ListItem","position":3,"name":"Dia Chlorella Anew &#8211; 80g (Aproximadamente 400 comprimidos)"}]},{"@type":"WebSite","@id":"https:\/\/vittalitat.com.br\/vittalitat\/#website","url":"https:\/\/vittalitat.com.br\/vittalitat\/","name":"Vittalitat","description":"Sa\u00fade, preven\u00e7\u00e3o e bem-estar","publisher":{"@id":"https:\/\/vittalitat.com.br\/vittalitat\/#organization"},"potentialAction":[{"@type":"SearchAction","target":{"@type":"EntryPoint","urlTemplate":"https:\/\/vittalitat.com.br\/vittalitat\/?s={search_term_string}"},"query-input":"required name=search_term_string"}],"inLanguage":"pt-BR"},{"@type":"Organization","@id":"https:\/\/vittalitat.com.br\/vittalitat\/#organization","name":"Vittalitat","url":"https:\/\/vittalitat.com.br\/vittalitat\/","logo":{"@type":"ImageObject","inLanguage":"pt-BR","@id":"https:\/\/vittalitat.com.br\/vittalitat\/#\/schema\/logo\/image\/","url":"https:\/\/vittalitat.com.br\/vittalitat\/wp-content\/uploads\/2020\/04\/logo-para-o-face.png","contentUrl":"https:\/\/vittalitat.com.br\/vittalitat\/wp-content\/uploads\/2020\/04\/logo-para-o-face.png","width":700,"height":700,"caption":"Vittalitat"},"image":{"@id":"https:\/\/vittalitat.com.br\/vittalitat\/#\/schema\/logo\/image\/"},"sameAs":["https:\/\/www.facebook.com\/vittalitat","https:\/\/www.instagram.com\/vittalitat"]}]}},"_links":{"self":[{"href":"https:\/\/vittalitat.com.br\/vittalitat\/wp-json\/wp\/v2\/product\/11","targetHints":{"allow":["GET"]}}],"collection":[{"href":"https:\/\/vittalitat.com.br\/vittalitat\/wp-json\/wp\/v2\/product"}],"about":[{"href":"https:\/\/vittalitat.com.br\/vittalitat\/wp-json\/wp\/v2\/types\/product"}],"replies":[{"embeddable":true,"href":"https:\/\/vittalitat.com.br\/vittalitat\/wp-json\/wp\/v2\/comments?post=11"}],"wp:featuredmedia":[{"embeddable":true,"href":"https:\/\/vittalitat.com.br\/vittalitat\/wp-json\/wp\/v2\/media\/12"}],"wp:attachment":[{"href":"https:\/\/vittalitat.com.br\/vittalitat\/wp-json\/wp\/v2\/media?parent=11"}],"wp:term":[{"taxonomy":"product_brand","embeddable":true,"href":"https:\/\/vittalitat.com.br\/vittalitat\/wp-json\/wp\/v2\/product_brand?post=11"},{"taxonomy":"product_cat","embeddable":true,"href":"https:\/\/vittalitat.com.br\/vittalitat\/wp-json\/wp\/v2\/product_cat?post=11"},{"taxonomy":"product_tag","embeddable":true,"href":"https:\/\/vittalitat.com.br\/vittalitat\/wp-json\/wp\/v2\/product_tag?post=11"}],"curies":[{"name":"wp","href":"https:\/\/api.w.org\/{rel}","templated":true}]}}