{"id":7,"date":"2020-04-27T21:30:11","date_gmt":"2020-04-27T21:30:11","guid":{"rendered":"http:\/\/vittalitat.hospedagemdesites.ws\/Vittalitat\/cart\/"},"modified":"2020-11-30T11:41:56","modified_gmt":"2020-11-30T14:41:56","slug":"cart","status":"publish","type":"page","link":"https:\/\/vittalitat.com.br\/vittalitat\/cart\/","title":{"rendered":"Carrinho"},"content":{"rendered":"\n\n\n\n<div class=\"wp-block-coblocks-accordion\">\n<div class=\"wp-block-coblocks-accordion-item\"><details><summary class=\"wp-block-coblocks-accordion-item__title\">Pol\u00edtica de troca e reembolso<\/summary><div class=\"wp-block-coblocks-accordion-item__content\">\n<ul class=\"is-style-none wp-block-list\"><li><strong>1. Nossa pol\u00edtica<\/strong><\/li><\/ul>\n\n\n\n<p>Pra trocar ou devolver um produto por defeito ou arrependimento, voc\u00ea tem o prazo de 7 dias corridos, sendo que o dia da entrega tamb\u00e9m conta.<\/p>\n\n\n\n<p><strong>2. Quando recusar o produto<\/strong><\/p>\n\n\n\n<p>Se voc\u00ea encontrar algum problema como os descritos abaixo, voc\u00ea pode recusar a entrega e escrever na parte de tr\u00e1s da sua Nota Fiscal (o Danfe), o motivo pelo qual n\u00e3o quer mais o produto:<\/p>\n\n\n\n<ul class=\"wp-block-list\"><li>A embalagem estava aberta ou avariada (amassada, molhada, sinal de que n\u00e3o foi transportada como deveria);<\/li><li>O produto veio quebrado, amassado, riscado e semelhantes;<\/li><li>Produto em desacordo, ou seja, voc\u00ea viu que o item \u00e9 completamente diferente do que voc\u00ea comprou;<\/li><li>Faltando pe\u00e7as ou acess\u00f3rios.<\/li><\/ul>\n\n\n\n<p>Se voc\u00ea encontrou um desses problemas depois que o produto foi recebido, voc\u00ea tem o prazo de 7 dias \u00fateis a partir do recebimento pra entrar em contato com a gente. <\/p>\n\n\n\n<p>Envie um e-mail para: atendimento@vittalitat.com.br<\/p>\n\n\n\n<p><strong>3. Como fa\u00e7o pra devolver<\/strong><\/p>\n\n\n\n<p>O produto deve ser devolvido na embalagem original ou similar;<\/p>\n\n\n\n<p>Sem ind\u00edcios de uso, sem viola\u00e7\u00e3o do lacre original do fabricante;<\/p>\n\n\n\n<p>Acompanhado da Nota Fiscal (o Danfe) com o motivo pelo qual est\u00e1 devolvendo escrito atr\u00e1s da nota;<\/p>\n\n\n\n<p>Acompanhado tamb\u00e9m dos manuais e todas as pe\u00e7as\/acess\u00f3rios que o acompanham.<\/p>\n\n\n\n<p><strong>3.1. Devolvendo por postagem nos Correios<\/strong><\/p>\n\n\n\n<p>A devolu\u00e7\u00e3o \u00e9 feita por postagem nos Correios, por isso, pra devolver um produto pelos Correios, \u00e9 preciso seguir algumas regras:<\/p>\n\n\n\n<p>Pesar menos que 30 Kg (produto + embalagem n\u00e3o podem pesar mais que do isso);<\/p>\n\n\n\n<p>105cm de altura, 105cm de largura e 105cm de comprimento. As somas totais das dimens\u00f5es n\u00e3o podem passar os 200cm.<\/p>\n\n\n\n<p>A gente te manda um c\u00f3digo de postagem gratuito por e-mail, voc\u00ea embala o produto exatamente do jeito que a gente explicou no item 3 e a\u00ed \u00e9 s\u00f3 ir na ag\u00eancia mais pr\u00f3xima pra postar. <\/p>\n\n\n\n<p><strong>3.2. Devolvendo por coleta<\/strong><\/p>\n\n\n\n<p>A devolu\u00e7\u00e3o pode ser feita por postagem nos Correios, exatamente do jeito que a gente explicou no item 3.1, e por coleta<\/p>\n\n\n\n<p>Pra coletar um produto, tem que ficar de olho nessas informa\u00e7\u00f5es:<\/p>\n\n\n\n<ul class=\"wp-block-list\"><li>O produto \u00e9 coletado no mesmo endere\u00e7o onde foi feita a entrega;<\/li><li>As coletas s\u00e3o feitas de segunda-feira a sexta-feira das 08h \u00e0s 21h;<\/li><li>S\u00e3o feitas at\u00e9 tr\u00eas tentativas de coleta;<\/li><li>O produto precisa estar embalado conforme as regras descritas no&nbsp;<strong>item 3<\/strong>.<\/li><\/ul>\n\n\n\n<p>Ao coletar o produto, o transportador vai entregar um comprovante de que o produto foi coletado. Sempre pe\u00e7a esse comprovante, caso o transportador n\u00e3o o tenha, n\u00e3o entregue o produto.<\/p>\n\n\n\n<p><strong>4. Prazo pra concluir o processo de troca<\/strong><\/p>\n\n\n\n<p>A gente tem o prazo de at\u00e9 30 dias corridos, contados a partir do recebimento do produto no Centro de Distribui\u00e7\u00e3o, pra verificar se a solicita\u00e7\u00e3o est\u00e1 dentro da nossa pol\u00edtica de trocas e devolu\u00e7\u00f5es.<\/p>\n\n\n\n<p><strong>5. Devolu\u00e7\u00e3o do valor pago<\/strong><\/p>\n\n\n\n<p>A gente vai devolver o valor do produto dependendo da forma de pagamento que voc\u00ea escolheu durante a compra. Ou seja, se voc\u00ea pagou com:<\/p>\n\n\n\n<ul class=\"wp-block-list\"><li><strong>cart\u00e3o de cr\u00e9dito<\/strong>: a administradora do cart\u00e3o recebe a notifica\u00e7\u00e3o e, ent\u00e3o, voc\u00ea vai ser estornado de todo o valor do produto devolvido de uma vez, mesmo que tenha escolhido pagar parcelado.<\/li><\/ul>\n\n\n\n<p>Voc\u00ea pode conferir o reembolso do valor na fatura do cart\u00e3o, que vai estar como cr\u00e9dito.<\/p>\n\n\n\n<p>O prazo do estorno depende da administradora do cart\u00e3o, mas fica de olho porque geralmente o valor aparece em at\u00e9 duas faturas, geradas depois da sua solicita\u00e7\u00e3o de devolu\u00e7\u00e3o do produto.<\/p>\n\n\n\n<ul class=\"wp-block-list\"><li><strong>boleto banc\u00e1rio<\/strong>&nbsp;ou&nbsp;<strong>d\u00e9bito em conta<\/strong>: vamos fazer um dep\u00f3sito em at\u00e9 10 (dez) dias \u00fateis na conta corrente de quem fez a compra, que n\u00e3o pode ser uma conta conjunta.<\/li><\/ul>\n\n\n\n<p>O CPF do titular da conta corrente tem que ser o mesmo que consta l\u00e1 no pedido, que tamb\u00e9m \u00e9 igual ao que est\u00e1 no cadastro&nbsp;da pessoa que comprou.<\/p>\n<\/div><\/details><\/div>\n\n\n\n<div class=\"wp-block-coblocks-accordion-item\"><details><summary class=\"wp-block-coblocks-accordion-item__title\">Formas de pagamento<\/summary><div class=\"wp-block-coblocks-accordion-item__content\">\n<p><strong>Envio por correio<\/strong><\/p>\n\n\n\n<p>Aceitamos d\u00e9bito ou cr\u00e9dito para as principais bandeiras de cart\u00e3o: Mastercard, Cielo, Elo, American Express, Diners Club, Hipercard entre outros.<\/p>\n\n\n\n<p><strong>Retirada no local<\/strong><\/p>\n\n\n\n<p>Aceitamos pagamentos em esp\u00e9cie ou d\u00e9bito ou cr\u00e9dito para as principais bandeiras de cart\u00e3o: Mastercard, Cielo, Elo, American Express, Diners Club, Hipercard entre outros.<\/p>\n<\/div><\/details><\/div>\n<\/div>\n\n\n\n<div class=\"wp-block-media-text alignwide is-stacked-on-mobile\"><figure class=\"wp-block-media-text__media\"><img fetchpriority=\"high\" decoding=\"async\" width=\"1024\" height=\"690\" src=\"https:\/\/vittalitat.com.br\/vittalitat\/wp-content\/uploads\/2020\/04\/logo_colorido-1-1024x690.png\" alt=\"\" class=\"wp-image-39\" srcset=\"https:\/\/vittalitat.com.br\/vittalitat\/wp-content\/uploads\/2020\/04\/logo_colorido-1-1024x690.png 1024w, https:\/\/vittalitat.com.br\/vittalitat\/wp-content\/uploads\/2020\/04\/logo_colorido-1-416x280.png 416w, https:\/\/vittalitat.com.br\/vittalitat\/wp-content\/uploads\/2020\/04\/logo_colorido-1-300x202.png 300w, https:\/\/vittalitat.com.br\/vittalitat\/wp-content\/uploads\/2020\/04\/logo_colorido-1-768x518.png 768w, https:\/\/vittalitat.com.br\/vittalitat\/wp-content\/uploads\/2020\/04\/logo_colorido-1-1536x1035.png 1536w, https:\/\/vittalitat.com.br\/vittalitat\/wp-content\/uploads\/2020\/04\/logo_colorido-1-1140x768.png 1140w, https:\/\/vittalitat.com.br\/vittalitat\/wp-content\/uploads\/2020\/04\/logo_colorido-1.png 1619w\" sizes=\"(max-width: 1024px) 100vw, 1024px\" \/><\/figure><div class=\"wp-block-media-text__content\">\n<p style=\"font-size:15px\">(11) 5594-7736<br>atendimento@vittalitat.com.br<br>CNPJ: 15.534.003\/0001-82<br>Av. Senador Casemiro da Rocha, 222<br>S\u00e3o Paulo \/ SP<\/p>\n<\/div><\/div>\n\n\n\n<p><\/p>\n","protected":false},"excerpt":{"rendered":"<p>(11) 5594-7736atendimento@vittalitat.com.brCNPJ: 15.534.003\/0001-82Av. Senador Casemiro da Rocha, 222S\u00e3o Paulo \/ SP<\/p>\n","protected":false},"author":1,"featured_media":0,"parent":0,"menu_order":0,"comment_status":"closed","ping_status":"closed","template":"template-fullwidth.php","meta":{"_coblocks_attr":"","_coblocks_dimensions":"","_coblocks_responsive_height":"","_coblocks_accordion_ie_support":"","footnotes":""},"class_list":["post-7","page","type-page","status-publish","hentry"],"yoast_head":"<!-- This site is optimized with the Yoast SEO plugin v21.9.1 - https:\/\/yoast.com\/wordpress\/plugins\/seo\/ -->\n<title>Carrinho - Vittalitat<\/title>\n<meta name=\"robots\" content=\"index, follow, max-snippet:-1, max-image-preview:large, max-video-preview:-1\" \/>\n<link rel=\"canonical\" href=\"https:\/\/vittalitat.com.br\/vittalitat\/cart\/\" \/>\n<meta property=\"og:locale\" content=\"pt_BR\" \/>\n<meta property=\"og:type\" content=\"article\" \/>\n<meta property=\"og:title\" content=\"Carrinho - Vittalitat\" \/>\n<meta property=\"og:description\" content=\"(11) 5594-7736atendimento@vittalitat.com.brCNPJ: 15.534.003\/0001-82Av. Senador Casemiro da Rocha, 222S\u00e3o Paulo \/ SP\" \/>\n<meta property=\"og:url\" content=\"https:\/\/vittalitat.com.br\/vittalitat\/cart\/\" \/>\n<meta property=\"og:site_name\" content=\"Vittalitat\" \/>\n<meta property=\"article:publisher\" content=\"https:\/\/www.facebook.com\/vittalitat\" \/>\n<meta property=\"article:modified_time\" content=\"2020-11-30T14:41:56+00:00\" \/>\n<meta property=\"og:image\" content=\"https:\/\/vittalitat.com.br\/vittalitat\/wp-content\/uploads\/2020\/04\/logo_colorido-1-1024x690.png\" \/>\n<meta name=\"twitter:card\" content=\"summary_large_image\" \/>\n<meta name=\"twitter:label1\" content=\"Est. tempo de leitura\" \/>\n\t<meta name=\"twitter:data1\" content=\"4 minutos\" \/>\n<script type=\"application\/ld+json\" class=\"yoast-schema-graph\">{\"@context\":\"https:\/\/schema.org\",\"@graph\":[{\"@type\":\"WebPage\",\"@id\":\"https:\/\/vittalitat.com.br\/vittalitat\/cart\/\",\"url\":\"https:\/\/vittalitat.com.br\/vittalitat\/cart\/\",\"name\":\"Carrinho - Vittalitat\",\"isPartOf\":{\"@id\":\"https:\/\/vittalitat.com.br\/vittalitat\/#website\"},\"datePublished\":\"2020-04-27T21:30:11+00:00\",\"dateModified\":\"2020-11-30T14:41:56+00:00\",\"breadcrumb\":{\"@id\":\"https:\/\/vittalitat.com.br\/vittalitat\/cart\/#breadcrumb\"},\"inLanguage\":\"pt-BR\",\"potentialAction\":[{\"@type\":\"ReadAction\",\"target\":[\"https:\/\/vittalitat.com.br\/vittalitat\/cart\/\"]}]},{\"@type\":\"BreadcrumbList\",\"@id\":\"https:\/\/vittalitat.com.br\/vittalitat\/cart\/#breadcrumb\",\"itemListElement\":[{\"@type\":\"ListItem\",\"position\":1,\"name\":\"In\u00edcio\",\"item\":\"https:\/\/vittalitat.com.br\/vittalitat\/\"},{\"@type\":\"ListItem\",\"position\":2,\"name\":\"Carrinho\"}]},{\"@type\":\"WebSite\",\"@id\":\"https:\/\/vittalitat.com.br\/vittalitat\/#website\",\"url\":\"https:\/\/vittalitat.com.br\/vittalitat\/\",\"name\":\"Vittalitat\",\"description\":\"Sa\u00fade, preven\u00e7\u00e3o e bem-estar\",\"publisher\":{\"@id\":\"https:\/\/vittalitat.com.br\/vittalitat\/#organization\"},\"potentialAction\":[{\"@type\":\"SearchAction\",\"target\":{\"@type\":\"EntryPoint\",\"urlTemplate\":\"https:\/\/vittalitat.com.br\/vittalitat\/?s={search_term_string}\"},\"query-input\":\"required name=search_term_string\"}],\"inLanguage\":\"pt-BR\"},{\"@type\":\"Organization\",\"@id\":\"https:\/\/vittalitat.com.br\/vittalitat\/#organization\",\"name\":\"Vittalitat\",\"url\":\"https:\/\/vittalitat.com.br\/vittalitat\/\",\"logo\":{\"@type\":\"ImageObject\",\"inLanguage\":\"pt-BR\",\"@id\":\"https:\/\/vittalitat.com.br\/vittalitat\/#\/schema\/logo\/image\/\",\"url\":\"https:\/\/vittalitat.com.br\/vittalitat\/wp-content\/uploads\/2020\/04\/logo-para-o-face.png\",\"contentUrl\":\"https:\/\/vittalitat.com.br\/vittalitat\/wp-content\/uploads\/2020\/04\/logo-para-o-face.png\",\"width\":700,\"height\":700,\"caption\":\"Vittalitat\"},\"image\":{\"@id\":\"https:\/\/vittalitat.com.br\/vittalitat\/#\/schema\/logo\/image\/\"},\"sameAs\":[\"https:\/\/www.facebook.com\/vittalitat\",\"https:\/\/www.instagram.com\/vittalitat\"]}]}<\/script>\n<!-- \/ Yoast SEO plugin. -->","yoast_head_json":{"title":"Carrinho - Vittalitat","robots":{"index":"index","follow":"follow","max-snippet":"max-snippet:-1","max-image-preview":"max-image-preview:large","max-video-preview":"max-video-preview:-1"},"canonical":"https:\/\/vittalitat.com.br\/vittalitat\/cart\/","og_locale":"pt_BR","og_type":"article","og_title":"Carrinho - Vittalitat","og_description":"(11) 5594-7736atendimento@vittalitat.com.brCNPJ: 15.534.003\/0001-82Av. Senador Casemiro da Rocha, 222S\u00e3o Paulo \/ SP","og_url":"https:\/\/vittalitat.com.br\/vittalitat\/cart\/","og_site_name":"Vittalitat","article_publisher":"https:\/\/www.facebook.com\/vittalitat","article_modified_time":"2020-11-30T14:41:56+00:00","og_image":[{"url":"https:\/\/vittalitat.com.br\/vittalitat\/wp-content\/uploads\/2020\/04\/logo_colorido-1-1024x690.png"}],"twitter_card":"summary_large_image","twitter_misc":{"Est. tempo de leitura":"4 minutos"},"schema":{"@context":"https:\/\/schema.org","@graph":[{"@type":"WebPage","@id":"https:\/\/vittalitat.com.br\/vittalitat\/cart\/","url":"https:\/\/vittalitat.com.br\/vittalitat\/cart\/","name":"Carrinho - Vittalitat","isPartOf":{"@id":"https:\/\/vittalitat.com.br\/vittalitat\/#website"},"datePublished":"2020-04-27T21:30:11+00:00","dateModified":"2020-11-30T14:41:56+00:00","breadcrumb":{"@id":"https:\/\/vittalitat.com.br\/vittalitat\/cart\/#breadcrumb"},"inLanguage":"pt-BR","potentialAction":[{"@type":"ReadAction","target":["https:\/\/vittalitat.com.br\/vittalitat\/cart\/"]}]},{"@type":"BreadcrumbList","@id":"https:\/\/vittalitat.com.br\/vittalitat\/cart\/#breadcrumb","itemListElement":[{"@type":"ListItem","position":1,"name":"In\u00edcio","item":"https:\/\/vittalitat.com.br\/vittalitat\/"},{"@type":"ListItem","position":2,"name":"Carrinho"}]},{"@type":"WebSite","@id":"https:\/\/vittalitat.com.br\/vittalitat\/#website","url":"https:\/\/vittalitat.com.br\/vittalitat\/","name":"Vittalitat","description":"Sa\u00fade, preven\u00e7\u00e3o e bem-estar","publisher":{"@id":"https:\/\/vittalitat.com.br\/vittalitat\/#organization"},"potentialAction":[{"@type":"SearchAction","target":{"@type":"EntryPoint","urlTemplate":"https:\/\/vittalitat.com.br\/vittalitat\/?s={search_term_string}"},"query-input":"required name=search_term_string"}],"inLanguage":"pt-BR"},{"@type":"Organization","@id":"https:\/\/vittalitat.com.br\/vittalitat\/#organization","name":"Vittalitat","url":"https:\/\/vittalitat.com.br\/vittalitat\/","logo":{"@type":"ImageObject","inLanguage":"pt-BR","@id":"https:\/\/vittalitat.com.br\/vittalitat\/#\/schema\/logo\/image\/","url":"https:\/\/vittalitat.com.br\/vittalitat\/wp-content\/uploads\/2020\/04\/logo-para-o-face.png","contentUrl":"https:\/\/vittalitat.com.br\/vittalitat\/wp-content\/uploads\/2020\/04\/logo-para-o-face.png","width":700,"height":700,"caption":"Vittalitat"},"image":{"@id":"https:\/\/vittalitat.com.br\/vittalitat\/#\/schema\/logo\/image\/"},"sameAs":["https:\/\/www.facebook.com\/vittalitat","https:\/\/www.instagram.com\/vittalitat"]}]}},"_links":{"self":[{"href":"https:\/\/vittalitat.com.br\/vittalitat\/wp-json\/wp\/v2\/pages\/7","targetHints":{"allow":["GET"]}}],"collection":[{"href":"https:\/\/vittalitat.com.br\/vittalitat\/wp-json\/wp\/v2\/pages"}],"about":[{"href":"https:\/\/vittalitat.com.br\/vittalitat\/wp-json\/wp\/v2\/types\/page"}],"author":[{"embeddable":true,"href":"https:\/\/vittalitat.com.br\/vittalitat\/wp-json\/wp\/v2\/users\/1"}],"replies":[{"embeddable":true,"href":"https:\/\/vittalitat.com.br\/vittalitat\/wp-json\/wp\/v2\/comments?post=7"}],"version-history":[{"count":10,"href":"https:\/\/vittalitat.com.br\/vittalitat\/wp-json\/wp\/v2\/pages\/7\/revisions"}],"predecessor-version":[{"id":969,"href":"https:\/\/vittalitat.com.br\/vittalitat\/wp-json\/wp\/v2\/pages\/7\/revisions\/969"}],"wp:attachment":[{"href":"https:\/\/vittalitat.com.br\/vittalitat\/wp-json\/wp\/v2\/media?parent=7"}],"curies":[{"name":"wp","href":"https:\/\/api.w.org\/{rel}","templated":true}]}}