{"id":334,"date":"2020-05-15T12:28:31","date_gmt":"2020-05-15T15:28:31","guid":{"rendered":"https:\/\/vittalitat.com.br\/vittalitat\/?page_id=334"},"modified":"2020-05-15T12:35:21","modified_gmt":"2020-05-15T15:35:21","slug":"distribuidora","status":"publish","type":"page","link":"https:\/\/vittalitat.com.br\/vittalitat\/distribuidora\/","title":{"rendered":"Distribuidora"},"content":{"rendered":"\t\t<div data-elementor-type=\"wp-page\" data-elementor-id=\"334\" class=\"elementor elementor-334\">\n\t\t\t\t\t\t<section class=\"elementor-section elementor-top-section elementor-element elementor-element-e051f56 elementor-section-boxed elementor-section-height-default elementor-section-height-default\" data-id=\"e051f56\" data-element_type=\"section\">\n\t\t\t\t\t\t<div class=\"elementor-container elementor-column-gap-default\">\n\t\t\t\t\t<div class=\"elementor-column elementor-col-100 elementor-top-column elementor-element elementor-element-c1bd729\" data-id=\"c1bd729\" data-element_type=\"column\">\n\t\t\t<div class=\"elementor-widget-wrap elementor-element-populated\">\n\t\t\t\t\t\t<div class=\"elementor-element elementor-element-f9948ba elementor-widget elementor-widget-heading\" data-id=\"f9948ba\" data-element_type=\"widget\" data-widget_type=\"heading.default\">\n\t\t\t\t<div class=\"elementor-widget-container\">\n\t\t\t<h2 class=\"elementor-heading-title elementor-size-default\">QuantumBIO<\/h2>\t\t<\/div>\n\t\t\t\t<\/div>\n\t\t\t\t\t<\/div>\n\t\t<\/div>\n\t\t\t\t\t<\/div>\n\t\t<\/section>\n\t\t\t\t<section class=\"elementor-section elementor-top-section elementor-element elementor-element-3cad599 elementor-section-boxed elementor-section-height-default elementor-section-height-default\" data-id=\"3cad599\" data-element_type=\"section\">\n\t\t\t\t\t\t<div class=\"elementor-container elementor-column-gap-default\">\n\t\t\t\t\t<div class=\"elementor-column elementor-col-100 elementor-top-column elementor-element elementor-element-6e9c785\" data-id=\"6e9c785\" data-element_type=\"column\">\n\t\t\t<div class=\"elementor-widget-wrap elementor-element-populated\">\n\t\t\t\t\t\t<div class=\"elementor-element elementor-element-bf2c333 elementor-widget elementor-widget-image\" data-id=\"bf2c333\" data-element_type=\"widget\" data-widget_type=\"image.default\">\n\t\t\t\t<div class=\"elementor-widget-container\">\n\t\t\t\t\t\t\t\t\t\t\t\t\t<img fetchpriority=\"high\" decoding=\"async\" width=\"980\" height=\"549\" src=\"https:\/\/vittalitat.com.br\/vittalitat\/wp-content\/uploads\/2020\/05\/mostruario-1776x9961-1-1024x574.png\" class=\"attachment-large size-large wp-image-336\" alt=\"Produtos QuantumBIO\" srcset=\"https:\/\/vittalitat.com.br\/vittalitat\/wp-content\/uploads\/2020\/05\/mostruario-1776x9961-1-1024x574.png 1024w, https:\/\/vittalitat.com.br\/vittalitat\/wp-content\/uploads\/2020\/05\/mostruario-1776x9961-1-416x233.png 416w, https:\/\/vittalitat.com.br\/vittalitat\/wp-content\/uploads\/2020\/05\/mostruario-1776x9961-1-300x168.png 300w, https:\/\/vittalitat.com.br\/vittalitat\/wp-content\/uploads\/2020\/05\/mostruario-1776x9961-1-768x431.png 768w, https:\/\/vittalitat.com.br\/vittalitat\/wp-content\/uploads\/2020\/05\/mostruario-1776x9961-1-1536x861.png 1536w, https:\/\/vittalitat.com.br\/vittalitat\/wp-content\/uploads\/2020\/05\/mostruario-1776x9961-1-1140x639.png 1140w, https:\/\/vittalitat.com.br\/vittalitat\/wp-content\/uploads\/2020\/05\/mostruario-1776x9961-1.png 1776w\" sizes=\"(max-width: 980px) 100vw, 980px\" \/>\t\t\t\t\t\t\t\t\t\t\t\t\t<\/div>\n\t\t\t\t<\/div>\n\t\t\t\t\t<\/div>\n\t\t<\/div>\n\t\t\t\t\t<\/div>\n\t\t<\/section>\n\t\t\t\t<section class=\"elementor-section elementor-top-section elementor-element elementor-element-ac01238 elementor-section-boxed elementor-section-height-default elementor-section-height-default\" data-id=\"ac01238\" data-element_type=\"section\">\n\t\t\t\t\t\t<div class=\"elementor-container elementor-column-gap-default\">\n\t\t\t\t\t<div class=\"elementor-column elementor-col-50 elementor-top-column elementor-element elementor-element-292cfc3\" data-id=\"292cfc3\" data-element_type=\"column\">\n\t\t\t<div class=\"elementor-widget-wrap elementor-element-populated\">\n\t\t\t\t\t\t<div class=\"elementor-element elementor-element-7dfc260 elementor-widget elementor-widget-text-editor\" data-id=\"7dfc260\" data-element_type=\"widget\" data-widget_type=\"text-editor.default\">\n\t\t\t\t<div class=\"elementor-widget-container\">\n\t\t\t\t\t\t\t<p class=\"\" style=\"margin-bottom: 1rem; color: #767676; font-family: Nunito, sans-serif; font-size: 16px;\">COMPOSTOS FREQUENCIAIS<\/p><p class=\"\" style=\"margin-bottom: 1rem; color: #767676; font-family: Nunito, sans-serif; font-size: 16px;\">Os Compostos Frequenciais englobam diferentes \u00a0<span style=\"font-size: 1rem;\">linhas de produtos que cont\u00e9m padr\u00f5es qu\u00e2nticos\u00a0<\/span><span style=\"font-size: 1rem;\">(energia e informa\u00e7\u00e3o) com objetivos espec\u00edficos,\u00a0<\/span><span style=\"font-size: 1rem;\">aproveitando a capacidade da \u00e1gua de\u00a0<\/span><span style=\"font-size: 1rem;\">gravar informa\u00e7\u00f5es, conhecida como mem\u00f3ria\u00a0<\/span><span style=\"font-size: 1rem;\">da \u00e1gua.<br \/><\/span><span style=\"font-size: 1rem;\">Analogicamente, os Compostos Frequenciais\u00a0<\/span><span style=\"font-size: 1rem;\">det\u00eam os mesmos princ\u00edpios da homeopatia, da\u00a0<\/span><span style=\"font-size: 1rem;\">cromoterapia, dos florais e de outros meios sin\u00e9rgicos,\u00a0<\/span><span style=\"font-size: 1rem;\">cuja a\u00e7\u00e3o \u00e9 exercida pelo fen\u00f4meno da\u00a0<\/span><span style=\"font-size: 1rem;\">resson\u00e2ncia.<\/span><\/p>\t\t\t\t\t\t<\/div>\n\t\t\t\t<\/div>\n\t\t\t\t\t<\/div>\n\t\t<\/div>\n\t\t\t\t<div class=\"elementor-column elementor-col-50 elementor-top-column elementor-element elementor-element-5078dba\" data-id=\"5078dba\" data-element_type=\"column\">\n\t\t\t<div class=\"elementor-widget-wrap elementor-element-populated\">\n\t\t\t\t\t\t<div class=\"elementor-element elementor-element-7ef0c9f elementor-widget elementor-widget-text-editor\" data-id=\"7ef0c9f\" data-element_type=\"widget\" data-widget_type=\"text-editor.default\">\n\t\t\t\t<div class=\"elementor-widget-container\">\n\t\t\t\t\t\t\t<p class=\"\" style=\"margin-bottom: 1rem; color: #767676; font-family: Nunito, sans-serif; font-size: 16px;\">SUPLEMENTOS ALIMENTARES<\/p><p class=\"\" style=\"margin-bottom: 1rem; color: #767676; font-family: Nunito, sans-serif; font-size: 16px;\">Os Suplementos Alimentares s\u00e3o compostos \u00a0<span style=\"font-size: 1rem;\">por bases condutoras com finalidades espec\u00edficas\u00a0<\/span><span style=\"font-size: 1rem;\">cujos benef\u00edcios s\u00e3o ampliados pela inser\u00e7\u00e3o\u00a0<\/span><span style=\"font-size: 1rem;\">de padr\u00f5es qu\u00e2nticos, promovendo um\u00a0<\/span><span style=\"font-size: 1rem;\">melhor aproveitamento dos seus componentes\u00a0<\/span><span style=\"font-size: 1rem;\">pelo usu\u00e1rio.<br \/><\/span><span style=\"font-size: 1rem;\">Visando garantir a qualidade dos seus nutrientes,\u00a0<\/span><span style=\"font-size: 1rem;\">os Suplementos Alimentares passam por\u00a0<\/span><span style=\"font-size: 1rem;\">um processo de esteriliza\u00e7\u00e3o de \u00faltima gera\u00e7\u00e3o,\u00a0<\/span><span style=\"font-size: 1rem;\">conhecido como nano-laser frequence.<\/span><\/p>\t\t\t\t\t\t<\/div>\n\t\t\t\t<\/div>\n\t\t\t\t\t<\/div>\n\t\t<\/div>\n\t\t\t\t\t<\/div>\n\t\t<\/section>\n\t\t\t\t<section class=\"elementor-section elementor-top-section elementor-element elementor-element-2017ddd elementor-section-boxed elementor-section-height-default elementor-section-height-default\" data-id=\"2017ddd\" data-element_type=\"section\">\n\t\t\t\t\t\t<div class=\"elementor-container elementor-column-gap-default\">\n\t\t\t\t\t<div class=\"elementor-column elementor-col-100 elementor-top-column elementor-element elementor-element-83e268e\" data-id=\"83e268e\" data-element_type=\"column\">\n\t\t\t<div class=\"elementor-widget-wrap elementor-element-populated\">\n\t\t\t\t\t\t<div class=\"elementor-element elementor-element-5f3b3df elementor-widget elementor-widget-spacer\" data-id=\"5f3b3df\" data-element_type=\"widget\" data-widget_type=\"spacer.default\">\n\t\t\t\t<div class=\"elementor-widget-container\">\n\t\t\t\t\t<div class=\"elementor-spacer\">\n\t\t\t<div class=\"elementor-spacer-inner\"><\/div>\n\t\t<\/div>\n\t\t\t\t<\/div>\n\t\t\t\t<\/div>\n\t\t\t\t\t<\/div>\n\t\t<\/div>\n\t\t\t\t\t<\/div>\n\t\t<\/section>\n\t\t\t\t<section class=\"elementor-section elementor-top-section elementor-element elementor-element-b1a8a26 elementor-section-boxed elementor-section-height-default elementor-section-height-default\" data-id=\"b1a8a26\" data-element_type=\"section\">\n\t\t\t\t\t\t<div class=\"elementor-container elementor-column-gap-default\">\n\t\t\t\t\t<div class=\"elementor-column elementor-col-100 elementor-top-column elementor-element elementor-element-1cf55ba\" data-id=\"1cf55ba\" data-element_type=\"column\">\n\t\t\t<div class=\"elementor-widget-wrap elementor-element-populated\">\n\t\t\t\t\t\t<div class=\"elementor-element elementor-element-d2c828f elementor-widget elementor-widget-heading\" data-id=\"d2c828f\" data-element_type=\"widget\" data-widget_type=\"heading.default\">\n\t\t\t\t<div class=\"elementor-widget-container\">\n\t\t\t<h2 class=\"elementor-heading-title elementor-size-default\">Anew<\/h2>\t\t<\/div>\n\t\t\t\t<\/div>\n\t\t\t\t\t<\/div>\n\t\t<\/div>\n\t\t\t\t\t<\/div>\n\t\t<\/section>\n\t\t\t\t<section class=\"elementor-section elementor-top-section elementor-element elementor-element-9484276 elementor-section-boxed elementor-section-height-default elementor-section-height-default\" data-id=\"9484276\" data-element_type=\"section\">\n\t\t\t\t\t\t<div class=\"elementor-container elementor-column-gap-default\">\n\t\t\t\t\t<div class=\"elementor-column elementor-col-100 elementor-top-column elementor-element elementor-element-ebd88c0\" data-id=\"ebd88c0\" data-element_type=\"column\">\n\t\t\t<div class=\"elementor-widget-wrap elementor-element-populated\">\n\t\t\t\t\t\t<div class=\"elementor-element elementor-element-67ac2e3 elementor-widget elementor-widget-text-editor\" data-id=\"67ac2e3\" data-element_type=\"widget\" data-widget_type=\"text-editor.default\">\n\t\t\t\t<div class=\"elementor-widget-container\">\n\t\t\t\t\t\t\t<p><span style=\"color: #232323; font-family: Nunito, sans-serif; font-size: 24px;\">A Anew alia tecnologia de \u00faltima gera\u00e7\u00e3o e ingredientes naturais selecionados para desenvolver produtos que ajudem a melhorar a qualidade de vida das pessoas.<\/span><\/p><div style=\"color: #232323; font-family: Nunito, sans-serif; font-size: 24px;\">\u00a0<\/div><div style=\"color: #232323; font-family: Nunito, sans-serif; font-size: 24px;\">S\u00e3o suplementos nutricionais que, aliados a uma alimenta\u00e7\u00e3o saud\u00e1vel, \u00e0 pr\u00e1tica regular de exerc\u00edcios f\u00edsicos e a uma atitude mental positiva, oferecem o equil\u00edbrio necess\u00e1rio para uma vida saud\u00e1vel e feliz.<\/div><div style=\"color: #232323; font-family: Nunito, sans-serif; font-size: 24px;\">\u00a0<\/div><div style=\"color: #232323; font-family: Nunito, sans-serif; font-size: 24px;\">\u00a0<\/div><div style=\"color: #232323; font-family: Nunito, sans-serif; font-size: 24px;\">Fabricados com subst\u00e2ncias naturais de alta qualidade, os produtos Anew vem com selo qualidade que garante que ele foi rigorosamente analisado e aprovado pelo laborat\u00f3rio interno, por um laborat\u00f3rio terceirizado e pelos profissionais especializados que atuam no controle de qualidade.<\/div><div style=\"color: #232323; font-family: Nunito, sans-serif; font-size: 24px;\"><br \/>A Anew acredita no poder da energia emanada pelas palavras. Por isso, faz quest\u00e3o de agradecer aos clientes, bem como a todas as pessoas que participaram do processo de produ\u00e7\u00e3o e distribui\u00e7\u00e3o dos seus produtos, imprimindo em todos os r\u00f3tulos a frase \u201cMuito obrigado\u201c.<\/div>\t\t\t\t\t\t<\/div>\n\t\t\t\t<\/div>\n\t\t\t\t\t<\/div>\n\t\t<\/div>\n\t\t\t\t\t<\/div>\n\t\t<\/section>\n\t\t\t\t<section class=\"elementor-section elementor-top-section elementor-element elementor-element-bcc0386 elementor-section-boxed elementor-section-height-default elementor-section-height-default\" data-id=\"bcc0386\" data-element_type=\"section\">\n\t\t\t\t\t\t<div class=\"elementor-container elementor-column-gap-default\">\n\t\t\t\t\t<div class=\"elementor-column elementor-col-100 elementor-top-column elementor-element elementor-element-d180e81\" data-id=\"d180e81\" data-element_type=\"column\">\n\t\t\t<div class=\"elementor-widget-wrap elementor-element-populated\">\n\t\t\t\t\t\t<div class=\"elementor-element elementor-element-58c90c6 elementor-widget elementor-widget-image\" data-id=\"58c90c6\" data-element_type=\"widget\" data-widget_type=\"image.default\">\n\t\t\t\t<div class=\"elementor-widget-container\">\n\t\t\t\t\t\t\t\t\t\t<figure class=\"wp-caption\">\n\t\t\t\t\t\t\t\t\t\t<img decoding=\"async\" width=\"980\" height=\"653\" src=\"https:\/\/vittalitat.com.br\/vittalitat\/wp-content\/uploads\/2020\/05\/dsc3739-2698x17941-1-1024x682.png\" class=\"attachment-large size-large wp-image-337\" alt=\"Anew Corguinho\" srcset=\"https:\/\/vittalitat.com.br\/vittalitat\/wp-content\/uploads\/2020\/05\/dsc3739-2698x17941-1-1024x682.png 1024w, https:\/\/vittalitat.com.br\/vittalitat\/wp-content\/uploads\/2020\/05\/dsc3739-2698x17941-1-416x277.png 416w, https:\/\/vittalitat.com.br\/vittalitat\/wp-content\/uploads\/2020\/05\/dsc3739-2698x17941-1-300x200.png 300w, https:\/\/vittalitat.com.br\/vittalitat\/wp-content\/uploads\/2020\/05\/dsc3739-2698x17941-1-768x511.png 768w, https:\/\/vittalitat.com.br\/vittalitat\/wp-content\/uploads\/2020\/05\/dsc3739-2698x17941-1-1536x1022.png 1536w, https:\/\/vittalitat.com.br\/vittalitat\/wp-content\/uploads\/2020\/05\/dsc3739-2698x17941-1-2048x1363.png 2048w, https:\/\/vittalitat.com.br\/vittalitat\/wp-content\/uploads\/2020\/05\/dsc3739-2698x17941-1-1140x759.png 1140w, https:\/\/vittalitat.com.br\/vittalitat\/wp-content\/uploads\/2020\/05\/dsc3739-2698x17941-1-400x266.png 400w\" sizes=\"(max-width: 980px) 100vw, 980px\" \/>\t\t\t\t\t\t\t\t\t\t\t<figcaption class=\"widget-image-caption wp-caption-text\">Complexo agroindustrial Anew<\/figcaption>\n\t\t\t\t\t\t\t\t\t\t<\/figure>\n\t\t\t\t\t\t\t<\/div>\n\t\t\t\t<\/div>\n\t\t\t\t\t<\/div>\n\t\t<\/div>\n\t\t\t\t\t<\/div>\n\t\t<\/section>\n\t\t\t\t<\/div>\n\t\t","protected":false},"excerpt":{"rendered":"<p>QuantumBIO COMPOSTOS FREQUENCIAIS Os Compostos Frequenciais englobam diferentes &nbsp;linhas de produtos que cont\u00e9m padr\u00f5es qu\u00e2nticos&nbsp;(energia e informa\u00e7\u00e3o) com objetivos espec\u00edficos,&nbsp;aproveitando a capacidade da \u00e1gua de&nbsp;gravar informa\u00e7\u00f5es, conhecida como mem\u00f3ria&nbsp;da \u00e1gua. Analogicamente, os Compostos Frequenciais&nbsp;det\u00eam os mesmos princ\u00edpios da homeopatia, da&nbsp;cromoterapia, dos florais e de outros meios sin\u00e9rgicos,&nbsp;cuja a\u00e7\u00e3o \u00e9 exercida pelo fen\u00f4meno da&nbsp;resson\u00e2ncia. SUPLEMENTOS ALIMENTARES [&hellip;]<\/p>\n","protected":false},"author":1,"featured_media":0,"parent":0,"menu_order":0,"comment_status":"closed","ping_status":"closed","template":"","meta":{"_coblocks_attr":"","_coblocks_dimensions":"","_coblocks_responsive_height":"","_coblocks_accordion_ie_support":"","footnotes":""},"class_list":["post-334","page","type-page","status-publish","hentry"],"yoast_head":"<!-- This site is optimized with the Yoast SEO plugin v21.9.1 - https:\/\/yoast.com\/wordpress\/plugins\/seo\/ -->\n<title>Distribuidora - Vittalitat<\/title>\n<meta name=\"robots\" content=\"index, follow, max-snippet:-1, max-image-preview:large, max-video-preview:-1\" \/>\n<link rel=\"canonical\" href=\"https:\/\/vittalitat.com.br\/vittalitat\/distribuidora\/\" \/>\n<meta property=\"og:locale\" content=\"pt_BR\" \/>\n<meta property=\"og:type\" content=\"article\" \/>\n<meta property=\"og:title\" content=\"Distribuidora - Vittalitat\" \/>\n<meta property=\"og:description\" content=\"QuantumBIO COMPOSTOS FREQUENCIAIS Os Compostos Frequenciais englobam diferentes &nbsp;linhas de produtos que cont\u00e9m padr\u00f5es qu\u00e2nticos&nbsp;(energia e informa\u00e7\u00e3o) com objetivos espec\u00edficos,&nbsp;aproveitando a capacidade da \u00e1gua de&nbsp;gravar informa\u00e7\u00f5es, conhecida como mem\u00f3ria&nbsp;da \u00e1gua. Analogicamente, os Compostos Frequenciais&nbsp;det\u00eam os mesmos princ\u00edpios da homeopatia, da&nbsp;cromoterapia, dos florais e de outros meios sin\u00e9rgicos,&nbsp;cuja a\u00e7\u00e3o \u00e9 exercida pelo fen\u00f4meno da&nbsp;resson\u00e2ncia. SUPLEMENTOS ALIMENTARES [&hellip;]\" \/>\n<meta property=\"og:url\" content=\"https:\/\/vittalitat.com.br\/vittalitat\/distribuidora\/\" \/>\n<meta property=\"og:site_name\" content=\"Vittalitat\" \/>\n<meta property=\"article:publisher\" content=\"https:\/\/www.facebook.com\/vittalitat\" \/>\n<meta property=\"article:modified_time\" content=\"2020-05-15T15:35:21+00:00\" \/>\n<meta property=\"og:image\" content=\"https:\/\/vittalitat.com.br\/vittalitat\/wp-content\/uploads\/2020\/05\/mostruario-1776x9961-1-1024x574.png\" \/>\n<meta name=\"twitter:card\" content=\"summary_large_image\" \/>\n<meta name=\"twitter:label1\" content=\"Est. tempo de leitura\" \/>\n\t<meta name=\"twitter:data1\" content=\"2 minutos\" \/>\n<script type=\"application\/ld+json\" class=\"yoast-schema-graph\">{\"@context\":\"https:\/\/schema.org\",\"@graph\":[{\"@type\":\"WebPage\",\"@id\":\"https:\/\/vittalitat.com.br\/vittalitat\/distribuidora\/\",\"url\":\"https:\/\/vittalitat.com.br\/vittalitat\/distribuidora\/\",\"name\":\"Distribuidora - Vittalitat\",\"isPartOf\":{\"@id\":\"https:\/\/vittalitat.com.br\/vittalitat\/#website\"},\"datePublished\":\"2020-05-15T15:28:31+00:00\",\"dateModified\":\"2020-05-15T15:35:21+00:00\",\"breadcrumb\":{\"@id\":\"https:\/\/vittalitat.com.br\/vittalitat\/distribuidora\/#breadcrumb\"},\"inLanguage\":\"pt-BR\",\"potentialAction\":[{\"@type\":\"ReadAction\",\"target\":[\"https:\/\/vittalitat.com.br\/vittalitat\/distribuidora\/\"]}]},{\"@type\":\"BreadcrumbList\",\"@id\":\"https:\/\/vittalitat.com.br\/vittalitat\/distribuidora\/#breadcrumb\",\"itemListElement\":[{\"@type\":\"ListItem\",\"position\":1,\"name\":\"In\u00edcio\",\"item\":\"https:\/\/vittalitat.com.br\/vittalitat\/\"},{\"@type\":\"ListItem\",\"position\":2,\"name\":\"Distribuidora\"}]},{\"@type\":\"WebSite\",\"@id\":\"https:\/\/vittalitat.com.br\/vittalitat\/#website\",\"url\":\"https:\/\/vittalitat.com.br\/vittalitat\/\",\"name\":\"Vittalitat\",\"description\":\"Sa\u00fade, preven\u00e7\u00e3o e bem-estar\",\"publisher\":{\"@id\":\"https:\/\/vittalitat.com.br\/vittalitat\/#organization\"},\"potentialAction\":[{\"@type\":\"SearchAction\",\"target\":{\"@type\":\"EntryPoint\",\"urlTemplate\":\"https:\/\/vittalitat.com.br\/vittalitat\/?s={search_term_string}\"},\"query-input\":\"required name=search_term_string\"}],\"inLanguage\":\"pt-BR\"},{\"@type\":\"Organization\",\"@id\":\"https:\/\/vittalitat.com.br\/vittalitat\/#organization\",\"name\":\"Vittalitat\",\"url\":\"https:\/\/vittalitat.com.br\/vittalitat\/\",\"logo\":{\"@type\":\"ImageObject\",\"inLanguage\":\"pt-BR\",\"@id\":\"https:\/\/vittalitat.com.br\/vittalitat\/#\/schema\/logo\/image\/\",\"url\":\"https:\/\/vittalitat.com.br\/vittalitat\/wp-content\/uploads\/2020\/04\/logo-para-o-face.png\",\"contentUrl\":\"https:\/\/vittalitat.com.br\/vittalitat\/wp-content\/uploads\/2020\/04\/logo-para-o-face.png\",\"width\":700,\"height\":700,\"caption\":\"Vittalitat\"},\"image\":{\"@id\":\"https:\/\/vittalitat.com.br\/vittalitat\/#\/schema\/logo\/image\/\"},\"sameAs\":[\"https:\/\/www.facebook.com\/vittalitat\",\"https:\/\/www.instagram.com\/vittalitat\"]}]}<\/script>\n<!-- \/ Yoast SEO plugin. -->","yoast_head_json":{"title":"Distribuidora - Vittalitat","robots":{"index":"index","follow":"follow","max-snippet":"max-snippet:-1","max-image-preview":"max-image-preview:large","max-video-preview":"max-video-preview:-1"},"canonical":"https:\/\/vittalitat.com.br\/vittalitat\/distribuidora\/","og_locale":"pt_BR","og_type":"article","og_title":"Distribuidora - Vittalitat","og_description":"QuantumBIO COMPOSTOS FREQUENCIAIS Os Compostos Frequenciais englobam diferentes &nbsp;linhas de produtos que cont\u00e9m padr\u00f5es qu\u00e2nticos&nbsp;(energia e informa\u00e7\u00e3o) com objetivos espec\u00edficos,&nbsp;aproveitando a capacidade da \u00e1gua de&nbsp;gravar informa\u00e7\u00f5es, conhecida como mem\u00f3ria&nbsp;da \u00e1gua. Analogicamente, os Compostos Frequenciais&nbsp;det\u00eam os mesmos princ\u00edpios da homeopatia, da&nbsp;cromoterapia, dos florais e de outros meios sin\u00e9rgicos,&nbsp;cuja a\u00e7\u00e3o \u00e9 exercida pelo fen\u00f4meno da&nbsp;resson\u00e2ncia. SUPLEMENTOS ALIMENTARES [&hellip;]","og_url":"https:\/\/vittalitat.com.br\/vittalitat\/distribuidora\/","og_site_name":"Vittalitat","article_publisher":"https:\/\/www.facebook.com\/vittalitat","article_modified_time":"2020-05-15T15:35:21+00:00","og_image":[{"url":"https:\/\/vittalitat.com.br\/vittalitat\/wp-content\/uploads\/2020\/05\/mostruario-1776x9961-1-1024x574.png"}],"twitter_card":"summary_large_image","twitter_misc":{"Est. tempo de leitura":"2 minutos"},"schema":{"@context":"https:\/\/schema.org","@graph":[{"@type":"WebPage","@id":"https:\/\/vittalitat.com.br\/vittalitat\/distribuidora\/","url":"https:\/\/vittalitat.com.br\/vittalitat\/distribuidora\/","name":"Distribuidora - Vittalitat","isPartOf":{"@id":"https:\/\/vittalitat.com.br\/vittalitat\/#website"},"datePublished":"2020-05-15T15:28:31+00:00","dateModified":"2020-05-15T15:35:21+00:00","breadcrumb":{"@id":"https:\/\/vittalitat.com.br\/vittalitat\/distribuidora\/#breadcrumb"},"inLanguage":"pt-BR","potentialAction":[{"@type":"ReadAction","target":["https:\/\/vittalitat.com.br\/vittalitat\/distribuidora\/"]}]},{"@type":"BreadcrumbList","@id":"https:\/\/vittalitat.com.br\/vittalitat\/distribuidora\/#breadcrumb","itemListElement":[{"@type":"ListItem","position":1,"name":"In\u00edcio","item":"https:\/\/vittalitat.com.br\/vittalitat\/"},{"@type":"ListItem","position":2,"name":"Distribuidora"}]},{"@type":"WebSite","@id":"https:\/\/vittalitat.com.br\/vittalitat\/#website","url":"https:\/\/vittalitat.com.br\/vittalitat\/","name":"Vittalitat","description":"Sa\u00fade, preven\u00e7\u00e3o e bem-estar","publisher":{"@id":"https:\/\/vittalitat.com.br\/vittalitat\/#organization"},"potentialAction":[{"@type":"SearchAction","target":{"@type":"EntryPoint","urlTemplate":"https:\/\/vittalitat.com.br\/vittalitat\/?s={search_term_string}"},"query-input":"required name=search_term_string"}],"inLanguage":"pt-BR"},{"@type":"Organization","@id":"https:\/\/vittalitat.com.br\/vittalitat\/#organization","name":"Vittalitat","url":"https:\/\/vittalitat.com.br\/vittalitat\/","logo":{"@type":"ImageObject","inLanguage":"pt-BR","@id":"https:\/\/vittalitat.com.br\/vittalitat\/#\/schema\/logo\/image\/","url":"https:\/\/vittalitat.com.br\/vittalitat\/wp-content\/uploads\/2020\/04\/logo-para-o-face.png","contentUrl":"https:\/\/vittalitat.com.br\/vittalitat\/wp-content\/uploads\/2020\/04\/logo-para-o-face.png","width":700,"height":700,"caption":"Vittalitat"},"image":{"@id":"https:\/\/vittalitat.com.br\/vittalitat\/#\/schema\/logo\/image\/"},"sameAs":["https:\/\/www.facebook.com\/vittalitat","https:\/\/www.instagram.com\/vittalitat"]}]}},"_links":{"self":[{"href":"https:\/\/vittalitat.com.br\/vittalitat\/wp-json\/wp\/v2\/pages\/334","targetHints":{"allow":["GET"]}}],"collection":[{"href":"https:\/\/vittalitat.com.br\/vittalitat\/wp-json\/wp\/v2\/pages"}],"about":[{"href":"https:\/\/vittalitat.com.br\/vittalitat\/wp-json\/wp\/v2\/types\/page"}],"author":[{"embeddable":true,"href":"https:\/\/vittalitat.com.br\/vittalitat\/wp-json\/wp\/v2\/users\/1"}],"replies":[{"embeddable":true,"href":"https:\/\/vittalitat.com.br\/vittalitat\/wp-json\/wp\/v2\/comments?post=334"}],"version-history":[{"count":6,"href":"https:\/\/vittalitat.com.br\/vittalitat\/wp-json\/wp\/v2\/pages\/334\/revisions"}],"predecessor-version":[{"id":342,"href":"https:\/\/vittalitat.com.br\/vittalitat\/wp-json\/wp\/v2\/pages\/334\/revisions\/342"}],"wp:attachment":[{"href":"https:\/\/vittalitat.com.br\/vittalitat\/wp-json\/wp\/v2\/media?parent=334"}],"curies":[{"name":"wp","href":"https:\/\/api.w.org\/{rel}","templated":true}]}}