{"id":218,"date":"2020-05-11T09:37:34","date_gmt":"2020-05-11T12:37:34","guid":{"rendered":"http:\/\/vittalitat.com.br\/vittalitat\/?page_id=218"},"modified":"2023-10-19T11:08:07","modified_gmt":"2023-10-19T14:08:07","slug":"nossa-localizacao","status":"publish","type":"page","link":"https:\/\/vittalitat.com.br\/vittalitat\/nossa-localizacao\/","title":{"rendered":"Nossa localiza\u00e7\u00e3o"},"content":{"rendered":"\n<div style=\"min-height:500px\" data-map-attr=\"\/qaddress\/q:\/qvittalitat - av senador casmiro da rocha 222\/q||\/qlat\/q:\/qundefined\/q||\/qlng\/q:\/qundefined\/q||\/qskin\/q:\/qstandard\/q||\/qzoom\/q:\/q14\/q||\/qiconSize\/q:\/q36\/q||\/qmapTypeControl\/q:\/qtrue\/q||\/qzoomControl\/q:\/qtrue\/q||\/qstreetViewControl\/q:\/qtrue\/q||\/qfullscreenControl\/q:\/qtrue\/q\" class=\"wp-block-coblocks-map\"><iframe title=\"Google Maps\" frameborder=\"0\" style=\"width:100%;min-height:500px\" src=\"https:\/\/www.google.com\/maps?q=vittalitat%20-%20av%20senador%20casmiro%20da%20rocha%20222&amp;output=embed&amp;hl=pt-BR&amp;z=14\"><\/iframe><\/div>\n\n\n\n<p>Rua Joaquim Nabuco, 47 &#8211; Sala 137<\/p>\n\n\n\n<p>04621-000 &#8211; Brooklin, S\u00e3o Paulo &#8211; SP<\/p>\n\n\n\n<div class=\"wp-block-coblocks-accordion\">\n<div class=\"wp-block-coblocks-accordion-item\"><\/div>\n<\/div>\n\n\n\n<div class=\"wp-block-coblocks-services is-style-threebyfour\"><div class=\"has-columns has-4-columns has-responsive-columns has-small-gutter\">\n<div class=\"wp-block-coblocks-service\"><figure class=\"wp-block-coblocks-service__figure\"><img decoding=\"async\" src=\"https:\/\/vittalitat.com.br\/vittalitat\/wp-content\/uploads\/2020\/05\/20190510-173747-492x3691-1.jpg\" alt=\"\"\/><\/figure><div class=\"wp-block-coblocks-service__content\">\n<h3 class=\"has-text-align-center wp-block-heading\">Nosso espa\u00e7o<\/h3>\n\n\n\n<p class=\"has-text-align-center\">Todos os produtos est\u00e3o dispon\u00edveis em nossa loja f\u00edsica e estamos dispon\u00edveis para atend\u00ea-lo.<\/p>\n<\/div><\/div>\n\n\n\n<div class=\"wp-block-coblocks-service\"><figure class=\"wp-block-coblocks-service__figure\"><img decoding=\"async\" src=\"https:\/\/vittalitat.com.br\/vittalitat\/wp-content\/uploads\/2020\/05\/20190712-155026-492x5341-1.jpg\" alt=\"\"\/><\/figure><div class=\"wp-block-coblocks-service__content\">\n<h3 class=\"has-text-align-center wp-block-heading\">Delivery<\/h3>\n\n\n\n<p class=\"has-text-align-center\">Temos servi\u00e7o terceirizado de moto frete em S\u00e3o Paulo para sua conveni\u00eancia e receber seu pedido no mesmo dia.<\/p>\n<\/div><\/div>\n\n\n\n<div class=\"wp-block-coblocks-service\"><figure class=\"wp-block-coblocks-service__figure\"><img decoding=\"async\" src=\"https:\/\/vittalitat.com.br\/vittalitat\/wp-content\/uploads\/2020\/05\/mbr-3-492x4921-1.png\" alt=\"\"\/><\/figure><div class=\"wp-block-coblocks-service__content\">\n<h3 class=\"has-text-align-center wp-block-heading\">Envio para todo Brasil<\/h3>\n\n\n\n<p class=\"has-text-align-center\">Realizamos a postagem da sua encomenda para qualquer regi\u00e3o do Brasil.<\/p>\n<\/div><\/div>\n\n\n\n<div class=\"wp-block-coblocks-service\"><figure class=\"wp-block-coblocks-service__figure\"><img decoding=\"async\" src=\"https:\/\/vittalitat.com.br\/vittalitat\/wp-content\/uploads\/2020\/05\/mbr-492x3941-1.jpg\" alt=\"\"\/><\/figure><div class=\"wp-block-coblocks-service__content\">\n<h3 class=\"has-text-align-center wp-block-heading\">Atendimento<\/h3>\n\n\n\n<p class=\"has-text-align-center\">Nossa equipe de atendimento tamb\u00e9m est\u00e1 dispon\u00edvel pelo telefone, e-mail e tamb\u00e9m pelo aplicativo WhatsApp.<\/p>\n<\/div><\/div>\n<\/div><\/div>\n\n\n<div class=\"wp-block-coblocks-social wp-block-coblocks-social-profiles has-colors\" ><ul><li>\n\t\t\t\t\t<a href=\"https:\/\/facebook.com\/vittalitat\" class=\"wp-block-button__link wp-block-coblocks-social__button wp-block-coblocks-social__button--facebook     has-padding\" title=\"Conta do Facebook\" style=\"border-radius: 40px;\" >\n\t\t\t\t\t\t<span class=\"wp-block-coblocks-social__icon\" style=\"\"><\/span>\n\t\t\t\t\t\t<span class=\"wp-block-coblocks-social__text\">Conta do Facebook<\/span>\n\t\t\t\t\t<\/a>\n\t\t\t\t<\/li><li>\n\t\t\t\t\t<a href=\"https:\/\/instagram.com\/vittalitat\" class=\"wp-block-button__link wp-block-coblocks-social__button wp-block-coblocks-social__button--instagram     has-padding\" title=\"Instagram\" style=\"border-radius: 40px;\" >\n\t\t\t\t\t\t<span class=\"wp-block-coblocks-social__icon\" style=\"\"><\/span>\n\t\t\t\t\t\t<span class=\"wp-block-coblocks-social__text\">Instagram<\/span>\n\t\t\t\t\t<\/a>\n\t\t\t\t<\/li><\/ul><\/div>","protected":false},"excerpt":{"rendered":"<p>Rua Joaquim Nabuco, 47 &#8211; Sala 137 04621-000 &#8211; Brooklin, S\u00e3o Paulo &#8211; SP<\/p>\n","protected":false},"author":1,"featured_media":0,"parent":0,"menu_order":0,"comment_status":"closed","ping_status":"closed","template":"template-fullwidth.php","meta":{"_coblocks_attr":"","_coblocks_dimensions":"","_coblocks_responsive_height":"","_coblocks_accordion_ie_support":"","footnotes":""},"class_list":["post-218","page","type-page","status-publish","hentry"],"yoast_head":"<!-- This site is optimized with the Yoast SEO plugin v21.9.1 - https:\/\/yoast.com\/wordpress\/plugins\/seo\/ -->\n<title>Nossa localiza\u00e7\u00e3o - Vittalitat<\/title>\n<meta name=\"robots\" content=\"index, follow, max-snippet:-1, max-image-preview:large, max-video-preview:-1\" \/>\n<link rel=\"canonical\" href=\"https:\/\/vittalitat.com.br\/vittalitat\/nossa-localizacao\/\" \/>\n<meta property=\"og:locale\" content=\"pt_BR\" \/>\n<meta property=\"og:type\" content=\"article\" \/>\n<meta property=\"og:title\" content=\"Nossa localiza\u00e7\u00e3o - Vittalitat\" \/>\n<meta property=\"og:description\" content=\"Rua Joaquim Nabuco, 47 &#8211; Sala 137 04621-000 &#8211; Brooklin, S\u00e3o Paulo &#8211; SP\" \/>\n<meta property=\"og:url\" content=\"https:\/\/vittalitat.com.br\/vittalitat\/nossa-localizacao\/\" \/>\n<meta property=\"og:site_name\" content=\"Vittalitat\" \/>\n<meta property=\"article:publisher\" content=\"https:\/\/www.facebook.com\/vittalitat\" \/>\n<meta property=\"article:modified_time\" content=\"2023-10-19T14:08:07+00:00\" \/>\n<meta property=\"og:image\" content=\"https:\/\/vittalitat.com.br\/vittalitat\/wp-content\/uploads\/2020\/05\/20190510-173747-492x3691-1.jpg\" \/>\n<meta name=\"twitter:card\" content=\"summary_large_image\" \/>\n<script type=\"application\/ld+json\" class=\"yoast-schema-graph\">{\"@context\":\"https:\/\/schema.org\",\"@graph\":[{\"@type\":\"WebPage\",\"@id\":\"https:\/\/vittalitat.com.br\/vittalitat\/nossa-localizacao\/\",\"url\":\"https:\/\/vittalitat.com.br\/vittalitat\/nossa-localizacao\/\",\"name\":\"Nossa localiza\u00e7\u00e3o - Vittalitat\",\"isPartOf\":{\"@id\":\"https:\/\/vittalitat.com.br\/vittalitat\/#website\"},\"datePublished\":\"2020-05-11T12:37:34+00:00\",\"dateModified\":\"2023-10-19T14:08:07+00:00\",\"breadcrumb\":{\"@id\":\"https:\/\/vittalitat.com.br\/vittalitat\/nossa-localizacao\/#breadcrumb\"},\"inLanguage\":\"pt-BR\",\"potentialAction\":[{\"@type\":\"ReadAction\",\"target\":[\"https:\/\/vittalitat.com.br\/vittalitat\/nossa-localizacao\/\"]}]},{\"@type\":\"BreadcrumbList\",\"@id\":\"https:\/\/vittalitat.com.br\/vittalitat\/nossa-localizacao\/#breadcrumb\",\"itemListElement\":[{\"@type\":\"ListItem\",\"position\":1,\"name\":\"In\u00edcio\",\"item\":\"https:\/\/vittalitat.com.br\/vittalitat\/\"},{\"@type\":\"ListItem\",\"position\":2,\"name\":\"Nossa localiza\u00e7\u00e3o\"}]},{\"@type\":\"WebSite\",\"@id\":\"https:\/\/vittalitat.com.br\/vittalitat\/#website\",\"url\":\"https:\/\/vittalitat.com.br\/vittalitat\/\",\"name\":\"Vittalitat\",\"description\":\"Sa\u00fade, preven\u00e7\u00e3o e bem-estar\",\"publisher\":{\"@id\":\"https:\/\/vittalitat.com.br\/vittalitat\/#organization\"},\"potentialAction\":[{\"@type\":\"SearchAction\",\"target\":{\"@type\":\"EntryPoint\",\"urlTemplate\":\"https:\/\/vittalitat.com.br\/vittalitat\/?s={search_term_string}\"},\"query-input\":\"required name=search_term_string\"}],\"inLanguage\":\"pt-BR\"},{\"@type\":\"Organization\",\"@id\":\"https:\/\/vittalitat.com.br\/vittalitat\/#organization\",\"name\":\"Vittalitat\",\"url\":\"https:\/\/vittalitat.com.br\/vittalitat\/\",\"logo\":{\"@type\":\"ImageObject\",\"inLanguage\":\"pt-BR\",\"@id\":\"https:\/\/vittalitat.com.br\/vittalitat\/#\/schema\/logo\/image\/\",\"url\":\"https:\/\/vittalitat.com.br\/vittalitat\/wp-content\/uploads\/2020\/04\/logo-para-o-face.png\",\"contentUrl\":\"https:\/\/vittalitat.com.br\/vittalitat\/wp-content\/uploads\/2020\/04\/logo-para-o-face.png\",\"width\":700,\"height\":700,\"caption\":\"Vittalitat\"},\"image\":{\"@id\":\"https:\/\/vittalitat.com.br\/vittalitat\/#\/schema\/logo\/image\/\"},\"sameAs\":[\"https:\/\/www.facebook.com\/vittalitat\",\"https:\/\/www.instagram.com\/vittalitat\"]}]}<\/script>\n<!-- \/ Yoast SEO plugin. -->","yoast_head_json":{"title":"Nossa localiza\u00e7\u00e3o - Vittalitat","robots":{"index":"index","follow":"follow","max-snippet":"max-snippet:-1","max-image-preview":"max-image-preview:large","max-video-preview":"max-video-preview:-1"},"canonical":"https:\/\/vittalitat.com.br\/vittalitat\/nossa-localizacao\/","og_locale":"pt_BR","og_type":"article","og_title":"Nossa localiza\u00e7\u00e3o - Vittalitat","og_description":"Rua Joaquim Nabuco, 47 &#8211; Sala 137 04621-000 &#8211; Brooklin, S\u00e3o Paulo &#8211; SP","og_url":"https:\/\/vittalitat.com.br\/vittalitat\/nossa-localizacao\/","og_site_name":"Vittalitat","article_publisher":"https:\/\/www.facebook.com\/vittalitat","article_modified_time":"2023-10-19T14:08:07+00:00","og_image":[{"url":"https:\/\/vittalitat.com.br\/vittalitat\/wp-content\/uploads\/2020\/05\/20190510-173747-492x3691-1.jpg"}],"twitter_card":"summary_large_image","schema":{"@context":"https:\/\/schema.org","@graph":[{"@type":"WebPage","@id":"https:\/\/vittalitat.com.br\/vittalitat\/nossa-localizacao\/","url":"https:\/\/vittalitat.com.br\/vittalitat\/nossa-localizacao\/","name":"Nossa localiza\u00e7\u00e3o - Vittalitat","isPartOf":{"@id":"https:\/\/vittalitat.com.br\/vittalitat\/#website"},"datePublished":"2020-05-11T12:37:34+00:00","dateModified":"2023-10-19T14:08:07+00:00","breadcrumb":{"@id":"https:\/\/vittalitat.com.br\/vittalitat\/nossa-localizacao\/#breadcrumb"},"inLanguage":"pt-BR","potentialAction":[{"@type":"ReadAction","target":["https:\/\/vittalitat.com.br\/vittalitat\/nossa-localizacao\/"]}]},{"@type":"BreadcrumbList","@id":"https:\/\/vittalitat.com.br\/vittalitat\/nossa-localizacao\/#breadcrumb","itemListElement":[{"@type":"ListItem","position":1,"name":"In\u00edcio","item":"https:\/\/vittalitat.com.br\/vittalitat\/"},{"@type":"ListItem","position":2,"name":"Nossa localiza\u00e7\u00e3o"}]},{"@type":"WebSite","@id":"https:\/\/vittalitat.com.br\/vittalitat\/#website","url":"https:\/\/vittalitat.com.br\/vittalitat\/","name":"Vittalitat","description":"Sa\u00fade, preven\u00e7\u00e3o e bem-estar","publisher":{"@id":"https:\/\/vittalitat.com.br\/vittalitat\/#organization"},"potentialAction":[{"@type":"SearchAction","target":{"@type":"EntryPoint","urlTemplate":"https:\/\/vittalitat.com.br\/vittalitat\/?s={search_term_string}"},"query-input":"required name=search_term_string"}],"inLanguage":"pt-BR"},{"@type":"Organization","@id":"https:\/\/vittalitat.com.br\/vittalitat\/#organization","name":"Vittalitat","url":"https:\/\/vittalitat.com.br\/vittalitat\/","logo":{"@type":"ImageObject","inLanguage":"pt-BR","@id":"https:\/\/vittalitat.com.br\/vittalitat\/#\/schema\/logo\/image\/","url":"https:\/\/vittalitat.com.br\/vittalitat\/wp-content\/uploads\/2020\/04\/logo-para-o-face.png","contentUrl":"https:\/\/vittalitat.com.br\/vittalitat\/wp-content\/uploads\/2020\/04\/logo-para-o-face.png","width":700,"height":700,"caption":"Vittalitat"},"image":{"@id":"https:\/\/vittalitat.com.br\/vittalitat\/#\/schema\/logo\/image\/"},"sameAs":["https:\/\/www.facebook.com\/vittalitat","https:\/\/www.instagram.com\/vittalitat"]}]}},"_links":{"self":[{"href":"https:\/\/vittalitat.com.br\/vittalitat\/wp-json\/wp\/v2\/pages\/218","targetHints":{"allow":["GET"]}}],"collection":[{"href":"https:\/\/vittalitat.com.br\/vittalitat\/wp-json\/wp\/v2\/pages"}],"about":[{"href":"https:\/\/vittalitat.com.br\/vittalitat\/wp-json\/wp\/v2\/types\/page"}],"author":[{"embeddable":true,"href":"https:\/\/vittalitat.com.br\/vittalitat\/wp-json\/wp\/v2\/users\/1"}],"replies":[{"embeddable":true,"href":"https:\/\/vittalitat.com.br\/vittalitat\/wp-json\/wp\/v2\/comments?post=218"}],"version-history":[{"count":7,"href":"https:\/\/vittalitat.com.br\/vittalitat\/wp-json\/wp\/v2\/pages\/218\/revisions"}],"predecessor-version":[{"id":2242,"href":"https:\/\/vittalitat.com.br\/vittalitat\/wp-json\/wp\/v2\/pages\/218\/revisions\/2242"}],"wp:attachment":[{"href":"https:\/\/vittalitat.com.br\/vittalitat\/wp-json\/wp\/v2\/media?parent=218"}],"curies":[{"name":"wp","href":"https:\/\/api.w.org\/{rel}","templated":true}]}}